
{"id":1525,"date":"2021-07-07T19:27:11","date_gmt":"2021-07-07T17:27:11","guid":{"rendered":"https:\/\/ilovefruitandvegfromeurope.com\/food-safey\/"},"modified":"2021-07-20T14:33:13","modified_gmt":"2021-07-20T12:33:13","slug":"lebensmittelsicherheit","status":"publish","type":"page","link":"https:\/\/ilovefruitandvegfromeurope.com\/de\/lebensmittelsicherheit\/","title":{"rendered":"Lebensmittelsicherheit"},"content":{"rendered":"\n<p><strong>Die Sicherheit und Qualit\u00e4t von Nahrungsmitteln<\/strong> sind seit jeher f\u00fcr Italien und die Europ\u00e4ische Union von gr\u00f6\u00dfter Bedeutung. <\/p>\n\n\n\n<p>Um dem Verbraucher ein hohes Ma\u00df an Lebensmittelsicherheit zu gew\u00e4hrleisten und den Lebensmittelsektor gegen wiederkehrende Krisen abzusichern, hat die EU f\u00fcr den gesamten Nahrungsmittelbereich die Farm-to-Fork-Strategie \u00fcbernommen und mit einem <strong>integrierten Kontrollsystem versehen<\/strong>. <\/p>\n\n\n\n<p>Dieses basiert auf einer Kombination hoher Anforderungen bez\u00fcglich landwirtschaftlich hergestellter Lebensmittel \u2014 sowohl f\u00fcr das <em>Wohl des Menschen als auch f\u00fcr jenes der Tiere und Pflanzen<\/em> \u2014, die f\u00fcr in der EU produzierte wie auch f\u00fcr importierte Produkte gleicherma\u00dfen gilt.<\/p>\n\n\n\n<p>Alle Mitgliedsstaaten m\u00fcssen dieselben Kriterien beachten; Lebensmittel- und Hygienekontrollen werden EU-weit nach denselben Standards durchgef\u00fchrt.<\/p>\n\n\n\n<p>Diese Vereinheitlichung von Sicherheitsanforderungen erm\u00f6glichen den freien Verkehr von sicheren Lebensmitteln, was erheblich zum Wohlbefinden der Bev\u00f6lkerung und ihren sozialen und \u00f6konomischen Interessen beitr\u00e4gt.<\/p>\n\n\n\n<p>Die wichtigsten Grunds\u00e4tze der Lebensmittelverordnungen sind:<\/p>\n\n\n\n<ul class=\"wp-block-list\"><li>integrierte Kontrollen entlang der <strong>gesamten Lebensmittelkette<\/strong><\/li><li><strong>auf Risikoanalyse<\/strong> basierende Interventionen<\/li><li><strong>die Hauptverantwortung<\/strong> f\u00fcr jedes hergestellte, ver\u00e4nderte, importierte, vermarktete; oder vertriebene Produkt liegt beim Sektionsbeauftragten<\/li><li><strong>R\u00fcckverfolgung<\/strong> des Produkts entlang der Lebensmittelkette<\/li><li>der Verbraucher spielt bei der Lebensmittelsicherheit eine <strong>aktive Rolle<\/strong>.<\/li><\/ul>\n","protected":false},"excerpt":{"rendered":"<p>Die Sicherheit und Qualit\u00e4t von Nahrungsmitteln sind seit jeher f\u00fcr Italien und die Europ\u00e4ische Union von gr\u00f6\u00dfter Bedeutung. Um dem Verbraucher ein hohes Ma\u00df an Lebensmittelsicherheit zu gew\u00e4hrleisten und den Lebensmittelsektor gegen wiederkehrende Krisen abzusichern, hat die EU f\u00fcr den gesamten Nahrungsmittelbereich die Farm-to-Fork-Strategie \u00fcbernommen und mit einem integrierten Kontrollsystem versehen. Dieses basiert auf einer<\/p>\n","protected":false},"author":2,"featured_media":1526,"parent":0,"menu_order":0,"comment_status":"closed","ping_status":"closed","template":"","meta":{"_acf_changed":false,"footnotes":""},"class_list":["post-1525","page","type-page","status-publish","has-post-thumbnail","hentry"],"acf":[],"yoast_head":"<!-- This site is optimized with the Yoast SEO plugin v24.1 - https:\/\/yoast.com\/wordpress\/plugins\/seo\/ -->\n<title>Lebensmittelsicherheit und Qualit\u00e4t von Lebensmitteln: Erfahren Sie mehr.<\/title>\n<meta name=\"description\" content=\"Die Lebensmittelsicherheit und die Qualit\u00e4t der Lebensmittel waren f\u00fcr Italien und die Europ\u00e4ische Union schon immer von gr\u00f6\u00dfter Bedeutung.\" \/>\n<meta name=\"robots\" content=\"index, follow, max-snippet:-1, max-image-preview:large, max-video-preview:-1\" \/>\n<link rel=\"canonical\" href=\"https:\/\/ilovefruitandvegfromeurope.com\/de\/lebensmittelsicherheit\/\" \/>\n<meta property=\"og:locale\" content=\"de_DE\" \/>\n<meta property=\"og:type\" content=\"article\" \/>\n<meta property=\"og:title\" content=\"Lebensmittelsicherheit und Qualit\u00e4t von Lebensmitteln: Erfahren Sie mehr.\" \/>\n<meta property=\"og:description\" content=\"Die Lebensmittelsicherheit und die Qualit\u00e4t der Lebensmittel waren f\u00fcr Italien und die Europ\u00e4ische Union schon immer von gr\u00f6\u00dfter Bedeutung.\" \/>\n<meta property=\"og:url\" content=\"https:\/\/ilovefruitandvegfromeurope.com\/de\/lebensmittelsicherheit\/\" \/>\n<meta property=\"og:site_name\" content=\"I Love Fruit And Veg From Europe\" \/>\n<meta property=\"article:modified_time\" content=\"2021-07-20T12:33:13+00:00\" \/>\n<meta property=\"og:image\" content=\"https:\/\/ilovefruitandvegfromeurope.com\/wp-content\/uploads\/2021\/07\/My-Post-2.png\" \/>\n\t<meta property=\"og:image:width\" content=\"1024\" \/>\n\t<meta property=\"og:image:height\" content=\"512\" \/>\n\t<meta property=\"og:image:type\" content=\"image\/png\" \/>\n<meta name=\"twitter:card\" content=\"summary_large_image\" \/>\n<meta name=\"twitter:label1\" content=\"Gesch\u00e4tzte Lesezeit\" \/>\n\t<meta name=\"twitter:data1\" content=\"1\u00a0Minute\" \/>\n<script type=\"application\/ld+json\" class=\"yoast-schema-graph\">{\"@context\":\"https:\/\/schema.org\",\"@graph\":[{\"@type\":\"WebPage\",\"@id\":\"https:\/\/ilovefruitandvegfromeurope.com\/de\/lebensmittelsicherheit\/\",\"url\":\"https:\/\/ilovefruitandvegfromeurope.com\/de\/lebensmittelsicherheit\/\",\"name\":\"Lebensmittelsicherheit und Qualit\u00e4t von Lebensmitteln: Erfahren Sie mehr.\",\"isPartOf\":{\"@id\":\"https:\/\/ilovefruitandvegfromeurope.com\/de\/#website\"},\"primaryImageOfPage\":{\"@id\":\"https:\/\/ilovefruitandvegfromeurope.com\/de\/lebensmittelsicherheit\/#primaryimage\"},\"image\":{\"@id\":\"https:\/\/ilovefruitandvegfromeurope.com\/de\/lebensmittelsicherheit\/#primaryimage\"},\"thumbnailUrl\":\"https:\/\/ilovefruitandvegfromeurope.com\/wp-content\/uploads\/2021\/07\/My-Post-2.png\",\"datePublished\":\"2021-07-07T17:27:11+00:00\",\"dateModified\":\"2021-07-20T12:33:13+00:00\",\"description\":\"Die Lebensmittelsicherheit und die Qualit\u00e4t der Lebensmittel waren f\u00fcr Italien und die Europ\u00e4ische Union schon immer von gr\u00f6\u00dfter Bedeutung.\",\"breadcrumb\":{\"@id\":\"https:\/\/ilovefruitandvegfromeurope.com\/de\/lebensmittelsicherheit\/#breadcrumb\"},\"inLanguage\":\"de\",\"potentialAction\":[{\"@type\":\"ReadAction\",\"target\":[\"https:\/\/ilovefruitandvegfromeurope.com\/de\/lebensmittelsicherheit\/\"]}]},{\"@type\":\"ImageObject\",\"inLanguage\":\"de\",\"@id\":\"https:\/\/ilovefruitandvegfromeurope.com\/de\/lebensmittelsicherheit\/#primaryimage\",\"url\":\"https:\/\/ilovefruitandvegfromeurope.com\/wp-content\/uploads\/2021\/07\/My-Post-2.png\",\"contentUrl\":\"https:\/\/ilovefruitandvegfromeurope.com\/wp-content\/uploads\/2021\/07\/My-Post-2.png\",\"width\":1024,\"height\":512},{\"@type\":\"BreadcrumbList\",\"@id\":\"https:\/\/ilovefruitandvegfromeurope.com\/de\/lebensmittelsicherheit\/#breadcrumb\",\"itemListElement\":[{\"@type\":\"ListItem\",\"position\":1,\"name\":\"Home\",\"item\":\"https:\/\/ilovefruitandvegfromeurope.com\/de\/\"},{\"@type\":\"ListItem\",\"position\":2,\"name\":\"Lebensmittelsicherheit\"}]},{\"@type\":\"WebSite\",\"@id\":\"https:\/\/ilovefruitandvegfromeurope.com\/de\/#website\",\"url\":\"https:\/\/ilovefruitandvegfromeurope.com\/de\/\",\"name\":\"I Love Fruit And Veg From Europe\",\"description\":\"I Love Fruit And Veg From Europe: I Choose Fresh And Fair\",\"publisher\":{\"@id\":\"https:\/\/ilovefruitandvegfromeurope.com\/de\/#organization\"},\"potentialAction\":[{\"@type\":\"SearchAction\",\"target\":{\"@type\":\"EntryPoint\",\"urlTemplate\":\"https:\/\/ilovefruitandvegfromeurope.com\/de\/?s={search_term_string}\"},\"query-input\":{\"@type\":\"PropertyValueSpecification\",\"valueRequired\":true,\"valueName\":\"search_term_string\"}}],\"inLanguage\":\"de\"},{\"@type\":\"Organization\",\"@id\":\"https:\/\/ilovefruitandvegfromeurope.com\/de\/#organization\",\"name\":\"I Love Fruit And Veg From Europe\",\"url\":\"https:\/\/ilovefruitandvegfromeurope.com\/de\/\",\"logo\":{\"@type\":\"ImageObject\",\"inLanguage\":\"de\",\"@id\":\"https:\/\/ilovefruitandvegfromeurope.com\/de\/#\/schema\/logo\/image\/\",\"url\":\"https:\/\/ilovefruitandvegfromeurope.com\/wp-content\/uploads\/2021\/07\/logo.png\",\"contentUrl\":\"https:\/\/ilovefruitandvegfromeurope.com\/wp-content\/uploads\/2021\/07\/logo.png\",\"width\":248,\"height\":62,\"caption\":\"I Love Fruit And Veg From Europe\"},\"image\":{\"@id\":\"https:\/\/ilovefruitandvegfromeurope.com\/de\/#\/schema\/logo\/image\/\"}}]}<\/script>\n<!-- \/ Yoast SEO plugin. -->","yoast_head_json":{"title":"Lebensmittelsicherheit und Qualit\u00e4t von Lebensmitteln: Erfahren Sie mehr.","description":"Die Lebensmittelsicherheit und die Qualit\u00e4t der Lebensmittel waren f\u00fcr Italien und die Europ\u00e4ische Union schon immer von gr\u00f6\u00dfter Bedeutung.","robots":{"index":"index","follow":"follow","max-snippet":"max-snippet:-1","max-image-preview":"max-image-preview:large","max-video-preview":"max-video-preview:-1"},"canonical":"https:\/\/ilovefruitandvegfromeurope.com\/de\/lebensmittelsicherheit\/","og_locale":"de_DE","og_type":"article","og_title":"Lebensmittelsicherheit und Qualit\u00e4t von Lebensmitteln: Erfahren Sie mehr.","og_description":"Die Lebensmittelsicherheit und die Qualit\u00e4t der Lebensmittel waren f\u00fcr Italien und die Europ\u00e4ische Union schon immer von gr\u00f6\u00dfter Bedeutung.","og_url":"https:\/\/ilovefruitandvegfromeurope.com\/de\/lebensmittelsicherheit\/","og_site_name":"I Love Fruit And Veg From Europe","article_modified_time":"2021-07-20T12:33:13+00:00","og_image":[{"width":1024,"height":512,"url":"https:\/\/ilovefruitandvegfromeurope.com\/wp-content\/uploads\/2021\/07\/My-Post-2.png","type":"image\/png"}],"twitter_card":"summary_large_image","twitter_misc":{"Gesch\u00e4tzte Lesezeit":"1\u00a0Minute"},"schema":{"@context":"https:\/\/schema.org","@graph":[{"@type":"WebPage","@id":"https:\/\/ilovefruitandvegfromeurope.com\/de\/lebensmittelsicherheit\/","url":"https:\/\/ilovefruitandvegfromeurope.com\/de\/lebensmittelsicherheit\/","name":"Lebensmittelsicherheit und Qualit\u00e4t von Lebensmitteln: Erfahren Sie mehr.","isPartOf":{"@id":"https:\/\/ilovefruitandvegfromeurope.com\/de\/#website"},"primaryImageOfPage":{"@id":"https:\/\/ilovefruitandvegfromeurope.com\/de\/lebensmittelsicherheit\/#primaryimage"},"image":{"@id":"https:\/\/ilovefruitandvegfromeurope.com\/de\/lebensmittelsicherheit\/#primaryimage"},"thumbnailUrl":"https:\/\/ilovefruitandvegfromeurope.com\/wp-content\/uploads\/2021\/07\/My-Post-2.png","datePublished":"2021-07-07T17:27:11+00:00","dateModified":"2021-07-20T12:33:13+00:00","description":"Die Lebensmittelsicherheit und die Qualit\u00e4t der Lebensmittel waren f\u00fcr Italien und die Europ\u00e4ische Union schon immer von gr\u00f6\u00dfter Bedeutung.","breadcrumb":{"@id":"https:\/\/ilovefruitandvegfromeurope.com\/de\/lebensmittelsicherheit\/#breadcrumb"},"inLanguage":"de","potentialAction":[{"@type":"ReadAction","target":["https:\/\/ilovefruitandvegfromeurope.com\/de\/lebensmittelsicherheit\/"]}]},{"@type":"ImageObject","inLanguage":"de","@id":"https:\/\/ilovefruitandvegfromeurope.com\/de\/lebensmittelsicherheit\/#primaryimage","url":"https:\/\/ilovefruitandvegfromeurope.com\/wp-content\/uploads\/2021\/07\/My-Post-2.png","contentUrl":"https:\/\/ilovefruitandvegfromeurope.com\/wp-content\/uploads\/2021\/07\/My-Post-2.png","width":1024,"height":512},{"@type":"BreadcrumbList","@id":"https:\/\/ilovefruitandvegfromeurope.com\/de\/lebensmittelsicherheit\/#breadcrumb","itemListElement":[{"@type":"ListItem","position":1,"name":"Home","item":"https:\/\/ilovefruitandvegfromeurope.com\/de\/"},{"@type":"ListItem","position":2,"name":"Lebensmittelsicherheit"}]},{"@type":"WebSite","@id":"https:\/\/ilovefruitandvegfromeurope.com\/de\/#website","url":"https:\/\/ilovefruitandvegfromeurope.com\/de\/","name":"I Love Fruit And Veg From Europe","description":"I Love Fruit And Veg From Europe: I Choose Fresh And Fair","publisher":{"@id":"https:\/\/ilovefruitandvegfromeurope.com\/de\/#organization"},"potentialAction":[{"@type":"SearchAction","target":{"@type":"EntryPoint","urlTemplate":"https:\/\/ilovefruitandvegfromeurope.com\/de\/?s={search_term_string}"},"query-input":{"@type":"PropertyValueSpecification","valueRequired":true,"valueName":"search_term_string"}}],"inLanguage":"de"},{"@type":"Organization","@id":"https:\/\/ilovefruitandvegfromeurope.com\/de\/#organization","name":"I Love Fruit And Veg From Europe","url":"https:\/\/ilovefruitandvegfromeurope.com\/de\/","logo":{"@type":"ImageObject","inLanguage":"de","@id":"https:\/\/ilovefruitandvegfromeurope.com\/de\/#\/schema\/logo\/image\/","url":"https:\/\/ilovefruitandvegfromeurope.com\/wp-content\/uploads\/2021\/07\/logo.png","contentUrl":"https:\/\/ilovefruitandvegfromeurope.com\/wp-content\/uploads\/2021\/07\/logo.png","width":248,"height":62,"caption":"I Love Fruit And Veg From Europe"},"image":{"@id":"https:\/\/ilovefruitandvegfromeurope.com\/de\/#\/schema\/logo\/image\/"}}]}},"_links":{"self":[{"href":"https:\/\/ilovefruitandvegfromeurope.com\/de\/wp-json\/wp\/v2\/pages\/1525","targetHints":{"allow":["GET"]}}],"collection":[{"href":"https:\/\/ilovefruitandvegfromeurope.com\/de\/wp-json\/wp\/v2\/pages"}],"about":[{"href":"https:\/\/ilovefruitandvegfromeurope.com\/de\/wp-json\/wp\/v2\/types\/page"}],"author":[{"embeddable":true,"href":"https:\/\/ilovefruitandvegfromeurope.com\/de\/wp-json\/wp\/v2\/users\/2"}],"replies":[{"embeddable":true,"href":"https:\/\/ilovefruitandvegfromeurope.com\/de\/wp-json\/wp\/v2\/comments?post=1525"}],"version-history":[{"count":1,"href":"https:\/\/ilovefruitandvegfromeurope.com\/de\/wp-json\/wp\/v2\/pages\/1525\/revisions"}],"predecessor-version":[{"id":1528,"href":"https:\/\/ilovefruitandvegfromeurope.com\/de\/wp-json\/wp\/v2\/pages\/1525\/revisions\/1528"}],"wp:featuredmedia":[{"embeddable":true,"href":"https:\/\/ilovefruitandvegfromeurope.com\/de\/wp-json\/wp\/v2\/media\/1526"}],"wp:attachment":[{"href":"https:\/\/ilovefruitandvegfromeurope.com\/de\/wp-json\/wp\/v2\/media?parent=1525"}],"curies":[{"name":"wp","href":"https:\/\/api.w.org\/{rel}","templated":true}]}}