
{"id":1529,"date":"2021-07-07T19:55:21","date_gmt":"2021-07-07T17:55:21","guid":{"rendered":"https:\/\/ilovefruitandvegfromeurope.com\/fresh-fruit-and-vegetables-food-forhealth\/"},"modified":"2021-07-20T14:52:38","modified_gmt":"2021-07-20T12:52:38","slug":"frisches-obst-und-gemuese-essen-fuer-diegesundheit","status":"publish","type":"page","link":"https:\/\/ilovefruitandvegfromeurope.com\/de\/frisches-obst-und-gemuese-essen-fuer-diegesundheit\/","title":{"rendered":"Frisches Obst und Gem\u00fcse: Essen f\u00fcr die Gesundheit"},"content":{"rendered":"\n<p>Obst und Gem\u00fcse zu essen ist eines der wichtigsten Dinge, die wir f\u00fcr unsere <strong>Gesundheit<\/strong> sowie f\u00fcr unsere Lebensfreude tun k\u00f6nnen.<\/p>\n\n\n\n<p>Eine an Obst und Gem\u00fcse reiche Ern\u00e4hrung <em>f\u00f6rdert unser Wohlbefinden und hilft, zahlreiche Krankheiten und Leiden vorzubeugen und zu bek\u00e4mpfen.<\/em><\/p>\n\n\n\n<p>Die positiven Effekte einer an Obst und Gem\u00fcse reichen Ern\u00e4hrung sind:<\/p>\n\n\n\n<ul class=\"wp-block-list\"><li>das Risiko von Herz-Kreislauf-Erkranken zu <em>senken<\/em>,<\/li><li>sich gegen degenerative Erkrankungen der Nieren und Lunge zu <em>sch\u00fctzen<\/em><\/li><li>zur Pr\u00e4vention von Diabetes und Krebs <em>beizutragen<\/em><\/li><li>eine gute Verdauung <em>aufrechtzuerhalten<\/em><\/li><li>die Gewichtsreduktion durch Ballaststoffe und ein S\u00e4ttigungsgef\u00fchl zu <em>f\u00f6rdern<\/em><\/li><li>die Erscheinung von Haut und Haar zu <em>verbessern<\/em>.\u00a0<\/li><\/ul>\n\n\n\n<p>Obst und Gem\u00fcse enth\u00e4lt <strong>reichlich Wasser,<\/strong> sodass sie uns ausreichend mit Wasser versorgen; sie sind <strong>reich an Proteinen<\/strong> (abh\u00e4ngig von der Obst- oder Gem\u00fcseart), was dabei hilft, Gewebe aufzubauen und ihre Kohlenhydrate helfen dabei, <strong>Energie zu produzieren<\/strong>.<\/p>\n\n\n\n<p>Um am besten von diesen Eigenschaften profitieren zu k\u00f6nnen, sollten sie jedoch <strong>frisch konsumiert werden<\/strong>: Wenn sie zu lange im K\u00fchlschrank aufbewahrt werden, verlieren sie einige ihrer Vitamine und Vitalstoffe.<\/p>\n\n\n\n<p>Zu den wichtigsten Vitaminen, die in Obst und Gem\u00fcse enthalten sind, geh\u00f6ren <strong>Vitamin C<\/strong>, ein Antioxidans, welches die menschlichen Zellen vor Sch\u00e4den durch freie Radikale sch\u00fctzt, sowie <strong>Vitamin A<\/strong>, ein Carotinoid, welches Schutz vor Umwelteinfl\u00fcssen wie Rauch und Luftverschmutzung bietet.\u00a0<\/p>\n\n\n\n<p>Die in Obst und Gem\u00fcse enthaltenen Mineralien sind: <em>Eisen, Potassium, Magnesium, Kalzium, Phosphor, Kupfer, Iod, Sodium und Zink.<\/em><\/p>\n\n\n\n<figure class=\"wp-block-image size-large\"><img decoding=\"async\" width=\"1024\" height=\"572\" src=\"https:\/\/ilovefruitandvegfromeurope.com\/wp-content\/uploads\/2021\/07\/My-Post-4-1024x572.png\" alt=\"\" class=\"wp-image-213\" srcset=\"https:\/\/ilovefruitandvegfromeurope.com\/wp-content\/uploads\/2021\/07\/My-Post-4-1024x572.png 1024w, https:\/\/ilovefruitandvegfromeurope.com\/wp-content\/uploads\/2021\/07\/My-Post-4-300x168.png 300w, https:\/\/ilovefruitandvegfromeurope.com\/wp-content\/uploads\/2021\/07\/My-Post-4-768x429.png 768w, https:\/\/ilovefruitandvegfromeurope.com\/wp-content\/uploads\/2021\/07\/My-Post-4.png 1200w\" sizes=\"(max-width: 1024px) 100vw, 1024px\" \/><\/figure>\n\n\n\n<p>Die in Obst und Gem\u00fcse enthaltenen <strong>Ballaststoffe<\/strong> sind sehr gesund:<\/p>\n\n\n\n<ul class=\"wp-block-list\"><li>l\u00f6sliche Ballaststoffe, die haupts\u00e4chlich in Obstsorten vorkommen, erh\u00f6hen die Aufnahme von Fetten und Proteinen, helfen bei der Gewichtsreduktion sowie der Regulierung der Darmfunktion<\/li><li>nichtl\u00f6sliche Ballaststoffe, die dagegen vor allem in Gem\u00fcse enthalten sind, verringern die Aufnahme von Kohlenhydraten und helfen dabei, die Glukosekonzentration im Blut zu reduzieren.<\/li><\/ul>\n\n\n\n<p>Es wird empfohlen, t\u00e4glich mindestens <em>f\u00fcnf Portionen Obst und Gem\u00fcse zu konsumieren<\/em>, wobei die Menge im Winter erh\u00f6ht werden sollte, da dann es dann schwieriger ist, ausreichend frisches Obst und Gem\u00fcse zu essen.<\/p>\n\n\n\n<p>Viele Obst- und Gem\u00fcsesorten haben einen besonders hohen Anteil an <strong>Antioxidantien<\/strong>, deren Funktion es ist, effektiv freie Radikale zu bek\u00e4mpfen, damit unsere Zellen nicht besch\u00e4digt werden. <\/p>\n\n\n\n<p>Dazu geh\u00f6ren \u00c4pfel, Erdbeeren, Aprikosen, Kiwi, Birnen, Karotten, Kohl, rote Beete, Fenchel, Rettich, Spinat, Salat, Aubergine, Brokkoli, Zucchini und Paprika.\u00a0<\/p>\n\n\n\n<p>Ein einfacher und guter Weg, eine gro\u00dfe Bandbreite an Antioxidantien aus Obst und Gem\u00fcse auszunehmen ist, in den Farben des Regenbogens zu essen: Nehmen Sie t\u00e4glich Gem\u00fcse verschiedener Farben zu sich, oder zumindest drei- bis viermal pro Woche. <\/p>\n\n\n\n<p>Jede Farbe entspricht einem bestimmten Mikron\u00e4hrstoff und sch\u00fctzender Substanzen wie Vitamin\u00a0C, A, E, Mineralien wie Zink, Selen und vielen anderen.<\/p>\n\n\n\n<p><strong><strong>Rot <\/strong><\/strong>weist auf Lycopin und Anthozyane hin, die dabei helfen, den nat\u00fcrlichen Zellschutz vor freien Radikalen aufrechtzuerhalten.<\/p>\n\n\n\n<p><strong><strong>Geld \/ Orange<\/strong> <\/strong>ist eine Quelle an Karotinoiden und Flavonen, die dabei helfen, die Sehkraft zu sch\u00fctzen, Zellalterung vorzubeugen und die Immunreaktion zu st\u00e4rken.<\/p>\n\n\n\n<p><strong><strong>Gr\u00fcn<\/strong> <\/strong>weist auf den Gehalt von Chlorophyll, Magnesium, Fols\u00e4ure, Karotinoide und Polyphenole hin, die dabei helfen, die Gef\u00e4\u00dfe, Knochen und Z\u00e4hne zu sch\u00fctzen und zudem die Funktionalit\u00e4t des Nervensystems verbessern k\u00f6nnen.<\/p>\n\n\n\n<p><strong><strong>Lila \/ Blau<\/strong> <\/strong>weist auf die Pr\u00e4senz von Anthozyanen, Potassium und Magnesium hin, welche Kapillarfragilit\u00e4t bek\u00e4mpfen und Atherosklerose vorbeugen k\u00f6nnen, indem sie das Ged\u00e4chtnis st\u00e4rken.<\/p>\n\n\n\n<p><strong><strong>Wei\u00df<\/strong> <\/strong>sichert eine Versorgung mit Quercetin, Schwefelverbindungen, Flavonoide, Potassium und Selen, die den Cholesterinspiegel regulieren, die Flie\u00dff\u00e4higkeit des Blutes aufrechterhalten und sich positiv auf die Knochen auswirken.<\/p>\n\n\n\n<p>Gem\u00fcse ist reich an Ballaststoffen, vor allem ihre Schalen, und sollte daher stets ungesch\u00e4lt zubereitet werden (neben Ballaststoffen enthalten sie zudem Vitamine und Mineralsalze).<\/p>\n","protected":false},"excerpt":{"rendered":"<p>Obst und Gem\u00fcse zu essen ist eines der wichtigsten Dinge, die wir f\u00fcr unsere Gesundheit sowie f\u00fcr unsere Lebensfreude tun k\u00f6nnen. Eine an Obst und Gem\u00fcse reiche Ern\u00e4hrung f\u00f6rdert unser Wohlbefinden und hilft, zahlreiche Krankheiten und Leiden vorzubeugen und zu bek\u00e4mpfen. Die positiven Effekte einer an Obst und Gem\u00fcse reichen Ern\u00e4hrung sind: das Risiko von<\/p>\n","protected":false},"author":2,"featured_media":1530,"parent":0,"menu_order":0,"comment_status":"closed","ping_status":"closed","template":"","meta":{"_acf_changed":false,"footnotes":""},"class_list":["post-1529","page","type-page","status-publish","has-post-thumbnail","hentry"],"acf":[],"yoast_head":"<!-- This site is optimized with the Yoast SEO plugin v24.1 - https:\/\/yoast.com\/wordpress\/plugins\/seo\/ -->\n<title>Frisches Obst und Gem\u00fcse: Essen f\u00fcr die Gesundheit.<\/title>\n<meta name=\"description\" content=\"Frisches Obst und Gem\u00fcse: Essen f\u00fcr die Gesundheit, tragen zum Wohlbefinden und zur Lebensfreude bei. Entdecken Sie die wohltuende Wirkung\" \/>\n<meta name=\"robots\" content=\"index, follow, max-snippet:-1, max-image-preview:large, max-video-preview:-1\" \/>\n<link rel=\"canonical\" href=\"https:\/\/ilovefruitandvegfromeurope.com\/de\/frisches-obst-und-gemuese-essen-fuer-diegesundheit\/\" \/>\n<meta property=\"og:locale\" content=\"de_DE\" \/>\n<meta property=\"og:type\" content=\"article\" \/>\n<meta property=\"og:title\" content=\"Frisches Obst und Gem\u00fcse: Essen f\u00fcr die Gesundheit.\" \/>\n<meta property=\"og:description\" content=\"Frisches Obst und Gem\u00fcse: Essen f\u00fcr die Gesundheit, tragen zum Wohlbefinden und zur Lebensfreude bei. Entdecken Sie die wohltuende Wirkung\" \/>\n<meta property=\"og:url\" content=\"https:\/\/ilovefruitandvegfromeurope.com\/de\/frisches-obst-und-gemuese-essen-fuer-diegesundheit\/\" \/>\n<meta property=\"og:site_name\" content=\"I Love Fruit And Veg From Europe\" \/>\n<meta property=\"article:modified_time\" content=\"2021-07-20T12:52:38+00:00\" \/>\n<meta property=\"og:image\" content=\"https:\/\/ilovefruitandvegfromeurope.com\/wp-content\/uploads\/2021\/07\/My-Post-3.png\" \/>\n\t<meta property=\"og:image:width\" content=\"1200\" \/>\n\t<meta property=\"og:image:height\" content=\"670\" \/>\n\t<meta property=\"og:image:type\" content=\"image\/png\" \/>\n<meta name=\"twitter:card\" content=\"summary_large_image\" \/>\n<meta name=\"twitter:label1\" content=\"Gesch\u00e4tzte Lesezeit\" \/>\n\t<meta name=\"twitter:data1\" content=\"3\u00a0Minuten\" \/>\n<script type=\"application\/ld+json\" class=\"yoast-schema-graph\">{\"@context\":\"https:\/\/schema.org\",\"@graph\":[{\"@type\":\"WebPage\",\"@id\":\"https:\/\/ilovefruitandvegfromeurope.com\/de\/frisches-obst-und-gemuese-essen-fuer-diegesundheit\/\",\"url\":\"https:\/\/ilovefruitandvegfromeurope.com\/de\/frisches-obst-und-gemuese-essen-fuer-diegesundheit\/\",\"name\":\"Frisches Obst und Gem\u00fcse: Essen f\u00fcr die Gesundheit.\",\"isPartOf\":{\"@id\":\"https:\/\/ilovefruitandvegfromeurope.com\/de\/#website\"},\"primaryImageOfPage\":{\"@id\":\"https:\/\/ilovefruitandvegfromeurope.com\/de\/frisches-obst-und-gemuese-essen-fuer-diegesundheit\/#primaryimage\"},\"image\":{\"@id\":\"https:\/\/ilovefruitandvegfromeurope.com\/de\/frisches-obst-und-gemuese-essen-fuer-diegesundheit\/#primaryimage\"},\"thumbnailUrl\":\"https:\/\/ilovefruitandvegfromeurope.com\/wp-content\/uploads\/2021\/07\/My-Post-3.png\",\"datePublished\":\"2021-07-07T17:55:21+00:00\",\"dateModified\":\"2021-07-20T12:52:38+00:00\",\"description\":\"Frisches Obst und Gem\u00fcse: Essen f\u00fcr die Gesundheit, tragen zum Wohlbefinden und zur Lebensfreude bei. Entdecken Sie die wohltuende Wirkung\",\"breadcrumb\":{\"@id\":\"https:\/\/ilovefruitandvegfromeurope.com\/de\/frisches-obst-und-gemuese-essen-fuer-diegesundheit\/#breadcrumb\"},\"inLanguage\":\"de\",\"potentialAction\":[{\"@type\":\"ReadAction\",\"target\":[\"https:\/\/ilovefruitandvegfromeurope.com\/de\/frisches-obst-und-gemuese-essen-fuer-diegesundheit\/\"]}]},{\"@type\":\"ImageObject\",\"inLanguage\":\"de\",\"@id\":\"https:\/\/ilovefruitandvegfromeurope.com\/de\/frisches-obst-und-gemuese-essen-fuer-diegesundheit\/#primaryimage\",\"url\":\"https:\/\/ilovefruitandvegfromeurope.com\/wp-content\/uploads\/2021\/07\/My-Post-3.png\",\"contentUrl\":\"https:\/\/ilovefruitandvegfromeurope.com\/wp-content\/uploads\/2021\/07\/My-Post-3.png\",\"width\":1200,\"height\":670},{\"@type\":\"BreadcrumbList\",\"@id\":\"https:\/\/ilovefruitandvegfromeurope.com\/de\/frisches-obst-und-gemuese-essen-fuer-diegesundheit\/#breadcrumb\",\"itemListElement\":[{\"@type\":\"ListItem\",\"position\":1,\"name\":\"Home\",\"item\":\"https:\/\/ilovefruitandvegfromeurope.com\/de\/\"},{\"@type\":\"ListItem\",\"position\":2,\"name\":\"Frisches Obst und Gem\u00fcse: Essen f\u00fcr die Gesundheit\"}]},{\"@type\":\"WebSite\",\"@id\":\"https:\/\/ilovefruitandvegfromeurope.com\/de\/#website\",\"url\":\"https:\/\/ilovefruitandvegfromeurope.com\/de\/\",\"name\":\"I Love Fruit And Veg From Europe\",\"description\":\"I Love Fruit And Veg From Europe: I Choose Fresh And Fair\",\"publisher\":{\"@id\":\"https:\/\/ilovefruitandvegfromeurope.com\/de\/#organization\"},\"potentialAction\":[{\"@type\":\"SearchAction\",\"target\":{\"@type\":\"EntryPoint\",\"urlTemplate\":\"https:\/\/ilovefruitandvegfromeurope.com\/de\/?s={search_term_string}\"},\"query-input\":{\"@type\":\"PropertyValueSpecification\",\"valueRequired\":true,\"valueName\":\"search_term_string\"}}],\"inLanguage\":\"de\"},{\"@type\":\"Organization\",\"@id\":\"https:\/\/ilovefruitandvegfromeurope.com\/de\/#organization\",\"name\":\"I Love Fruit And Veg From Europe\",\"url\":\"https:\/\/ilovefruitandvegfromeurope.com\/de\/\",\"logo\":{\"@type\":\"ImageObject\",\"inLanguage\":\"de\",\"@id\":\"https:\/\/ilovefruitandvegfromeurope.com\/de\/#\/schema\/logo\/image\/\",\"url\":\"https:\/\/ilovefruitandvegfromeurope.com\/wp-content\/uploads\/2021\/07\/logo.png\",\"contentUrl\":\"https:\/\/ilovefruitandvegfromeurope.com\/wp-content\/uploads\/2021\/07\/logo.png\",\"width\":248,\"height\":62,\"caption\":\"I Love Fruit And Veg From Europe\"},\"image\":{\"@id\":\"https:\/\/ilovefruitandvegfromeurope.com\/de\/#\/schema\/logo\/image\/\"}}]}<\/script>\n<!-- \/ Yoast SEO plugin. -->","yoast_head_json":{"title":"Frisches Obst und Gem\u00fcse: Essen f\u00fcr die Gesundheit.","description":"Frisches Obst und Gem\u00fcse: Essen f\u00fcr die Gesundheit, tragen zum Wohlbefinden und zur Lebensfreude bei. Entdecken Sie die wohltuende Wirkung","robots":{"index":"index","follow":"follow","max-snippet":"max-snippet:-1","max-image-preview":"max-image-preview:large","max-video-preview":"max-video-preview:-1"},"canonical":"https:\/\/ilovefruitandvegfromeurope.com\/de\/frisches-obst-und-gemuese-essen-fuer-diegesundheit\/","og_locale":"de_DE","og_type":"article","og_title":"Frisches Obst und Gem\u00fcse: Essen f\u00fcr die Gesundheit.","og_description":"Frisches Obst und Gem\u00fcse: Essen f\u00fcr die Gesundheit, tragen zum Wohlbefinden und zur Lebensfreude bei. Entdecken Sie die wohltuende Wirkung","og_url":"https:\/\/ilovefruitandvegfromeurope.com\/de\/frisches-obst-und-gemuese-essen-fuer-diegesundheit\/","og_site_name":"I Love Fruit And Veg From Europe","article_modified_time":"2021-07-20T12:52:38+00:00","og_image":[{"width":1200,"height":670,"url":"https:\/\/ilovefruitandvegfromeurope.com\/wp-content\/uploads\/2021\/07\/My-Post-3.png","type":"image\/png"}],"twitter_card":"summary_large_image","twitter_misc":{"Gesch\u00e4tzte Lesezeit":"3\u00a0Minuten"},"schema":{"@context":"https:\/\/schema.org","@graph":[{"@type":"WebPage","@id":"https:\/\/ilovefruitandvegfromeurope.com\/de\/frisches-obst-und-gemuese-essen-fuer-diegesundheit\/","url":"https:\/\/ilovefruitandvegfromeurope.com\/de\/frisches-obst-und-gemuese-essen-fuer-diegesundheit\/","name":"Frisches Obst und Gem\u00fcse: Essen f\u00fcr die Gesundheit.","isPartOf":{"@id":"https:\/\/ilovefruitandvegfromeurope.com\/de\/#website"},"primaryImageOfPage":{"@id":"https:\/\/ilovefruitandvegfromeurope.com\/de\/frisches-obst-und-gemuese-essen-fuer-diegesundheit\/#primaryimage"},"image":{"@id":"https:\/\/ilovefruitandvegfromeurope.com\/de\/frisches-obst-und-gemuese-essen-fuer-diegesundheit\/#primaryimage"},"thumbnailUrl":"https:\/\/ilovefruitandvegfromeurope.com\/wp-content\/uploads\/2021\/07\/My-Post-3.png","datePublished":"2021-07-07T17:55:21+00:00","dateModified":"2021-07-20T12:52:38+00:00","description":"Frisches Obst und Gem\u00fcse: Essen f\u00fcr die Gesundheit, tragen zum Wohlbefinden und zur Lebensfreude bei. Entdecken Sie die wohltuende Wirkung","breadcrumb":{"@id":"https:\/\/ilovefruitandvegfromeurope.com\/de\/frisches-obst-und-gemuese-essen-fuer-diegesundheit\/#breadcrumb"},"inLanguage":"de","potentialAction":[{"@type":"ReadAction","target":["https:\/\/ilovefruitandvegfromeurope.com\/de\/frisches-obst-und-gemuese-essen-fuer-diegesundheit\/"]}]},{"@type":"ImageObject","inLanguage":"de","@id":"https:\/\/ilovefruitandvegfromeurope.com\/de\/frisches-obst-und-gemuese-essen-fuer-diegesundheit\/#primaryimage","url":"https:\/\/ilovefruitandvegfromeurope.com\/wp-content\/uploads\/2021\/07\/My-Post-3.png","contentUrl":"https:\/\/ilovefruitandvegfromeurope.com\/wp-content\/uploads\/2021\/07\/My-Post-3.png","width":1200,"height":670},{"@type":"BreadcrumbList","@id":"https:\/\/ilovefruitandvegfromeurope.com\/de\/frisches-obst-und-gemuese-essen-fuer-diegesundheit\/#breadcrumb","itemListElement":[{"@type":"ListItem","position":1,"name":"Home","item":"https:\/\/ilovefruitandvegfromeurope.com\/de\/"},{"@type":"ListItem","position":2,"name":"Frisches Obst und Gem\u00fcse: Essen f\u00fcr die Gesundheit"}]},{"@type":"WebSite","@id":"https:\/\/ilovefruitandvegfromeurope.com\/de\/#website","url":"https:\/\/ilovefruitandvegfromeurope.com\/de\/","name":"I Love Fruit And Veg From Europe","description":"I Love Fruit And Veg From Europe: I Choose Fresh And Fair","publisher":{"@id":"https:\/\/ilovefruitandvegfromeurope.com\/de\/#organization"},"potentialAction":[{"@type":"SearchAction","target":{"@type":"EntryPoint","urlTemplate":"https:\/\/ilovefruitandvegfromeurope.com\/de\/?s={search_term_string}"},"query-input":{"@type":"PropertyValueSpecification","valueRequired":true,"valueName":"search_term_string"}}],"inLanguage":"de"},{"@type":"Organization","@id":"https:\/\/ilovefruitandvegfromeurope.com\/de\/#organization","name":"I Love Fruit And Veg From Europe","url":"https:\/\/ilovefruitandvegfromeurope.com\/de\/","logo":{"@type":"ImageObject","inLanguage":"de","@id":"https:\/\/ilovefruitandvegfromeurope.com\/de\/#\/schema\/logo\/image\/","url":"https:\/\/ilovefruitandvegfromeurope.com\/wp-content\/uploads\/2021\/07\/logo.png","contentUrl":"https:\/\/ilovefruitandvegfromeurope.com\/wp-content\/uploads\/2021\/07\/logo.png","width":248,"height":62,"caption":"I Love Fruit And Veg From Europe"},"image":{"@id":"https:\/\/ilovefruitandvegfromeurope.com\/de\/#\/schema\/logo\/image\/"}}]}},"_links":{"self":[{"href":"https:\/\/ilovefruitandvegfromeurope.com\/de\/wp-json\/wp\/v2\/pages\/1529","targetHints":{"allow":["GET"]}}],"collection":[{"href":"https:\/\/ilovefruitandvegfromeurope.com\/de\/wp-json\/wp\/v2\/pages"}],"about":[{"href":"https:\/\/ilovefruitandvegfromeurope.com\/de\/wp-json\/wp\/v2\/types\/page"}],"author":[{"embeddable":true,"href":"https:\/\/ilovefruitandvegfromeurope.com\/de\/wp-json\/wp\/v2\/users\/2"}],"replies":[{"embeddable":true,"href":"https:\/\/ilovefruitandvegfromeurope.com\/de\/wp-json\/wp\/v2\/comments?post=1529"}],"version-history":[{"count":1,"href":"https:\/\/ilovefruitandvegfromeurope.com\/de\/wp-json\/wp\/v2\/pages\/1529\/revisions"}],"predecessor-version":[{"id":1532,"href":"https:\/\/ilovefruitandvegfromeurope.com\/de\/wp-json\/wp\/v2\/pages\/1529\/revisions\/1532"}],"wp:featuredmedia":[{"embeddable":true,"href":"https:\/\/ilovefruitandvegfromeurope.com\/de\/wp-json\/wp\/v2\/media\/1530"}],"wp:attachment":[{"href":"https:\/\/ilovefruitandvegfromeurope.com\/de\/wp-json\/wp\/v2\/media?parent=1529"}],"curies":[{"name":"wp","href":"https:\/\/api.w.org\/{rel}","templated":true}]}}