
{"id":18612,"date":"2022-05-18T10:20:31","date_gmt":"2022-05-18T08:20:31","guid":{"rendered":"https:\/\/ilovefruitandvegfromeurope.com\/o-p-la-deliziosa\/"},"modified":"2023-06-22T16:19:15","modified_gmt":"2023-06-22T14:19:15","slug":"o-p-la-deliziosa","status":"publish","type":"page","link":"https:\/\/ilovefruitandvegfromeurope.com\/de\/o-p-la-deliziosa\/","title":{"rendered":"OP La Deliziosa Soc. Coop. Agr."},"content":{"rendered":"\n<div class=\"wp-block-columns is-layout-flex wp-container-core-columns-is-layout-1 wp-block-columns-is-layout-flex\">\n<div class=\"wp-block-column is-layout-flow wp-block-column-is-layout-flow\" style=\"flex-basis:33.33%\"><div class=\"wp-block-image\">\n<figure class=\"aligncenter size-full\"><a href=\"https:\/\/opladeliziosa.it\/index.php\/it\/\" target=\"_blank\" rel=\"noreferrer noopener\"><img decoding=\"async\" width=\"207\" height=\"188\" src=\"https:\/\/ilovefruitandvegfromeurope.com\/wp-content\/uploads\/2021\/07\/ILoveFruitAndVegFromEurope_La_Deliziosa-1.png\" alt=\"\" class=\"wp-image-15610\"\/><\/a><\/figure><\/div><\/div>\n\n\n\n<div class=\"wp-block-column is-layout-flow wp-block-column-is-layout-flow\" style=\"flex-basis:66.66%\">\n<p><a href=\"https:\/\/opladeliziosa.it\/index.php\/it\/\" target=\"_blank\" rel=\"noreferrer noopener\">La Deliziosa<\/a> ist eine anerkannte Erzeugerorganisation am Fu\u00dfe des Vulkans \u00c4tna in Sizilien. Sie beruht auf zwei Grundprinzipien: der Liebe zum Territorium und dem Respekt f\u00fcr die lokale Agrar- und Lebensmitteltradition. Die Erzeugerorganisation hat 112 Mitglieder, die eine Fl\u00e4che von 1.600 Hektar bewirtschaften, darunter 1.000 Zitrusfr\u00fcchte, 5.000 Kaktusfeigen und 100 verschiedene Obstb\u00e4ume.<br>Die 1988 von Pietro Bua gegr\u00fcndete und heute von seinen S\u00f6hnen Giovanni, Antonino und Salvatore Bua geleitete Erzeugergemeinschaft hat es sich zum Ziel gesetzt, das lokale Gebiet durch ihr Engagement f\u00fcr die Erzeugung von hochwertigem Obst und Gem\u00fcse aufzuwerten.<\/p>\n<\/div>\n<\/div>\n\n\n\n<div class=\"wp-block-cover is-light\"><span aria-hidden=\"true\" class=\"wp-block-cover__background has-background-dim\"><\/span><img decoding=\"async\" width=\"1920\" height=\"1315\" class=\"wp-block-cover__image-background wp-image-15343\" alt=\"\" src=\"https:\/\/ilovefruitandvegfromeurope.com\/wp-content\/uploads\/2021\/07\/bg-fichi-india.jpg\" data-object-fit=\"cover\" srcset=\"https:\/\/ilovefruitandvegfromeurope.com\/wp-content\/uploads\/2021\/07\/bg-fichi-india.jpg 1920w, https:\/\/ilovefruitandvegfromeurope.com\/wp-content\/uploads\/2021\/07\/bg-fichi-india-300x205.jpg 300w, https:\/\/ilovefruitandvegfromeurope.com\/wp-content\/uploads\/2021\/07\/bg-fichi-india-1024x701.jpg 1024w, https:\/\/ilovefruitandvegfromeurope.com\/wp-content\/uploads\/2021\/07\/bg-fichi-india-768x526.jpg 768w, https:\/\/ilovefruitandvegfromeurope.com\/wp-content\/uploads\/2021\/07\/bg-fichi-india-1536x1052.jpg 1536w\" sizes=\"(max-width: 1920px) 100vw, 1920px\" \/><div class=\"wp-block-cover__inner-container is-layout-flow wp-block-cover-is-layout-flow\">\n<div class=\"wp-block-cover is-light\"><span aria-hidden=\"true\" class=\"wp-block-cover__background has-background-dim\"><\/span><img decoding=\"async\" width=\"1920\" height=\"1315\" class=\"wp-block-cover__image-background wp-image-15343\" alt=\"\" src=\"https:\/\/ilovefruitandvegfromeurope.com\/wp-content\/uploads\/2021\/07\/bg-fichi-india.jpg\" data-object-fit=\"cover\" srcset=\"https:\/\/ilovefruitandvegfromeurope.com\/wp-content\/uploads\/2021\/07\/bg-fichi-india.jpg 1920w, https:\/\/ilovefruitandvegfromeurope.com\/wp-content\/uploads\/2021\/07\/bg-fichi-india-300x205.jpg 300w, https:\/\/ilovefruitandvegfromeurope.com\/wp-content\/uploads\/2021\/07\/bg-fichi-india-1024x701.jpg 1024w, https:\/\/ilovefruitandvegfromeurope.com\/wp-content\/uploads\/2021\/07\/bg-fichi-india-768x526.jpg 768w, https:\/\/ilovefruitandvegfromeurope.com\/wp-content\/uploads\/2021\/07\/bg-fichi-india-1536x1052.jpg 1536w\" sizes=\"(max-width: 1920px) 100vw, 1920px\" \/><div class=\"wp-block-cover__inner-container is-layout-flow wp-block-cover-is-layout-flow\">\n<p class=\"has-text-align-center has-white-color has-text-color has-large-font-size\"><em>An den H\u00e4ngen des \u00c4tna, inmitten von 500 Hektar Kaktusfeigen, befindet sich OP La Deliziosa, eine unternehmerische Realit\u00e4t made in Sizilien, in der die Leidenschaft f\u00fcr das Land und die Liebe zum Guten wahre Exzellenz in italienischem Obst und Gem\u00fcse zum Leben erweckt haben.<\/em><\/p>\n<\/div><\/div>\n<\/div><\/div>\n\n\n\n<div style=\"height:40px\" aria-hidden=\"true\" class=\"wp-block-spacer\"><\/div>\n\n\n\n<h2 class=\"wp-block-heading\">Contacts<\/h2>\n\n\n\n<p><strong>O.P. La Deliziosa Soc.Coop.Agr <\/strong>&#8211; C.da Scirfi sn \u2013 95033 \u2013 Biancavilla (CT)<\/p>\n\n\n\n<p class=\"has-text-align-center\"><br><strong>Phone:<\/strong> +39 095 686762<br><strong>Web Site: <\/strong><a href=\"https:\/\/opladeliziosa.it\/\">https:\/\/opladeliziosa.it\/<\/a><br><strong><a href=\"https:\/\/www.instagram.com\/la_.deliziosa_\/?utm_source=ig_profile_share&amp;igshid=t8r89x7svr8y\" target=\"_blank\" rel=\"noreferrer noopener\">Instagram<\/a> &#8211; <a href=\"https:\/\/www.facebook.com\/opladeliziosa\/\" target=\"_blank\" rel=\"noreferrer noopener\">Facebook <\/a><\/strong><\/p>\n\n\n\n<p><\/p>\n\n\n\n<p><\/p>\n\n\n\n<p><\/p>\n","protected":false},"excerpt":{"rendered":"<p>La Deliziosa ist eine anerkannte Erzeugerorganisation am Fu\u00dfe des Vulkans \u00c4tna in Sizilien. Sie beruht auf zwei Grundprinzipien: der Liebe zum Territorium und dem Respekt f\u00fcr die lokale Agrar- und Lebensmitteltradition. Die Erzeugerorganisation hat 112 Mitglieder, die eine Fl\u00e4che von 1.600 Hektar bewirtschaften, darunter 1.000 Zitrusfr\u00fcchte, 5.000 Kaktusfeigen und 100 verschiedene Obstb\u00e4ume.Die 1988 von Pietro<\/p>\n","protected":false},"author":1,"featured_media":1428,"parent":0,"menu_order":0,"comment_status":"closed","ping_status":"closed","template":"","meta":{"_acf_changed":false,"footnotes":""},"class_list":["post-18612","page","type-page","status-publish","has-post-thumbnail","hentry"],"acf":[],"yoast_head":"<!-- This site is optimized with the Yoast SEO plugin v24.1 - https:\/\/yoast.com\/wordpress\/plugins\/seo\/ -->\n<title>La Deliziosa Soc. Coop. Agr.<\/title>\n<meta name=\"description\" content=\"La Deliziosa Soc. Coop. Agr.\" \/>\n<meta name=\"robots\" content=\"index, follow, max-snippet:-1, max-image-preview:large, max-video-preview:-1\" \/>\n<link rel=\"canonical\" href=\"https:\/\/ilovefruitandvegfromeurope.com\/de\/o-p-la-deliziosa\/\" \/>\n<meta property=\"og:locale\" content=\"de_DE\" \/>\n<meta property=\"og:type\" content=\"article\" \/>\n<meta property=\"og:title\" content=\"La Deliziosa Soc. Coop. Agr.\" \/>\n<meta property=\"og:description\" content=\"La Deliziosa Soc. Coop. Agr.\" \/>\n<meta property=\"og:url\" content=\"https:\/\/ilovefruitandvegfromeurope.com\/de\/o-p-la-deliziosa\/\" \/>\n<meta property=\"og:site_name\" content=\"I Love Fruit And Veg From Europe\" \/>\n<meta property=\"article:modified_time\" content=\"2023-06-22T14:19:15+00:00\" \/>\n<meta property=\"og:image\" content=\"https:\/\/ilovefruitandvegfromeurope.com\/wp-content\/uploads\/2021\/07\/bg-fichi-india.jpg\" \/>\n\t<meta property=\"og:image:width\" content=\"1920\" \/>\n\t<meta property=\"og:image:height\" content=\"1315\" \/>\n\t<meta property=\"og:image:type\" content=\"image\/jpeg\" \/>\n<meta name=\"twitter:card\" content=\"summary_large_image\" \/>\n<meta name=\"twitter:label1\" content=\"Gesch\u00e4tzte Lesezeit\" \/>\n\t<meta name=\"twitter:data1\" content=\"2\u00a0Minuten\" \/>\n<script type=\"application\/ld+json\" class=\"yoast-schema-graph\">{\"@context\":\"https:\/\/schema.org\",\"@graph\":[{\"@type\":\"WebPage\",\"@id\":\"https:\/\/ilovefruitandvegfromeurope.com\/de\/o-p-la-deliziosa\/\",\"url\":\"https:\/\/ilovefruitandvegfromeurope.com\/de\/o-p-la-deliziosa\/\",\"name\":\"La Deliziosa Soc. Coop. Agr.\",\"isPartOf\":{\"@id\":\"https:\/\/ilovefruitandvegfromeurope.com\/de\/#website\"},\"primaryImageOfPage\":{\"@id\":\"https:\/\/ilovefruitandvegfromeurope.com\/de\/o-p-la-deliziosa\/#primaryimage\"},\"image\":{\"@id\":\"https:\/\/ilovefruitandvegfromeurope.com\/de\/o-p-la-deliziosa\/#primaryimage\"},\"thumbnailUrl\":\"https:\/\/ilovefruitandvegfromeurope.com\/wp-content\/uploads\/2021\/07\/bg-fichi-india.jpg\",\"datePublished\":\"2022-05-18T08:20:31+00:00\",\"dateModified\":\"2023-06-22T14:19:15+00:00\",\"description\":\"La Deliziosa Soc. Coop. Agr.\",\"breadcrumb\":{\"@id\":\"https:\/\/ilovefruitandvegfromeurope.com\/de\/o-p-la-deliziosa\/#breadcrumb\"},\"inLanguage\":\"de\",\"potentialAction\":[{\"@type\":\"ReadAction\",\"target\":[\"https:\/\/ilovefruitandvegfromeurope.com\/de\/o-p-la-deliziosa\/\"]}]},{\"@type\":\"ImageObject\",\"inLanguage\":\"de\",\"@id\":\"https:\/\/ilovefruitandvegfromeurope.com\/de\/o-p-la-deliziosa\/#primaryimage\",\"url\":\"https:\/\/ilovefruitandvegfromeurope.com\/wp-content\/uploads\/2021\/07\/bg-fichi-india.jpg\",\"contentUrl\":\"https:\/\/ilovefruitandvegfromeurope.com\/wp-content\/uploads\/2021\/07\/bg-fichi-india.jpg\",\"width\":1920,\"height\":1315},{\"@type\":\"BreadcrumbList\",\"@id\":\"https:\/\/ilovefruitandvegfromeurope.com\/de\/o-p-la-deliziosa\/#breadcrumb\",\"itemListElement\":[{\"@type\":\"ListItem\",\"position\":1,\"name\":\"Home\",\"item\":\"https:\/\/ilovefruitandvegfromeurope.com\/de\/\"},{\"@type\":\"ListItem\",\"position\":2,\"name\":\"OP La Deliziosa Soc. Coop. Agr.\"}]},{\"@type\":\"WebSite\",\"@id\":\"https:\/\/ilovefruitandvegfromeurope.com\/de\/#website\",\"url\":\"https:\/\/ilovefruitandvegfromeurope.com\/de\/\",\"name\":\"I Love Fruit And Veg From Europe\",\"description\":\"I Love Fruit And Veg From Europe: I Choose Fresh And Fair\",\"publisher\":{\"@id\":\"https:\/\/ilovefruitandvegfromeurope.com\/de\/#organization\"},\"potentialAction\":[{\"@type\":\"SearchAction\",\"target\":{\"@type\":\"EntryPoint\",\"urlTemplate\":\"https:\/\/ilovefruitandvegfromeurope.com\/de\/?s={search_term_string}\"},\"query-input\":{\"@type\":\"PropertyValueSpecification\",\"valueRequired\":true,\"valueName\":\"search_term_string\"}}],\"inLanguage\":\"de\"},{\"@type\":\"Organization\",\"@id\":\"https:\/\/ilovefruitandvegfromeurope.com\/de\/#organization\",\"name\":\"I Love Fruit And Veg From Europe\",\"url\":\"https:\/\/ilovefruitandvegfromeurope.com\/de\/\",\"logo\":{\"@type\":\"ImageObject\",\"inLanguage\":\"de\",\"@id\":\"https:\/\/ilovefruitandvegfromeurope.com\/de\/#\/schema\/logo\/image\/\",\"url\":\"https:\/\/ilovefruitandvegfromeurope.com\/wp-content\/uploads\/2021\/07\/logo.png\",\"contentUrl\":\"https:\/\/ilovefruitandvegfromeurope.com\/wp-content\/uploads\/2021\/07\/logo.png\",\"width\":248,\"height\":62,\"caption\":\"I Love Fruit And Veg From Europe\"},\"image\":{\"@id\":\"https:\/\/ilovefruitandvegfromeurope.com\/de\/#\/schema\/logo\/image\/\"}}]}<\/script>\n<!-- \/ Yoast SEO plugin. -->","yoast_head_json":{"title":"La Deliziosa Soc. Coop. Agr.","description":"La Deliziosa Soc. Coop. Agr.","robots":{"index":"index","follow":"follow","max-snippet":"max-snippet:-1","max-image-preview":"max-image-preview:large","max-video-preview":"max-video-preview:-1"},"canonical":"https:\/\/ilovefruitandvegfromeurope.com\/de\/o-p-la-deliziosa\/","og_locale":"de_DE","og_type":"article","og_title":"La Deliziosa Soc. Coop. Agr.","og_description":"La Deliziosa Soc. Coop. Agr.","og_url":"https:\/\/ilovefruitandvegfromeurope.com\/de\/o-p-la-deliziosa\/","og_site_name":"I Love Fruit And Veg From Europe","article_modified_time":"2023-06-22T14:19:15+00:00","og_image":[{"width":1920,"height":1315,"url":"https:\/\/ilovefruitandvegfromeurope.com\/wp-content\/uploads\/2021\/07\/bg-fichi-india.jpg","type":"image\/jpeg"}],"twitter_card":"summary_large_image","twitter_misc":{"Gesch\u00e4tzte Lesezeit":"2\u00a0Minuten"},"schema":{"@context":"https:\/\/schema.org","@graph":[{"@type":"WebPage","@id":"https:\/\/ilovefruitandvegfromeurope.com\/de\/o-p-la-deliziosa\/","url":"https:\/\/ilovefruitandvegfromeurope.com\/de\/o-p-la-deliziosa\/","name":"La Deliziosa Soc. Coop. Agr.","isPartOf":{"@id":"https:\/\/ilovefruitandvegfromeurope.com\/de\/#website"},"primaryImageOfPage":{"@id":"https:\/\/ilovefruitandvegfromeurope.com\/de\/o-p-la-deliziosa\/#primaryimage"},"image":{"@id":"https:\/\/ilovefruitandvegfromeurope.com\/de\/o-p-la-deliziosa\/#primaryimage"},"thumbnailUrl":"https:\/\/ilovefruitandvegfromeurope.com\/wp-content\/uploads\/2021\/07\/bg-fichi-india.jpg","datePublished":"2022-05-18T08:20:31+00:00","dateModified":"2023-06-22T14:19:15+00:00","description":"La Deliziosa Soc. Coop. Agr.","breadcrumb":{"@id":"https:\/\/ilovefruitandvegfromeurope.com\/de\/o-p-la-deliziosa\/#breadcrumb"},"inLanguage":"de","potentialAction":[{"@type":"ReadAction","target":["https:\/\/ilovefruitandvegfromeurope.com\/de\/o-p-la-deliziosa\/"]}]},{"@type":"ImageObject","inLanguage":"de","@id":"https:\/\/ilovefruitandvegfromeurope.com\/de\/o-p-la-deliziosa\/#primaryimage","url":"https:\/\/ilovefruitandvegfromeurope.com\/wp-content\/uploads\/2021\/07\/bg-fichi-india.jpg","contentUrl":"https:\/\/ilovefruitandvegfromeurope.com\/wp-content\/uploads\/2021\/07\/bg-fichi-india.jpg","width":1920,"height":1315},{"@type":"BreadcrumbList","@id":"https:\/\/ilovefruitandvegfromeurope.com\/de\/o-p-la-deliziosa\/#breadcrumb","itemListElement":[{"@type":"ListItem","position":1,"name":"Home","item":"https:\/\/ilovefruitandvegfromeurope.com\/de\/"},{"@type":"ListItem","position":2,"name":"OP La Deliziosa Soc. Coop. Agr."}]},{"@type":"WebSite","@id":"https:\/\/ilovefruitandvegfromeurope.com\/de\/#website","url":"https:\/\/ilovefruitandvegfromeurope.com\/de\/","name":"I Love Fruit And Veg From Europe","description":"I Love Fruit And Veg From Europe: I Choose Fresh And Fair","publisher":{"@id":"https:\/\/ilovefruitandvegfromeurope.com\/de\/#organization"},"potentialAction":[{"@type":"SearchAction","target":{"@type":"EntryPoint","urlTemplate":"https:\/\/ilovefruitandvegfromeurope.com\/de\/?s={search_term_string}"},"query-input":{"@type":"PropertyValueSpecification","valueRequired":true,"valueName":"search_term_string"}}],"inLanguage":"de"},{"@type":"Organization","@id":"https:\/\/ilovefruitandvegfromeurope.com\/de\/#organization","name":"I Love Fruit And Veg From Europe","url":"https:\/\/ilovefruitandvegfromeurope.com\/de\/","logo":{"@type":"ImageObject","inLanguage":"de","@id":"https:\/\/ilovefruitandvegfromeurope.com\/de\/#\/schema\/logo\/image\/","url":"https:\/\/ilovefruitandvegfromeurope.com\/wp-content\/uploads\/2021\/07\/logo.png","contentUrl":"https:\/\/ilovefruitandvegfromeurope.com\/wp-content\/uploads\/2021\/07\/logo.png","width":248,"height":62,"caption":"I Love Fruit And Veg From Europe"},"image":{"@id":"https:\/\/ilovefruitandvegfromeurope.com\/de\/#\/schema\/logo\/image\/"}}]}},"_links":{"self":[{"href":"https:\/\/ilovefruitandvegfromeurope.com\/de\/wp-json\/wp\/v2\/pages\/18612","targetHints":{"allow":["GET"]}}],"collection":[{"href":"https:\/\/ilovefruitandvegfromeurope.com\/de\/wp-json\/wp\/v2\/pages"}],"about":[{"href":"https:\/\/ilovefruitandvegfromeurope.com\/de\/wp-json\/wp\/v2\/types\/page"}],"author":[{"embeddable":true,"href":"https:\/\/ilovefruitandvegfromeurope.com\/de\/wp-json\/wp\/v2\/users\/1"}],"replies":[{"embeddable":true,"href":"https:\/\/ilovefruitandvegfromeurope.com\/de\/wp-json\/wp\/v2\/comments?post=18612"}],"version-history":[{"count":3,"href":"https:\/\/ilovefruitandvegfromeurope.com\/de\/wp-json\/wp\/v2\/pages\/18612\/revisions"}],"predecessor-version":[{"id":25122,"href":"https:\/\/ilovefruitandvegfromeurope.com\/de\/wp-json\/wp\/v2\/pages\/18612\/revisions\/25122"}],"wp:featuredmedia":[{"embeddable":true,"href":"https:\/\/ilovefruitandvegfromeurope.com\/de\/wp-json\/wp\/v2\/media\/1428"}],"wp:attachment":[{"href":"https:\/\/ilovefruitandvegfromeurope.com\/de\/wp-json\/wp\/v2\/media?parent=18612"}],"curies":[{"name":"wp","href":"https:\/\/api.w.org\/{rel}","templated":true}]}}