
{"id":26868,"date":"2023-08-31T11:16:57","date_gmt":"2023-08-31T09:16:57","guid":{"rendered":"https:\/\/ilovefruitandvegfromeurope.com\/?page_id=26868"},"modified":"2023-08-31T11:16:58","modified_gmt":"2023-08-31T09:16:58","slug":"fruchtiges-feld","status":"publish","type":"page","link":"https:\/\/ilovefruitandvegfromeurope.com\/de\/fruchtiges-feld\/","title":{"rendered":"Fruchtiges Feld"},"content":{"rendered":"\n<p><strong>Ziel des Spiels ist es, die Kisten zu finden, die leckere Fr\u00fcchte enthalten.<\/strong> W\u00e4hrend du alle anderen Kisten befreien musst, musst du darauf achten, nicht auf die Kisten mit Fr\u00fcchten zu treten, sonst werden sie zerquetscht und du verlierst!<\/p>\n\n\n\n<p>Du kannst die Kisten, von denen du glaubst, dass sie Fr\u00fcchte enthalten, mit der rechten Maustaste markieren. Alternativ kannst du die Kisten markieren indem du die Kiste lange gedr\u00fcckt h\u00e4ltst. Wenn du eine Kiste befreien willst, klicke sie einfach an!<\/p>\n\n\n\n<p>Die meisten der freien Kisten sind leer, aber einige enthalten eine Zahl: das sind wertvolle Hinweise, denn sie sagen dir, wie viele Fr\u00fcchte sich in diesem Bereich befinden.<\/p>\n","protected":false},"excerpt":{"rendered":"<p>Ziel des Spiels ist es, die Kisten zu finden, die leckere Fr\u00fcchte enthalten. W\u00e4hrend du alle anderen Kisten befreien musst, musst du darauf achten, nicht auf die Kisten mit Fr\u00fcchten zu treten, sonst werden sie zerquetscht und du verlierst! Du kannst die Kisten, von denen du glaubst, dass sie Fr\u00fcchte enthalten, mit der rechten Maustaste<\/p>\n","protected":false},"author":1,"featured_media":25248,"parent":0,"menu_order":0,"comment_status":"closed","ping_status":"closed","template":"tpl-game-campofruttato.php","meta":{"_acf_changed":false,"footnotes":""},"class_list":["post-26868","page","type-page","status-publish","has-post-thumbnail","hentry"],"acf":[],"yoast_head":"<!-- This site is optimized with the Yoast SEO plugin v24.1 - https:\/\/yoast.com\/wordpress\/plugins\/seo\/ -->\n<title>Fruchtiges Feld - I Love Fruit And Veg From Europe<\/title>\n<meta name=\"robots\" content=\"index, follow, max-snippet:-1, max-image-preview:large, max-video-preview:-1\" \/>\n<link rel=\"canonical\" href=\"https:\/\/ilovefruitandvegfromeurope.com\/de\/fruchtiges-feld\/\" \/>\n<meta property=\"og:locale\" content=\"de_DE\" \/>\n<meta property=\"og:type\" content=\"article\" \/>\n<meta property=\"og:title\" content=\"Fruchtiges Feld - I Love Fruit And Veg From Europe\" \/>\n<meta property=\"og:description\" content=\"Ziel des Spiels ist es, die Kisten zu finden, die leckere Fr\u00fcchte enthalten. W\u00e4hrend du alle anderen Kisten befreien musst, musst du darauf achten, nicht auf die Kisten mit Fr\u00fcchten zu treten, sonst werden sie zerquetscht und du verlierst! Du kannst die Kisten, von denen du glaubst, dass sie Fr\u00fcchte enthalten, mit der rechten Maustaste\" \/>\n<meta property=\"og:url\" content=\"https:\/\/ilovefruitandvegfromeurope.com\/de\/fruchtiges-feld\/\" \/>\n<meta property=\"og:site_name\" content=\"I Love Fruit And Veg From Europe\" \/>\n<meta property=\"article:modified_time\" content=\"2023-08-31T09:16:58+00:00\" \/>\n<meta property=\"og:image\" content=\"https:\/\/ilovefruitandvegfromeurope.com\/wp-content\/uploads\/2023\/07\/background-pagina.jpg\" \/>\n\t<meta property=\"og:image:width\" content=\"1600\" \/>\n\t<meta property=\"og:image:height\" content=\"800\" \/>\n\t<meta property=\"og:image:type\" content=\"image\/jpeg\" \/>\n<meta name=\"twitter:card\" content=\"summary_large_image\" \/>\n<meta name=\"twitter:label1\" content=\"Gesch\u00e4tzte Lesezeit\" \/>\n\t<meta name=\"twitter:data1\" content=\"1\u00a0Minute\" \/>\n<script type=\"application\/ld+json\" class=\"yoast-schema-graph\">{\"@context\":\"https:\/\/schema.org\",\"@graph\":[{\"@type\":\"WebPage\",\"@id\":\"https:\/\/ilovefruitandvegfromeurope.com\/de\/fruchtiges-feld\/\",\"url\":\"https:\/\/ilovefruitandvegfromeurope.com\/de\/fruchtiges-feld\/\",\"name\":\"Fruchtiges Feld - I Love Fruit And Veg From Europe\",\"isPartOf\":{\"@id\":\"https:\/\/ilovefruitandvegfromeurope.com\/de\/#website\"},\"primaryImageOfPage\":{\"@id\":\"https:\/\/ilovefruitandvegfromeurope.com\/de\/fruchtiges-feld\/#primaryimage\"},\"image\":{\"@id\":\"https:\/\/ilovefruitandvegfromeurope.com\/de\/fruchtiges-feld\/#primaryimage\"},\"thumbnailUrl\":\"https:\/\/ilovefruitandvegfromeurope.com\/wp-content\/uploads\/2023\/07\/background-pagina.jpg\",\"datePublished\":\"2023-08-31T09:16:57+00:00\",\"dateModified\":\"2023-08-31T09:16:58+00:00\",\"breadcrumb\":{\"@id\":\"https:\/\/ilovefruitandvegfromeurope.com\/de\/fruchtiges-feld\/#breadcrumb\"},\"inLanguage\":\"de\",\"potentialAction\":[{\"@type\":\"ReadAction\",\"target\":[\"https:\/\/ilovefruitandvegfromeurope.com\/de\/fruchtiges-feld\/\"]}]},{\"@type\":\"ImageObject\",\"inLanguage\":\"de\",\"@id\":\"https:\/\/ilovefruitandvegfromeurope.com\/de\/fruchtiges-feld\/#primaryimage\",\"url\":\"https:\/\/ilovefruitandvegfromeurope.com\/wp-content\/uploads\/2023\/07\/background-pagina.jpg\",\"contentUrl\":\"https:\/\/ilovefruitandvegfromeurope.com\/wp-content\/uploads\/2023\/07\/background-pagina.jpg\",\"width\":1600,\"height\":800},{\"@type\":\"BreadcrumbList\",\"@id\":\"https:\/\/ilovefruitandvegfromeurope.com\/de\/fruchtiges-feld\/#breadcrumb\",\"itemListElement\":[{\"@type\":\"ListItem\",\"position\":1,\"name\":\"Home\",\"item\":\"https:\/\/ilovefruitandvegfromeurope.com\/de\/\"},{\"@type\":\"ListItem\",\"position\":2,\"name\":\"Fruchtiges Feld\"}]},{\"@type\":\"WebSite\",\"@id\":\"https:\/\/ilovefruitandvegfromeurope.com\/de\/#website\",\"url\":\"https:\/\/ilovefruitandvegfromeurope.com\/de\/\",\"name\":\"I Love Fruit And Veg From Europe\",\"description\":\"I Love Fruit And Veg From Europe: I Choose Fresh And Fair\",\"publisher\":{\"@id\":\"https:\/\/ilovefruitandvegfromeurope.com\/de\/#organization\"},\"potentialAction\":[{\"@type\":\"SearchAction\",\"target\":{\"@type\":\"EntryPoint\",\"urlTemplate\":\"https:\/\/ilovefruitandvegfromeurope.com\/de\/?s={search_term_string}\"},\"query-input\":{\"@type\":\"PropertyValueSpecification\",\"valueRequired\":true,\"valueName\":\"search_term_string\"}}],\"inLanguage\":\"de\"},{\"@type\":\"Organization\",\"@id\":\"https:\/\/ilovefruitandvegfromeurope.com\/de\/#organization\",\"name\":\"I Love Fruit And Veg From Europe\",\"url\":\"https:\/\/ilovefruitandvegfromeurope.com\/de\/\",\"logo\":{\"@type\":\"ImageObject\",\"inLanguage\":\"de\",\"@id\":\"https:\/\/ilovefruitandvegfromeurope.com\/de\/#\/schema\/logo\/image\/\",\"url\":\"https:\/\/ilovefruitandvegfromeurope.com\/wp-content\/uploads\/2021\/07\/logo.png\",\"contentUrl\":\"https:\/\/ilovefruitandvegfromeurope.com\/wp-content\/uploads\/2021\/07\/logo.png\",\"width\":248,\"height\":62,\"caption\":\"I Love Fruit And Veg From Europe\"},\"image\":{\"@id\":\"https:\/\/ilovefruitandvegfromeurope.com\/de\/#\/schema\/logo\/image\/\"}}]}<\/script>\n<!-- \/ Yoast SEO plugin. -->","yoast_head_json":{"title":"Fruchtiges Feld - I Love Fruit And Veg From Europe","robots":{"index":"index","follow":"follow","max-snippet":"max-snippet:-1","max-image-preview":"max-image-preview:large","max-video-preview":"max-video-preview:-1"},"canonical":"https:\/\/ilovefruitandvegfromeurope.com\/de\/fruchtiges-feld\/","og_locale":"de_DE","og_type":"article","og_title":"Fruchtiges Feld - I Love Fruit And Veg From Europe","og_description":"Ziel des Spiels ist es, die Kisten zu finden, die leckere Fr\u00fcchte enthalten. W\u00e4hrend du alle anderen Kisten befreien musst, musst du darauf achten, nicht auf die Kisten mit Fr\u00fcchten zu treten, sonst werden sie zerquetscht und du verlierst! Du kannst die Kisten, von denen du glaubst, dass sie Fr\u00fcchte enthalten, mit der rechten Maustaste","og_url":"https:\/\/ilovefruitandvegfromeurope.com\/de\/fruchtiges-feld\/","og_site_name":"I Love Fruit And Veg From Europe","article_modified_time":"2023-08-31T09:16:58+00:00","og_image":[{"width":1600,"height":800,"url":"https:\/\/ilovefruitandvegfromeurope.com\/wp-content\/uploads\/2023\/07\/background-pagina.jpg","type":"image\/jpeg"}],"twitter_card":"summary_large_image","twitter_misc":{"Gesch\u00e4tzte Lesezeit":"1\u00a0Minute"},"schema":{"@context":"https:\/\/schema.org","@graph":[{"@type":"WebPage","@id":"https:\/\/ilovefruitandvegfromeurope.com\/de\/fruchtiges-feld\/","url":"https:\/\/ilovefruitandvegfromeurope.com\/de\/fruchtiges-feld\/","name":"Fruchtiges Feld - I Love Fruit And Veg From Europe","isPartOf":{"@id":"https:\/\/ilovefruitandvegfromeurope.com\/de\/#website"},"primaryImageOfPage":{"@id":"https:\/\/ilovefruitandvegfromeurope.com\/de\/fruchtiges-feld\/#primaryimage"},"image":{"@id":"https:\/\/ilovefruitandvegfromeurope.com\/de\/fruchtiges-feld\/#primaryimage"},"thumbnailUrl":"https:\/\/ilovefruitandvegfromeurope.com\/wp-content\/uploads\/2023\/07\/background-pagina.jpg","datePublished":"2023-08-31T09:16:57+00:00","dateModified":"2023-08-31T09:16:58+00:00","breadcrumb":{"@id":"https:\/\/ilovefruitandvegfromeurope.com\/de\/fruchtiges-feld\/#breadcrumb"},"inLanguage":"de","potentialAction":[{"@type":"ReadAction","target":["https:\/\/ilovefruitandvegfromeurope.com\/de\/fruchtiges-feld\/"]}]},{"@type":"ImageObject","inLanguage":"de","@id":"https:\/\/ilovefruitandvegfromeurope.com\/de\/fruchtiges-feld\/#primaryimage","url":"https:\/\/ilovefruitandvegfromeurope.com\/wp-content\/uploads\/2023\/07\/background-pagina.jpg","contentUrl":"https:\/\/ilovefruitandvegfromeurope.com\/wp-content\/uploads\/2023\/07\/background-pagina.jpg","width":1600,"height":800},{"@type":"BreadcrumbList","@id":"https:\/\/ilovefruitandvegfromeurope.com\/de\/fruchtiges-feld\/#breadcrumb","itemListElement":[{"@type":"ListItem","position":1,"name":"Home","item":"https:\/\/ilovefruitandvegfromeurope.com\/de\/"},{"@type":"ListItem","position":2,"name":"Fruchtiges Feld"}]},{"@type":"WebSite","@id":"https:\/\/ilovefruitandvegfromeurope.com\/de\/#website","url":"https:\/\/ilovefruitandvegfromeurope.com\/de\/","name":"I Love Fruit And Veg From Europe","description":"I Love Fruit And Veg From Europe: I Choose Fresh And Fair","publisher":{"@id":"https:\/\/ilovefruitandvegfromeurope.com\/de\/#organization"},"potentialAction":[{"@type":"SearchAction","target":{"@type":"EntryPoint","urlTemplate":"https:\/\/ilovefruitandvegfromeurope.com\/de\/?s={search_term_string}"},"query-input":{"@type":"PropertyValueSpecification","valueRequired":true,"valueName":"search_term_string"}}],"inLanguage":"de"},{"@type":"Organization","@id":"https:\/\/ilovefruitandvegfromeurope.com\/de\/#organization","name":"I Love Fruit And Veg From Europe","url":"https:\/\/ilovefruitandvegfromeurope.com\/de\/","logo":{"@type":"ImageObject","inLanguage":"de","@id":"https:\/\/ilovefruitandvegfromeurope.com\/de\/#\/schema\/logo\/image\/","url":"https:\/\/ilovefruitandvegfromeurope.com\/wp-content\/uploads\/2021\/07\/logo.png","contentUrl":"https:\/\/ilovefruitandvegfromeurope.com\/wp-content\/uploads\/2021\/07\/logo.png","width":248,"height":62,"caption":"I Love Fruit And Veg From Europe"},"image":{"@id":"https:\/\/ilovefruitandvegfromeurope.com\/de\/#\/schema\/logo\/image\/"}}]}},"_links":{"self":[{"href":"https:\/\/ilovefruitandvegfromeurope.com\/de\/wp-json\/wp\/v2\/pages\/26868","targetHints":{"allow":["GET"]}}],"collection":[{"href":"https:\/\/ilovefruitandvegfromeurope.com\/de\/wp-json\/wp\/v2\/pages"}],"about":[{"href":"https:\/\/ilovefruitandvegfromeurope.com\/de\/wp-json\/wp\/v2\/types\/page"}],"author":[{"embeddable":true,"href":"https:\/\/ilovefruitandvegfromeurope.com\/de\/wp-json\/wp\/v2\/users\/1"}],"replies":[{"embeddable":true,"href":"https:\/\/ilovefruitandvegfromeurope.com\/de\/wp-json\/wp\/v2\/comments?post=26868"}],"version-history":[{"count":1,"href":"https:\/\/ilovefruitandvegfromeurope.com\/de\/wp-json\/wp\/v2\/pages\/26868\/revisions"}],"predecessor-version":[{"id":26869,"href":"https:\/\/ilovefruitandvegfromeurope.com\/de\/wp-json\/wp\/v2\/pages\/26868\/revisions\/26869"}],"wp:featuredmedia":[{"embeddable":true,"href":"https:\/\/ilovefruitandvegfromeurope.com\/de\/wp-json\/wp\/v2\/media\/25248"}],"wp:attachment":[{"href":"https:\/\/ilovefruitandvegfromeurope.com\/de\/wp-json\/wp\/v2\/media?parent=26868"}],"curies":[{"name":"wp","href":"https:\/\/api.w.org\/{rel}","templated":true}]}}