
{"id":55626,"date":"2025-09-17T10:35:25","date_gmt":"2025-09-17T08:35:25","guid":{"rendered":"https:\/\/ilovefruitandvegfromeurope.com\/?page_id=55626"},"modified":"2025-09-17T10:35:26","modified_gmt":"2025-09-17T08:35:26","slug":"errate-das-obst-oder-gemuese","status":"publish","type":"page","link":"https:\/\/ilovefruitandvegfromeurope.com\/de\/errate-das-obst-oder-gemuese\/","title":{"rendered":"Errate das Obst oder Gem\u00fcse"},"content":{"rendered":"\n<p><strong>Versuche zu erraten, an welches Obst oder Gem\u00fcse ich denke!<\/strong><br>Klicke auf einen Buchstaben, um das Spiel zu starten. Wenn der Buchstabe im Wort enthalten ist, erscheint er auf dem Bildschirm; andernfalls gilt er als Fehler.<br>Sei vorsichtig: Du darfst nur 6 Buchstaben falsch tippen, sonst hast du verloren!<br>Jedes Mal, wenn du eine Obst- oder Gem\u00fcsesorte richtig erratest, erh\u00e4ltst du interessante Fakten und n\u00fctzliche Informationen \u00fcber deren N\u00e4hrwerte und gesundheitliche Wirkung.<br>Spielen Sie mit und entdecken Sie, wie wichtig diese Lebensmittel f\u00fcr Ihre t\u00e4gliche Ern\u00e4hrung sind!<\/p>\n","protected":false},"excerpt":{"rendered":"<p>Versuche zu erraten, an welches Obst oder Gem\u00fcse ich denke!Klicke auf einen Buchstaben, um das Spiel zu starten. Wenn der Buchstabe im Wort enthalten ist, erscheint er auf dem Bildschirm; andernfalls gilt er als Fehler.Sei vorsichtig: Du darfst nur 6 Buchstaben falsch tippen, sonst hast du verloren!Jedes Mal, wenn du eine Obst- oder Gem\u00fcsesorte richtig<\/p>\n","protected":false},"author":1,"featured_media":55117,"parent":0,"menu_order":0,"comment_status":"closed","ping_status":"closed","template":"tpl-game-indovina2.php","meta":{"_acf_changed":false,"footnotes":""},"class_list":["post-55626","page","type-page","status-publish","has-post-thumbnail","hentry"],"acf":[],"yoast_head":"<!-- This site is optimized with the Yoast SEO plugin v24.1 - https:\/\/yoast.com\/wordpress\/plugins\/seo\/ -->\n<title>Errate das Obst oder Gem\u00fcse - I Love Fruit And Veg From Europe<\/title>\n<meta name=\"robots\" content=\"index, follow, max-snippet:-1, max-image-preview:large, max-video-preview:-1\" \/>\n<link rel=\"canonical\" href=\"https:\/\/ilovefruitandvegfromeurope.com\/de\/errate-das-obst-oder-gemuese\/\" \/>\n<meta property=\"og:locale\" content=\"de_DE\" \/>\n<meta property=\"og:type\" content=\"article\" \/>\n<meta property=\"og:title\" content=\"Errate das Obst oder Gem\u00fcse - I Love Fruit And Veg From Europe\" \/>\n<meta property=\"og:description\" content=\"Versuche zu erraten, an welches Obst oder Gem\u00fcse ich denke!Klicke auf einen Buchstaben, um das Spiel zu starten. Wenn der Buchstabe im Wort enthalten ist, erscheint er auf dem Bildschirm; andernfalls gilt er als Fehler.Sei vorsichtig: Du darfst nur 6 Buchstaben falsch tippen, sonst hast du verloren!Jedes Mal, wenn du eine Obst- oder Gem\u00fcsesorte richtig\" \/>\n<meta property=\"og:url\" content=\"https:\/\/ilovefruitandvegfromeurope.com\/de\/errate-das-obst-oder-gemuese\/\" \/>\n<meta property=\"og:site_name\" content=\"I Love Fruit And Veg From Europe\" \/>\n<meta property=\"article:modified_time\" content=\"2025-09-17T08:35:26+00:00\" \/>\n<meta property=\"og:image\" content=\"https:\/\/ilovefruitandvegfromeurope.com\/wp-content\/uploads\/2025\/08\/background-pagina-donna.jpg\" \/>\n\t<meta property=\"og:image:width\" content=\"1600\" \/>\n\t<meta property=\"og:image:height\" content=\"800\" \/>\n\t<meta property=\"og:image:type\" content=\"image\/jpeg\" \/>\n<meta name=\"twitter:card\" content=\"summary_large_image\" \/>\n<script type=\"application\/ld+json\" class=\"yoast-schema-graph\">{\"@context\":\"https:\/\/schema.org\",\"@graph\":[{\"@type\":\"WebPage\",\"@id\":\"https:\/\/ilovefruitandvegfromeurope.com\/de\/errate-das-obst-oder-gemuese\/\",\"url\":\"https:\/\/ilovefruitandvegfromeurope.com\/de\/errate-das-obst-oder-gemuese\/\",\"name\":\"Errate das Obst oder Gem\u00fcse - I Love Fruit And Veg From Europe\",\"isPartOf\":{\"@id\":\"https:\/\/ilovefruitandvegfromeurope.com\/de\/#website\"},\"primaryImageOfPage\":{\"@id\":\"https:\/\/ilovefruitandvegfromeurope.com\/de\/errate-das-obst-oder-gemuese\/#primaryimage\"},\"image\":{\"@id\":\"https:\/\/ilovefruitandvegfromeurope.com\/de\/errate-das-obst-oder-gemuese\/#primaryimage\"},\"thumbnailUrl\":\"https:\/\/ilovefruitandvegfromeurope.com\/wp-content\/uploads\/2025\/08\/background-pagina-donna.jpg\",\"datePublished\":\"2025-09-17T08:35:25+00:00\",\"dateModified\":\"2025-09-17T08:35:26+00:00\",\"breadcrumb\":{\"@id\":\"https:\/\/ilovefruitandvegfromeurope.com\/de\/errate-das-obst-oder-gemuese\/#breadcrumb\"},\"inLanguage\":\"de\",\"potentialAction\":[{\"@type\":\"ReadAction\",\"target\":[\"https:\/\/ilovefruitandvegfromeurope.com\/de\/errate-das-obst-oder-gemuese\/\"]}]},{\"@type\":\"ImageObject\",\"inLanguage\":\"de\",\"@id\":\"https:\/\/ilovefruitandvegfromeurope.com\/de\/errate-das-obst-oder-gemuese\/#primaryimage\",\"url\":\"https:\/\/ilovefruitandvegfromeurope.com\/wp-content\/uploads\/2025\/08\/background-pagina-donna.jpg\",\"contentUrl\":\"https:\/\/ilovefruitandvegfromeurope.com\/wp-content\/uploads\/2025\/08\/background-pagina-donna.jpg\",\"width\":1600,\"height\":800,\"caption\":\"Indovina la parola\"},{\"@type\":\"BreadcrumbList\",\"@id\":\"https:\/\/ilovefruitandvegfromeurope.com\/de\/errate-das-obst-oder-gemuese\/#breadcrumb\",\"itemListElement\":[{\"@type\":\"ListItem\",\"position\":1,\"name\":\"Home\",\"item\":\"https:\/\/ilovefruitandvegfromeurope.com\/de\/\"},{\"@type\":\"ListItem\",\"position\":2,\"name\":\"Errate das Obst oder Gem\u00fcse\"}]},{\"@type\":\"WebSite\",\"@id\":\"https:\/\/ilovefruitandvegfromeurope.com\/de\/#website\",\"url\":\"https:\/\/ilovefruitandvegfromeurope.com\/de\/\",\"name\":\"I Love Fruit And Veg From Europe\",\"description\":\"I Love Fruit And Veg From Europe: I Choose Fresh And Fair\",\"publisher\":{\"@id\":\"https:\/\/ilovefruitandvegfromeurope.com\/de\/#organization\"},\"potentialAction\":[{\"@type\":\"SearchAction\",\"target\":{\"@type\":\"EntryPoint\",\"urlTemplate\":\"https:\/\/ilovefruitandvegfromeurope.com\/de\/?s={search_term_string}\"},\"query-input\":{\"@type\":\"PropertyValueSpecification\",\"valueRequired\":true,\"valueName\":\"search_term_string\"}}],\"inLanguage\":\"de\"},{\"@type\":\"Organization\",\"@id\":\"https:\/\/ilovefruitandvegfromeurope.com\/de\/#organization\",\"name\":\"I Love Fruit And Veg From Europe\",\"url\":\"https:\/\/ilovefruitandvegfromeurope.com\/de\/\",\"logo\":{\"@type\":\"ImageObject\",\"inLanguage\":\"de\",\"@id\":\"https:\/\/ilovefruitandvegfromeurope.com\/de\/#\/schema\/logo\/image\/\",\"url\":\"https:\/\/ilovefruitandvegfromeurope.com\/wp-content\/uploads\/2021\/07\/logo.png\",\"contentUrl\":\"https:\/\/ilovefruitandvegfromeurope.com\/wp-content\/uploads\/2021\/07\/logo.png\",\"width\":248,\"height\":62,\"caption\":\"I Love Fruit And Veg From Europe\"},\"image\":{\"@id\":\"https:\/\/ilovefruitandvegfromeurope.com\/de\/#\/schema\/logo\/image\/\"}}]}<\/script>\n<!-- \/ Yoast SEO plugin. -->","yoast_head_json":{"title":"Errate das Obst oder Gem\u00fcse - I Love Fruit And Veg From Europe","robots":{"index":"index","follow":"follow","max-snippet":"max-snippet:-1","max-image-preview":"max-image-preview:large","max-video-preview":"max-video-preview:-1"},"canonical":"https:\/\/ilovefruitandvegfromeurope.com\/de\/errate-das-obst-oder-gemuese\/","og_locale":"de_DE","og_type":"article","og_title":"Errate das Obst oder Gem\u00fcse - I Love Fruit And Veg From Europe","og_description":"Versuche zu erraten, an welches Obst oder Gem\u00fcse ich denke!Klicke auf einen Buchstaben, um das Spiel zu starten. Wenn der Buchstabe im Wort enthalten ist, erscheint er auf dem Bildschirm; andernfalls gilt er als Fehler.Sei vorsichtig: Du darfst nur 6 Buchstaben falsch tippen, sonst hast du verloren!Jedes Mal, wenn du eine Obst- oder Gem\u00fcsesorte richtig","og_url":"https:\/\/ilovefruitandvegfromeurope.com\/de\/errate-das-obst-oder-gemuese\/","og_site_name":"I Love Fruit And Veg From Europe","article_modified_time":"2025-09-17T08:35:26+00:00","og_image":[{"width":1600,"height":800,"url":"https:\/\/ilovefruitandvegfromeurope.com\/wp-content\/uploads\/2025\/08\/background-pagina-donna.jpg","type":"image\/jpeg"}],"twitter_card":"summary_large_image","schema":{"@context":"https:\/\/schema.org","@graph":[{"@type":"WebPage","@id":"https:\/\/ilovefruitandvegfromeurope.com\/de\/errate-das-obst-oder-gemuese\/","url":"https:\/\/ilovefruitandvegfromeurope.com\/de\/errate-das-obst-oder-gemuese\/","name":"Errate das Obst oder Gem\u00fcse - I Love Fruit And Veg From Europe","isPartOf":{"@id":"https:\/\/ilovefruitandvegfromeurope.com\/de\/#website"},"primaryImageOfPage":{"@id":"https:\/\/ilovefruitandvegfromeurope.com\/de\/errate-das-obst-oder-gemuese\/#primaryimage"},"image":{"@id":"https:\/\/ilovefruitandvegfromeurope.com\/de\/errate-das-obst-oder-gemuese\/#primaryimage"},"thumbnailUrl":"https:\/\/ilovefruitandvegfromeurope.com\/wp-content\/uploads\/2025\/08\/background-pagina-donna.jpg","datePublished":"2025-09-17T08:35:25+00:00","dateModified":"2025-09-17T08:35:26+00:00","breadcrumb":{"@id":"https:\/\/ilovefruitandvegfromeurope.com\/de\/errate-das-obst-oder-gemuese\/#breadcrumb"},"inLanguage":"de","potentialAction":[{"@type":"ReadAction","target":["https:\/\/ilovefruitandvegfromeurope.com\/de\/errate-das-obst-oder-gemuese\/"]}]},{"@type":"ImageObject","inLanguage":"de","@id":"https:\/\/ilovefruitandvegfromeurope.com\/de\/errate-das-obst-oder-gemuese\/#primaryimage","url":"https:\/\/ilovefruitandvegfromeurope.com\/wp-content\/uploads\/2025\/08\/background-pagina-donna.jpg","contentUrl":"https:\/\/ilovefruitandvegfromeurope.com\/wp-content\/uploads\/2025\/08\/background-pagina-donna.jpg","width":1600,"height":800,"caption":"Indovina la parola"},{"@type":"BreadcrumbList","@id":"https:\/\/ilovefruitandvegfromeurope.com\/de\/errate-das-obst-oder-gemuese\/#breadcrumb","itemListElement":[{"@type":"ListItem","position":1,"name":"Home","item":"https:\/\/ilovefruitandvegfromeurope.com\/de\/"},{"@type":"ListItem","position":2,"name":"Errate das Obst oder Gem\u00fcse"}]},{"@type":"WebSite","@id":"https:\/\/ilovefruitandvegfromeurope.com\/de\/#website","url":"https:\/\/ilovefruitandvegfromeurope.com\/de\/","name":"I Love Fruit And Veg From Europe","description":"I Love Fruit And Veg From Europe: I Choose Fresh And Fair","publisher":{"@id":"https:\/\/ilovefruitandvegfromeurope.com\/de\/#organization"},"potentialAction":[{"@type":"SearchAction","target":{"@type":"EntryPoint","urlTemplate":"https:\/\/ilovefruitandvegfromeurope.com\/de\/?s={search_term_string}"},"query-input":{"@type":"PropertyValueSpecification","valueRequired":true,"valueName":"search_term_string"}}],"inLanguage":"de"},{"@type":"Organization","@id":"https:\/\/ilovefruitandvegfromeurope.com\/de\/#organization","name":"I Love Fruit And Veg From Europe","url":"https:\/\/ilovefruitandvegfromeurope.com\/de\/","logo":{"@type":"ImageObject","inLanguage":"de","@id":"https:\/\/ilovefruitandvegfromeurope.com\/de\/#\/schema\/logo\/image\/","url":"https:\/\/ilovefruitandvegfromeurope.com\/wp-content\/uploads\/2021\/07\/logo.png","contentUrl":"https:\/\/ilovefruitandvegfromeurope.com\/wp-content\/uploads\/2021\/07\/logo.png","width":248,"height":62,"caption":"I Love Fruit And Veg From Europe"},"image":{"@id":"https:\/\/ilovefruitandvegfromeurope.com\/de\/#\/schema\/logo\/image\/"}}]}},"_links":{"self":[{"href":"https:\/\/ilovefruitandvegfromeurope.com\/de\/wp-json\/wp\/v2\/pages\/55626","targetHints":{"allow":["GET"]}}],"collection":[{"href":"https:\/\/ilovefruitandvegfromeurope.com\/de\/wp-json\/wp\/v2\/pages"}],"about":[{"href":"https:\/\/ilovefruitandvegfromeurope.com\/de\/wp-json\/wp\/v2\/types\/page"}],"author":[{"embeddable":true,"href":"https:\/\/ilovefruitandvegfromeurope.com\/de\/wp-json\/wp\/v2\/users\/1"}],"replies":[{"embeddable":true,"href":"https:\/\/ilovefruitandvegfromeurope.com\/de\/wp-json\/wp\/v2\/comments?post=55626"}],"version-history":[{"count":2,"href":"https:\/\/ilovefruitandvegfromeurope.com\/de\/wp-json\/wp\/v2\/pages\/55626\/revisions"}],"predecessor-version":[{"id":55628,"href":"https:\/\/ilovefruitandvegfromeurope.com\/de\/wp-json\/wp\/v2\/pages\/55626\/revisions\/55628"}],"wp:featuredmedia":[{"embeddable":true,"href":"https:\/\/ilovefruitandvegfromeurope.com\/de\/wp-json\/wp\/v2\/media\/55117"}],"wp:attachment":[{"href":"https:\/\/ilovefruitandvegfromeurope.com\/de\/wp-json\/wp\/v2\/media?parent=55626"}],"curies":[{"name":"wp","href":"https:\/\/api.w.org\/{rel}","templated":true}]}}