
{"id":1266,"date":"2021-07-19T12:58:21","date_gmt":"2021-07-19T10:58:21","guid":{"rendered":"https:\/\/ilovefruitandvegfromeurope.com\/press-review\/"},"modified":"2024-12-19T15:08:13","modified_gmt":"2024-12-19T14:08:13","slug":"resena-de-la-prensa","status":"publish","type":"page","link":"https:\/\/ilovefruitandvegfromeurope.com\/es\/resena-de-la-prensa\/","title":{"rendered":"RESE\u00d1A DE LA PRENSA"},"content":{"rendered":"\n<p><em>30 November 2024<\/em>&nbsp;\u2013&nbsp;<strong>Fennel: A Nutrient-Rich, Zero-Waste Vegetable with Versatile Uses<\/strong><\/p>\n\n\n\n<p>Prized for its bulbs, leaves, and even seeds, fennel is the ultimate zero-waste food. It\u2019s also rich in fiber, potassium, vitamin C, and manganese.&nbsp;To explore the origins and uses of fennel, I reached out to \u201c<a href=\"https:\/\/ilovefruitandvegfromeurope.com\/en_gb\/\" target=\"_blank\" rel=\"noreferrer noopener\">I Love Fruit &amp; Veg from Europe<\/a>,\u201d a global initiative that promotes the mindful consumption of high-quality European fruits and vegetables both within Italy and abroad.&nbsp;<\/p>\n\n\n\n<div class=\"wp-block-buttons is-layout-flex wp-block-buttons-is-layout-flex\">\n<div class=\"wp-block-button\"><a class=\"wp-block-button__link has-background wp-element-button\" href=\"https:\/\/www.lindsaymariemorris.com\/blog\/posts\/45267\" style=\"background-color:#006633\" target=\"_blank\" rel=\"noreferrer noopener\"><strong><strong><strong><strong><strong><strong><strong><strong>Ir al art\u00edculo<\/strong><\/strong><\/strong><\/strong><\/strong><\/strong><\/strong><\/strong><\/a><\/div>\n\n\n\n<div class=\"wp-block-button is-style-fill\"><a class=\"wp-block-button__link has-background wp-element-button\" href=\"https:\/\/ilovefruitandvegfromeurope.com\/wp-content\/uploads\/2024\/12\/IM2_fennel-5.pdf\" style=\"background-color:#006633\" target=\"_blank\" rel=\"noreferrer noopener\"><strong>lindsaymariemorris.com &#8211; PDF<\/strong><\/a><\/div>\n<\/div>\n\n\n\n<div style=\"height:76px\" aria-hidden=\"true\" class=\"wp-block-spacer\"><\/div>\n\n\n\n<p>La Feria de la dieta Mediterr\u00e1nea se celebra en Pasteum, N\u00e1poles, Italia\u2026<\/p>\n\n\n\n<h5 class=\"wp-block-heading\"><em><em><mark style=\"background-color:rgba(0, 0, 0, 0);color:#3e4041\" class=\"has-inline-color\">24 Mayo 2024<\/mark><\/em><\/em> &#8211; La Feria de la dieta Mediterr\u00e1nea se celebra en Pasteum, N\u00e1poles, Italia\u2026<\/h5>\n\n\n\n<p>Alrededor de la d\u00e9cada de 1960, el epidemi\u00f3logo estadounidense Ancel Keys, se instal\u00f3 en Pioppi, en Cilento, para estudiar los h\u00e1bitos alimenticios de cientos de personas observando los efectos ben\u00e9ficos de su dieta, vinculados no s\u00f3lo a la producci\u00f3n local de aceite de oliva virgen extra, pescado fresco, verduras y cereales, tambi\u00e9n se fij\u00f3 en el estilo de vida de los habitantes de la zona. Despu\u00e9s de a\u00f1os de estudios e investigaci\u00f3n, dio nombre al estilo de vida generalizado entre los habitantes de estos lugares, acu\u00f1ando el t\u00e9rmino \u00abDieta Mediterr\u00e1nea\u00ab, inscrito por la UNESCO en la lista del Patrimonio Cultural Intangible de la Humanidad.<\/p>\n\n\n\n<div class=\"wp-block-buttons is-layout-flex wp-block-buttons-is-layout-flex\">\n<div class=\"wp-block-button\"><a class=\"wp-block-button__link has-background wp-element-button\" href=\"https:\/\/www.gastroplanet.es\/secciones\/gastronomia\/feria_dieta_mediterranea\/\" style=\"background-color:#006633\" target=\"_blank\" rel=\"noreferrer noopener\"><strong>Ir al art\u00edculo<\/strong><\/a><\/div>\n\n\n\n<div class=\"wp-block-button\"><a class=\"wp-block-button__link has-background wp-element-button\" href=\"https:\/\/ilovefruitandvegfromeurope.com\/wp-content\/uploads\/2024\/10\/La-Feria-de-la-dieta-Mediterranea-se-celebra-en-Pasteum-Napoles-Italia\u2026-Gastroplanet.pdf\" style=\"background-color:#006633\" target=\"_blank\" rel=\"noreferrer noopener\"><strong>gastroplanet.es &#8211; PDF<\/strong><\/a><\/div>\n<\/div>\n\n\n\n<div style=\"height:76px\" aria-hidden=\"true\" class=\"wp-block-spacer\"><\/div>\n\n\n\n<h5 class=\"wp-block-heading\"><em><em><mark style=\"background-color:rgba(0, 0, 0, 0);color:#3e4041\" class=\"has-inline-color\">5 Octubre 2021<\/mark><\/em><\/em> &#8211; La campa\u00f1a europea \u201cI Love Fruit&amp;Veg From Europe\u201d, presente en la feria Fruit Attraction de Madrid<strong> <\/strong><\/h5>\n\n\n\n<p>La campa\u00f1a de informaci\u00f3n y promoci\u00f3n \u00abI Love Fruit &amp; Veg from Europe\u00bb, cofinanciada por la Comisi\u00f3n Europea y llevada a cabo por tres organizaciones de productores italianas, Terra Orti, Aoa y La Deliziosa, est\u00e1 presente en la Feria Fruit Attraction de Madrid con un stand que se podr\u00e1 visitar hasta el pr\u00f3ximo 7 de octubre.<\/p>\n\n\n\n<div class=\"wp-block-buttons is-layout-flex wp-block-buttons-is-layout-flex\">\n<div class=\"wp-block-button\"><a class=\"wp-block-button__link has-background wp-element-button\" href=\"https:\/\/www.indisa.es\/al-dia\/campana-europea-i-love-fruit-veg-from-europe-presente-feria\" style=\"background-color:#006633\" target=\"_blank\" rel=\"noreferrer noopener\"><strong>Ir al art\u00edculo<\/strong><\/a><\/div>\n\n\n\n<div class=\"wp-block-button\"><a class=\"wp-block-button__link has-background wp-element-button\" href=\"https:\/\/ilovefruitandvegfromeurope.com\/wp-content\/uploads\/2023\/04\/La-campana-europea-I-Love-FruitVeg-From-Europe-presente-en-la-feria-Fruit-Attraction-de-Madrid.pdf\" style=\"background-color:#006633\" target=\"_blank\" rel=\"noreferrer noopener\"><strong>indisa.es &#8211; PDF<\/strong><\/a><\/div>\n<\/div>\n\n\n\n<div style=\"height:76px\" aria-hidden=\"true\" class=\"wp-block-spacer\"><\/div>\n\n\n\n<h5 class=\"wp-block-heading\"><em><em><span style=\"color:#3e4041\" class=\"has-inline-color\">13 Octubre 2021<\/span><\/em><\/em> &#8211; <strong>La campa\u00f1a \u201cI Love Fruit&amp;Veg From Europe\u201d re\u00fane a grandes personalidades gastron\u00f3micas en el Hotel Mandar\u00edn Oriental Ritz <\/strong><\/h5>\n\n\n\n<p>&nbsp;La campa\u00f1a de informaci\u00f3n y promoci\u00f3n \u00abI Love Fruit &amp; Veg from Europe\u00bb, cofinanciada por la Comisi\u00f3n Europea y llevada a cabo por tres organizaciones de productores italianas, Terra Orti, Aoa y La Deliziosa, ha celebrado su evento de promoci\u00f3n y conferencia de prensa en un acto en el Hotel Mandar\u00edn Oriental Ritz.<\/p>\n\n\n\n<div class=\"wp-block-buttons is-layout-flex wp-block-buttons-is-layout-flex\">\n<div class=\"wp-block-button\"><a class=\"wp-block-button__link has-background wp-element-button\" style=\"background-color:#006633\"><strong>Ir al art\u00edculo<\/strong><\/a><\/div>\n\n\n\n<div class=\"wp-block-button\"><a class=\"wp-block-button__link has-background wp-element-button\" href=\"https:\/\/ilovefruitandvegfromeurope.com\/wp-content\/uploads\/2021\/10\/profesionaleshoy.es-2021.10.29-16_13_58.pdf\" style=\"background-color:#006633\" target=\"_blank\" rel=\"noreferrer noopener\"><strong>profesionaleshoy.es &#8211; PDF<\/strong><\/a><\/div>\n<\/div>\n\n\n\n<div style=\"height:76px\" aria-hidden=\"true\" class=\"wp-block-spacer\"><\/div>\n\n\n\n<h5 class=\"wp-block-heading\"><em><em><span style=\"color:#3e4041\" class=\"has-inline-color\">11 Octubre 2021<\/span><\/em><\/em> &#8211; <strong>La campa\u00f1a europea&nbsp;\u201cI Love Fruit&amp;Veg From Europe\u201d, en Fruit Attraction<\/strong><\/h5>\n\n\n\n<p>La campa\u00f1a tiene como objetivo fomentar el consumo de frutas y verduras de origen europeo.&nbsp;En el stand se ofreci\u00f3 un&nbsp;<em>showcooking<\/em>&nbsp;con la chef y exconcursante de Top Chef B\u00e1rbara Amor\u00f3s (en la imagen). <\/p>\n\n\n\n<p>La campa\u00f1a de informaci\u00f3n y promoci\u00f3n \u00abI Love Fruit &amp; Veg from Europe\u00bb, cofinanciada por la Comisi\u00f3n Europea y llevada a cabo por tres organizaciones de productores italianas, Terra Orti, Aoa y La Deliziosa, estuvo presente en la Feria Fruit Attraction de Madrid, con un stand en el que se foment\u00f3 la Dieta Mediterr\u00e1nea a trav\u00e9s de la promoci\u00f3n de productos frescos y frutas y verduras europeas. All\u00ed, se llev\u00f3 a cabo un&nbsp;<em>showcooking<\/em>&nbsp;a cargo de la chef B\u00e1rbara Amor\u00f3s, ex concursante del televisivo programa Top Chef y asesora gastron\u00f3mica.<\/p>\n\n\n\n<div class=\"wp-block-buttons is-layout-flex wp-block-buttons-is-layout-flex\">\n<div class=\"wp-block-button\"><a class=\"wp-block-button__link has-background wp-element-button\" href=\"https:\/\/www.origenonline.es\/index.php\/2021\/10\/11\/la-campana-europea-i-love-fruitveg-from-europe-en-fruit-attraction\/\" style=\"background-color:#006633\" target=\"_blank\" rel=\"noreferrer noopener\"><strong>Ir al art\u00edculo<\/strong><\/a><\/div>\n\n\n\n<div class=\"wp-block-button\"><a class=\"wp-block-button__link has-background wp-element-button\" href=\"https:\/\/ilovefruitandvegfromeurope.com\/wp-content\/uploads\/2021\/10\/origenonline.es-2021.10.29-16_11_17.pdf\" style=\"background-color:#006633\" target=\"_blank\" rel=\"noreferrer noopener\"><strong>origenonline.es &#8211; PDF<\/strong><\/a><\/div>\n<\/div>\n\n\n\n<div style=\"height:76px\" aria-hidden=\"true\" class=\"wp-block-spacer\"><\/div>\n\n\n\n<h5 class=\"wp-block-heading\"><em><span style=\"color:#3e4041\" class=\"has-inline-color\">7 Octubre 2021 <\/span><\/em>&#8211; <strong>La campa\u00f1a europea \u201cI Love Fruit&amp;Veg From Europe\u201d reune a grandes personalidades gastron\u00f3micas en el Hotel Mandar\u00edn Oriental Ritz<\/strong><\/h5>\n\n\n\n<p>La campa\u00f1a de informaci\u00f3n y promoci\u00f3n \u00abI Love Fruit &amp; Veg from Europe\u00bb, cofinanciada por la Comisi\u00f3n Europea y llevada a cabo por tres organizaciones de productores italianas, Terra Orti, Aoa y La Deliziosa, ha celebrado su evento de promoci\u00f3n y conferencia de prensa en un acto en el Hotel Mandar\u00edn Oriental Ritz.<\/p>\n\n\n\n<div class=\"wp-block-buttons is-layout-flex wp-block-buttons-is-layout-flex\">\n<div class=\"wp-block-button\"><a class=\"wp-block-button__link has-background wp-element-button\" href=\"https:\/\/www.indisa.es\/al-dia\/campana-europea-i-love-fruit-veg-from-europe-reune-grandes-hotel\" style=\"background-color:#006633\" target=\"_blank\" rel=\"noreferrer noopener\"><strong>Ir al art\u00edculo<\/strong><\/a><\/div>\n\n\n\n<div class=\"wp-block-button\"><a class=\"wp-block-button__link has-background wp-element-button\" href=\"https:\/\/ilovefruitandvegfromeurope.com\/wp-content\/uploads\/2021\/10\/www.indisa.es-2021.10.29-16_12_13.pdf\" style=\"background-color:#006633\" target=\"_blank\" rel=\"noreferrer noopener\"><strong>indisa.es &#8211; PDF<\/strong><\/a><\/div>\n<\/div>\n\n\n\n<div style=\"height:76px\" aria-hidden=\"true\" class=\"wp-block-spacer\"><\/div>\n\n\n\n<h5 class=\"wp-block-heading\"><em><span style=\"color:#3e4041\" class=\"has-inline-color\">6 Octubre 2021<\/span><\/em>&#8211; <strong>Madrid Directo<\/strong><\/h5>\n\n\n\n<p>Televisi\u00f3n Auton\u00f3mica de la Comunidad de Madrid. Emisi\u00f3n en el programa Madrid Directo a partir del minuto 1.26.59 y hasta el 1.51.55.<\/p>\n\n\n\n<div class=\"wp-block-buttons is-layout-flex wp-block-buttons-is-layout-flex\">\n<div class=\"wp-block-button\"><a class=\"wp-block-button__link has-background wp-element-button\" href=\"https:\/\/www.telemadrid.es\/programas\/madrid-directo\/Madrid-Directo-2-2384781499--20211007034759.html\" style=\"background-color:#006633\" target=\"_blank\" rel=\"noreferrer noopener\"><strong>Ir al video<\/strong><\/a><\/div>\n<\/div>\n\n\n\n<div style=\"height:76px\" aria-hidden=\"true\" class=\"wp-block-spacer\"><\/div>\n\n\n\n<h5 class=\"wp-block-heading\"><em><span style=\"color:#3e4041\" class=\"has-inline-color\">5 Octubre 2021<\/span><\/em>&#8211; <strong>La campa\u00f1a europea \u201cI Love Fruit&amp;Veg From Europe\u201d, presente en la feria Fruit Attraction<\/strong><\/h5>\n\n\n\n<p>La campa\u00f1a de informaci\u00f3n y promoci\u00f3n \u00abI Love Fruit &amp; Veg from Europe\u00bb, cofinanciada por la Comisi\u00f3n Europea y llevada a cabo por tres organizaciones de productores italianas, Terra Orti, Aoa y La Deliziosa, est\u00e1 presente en la Feria Fruit Attraction de Madrid con un estand que se podr\u00e1 visitar hasta el pr\u00f3ximo 7 de octubre.&nbsp; La feria m\u00e1s importante a nivel hortofrut\u00edcola se ha inaugurado hoy en la capital espa\u00f1ola con 1.300 empresas de 44 pa\u00edses.<\/p>\n\n\n\n<div class=\"wp-block-buttons is-layout-flex wp-block-buttons-is-layout-flex\">\n<div class=\"wp-block-button\"><a class=\"wp-block-button__link has-background wp-element-button\" href=\"https:\/\/www.agronewscomunitatvalenciana.com\/la-campana-europea-i-love-fruitveg-europe-presente-en-la-feria-fruit-attraction\" style=\"background-color:#006633\" target=\"_blank\" rel=\"noreferrer noopener\"><strong>Ir al art\u00edculo<\/strong><\/a><\/div>\n\n\n\n<div class=\"wp-block-button\"><a class=\"wp-block-button__link has-background wp-element-button\" href=\"https:\/\/ilovefruitandvegfromeurope.com\/wp-content\/uploads\/2021\/10\/agronewscomunitatvalenciana.com-2021.10.29-16_10_03.pdf\" style=\"background-color:#006633\" target=\"_blank\" rel=\"noreferrer noopener\"><strong>agronewscomunitatvalenciana.com &#8211; PDF<\/strong><\/a><\/div>\n<\/div>\n\n\n\n<div style=\"height:76px\" aria-hidden=\"true\" class=\"wp-block-spacer\"><\/div>\n\n\n\n<h5 class=\"wp-block-heading\"><em><span style=\"color:#3e4041\" class=\"has-inline-color\">5 Octubre 2021<\/span><\/em> &#8211; <strong>La campa\u00f1a europea \u201cI Love Fruit&amp;Veg From Europe\u201d, presente en la feria Fruit Attraction de Madrid<\/strong><\/h5>\n\n\n\n<p>La campa\u00f1a de informaci\u00f3n y promoci\u00f3n \u00abI Love Fruit &amp; Veg from Europe\u00bb, cofinanciada por la Comisi\u00f3n Europea y llevada a cabo por tres organizaciones de productores italianas, Terra Orti, Aoa y La Deliziosa, est\u00e1 presente en la Feria Fruit Attraction de Madrid con un stand que se podr\u00e1 visitar hasta el pr\u00f3ximo 7 de octubre.La feria m\u00e1s importante a nivel hortofrut\u00edcola se ha inaugurado hoy en la capital espa\u00f1ola con 1.300 empresas de 44 pa\u00edses.<\/p>\n\n\n\n<div class=\"wp-block-buttons is-layout-flex wp-block-buttons-is-layout-flex\">\n<div class=\"wp-block-button\"><a class=\"wp-block-button__link has-background wp-element-button\" href=\"https:\/\/www.indisa.es\/al-dia\/campana-europea-i-love-fruit-veg-from-europe-presente-feria\" style=\"background-color:#006633\" target=\"_blank\" rel=\"noreferrer noopener\"><strong>Ir al art\u00edculo<\/strong><\/a><\/div>\n\n\n\n<div class=\"wp-block-button\"><a class=\"wp-block-button__link has-background wp-element-button\" href=\"https:\/\/ilovefruitandvegfromeurope.com\/wp-content\/uploads\/2021\/10\/www.indisa.es-2021.10.29-16_07_30.pdf\" style=\"background-color:#006633\" target=\"_blank\" rel=\"noreferrer noopener\"><strong>indisa.es &#8211; PDF<\/strong><\/a><\/div>\n<\/div>\n","protected":false},"excerpt":{"rendered":"<p>30 November 2024&nbsp;\u2013&nbsp;Fennel: A Nutrient-Rich, Zero-Waste Vegetable with Versatile Uses Prized for its bulbs, leaves, and even seeds, fennel is the ultimate zero-waste food. It\u2019s also rich in fiber, potassium, vitamin C, and manganese.&nbsp;To explore the origins and uses of fennel, I reached out to \u201cI Love Fruit &amp; Veg from Europe,\u201d a global initiative<\/p>\n","protected":false},"author":1,"featured_media":0,"parent":0,"menu_order":0,"comment_status":"closed","ping_status":"closed","template":"","meta":{"_acf_changed":false,"footnotes":""},"class_list":["post-1266","page","type-page","status-publish","hentry"],"acf":[],"yoast_head":"<!-- This site is optimized with the Yoast SEO plugin v24.1 - https:\/\/yoast.com\/wordpress\/plugins\/seo\/ -->\n<title>RESE\u00d1A DE LA PRENSA<\/title>\n<meta name=\"robots\" content=\"index, follow, max-snippet:-1, max-image-preview:large, max-video-preview:-1\" \/>\n<link rel=\"canonical\" href=\"https:\/\/ilovefruitandvegfromeurope.com\/es\/resena-de-la-prensa\/\" \/>\n<meta property=\"og:locale\" content=\"es_ES\" \/>\n<meta property=\"og:type\" content=\"article\" \/>\n<meta property=\"og:title\" content=\"RESE\u00d1A DE LA PRENSA\" \/>\n<meta property=\"og:description\" content=\"30 November 2024&nbsp;\u2013&nbsp;Fennel: A Nutrient-Rich, Zero-Waste Vegetable with Versatile Uses Prized for its bulbs, leaves, and even seeds, fennel is the ultimate zero-waste food. It\u2019s also rich in fiber, potassium, vitamin C, and manganese.&nbsp;To explore the origins and uses of fennel, I reached out to \u201cI Love Fruit &amp; Veg from Europe,\u201d a global initiative\" \/>\n<meta property=\"og:url\" content=\"https:\/\/ilovefruitandvegfromeurope.com\/es\/resena-de-la-prensa\/\" \/>\n<meta property=\"og:site_name\" content=\"I Love Fruit And Veg From Europe\" \/>\n<meta property=\"article:modified_time\" content=\"2024-12-19T14:08:13+00:00\" \/>\n<meta name=\"twitter:card\" content=\"summary_large_image\" \/>\n<meta name=\"twitter:label1\" content=\"Tiempo de lectura\" \/>\n\t<meta name=\"twitter:data1\" content=\"3 minutos\" \/>\n<script type=\"application\/ld+json\" class=\"yoast-schema-graph\">{\"@context\":\"https:\/\/schema.org\",\"@graph\":[{\"@type\":\"WebPage\",\"@id\":\"https:\/\/ilovefruitandvegfromeurope.com\/es\/resena-de-la-prensa\/\",\"url\":\"https:\/\/ilovefruitandvegfromeurope.com\/es\/resena-de-la-prensa\/\",\"name\":\"RESE\u00d1A DE LA PRENSA\",\"isPartOf\":{\"@id\":\"https:\/\/ilovefruitandvegfromeurope.com\/es\/#website\"},\"datePublished\":\"2021-07-19T10:58:21+00:00\",\"dateModified\":\"2024-12-19T14:08:13+00:00\",\"breadcrumb\":{\"@id\":\"https:\/\/ilovefruitandvegfromeurope.com\/es\/resena-de-la-prensa\/#breadcrumb\"},\"inLanguage\":\"es\",\"potentialAction\":[{\"@type\":\"ReadAction\",\"target\":[\"https:\/\/ilovefruitandvegfromeurope.com\/es\/resena-de-la-prensa\/\"]}]},{\"@type\":\"BreadcrumbList\",\"@id\":\"https:\/\/ilovefruitandvegfromeurope.com\/es\/resena-de-la-prensa\/#breadcrumb\",\"itemListElement\":[{\"@type\":\"ListItem\",\"position\":1,\"name\":\"Home\",\"item\":\"https:\/\/ilovefruitandvegfromeurope.com\/es\/\"},{\"@type\":\"ListItem\",\"position\":2,\"name\":\"RESE\u00d1A DE LA PRENSA\"}]},{\"@type\":\"WebSite\",\"@id\":\"https:\/\/ilovefruitandvegfromeurope.com\/es\/#website\",\"url\":\"https:\/\/ilovefruitandvegfromeurope.com\/es\/\",\"name\":\"I Love Fruit And Veg From Europe\",\"description\":\"I Love Fruit And Veg From Europe: I Choose Fresh And Fair\",\"publisher\":{\"@id\":\"https:\/\/ilovefruitandvegfromeurope.com\/es\/#organization\"},\"potentialAction\":[{\"@type\":\"SearchAction\",\"target\":{\"@type\":\"EntryPoint\",\"urlTemplate\":\"https:\/\/ilovefruitandvegfromeurope.com\/es\/?s={search_term_string}\"},\"query-input\":{\"@type\":\"PropertyValueSpecification\",\"valueRequired\":true,\"valueName\":\"search_term_string\"}}],\"inLanguage\":\"es\"},{\"@type\":\"Organization\",\"@id\":\"https:\/\/ilovefruitandvegfromeurope.com\/es\/#organization\",\"name\":\"I Love Fruit And Veg From Europe\",\"url\":\"https:\/\/ilovefruitandvegfromeurope.com\/es\/\",\"logo\":{\"@type\":\"ImageObject\",\"inLanguage\":\"es\",\"@id\":\"https:\/\/ilovefruitandvegfromeurope.com\/es\/#\/schema\/logo\/image\/\",\"url\":\"https:\/\/ilovefruitandvegfromeurope.com\/wp-content\/uploads\/2021\/07\/logo.png\",\"contentUrl\":\"https:\/\/ilovefruitandvegfromeurope.com\/wp-content\/uploads\/2021\/07\/logo.png\",\"width\":248,\"height\":62,\"caption\":\"I Love Fruit And Veg From Europe\"},\"image\":{\"@id\":\"https:\/\/ilovefruitandvegfromeurope.com\/es\/#\/schema\/logo\/image\/\"}}]}<\/script>\n<!-- \/ Yoast SEO plugin. -->","yoast_head_json":{"title":"RESE\u00d1A DE LA PRENSA","robots":{"index":"index","follow":"follow","max-snippet":"max-snippet:-1","max-image-preview":"max-image-preview:large","max-video-preview":"max-video-preview:-1"},"canonical":"https:\/\/ilovefruitandvegfromeurope.com\/es\/resena-de-la-prensa\/","og_locale":"es_ES","og_type":"article","og_title":"RESE\u00d1A DE LA PRENSA","og_description":"30 November 2024&nbsp;\u2013&nbsp;Fennel: A Nutrient-Rich, Zero-Waste Vegetable with Versatile Uses Prized for its bulbs, leaves, and even seeds, fennel is the ultimate zero-waste food. It\u2019s also rich in fiber, potassium, vitamin C, and manganese.&nbsp;To explore the origins and uses of fennel, I reached out to \u201cI Love Fruit &amp; Veg from Europe,\u201d a global initiative","og_url":"https:\/\/ilovefruitandvegfromeurope.com\/es\/resena-de-la-prensa\/","og_site_name":"I Love Fruit And Veg From Europe","article_modified_time":"2024-12-19T14:08:13+00:00","twitter_card":"summary_large_image","twitter_misc":{"Tiempo de lectura":"3 minutos"},"schema":{"@context":"https:\/\/schema.org","@graph":[{"@type":"WebPage","@id":"https:\/\/ilovefruitandvegfromeurope.com\/es\/resena-de-la-prensa\/","url":"https:\/\/ilovefruitandvegfromeurope.com\/es\/resena-de-la-prensa\/","name":"RESE\u00d1A DE LA PRENSA","isPartOf":{"@id":"https:\/\/ilovefruitandvegfromeurope.com\/es\/#website"},"datePublished":"2021-07-19T10:58:21+00:00","dateModified":"2024-12-19T14:08:13+00:00","breadcrumb":{"@id":"https:\/\/ilovefruitandvegfromeurope.com\/es\/resena-de-la-prensa\/#breadcrumb"},"inLanguage":"es","potentialAction":[{"@type":"ReadAction","target":["https:\/\/ilovefruitandvegfromeurope.com\/es\/resena-de-la-prensa\/"]}]},{"@type":"BreadcrumbList","@id":"https:\/\/ilovefruitandvegfromeurope.com\/es\/resena-de-la-prensa\/#breadcrumb","itemListElement":[{"@type":"ListItem","position":1,"name":"Home","item":"https:\/\/ilovefruitandvegfromeurope.com\/es\/"},{"@type":"ListItem","position":2,"name":"RESE\u00d1A DE LA PRENSA"}]},{"@type":"WebSite","@id":"https:\/\/ilovefruitandvegfromeurope.com\/es\/#website","url":"https:\/\/ilovefruitandvegfromeurope.com\/es\/","name":"I Love Fruit And Veg From Europe","description":"I Love Fruit And Veg From Europe: I Choose Fresh And Fair","publisher":{"@id":"https:\/\/ilovefruitandvegfromeurope.com\/es\/#organization"},"potentialAction":[{"@type":"SearchAction","target":{"@type":"EntryPoint","urlTemplate":"https:\/\/ilovefruitandvegfromeurope.com\/es\/?s={search_term_string}"},"query-input":{"@type":"PropertyValueSpecification","valueRequired":true,"valueName":"search_term_string"}}],"inLanguage":"es"},{"@type":"Organization","@id":"https:\/\/ilovefruitandvegfromeurope.com\/es\/#organization","name":"I Love Fruit And Veg From Europe","url":"https:\/\/ilovefruitandvegfromeurope.com\/es\/","logo":{"@type":"ImageObject","inLanguage":"es","@id":"https:\/\/ilovefruitandvegfromeurope.com\/es\/#\/schema\/logo\/image\/","url":"https:\/\/ilovefruitandvegfromeurope.com\/wp-content\/uploads\/2021\/07\/logo.png","contentUrl":"https:\/\/ilovefruitandvegfromeurope.com\/wp-content\/uploads\/2021\/07\/logo.png","width":248,"height":62,"caption":"I Love Fruit And Veg From Europe"},"image":{"@id":"https:\/\/ilovefruitandvegfromeurope.com\/es\/#\/schema\/logo\/image\/"}}]}},"_links":{"self":[{"href":"https:\/\/ilovefruitandvegfromeurope.com\/es\/wp-json\/wp\/v2\/pages\/1266","targetHints":{"allow":["GET"]}}],"collection":[{"href":"https:\/\/ilovefruitandvegfromeurope.com\/es\/wp-json\/wp\/v2\/pages"}],"about":[{"href":"https:\/\/ilovefruitandvegfromeurope.com\/es\/wp-json\/wp\/v2\/types\/page"}],"author":[{"embeddable":true,"href":"https:\/\/ilovefruitandvegfromeurope.com\/es\/wp-json\/wp\/v2\/users\/1"}],"replies":[{"embeddable":true,"href":"https:\/\/ilovefruitandvegfromeurope.com\/es\/wp-json\/wp\/v2\/comments?post=1266"}],"version-history":[{"count":21,"href":"https:\/\/ilovefruitandvegfromeurope.com\/es\/wp-json\/wp\/v2\/pages\/1266\/revisions"}],"predecessor-version":[{"id":42318,"href":"https:\/\/ilovefruitandvegfromeurope.com\/es\/wp-json\/wp\/v2\/pages\/1266\/revisions\/42318"}],"wp:attachment":[{"href":"https:\/\/ilovefruitandvegfromeurope.com\/es\/wp-json\/wp\/v2\/media?parent=1266"}],"curies":[{"name":"wp","href":"https:\/\/api.w.org\/{rel}","templated":true}]}}