
{"id":18674,"date":"2022-05-18T09:54:19","date_gmt":"2022-05-18T07:54:19","guid":{"rendered":"https:\/\/ilovefruitandvegfromeurope.com\/op-a-o-a\/"},"modified":"2023-06-28T11:36:18","modified_gmt":"2023-06-28T09:36:18","slug":"op-a-o-a","status":"publish","type":"page","link":"https:\/\/ilovefruitandvegfromeurope.com\/es\/op-a-o-a\/","title":{"rendered":"O.P. A.O.A Scarl"},"content":{"rendered":"\n<div class=\"wp-block-columns is-layout-flex wp-container-core-columns-is-layout-1 wp-block-columns-is-layout-flex\">\n<div class=\"wp-block-column is-layout-flow wp-block-column-is-layout-flow\" style=\"flex-basis:33.33%\">\n<figure class=\"wp-block-image size-full\"><a href=\"https:\/\/aoa.it\/\" target=\"_blank\" rel=\"noreferrer noopener\"><img decoding=\"async\" width=\"207\" height=\"188\" src=\"https:\/\/ilovefruitandvegfromeurope.com\/wp-content\/uploads\/2021\/07\/ILoveFruitAndVegFromEurope_AOA.png\" alt=\"\" class=\"wp-image-2263\"\/><\/a><\/figure>\n<\/div>\n\n\n\n<div class=\"wp-block-column is-layout-flow wp-block-column-is-layout-flow\" style=\"flex-basis:66.66%\">\n<p>El <strong><a href=\"https:\/\/aoa.it\/\" target=\"_blank\" rel=\"noreferrer noopener\">O.P. A.O.A.<\/a><\/strong><a href=\"https:\/\/aoa.it\/\"> <\/a>de Scafati (Salerno) tiene una base de miembros compuesta por 15 cooperativas con la participaci\u00f3n de m\u00e1s de 400 productores distribuidos, adem\u00e1s de en Campania, en numerosas regiones del centro-sur de Italia (Puglia, Toscana, Umbr\u00eda, Lazio, Marche, Abruzzo, Molise, Basilicata y Calabria). Inicialmente especializada principalmente en el sector del tomate industrial, hoy cuenta con numerosas producciones ecol\u00f3gicas e iniciativas en el campo de la agricultura sostenible.<\/p>\n<\/div>\n<\/div>\n\n\n\n<div class=\"wp-block-cover\"><span aria-hidden=\"true\" class=\"wp-block-cover__background has-background-dim\"><\/span><img decoding=\"async\" width=\"2560\" height=\"1586\" class=\"wp-block-cover__image-background wp-image-13060\" alt=\"F&amp;V UK - Freshly harvested, purple colorful radish at the market. Growing \" src=\"https:\/\/ilovefruitandvegfromeurope.com\/wp-content\/uploads\/2021\/10\/Ravanello-3-scaled.jpg\" data-object-fit=\"cover\" srcset=\"https:\/\/ilovefruitandvegfromeurope.com\/wp-content\/uploads\/2021\/10\/Ravanello-3-scaled.jpg 2560w, https:\/\/ilovefruitandvegfromeurope.com\/wp-content\/uploads\/2021\/10\/Ravanello-3-300x186.jpg 300w, https:\/\/ilovefruitandvegfromeurope.com\/wp-content\/uploads\/2021\/10\/Ravanello-3-1024x634.jpg 1024w, https:\/\/ilovefruitandvegfromeurope.com\/wp-content\/uploads\/2021\/10\/Ravanello-3-768x476.jpg 768w, https:\/\/ilovefruitandvegfromeurope.com\/wp-content\/uploads\/2021\/10\/Ravanello-3-1536x951.jpg 1536w, https:\/\/ilovefruitandvegfromeurope.com\/wp-content\/uploads\/2021\/10\/Ravanello-3-2048x1269.jpg 2048w\" sizes=\"(max-width: 2560px) 100vw, 2560px\" \/><div class=\"wp-block-cover__inner-container is-layout-flow wp-block-cover-is-layout-flow\">\n<p class=\"has-text-align-center has-large-font-size\"><em><strong>OP A.O.A.<\/strong> tiene una estructura organizativa que apoya a sus miembros en todas las etapas.<\/em><\/p>\n<\/div><\/div>\n\n\n\n<div style=\"height:40px\" aria-hidden=\"true\" class=\"wp-block-spacer\"><\/div>\n\n\n\n<h2 class=\"wp-block-heading\">Contacts<\/h2>\n\n\n\n<p><strong>A.O.A<\/strong> <strong>Scarl<\/strong> &#8211; Via Madonnelle, 2  &#8211; 84018 Scafati \u2013 SA<\/p>\n\n\n\n<p class=\"has-text-align-center\"><strong>Phone: <\/strong>+ 39 081 8598628<br><strong>Fax:<\/strong>&nbsp;+ 39 081 8598623<br><strong>Web Site: <\/strong><a href=\"http:\/\/aoa.it\/\">http:\/\/aoa.it\/<\/a><br><strong><a href=\"https:\/\/www.instagram.com\/op_aoa\/\" target=\"_blank\" rel=\"noreferrer noopener\">Instagram<\/a> &#8211; <a href=\"https:\/\/www.facebook.com\/opaoa\/\" target=\"_blank\" rel=\"noreferrer noopener\">Facebook <\/a><\/strong><\/p>\n","protected":false},"excerpt":{"rendered":"<p>El O.P. A.O.A. de Scafati (Salerno) tiene una base de miembros compuesta por 15 cooperativas con la participaci\u00f3n de m\u00e1s de 400 productores distribuidos, adem\u00e1s de en Campania, en numerosas regiones del centro-sur de Italia (Puglia, Toscana, Umbr\u00eda, Lazio, Marche, Abruzzo, Molise, Basilicata y Calabria). Inicialmente especializada principalmente en el sector del tomate industrial, hoy<\/p>\n","protected":false},"author":1,"featured_media":10729,"parent":0,"menu_order":0,"comment_status":"closed","ping_status":"closed","template":"","meta":{"_acf_changed":false,"footnotes":""},"class_list":["post-18674","page","type-page","status-publish","has-post-thumbnail","hentry"],"acf":[],"yoast_head":"<!-- This site is optimized with the Yoast SEO plugin v24.1 - https:\/\/yoast.com\/wordpress\/plugins\/seo\/ -->\n<title>OP A.O.A Scarl<\/title>\n<meta name=\"description\" content=\"The O.P. A.O.A. of Scafati (Salerno) has a membership base made up of 15 cooperatives with the involvement of over 400 producers distributed,\" \/>\n<meta name=\"robots\" content=\"index, follow, max-snippet:-1, max-image-preview:large, max-video-preview:-1\" \/>\n<link rel=\"canonical\" href=\"https:\/\/ilovefruitandvegfromeurope.com\/es\/op-a-o-a\/\" \/>\n<meta property=\"og:locale\" content=\"es_ES\" \/>\n<meta property=\"og:type\" content=\"article\" \/>\n<meta property=\"og:title\" content=\"OP A.O.A Scarl\" \/>\n<meta property=\"og:description\" content=\"The O.P. A.O.A. of Scafati (Salerno) has a membership base made up of 15 cooperatives with the involvement of over 400 producers distributed,\" \/>\n<meta property=\"og:url\" content=\"https:\/\/ilovefruitandvegfromeurope.com\/es\/op-a-o-a\/\" \/>\n<meta property=\"og:site_name\" content=\"I Love Fruit And Veg From Europe\" \/>\n<meta property=\"article:modified_time\" content=\"2023-06-28T09:36:18+00:00\" \/>\n<meta property=\"og:image\" content=\"https:\/\/ilovefruitandvegfromeurope.com\/wp-content\/uploads\/2021\/11\/1200x628-68.png\" \/>\n\t<meta property=\"og:image:width\" content=\"1200\" \/>\n\t<meta property=\"og:image:height\" content=\"628\" \/>\n\t<meta property=\"og:image:type\" content=\"image\/png\" \/>\n<meta name=\"twitter:card\" content=\"summary_large_image\" \/>\n<meta name=\"twitter:label1\" content=\"Tiempo de lectura\" \/>\n\t<meta name=\"twitter:data1\" content=\"1 minuto\" \/>\n<script type=\"application\/ld+json\" class=\"yoast-schema-graph\">{\"@context\":\"https:\/\/schema.org\",\"@graph\":[{\"@type\":\"WebPage\",\"@id\":\"https:\/\/ilovefruitandvegfromeurope.com\/es\/op-a-o-a\/\",\"url\":\"https:\/\/ilovefruitandvegfromeurope.com\/es\/op-a-o-a\/\",\"name\":\"OP A.O.A Scarl\",\"isPartOf\":{\"@id\":\"https:\/\/ilovefruitandvegfromeurope.com\/es\/#website\"},\"primaryImageOfPage\":{\"@id\":\"https:\/\/ilovefruitandvegfromeurope.com\/es\/op-a-o-a\/#primaryimage\"},\"image\":{\"@id\":\"https:\/\/ilovefruitandvegfromeurope.com\/es\/op-a-o-a\/#primaryimage\"},\"thumbnailUrl\":\"https:\/\/ilovefruitandvegfromeurope.com\/wp-content\/uploads\/2021\/11\/1200x628-68.png\",\"datePublished\":\"2022-05-18T07:54:19+00:00\",\"dateModified\":\"2023-06-28T09:36:18+00:00\",\"description\":\"The O.P. A.O.A. of Scafati (Salerno) has a membership base made up of 15 cooperatives with the involvement of over 400 producers distributed,\",\"breadcrumb\":{\"@id\":\"https:\/\/ilovefruitandvegfromeurope.com\/es\/op-a-o-a\/#breadcrumb\"},\"inLanguage\":\"es\",\"potentialAction\":[{\"@type\":\"ReadAction\",\"target\":[\"https:\/\/ilovefruitandvegfromeurope.com\/es\/op-a-o-a\/\"]}]},{\"@type\":\"ImageObject\",\"inLanguage\":\"es\",\"@id\":\"https:\/\/ilovefruitandvegfromeurope.com\/es\/op-a-o-a\/#primaryimage\",\"url\":\"https:\/\/ilovefruitandvegfromeurope.com\/wp-content\/uploads\/2021\/11\/1200x628-68.png\",\"contentUrl\":\"https:\/\/ilovefruitandvegfromeurope.com\/wp-content\/uploads\/2021\/11\/1200x628-68.png\",\"width\":1200,\"height\":628,\"caption\":\"Tutti pazzi per la cipolla: l\u2019aroma pi\u00f9 versatile e utilizzato nelle cucine di tutto il mondo\"},{\"@type\":\"BreadcrumbList\",\"@id\":\"https:\/\/ilovefruitandvegfromeurope.com\/es\/op-a-o-a\/#breadcrumb\",\"itemListElement\":[{\"@type\":\"ListItem\",\"position\":1,\"name\":\"Home\",\"item\":\"https:\/\/ilovefruitandvegfromeurope.com\/es\/\"},{\"@type\":\"ListItem\",\"position\":2,\"name\":\"O.P. A.O.A Scarl\"}]},{\"@type\":\"WebSite\",\"@id\":\"https:\/\/ilovefruitandvegfromeurope.com\/es\/#website\",\"url\":\"https:\/\/ilovefruitandvegfromeurope.com\/es\/\",\"name\":\"I Love Fruit And Veg From Europe\",\"description\":\"I Love Fruit And Veg From Europe: I Choose Fresh And Fair\",\"publisher\":{\"@id\":\"https:\/\/ilovefruitandvegfromeurope.com\/es\/#organization\"},\"potentialAction\":[{\"@type\":\"SearchAction\",\"target\":{\"@type\":\"EntryPoint\",\"urlTemplate\":\"https:\/\/ilovefruitandvegfromeurope.com\/es\/?s={search_term_string}\"},\"query-input\":{\"@type\":\"PropertyValueSpecification\",\"valueRequired\":true,\"valueName\":\"search_term_string\"}}],\"inLanguage\":\"es\"},{\"@type\":\"Organization\",\"@id\":\"https:\/\/ilovefruitandvegfromeurope.com\/es\/#organization\",\"name\":\"I Love Fruit And Veg From Europe\",\"url\":\"https:\/\/ilovefruitandvegfromeurope.com\/es\/\",\"logo\":{\"@type\":\"ImageObject\",\"inLanguage\":\"es\",\"@id\":\"https:\/\/ilovefruitandvegfromeurope.com\/es\/#\/schema\/logo\/image\/\",\"url\":\"https:\/\/ilovefruitandvegfromeurope.com\/wp-content\/uploads\/2021\/07\/logo.png\",\"contentUrl\":\"https:\/\/ilovefruitandvegfromeurope.com\/wp-content\/uploads\/2021\/07\/logo.png\",\"width\":248,\"height\":62,\"caption\":\"I Love Fruit And Veg From Europe\"},\"image\":{\"@id\":\"https:\/\/ilovefruitandvegfromeurope.com\/es\/#\/schema\/logo\/image\/\"}}]}<\/script>\n<!-- \/ Yoast SEO plugin. -->","yoast_head_json":{"title":"OP A.O.A Scarl","description":"The O.P. A.O.A. of Scafati (Salerno) has a membership base made up of 15 cooperatives with the involvement of over 400 producers distributed,","robots":{"index":"index","follow":"follow","max-snippet":"max-snippet:-1","max-image-preview":"max-image-preview:large","max-video-preview":"max-video-preview:-1"},"canonical":"https:\/\/ilovefruitandvegfromeurope.com\/es\/op-a-o-a\/","og_locale":"es_ES","og_type":"article","og_title":"OP A.O.A Scarl","og_description":"The O.P. A.O.A. of Scafati (Salerno) has a membership base made up of 15 cooperatives with the involvement of over 400 producers distributed,","og_url":"https:\/\/ilovefruitandvegfromeurope.com\/es\/op-a-o-a\/","og_site_name":"I Love Fruit And Veg From Europe","article_modified_time":"2023-06-28T09:36:18+00:00","og_image":[{"width":1200,"height":628,"url":"https:\/\/ilovefruitandvegfromeurope.com\/wp-content\/uploads\/2021\/11\/1200x628-68.png","type":"image\/png"}],"twitter_card":"summary_large_image","twitter_misc":{"Tiempo de lectura":"1 minuto"},"schema":{"@context":"https:\/\/schema.org","@graph":[{"@type":"WebPage","@id":"https:\/\/ilovefruitandvegfromeurope.com\/es\/op-a-o-a\/","url":"https:\/\/ilovefruitandvegfromeurope.com\/es\/op-a-o-a\/","name":"OP A.O.A Scarl","isPartOf":{"@id":"https:\/\/ilovefruitandvegfromeurope.com\/es\/#website"},"primaryImageOfPage":{"@id":"https:\/\/ilovefruitandvegfromeurope.com\/es\/op-a-o-a\/#primaryimage"},"image":{"@id":"https:\/\/ilovefruitandvegfromeurope.com\/es\/op-a-o-a\/#primaryimage"},"thumbnailUrl":"https:\/\/ilovefruitandvegfromeurope.com\/wp-content\/uploads\/2021\/11\/1200x628-68.png","datePublished":"2022-05-18T07:54:19+00:00","dateModified":"2023-06-28T09:36:18+00:00","description":"The O.P. A.O.A. of Scafati (Salerno) has a membership base made up of 15 cooperatives with the involvement of over 400 producers distributed,","breadcrumb":{"@id":"https:\/\/ilovefruitandvegfromeurope.com\/es\/op-a-o-a\/#breadcrumb"},"inLanguage":"es","potentialAction":[{"@type":"ReadAction","target":["https:\/\/ilovefruitandvegfromeurope.com\/es\/op-a-o-a\/"]}]},{"@type":"ImageObject","inLanguage":"es","@id":"https:\/\/ilovefruitandvegfromeurope.com\/es\/op-a-o-a\/#primaryimage","url":"https:\/\/ilovefruitandvegfromeurope.com\/wp-content\/uploads\/2021\/11\/1200x628-68.png","contentUrl":"https:\/\/ilovefruitandvegfromeurope.com\/wp-content\/uploads\/2021\/11\/1200x628-68.png","width":1200,"height":628,"caption":"Tutti pazzi per la cipolla: l\u2019aroma pi\u00f9 versatile e utilizzato nelle cucine di tutto il mondo"},{"@type":"BreadcrumbList","@id":"https:\/\/ilovefruitandvegfromeurope.com\/es\/op-a-o-a\/#breadcrumb","itemListElement":[{"@type":"ListItem","position":1,"name":"Home","item":"https:\/\/ilovefruitandvegfromeurope.com\/es\/"},{"@type":"ListItem","position":2,"name":"O.P. A.O.A Scarl"}]},{"@type":"WebSite","@id":"https:\/\/ilovefruitandvegfromeurope.com\/es\/#website","url":"https:\/\/ilovefruitandvegfromeurope.com\/es\/","name":"I Love Fruit And Veg From Europe","description":"I Love Fruit And Veg From Europe: I Choose Fresh And Fair","publisher":{"@id":"https:\/\/ilovefruitandvegfromeurope.com\/es\/#organization"},"potentialAction":[{"@type":"SearchAction","target":{"@type":"EntryPoint","urlTemplate":"https:\/\/ilovefruitandvegfromeurope.com\/es\/?s={search_term_string}"},"query-input":{"@type":"PropertyValueSpecification","valueRequired":true,"valueName":"search_term_string"}}],"inLanguage":"es"},{"@type":"Organization","@id":"https:\/\/ilovefruitandvegfromeurope.com\/es\/#organization","name":"I Love Fruit And Veg From Europe","url":"https:\/\/ilovefruitandvegfromeurope.com\/es\/","logo":{"@type":"ImageObject","inLanguage":"es","@id":"https:\/\/ilovefruitandvegfromeurope.com\/es\/#\/schema\/logo\/image\/","url":"https:\/\/ilovefruitandvegfromeurope.com\/wp-content\/uploads\/2021\/07\/logo.png","contentUrl":"https:\/\/ilovefruitandvegfromeurope.com\/wp-content\/uploads\/2021\/07\/logo.png","width":248,"height":62,"caption":"I Love Fruit And Veg From Europe"},"image":{"@id":"https:\/\/ilovefruitandvegfromeurope.com\/es\/#\/schema\/logo\/image\/"}}]}},"_links":{"self":[{"href":"https:\/\/ilovefruitandvegfromeurope.com\/es\/wp-json\/wp\/v2\/pages\/18674","targetHints":{"allow":["GET"]}}],"collection":[{"href":"https:\/\/ilovefruitandvegfromeurope.com\/es\/wp-json\/wp\/v2\/pages"}],"about":[{"href":"https:\/\/ilovefruitandvegfromeurope.com\/es\/wp-json\/wp\/v2\/types\/page"}],"author":[{"embeddable":true,"href":"https:\/\/ilovefruitandvegfromeurope.com\/es\/wp-json\/wp\/v2\/users\/1"}],"replies":[{"embeddable":true,"href":"https:\/\/ilovefruitandvegfromeurope.com\/es\/wp-json\/wp\/v2\/comments?post=18674"}],"version-history":[{"count":3,"href":"https:\/\/ilovefruitandvegfromeurope.com\/es\/wp-json\/wp\/v2\/pages\/18674\/revisions"}],"predecessor-version":[{"id":25186,"href":"https:\/\/ilovefruitandvegfromeurope.com\/es\/wp-json\/wp\/v2\/pages\/18674\/revisions\/25186"}],"wp:featuredmedia":[{"embeddable":true,"href":"https:\/\/ilovefruitandvegfromeurope.com\/es\/wp-json\/wp\/v2\/media\/10729"}],"wp:attachment":[{"href":"https:\/\/ilovefruitandvegfromeurope.com\/es\/wp-json\/wp\/v2\/media?parent=18674"}],"curies":[{"name":"wp","href":"https:\/\/api.w.org\/{rel}","templated":true}]}}