
{"id":18677,"date":"2022-05-18T10:20:31","date_gmt":"2022-05-18T08:20:31","guid":{"rendered":"https:\/\/ilovefruitandvegfromeurope.com\/o-p-la-deliziosa\/"},"modified":"2023-06-28T11:38:22","modified_gmt":"2023-06-28T09:38:22","slug":"o-p-la-deliziosa","status":"publish","type":"page","link":"https:\/\/ilovefruitandvegfromeurope.com\/es\/o-p-la-deliziosa\/","title":{"rendered":"O.P. La Deliziosa Soc. Coop. Agr."},"content":{"rendered":"\n<div class=\"wp-block-columns is-layout-flex wp-container-core-columns-is-layout-1 wp-block-columns-is-layout-flex\">\n<div class=\"wp-block-column is-layout-flow wp-block-column-is-layout-flow\" style=\"flex-basis:33.33%\"><div class=\"wp-block-image\">\n<figure class=\"aligncenter size-full\"><a href=\"https:\/\/opladeliziosa.it\/index.php\/it\/\" target=\"_blank\" rel=\"noreferrer noopener\"><img decoding=\"async\" width=\"207\" height=\"188\" src=\"https:\/\/ilovefruitandvegfromeurope.com\/wp-content\/uploads\/2021\/07\/ILoveFruitAndVegFromEurope_La_Deliziosa-1.png\" alt=\"\" class=\"wp-image-15610\"\/><\/a><\/figure><\/div><\/div>\n\n\n\n<div class=\"wp-block-column is-layout-flow wp-block-column-is-layout-flow\" style=\"flex-basis:66.66%\">\n<p><a href=\"https:\/\/opladeliziosa.it\/index.php\/it\/\" target=\"_blank\" rel=\"noreferrer noopener\">O.P. La Deliziosa<\/a> es una reconocida realidad empresarial ubicada a los pies del volc\u00e1n Etna, en Sicilia, que nace de dos principios fundamentales: el amor por el territorio y el respeto por la tradici\u00f3n agroalimentaria.<\/p>\n\n\n\n<p>Una organizaci\u00f3n de productores que cuenta con 112 socios para una superficie cultivada de 1600 hect\u00e1reas, de las cuales 1000 de c\u00edtricos, 5000 de higueras y 100 dedicadas a otras producciones.<\/p>\n\n\n\n<p>Fundada en 1988 por Pietro Bua y continuada por sus hijos Giovanni, Antonino y Salvatore Bua, la empresa siempre ha tenido como objetivo mejorar su territorio comprometi\u00e9ndose con la producci\u00f3n de frutas y verduras de alta calidad.<\/p>\n<\/div>\n<\/div>\n\n\n\n<div class=\"wp-block-cover is-light\"><span aria-hidden=\"true\" class=\"wp-block-cover__background has-background-dim\"><\/span><img decoding=\"async\" width=\"1920\" height=\"1315\" class=\"wp-block-cover__image-background wp-image-15343\" alt=\"\" src=\"https:\/\/ilovefruitandvegfromeurope.com\/wp-content\/uploads\/2021\/07\/bg-fichi-india.jpg\" data-object-fit=\"cover\" srcset=\"https:\/\/ilovefruitandvegfromeurope.com\/wp-content\/uploads\/2021\/07\/bg-fichi-india.jpg 1920w, https:\/\/ilovefruitandvegfromeurope.com\/wp-content\/uploads\/2021\/07\/bg-fichi-india-300x205.jpg 300w, https:\/\/ilovefruitandvegfromeurope.com\/wp-content\/uploads\/2021\/07\/bg-fichi-india-1024x701.jpg 1024w, https:\/\/ilovefruitandvegfromeurope.com\/wp-content\/uploads\/2021\/07\/bg-fichi-india-768x526.jpg 768w, https:\/\/ilovefruitandvegfromeurope.com\/wp-content\/uploads\/2021\/07\/bg-fichi-india-1536x1052.jpg 1536w\" sizes=\"(max-width: 1920px) 100vw, 1920px\" \/><div class=\"wp-block-cover__inner-container is-layout-flow wp-block-cover-is-layout-flow\">\n<div class=\"wp-block-cover is-light\"><span aria-hidden=\"true\" class=\"wp-block-cover__background has-background-dim\"><\/span><img decoding=\"async\" width=\"1920\" height=\"1315\" class=\"wp-block-cover__image-background wp-image-15343\" alt=\"\" src=\"https:\/\/ilovefruitandvegfromeurope.com\/wp-content\/uploads\/2021\/07\/bg-fichi-india.jpg\" data-object-fit=\"cover\" srcset=\"https:\/\/ilovefruitandvegfromeurope.com\/wp-content\/uploads\/2021\/07\/bg-fichi-india.jpg 1920w, https:\/\/ilovefruitandvegfromeurope.com\/wp-content\/uploads\/2021\/07\/bg-fichi-india-300x205.jpg 300w, https:\/\/ilovefruitandvegfromeurope.com\/wp-content\/uploads\/2021\/07\/bg-fichi-india-1024x701.jpg 1024w, https:\/\/ilovefruitandvegfromeurope.com\/wp-content\/uploads\/2021\/07\/bg-fichi-india-768x526.jpg 768w, https:\/\/ilovefruitandvegfromeurope.com\/wp-content\/uploads\/2021\/07\/bg-fichi-india-1536x1052.jpg 1536w\" sizes=\"(max-width: 1920px) 100vw, 1920px\" \/><div class=\"wp-block-cover__inner-container is-layout-flow wp-block-cover-is-layout-flow\">\n<p class=\"has-text-align-center has-white-color has-text-color has-large-font-size\"><em>En las pendientes del Etna, entre 500 hect\u00e1reas de higos chumbos, se encuentra el OP La Deliziosa, una realidad empresarial made in Sicilia, en la que la pasi\u00f3n por la tierra y el amor por el bien han dado vida a la verdadera excelencia de la fruta y verduras italiana.<\/em><\/p>\n<\/div><\/div>\n<\/div><\/div>\n\n\n\n<div style=\"height:40px\" aria-hidden=\"true\" class=\"wp-block-spacer\"><\/div>\n\n\n\n<h2 class=\"wp-block-heading\">Contacts<\/h2>\n\n\n\n<p><strong>O.P. La Deliziosa Soc.Coop.Agr<\/strong> &#8211; C.da Scirfi sn \u2013 95033 \u2013 Biancavilla (CT)<\/p>\n\n\n\n<p class=\"has-text-align-center\"><br><strong>Phone:<\/strong> +39 095 686762<br><strong>Web Site: <\/strong><a href=\"https:\/\/opladeliziosa.it\/\">https:\/\/opladeliziosa.it\/<\/a><br><strong><a href=\"https:\/\/www.instagram.com\/la_.deliziosa_\/?utm_source=ig_profile_share&amp;igshid=t8r89x7svr8y\" target=\"_blank\" rel=\"noreferrer noopener\">Instagram<\/a> &#8211; <a href=\"https:\/\/www.facebook.com\/opladeliziosa\/\" target=\"_blank\" rel=\"noreferrer noopener\">Facebook <\/a><\/strong><\/p>\n\n\n\n<p><\/p>\n\n\n\n<p><\/p>\n\n\n\n<p><\/p>\n","protected":false},"excerpt":{"rendered":"<p>O.P. La Deliziosa es una reconocida realidad empresarial ubicada a los pies del volc\u00e1n Etna, en Sicilia, que nace de dos principios fundamentales: el amor por el territorio y el respeto por la tradici\u00f3n agroalimentaria. Una organizaci\u00f3n de productores que cuenta con 112 socios para una superficie cultivada de 1600 hect\u00e1reas, de las cuales 1000<\/p>\n","protected":false},"author":1,"featured_media":685,"parent":0,"menu_order":0,"comment_status":"closed","ping_status":"closed","template":"","meta":{"_acf_changed":false,"footnotes":""},"class_list":["post-18677","page","type-page","status-publish","has-post-thumbnail","hentry"],"acf":[],"yoast_head":"<!-- This site is optimized with the Yoast SEO plugin v24.1 - https:\/\/yoast.com\/wordpress\/plugins\/seo\/ -->\n<title>O.P. La Deliziosa Soc. Coop. Agr.<\/title>\n<meta name=\"description\" content=\"O.P. La Deliziosa Soc. Coop. Agr.\" \/>\n<meta name=\"robots\" content=\"index, follow, max-snippet:-1, max-image-preview:large, max-video-preview:-1\" \/>\n<link rel=\"canonical\" href=\"https:\/\/ilovefruitandvegfromeurope.com\/es\/o-p-la-deliziosa\/\" \/>\n<meta property=\"og:locale\" content=\"es_ES\" \/>\n<meta property=\"og:type\" content=\"article\" \/>\n<meta property=\"og:title\" content=\"O.P. La Deliziosa Soc. Coop. Agr.\" \/>\n<meta property=\"og:description\" content=\"O.P. La Deliziosa Soc. Coop. Agr.\" \/>\n<meta property=\"og:url\" content=\"https:\/\/ilovefruitandvegfromeurope.com\/es\/o-p-la-deliziosa\/\" \/>\n<meta property=\"og:site_name\" content=\"I Love Fruit And Veg From Europe\" \/>\n<meta property=\"article:modified_time\" content=\"2023-06-28T09:38:22+00:00\" \/>\n<meta property=\"og:image\" content=\"https:\/\/ilovefruitandvegfromeurope.com\/wp-content\/uploads\/2021\/07\/bg-fichi-india.jpg\" \/>\n\t<meta property=\"og:image:width\" content=\"1920\" \/>\n\t<meta property=\"og:image:height\" content=\"1315\" \/>\n\t<meta property=\"og:image:type\" content=\"image\/jpeg\" \/>\n<meta name=\"twitter:card\" content=\"summary_large_image\" \/>\n<meta name=\"twitter:label1\" content=\"Tiempo de lectura\" \/>\n\t<meta name=\"twitter:data1\" content=\"2 minutos\" \/>\n<script type=\"application\/ld+json\" class=\"yoast-schema-graph\">{\"@context\":\"https:\/\/schema.org\",\"@graph\":[{\"@type\":\"WebPage\",\"@id\":\"https:\/\/ilovefruitandvegfromeurope.com\/es\/o-p-la-deliziosa\/\",\"url\":\"https:\/\/ilovefruitandvegfromeurope.com\/es\/o-p-la-deliziosa\/\",\"name\":\"O.P. La Deliziosa Soc. Coop. Agr.\",\"isPartOf\":{\"@id\":\"https:\/\/ilovefruitandvegfromeurope.com\/es\/#website\"},\"primaryImageOfPage\":{\"@id\":\"https:\/\/ilovefruitandvegfromeurope.com\/es\/o-p-la-deliziosa\/#primaryimage\"},\"image\":{\"@id\":\"https:\/\/ilovefruitandvegfromeurope.com\/es\/o-p-la-deliziosa\/#primaryimage\"},\"thumbnailUrl\":\"https:\/\/ilovefruitandvegfromeurope.com\/wp-content\/uploads\/2021\/07\/bg-fichi-india.jpg\",\"datePublished\":\"2022-05-18T08:20:31+00:00\",\"dateModified\":\"2023-06-28T09:38:22+00:00\",\"description\":\"O.P. La Deliziosa Soc. Coop. Agr.\",\"breadcrumb\":{\"@id\":\"https:\/\/ilovefruitandvegfromeurope.com\/es\/o-p-la-deliziosa\/#breadcrumb\"},\"inLanguage\":\"es\",\"potentialAction\":[{\"@type\":\"ReadAction\",\"target\":[\"https:\/\/ilovefruitandvegfromeurope.com\/es\/o-p-la-deliziosa\/\"]}]},{\"@type\":\"ImageObject\",\"inLanguage\":\"es\",\"@id\":\"https:\/\/ilovefruitandvegfromeurope.com\/es\/o-p-la-deliziosa\/#primaryimage\",\"url\":\"https:\/\/ilovefruitandvegfromeurope.com\/wp-content\/uploads\/2021\/07\/bg-fichi-india.jpg\",\"contentUrl\":\"https:\/\/ilovefruitandvegfromeurope.com\/wp-content\/uploads\/2021\/07\/bg-fichi-india.jpg\",\"width\":1920,\"height\":1315},{\"@type\":\"BreadcrumbList\",\"@id\":\"https:\/\/ilovefruitandvegfromeurope.com\/es\/o-p-la-deliziosa\/#breadcrumb\",\"itemListElement\":[{\"@type\":\"ListItem\",\"position\":1,\"name\":\"Home\",\"item\":\"https:\/\/ilovefruitandvegfromeurope.com\/es\/\"},{\"@type\":\"ListItem\",\"position\":2,\"name\":\"O.P. La Deliziosa Soc. Coop. Agr.\"}]},{\"@type\":\"WebSite\",\"@id\":\"https:\/\/ilovefruitandvegfromeurope.com\/es\/#website\",\"url\":\"https:\/\/ilovefruitandvegfromeurope.com\/es\/\",\"name\":\"I Love Fruit And Veg From Europe\",\"description\":\"I Love Fruit And Veg From Europe: I Choose Fresh And Fair\",\"publisher\":{\"@id\":\"https:\/\/ilovefruitandvegfromeurope.com\/es\/#organization\"},\"potentialAction\":[{\"@type\":\"SearchAction\",\"target\":{\"@type\":\"EntryPoint\",\"urlTemplate\":\"https:\/\/ilovefruitandvegfromeurope.com\/es\/?s={search_term_string}\"},\"query-input\":{\"@type\":\"PropertyValueSpecification\",\"valueRequired\":true,\"valueName\":\"search_term_string\"}}],\"inLanguage\":\"es\"},{\"@type\":\"Organization\",\"@id\":\"https:\/\/ilovefruitandvegfromeurope.com\/es\/#organization\",\"name\":\"I Love Fruit And Veg From Europe\",\"url\":\"https:\/\/ilovefruitandvegfromeurope.com\/es\/\",\"logo\":{\"@type\":\"ImageObject\",\"inLanguage\":\"es\",\"@id\":\"https:\/\/ilovefruitandvegfromeurope.com\/es\/#\/schema\/logo\/image\/\",\"url\":\"https:\/\/ilovefruitandvegfromeurope.com\/wp-content\/uploads\/2021\/07\/logo.png\",\"contentUrl\":\"https:\/\/ilovefruitandvegfromeurope.com\/wp-content\/uploads\/2021\/07\/logo.png\",\"width\":248,\"height\":62,\"caption\":\"I Love Fruit And Veg From Europe\"},\"image\":{\"@id\":\"https:\/\/ilovefruitandvegfromeurope.com\/es\/#\/schema\/logo\/image\/\"}}]}<\/script>\n<!-- \/ Yoast SEO plugin. -->","yoast_head_json":{"title":"O.P. La Deliziosa Soc. Coop. Agr.","description":"O.P. La Deliziosa Soc. Coop. Agr.","robots":{"index":"index","follow":"follow","max-snippet":"max-snippet:-1","max-image-preview":"max-image-preview:large","max-video-preview":"max-video-preview:-1"},"canonical":"https:\/\/ilovefruitandvegfromeurope.com\/es\/o-p-la-deliziosa\/","og_locale":"es_ES","og_type":"article","og_title":"O.P. La Deliziosa Soc. Coop. Agr.","og_description":"O.P. La Deliziosa Soc. Coop. Agr.","og_url":"https:\/\/ilovefruitandvegfromeurope.com\/es\/o-p-la-deliziosa\/","og_site_name":"I Love Fruit And Veg From Europe","article_modified_time":"2023-06-28T09:38:22+00:00","og_image":[{"width":1920,"height":1315,"url":"https:\/\/ilovefruitandvegfromeurope.com\/wp-content\/uploads\/2021\/07\/bg-fichi-india.jpg","type":"image\/jpeg"}],"twitter_card":"summary_large_image","twitter_misc":{"Tiempo de lectura":"2 minutos"},"schema":{"@context":"https:\/\/schema.org","@graph":[{"@type":"WebPage","@id":"https:\/\/ilovefruitandvegfromeurope.com\/es\/o-p-la-deliziosa\/","url":"https:\/\/ilovefruitandvegfromeurope.com\/es\/o-p-la-deliziosa\/","name":"O.P. La Deliziosa Soc. Coop. Agr.","isPartOf":{"@id":"https:\/\/ilovefruitandvegfromeurope.com\/es\/#website"},"primaryImageOfPage":{"@id":"https:\/\/ilovefruitandvegfromeurope.com\/es\/o-p-la-deliziosa\/#primaryimage"},"image":{"@id":"https:\/\/ilovefruitandvegfromeurope.com\/es\/o-p-la-deliziosa\/#primaryimage"},"thumbnailUrl":"https:\/\/ilovefruitandvegfromeurope.com\/wp-content\/uploads\/2021\/07\/bg-fichi-india.jpg","datePublished":"2022-05-18T08:20:31+00:00","dateModified":"2023-06-28T09:38:22+00:00","description":"O.P. La Deliziosa Soc. Coop. Agr.","breadcrumb":{"@id":"https:\/\/ilovefruitandvegfromeurope.com\/es\/o-p-la-deliziosa\/#breadcrumb"},"inLanguage":"es","potentialAction":[{"@type":"ReadAction","target":["https:\/\/ilovefruitandvegfromeurope.com\/es\/o-p-la-deliziosa\/"]}]},{"@type":"ImageObject","inLanguage":"es","@id":"https:\/\/ilovefruitandvegfromeurope.com\/es\/o-p-la-deliziosa\/#primaryimage","url":"https:\/\/ilovefruitandvegfromeurope.com\/wp-content\/uploads\/2021\/07\/bg-fichi-india.jpg","contentUrl":"https:\/\/ilovefruitandvegfromeurope.com\/wp-content\/uploads\/2021\/07\/bg-fichi-india.jpg","width":1920,"height":1315},{"@type":"BreadcrumbList","@id":"https:\/\/ilovefruitandvegfromeurope.com\/es\/o-p-la-deliziosa\/#breadcrumb","itemListElement":[{"@type":"ListItem","position":1,"name":"Home","item":"https:\/\/ilovefruitandvegfromeurope.com\/es\/"},{"@type":"ListItem","position":2,"name":"O.P. La Deliziosa Soc. Coop. Agr."}]},{"@type":"WebSite","@id":"https:\/\/ilovefruitandvegfromeurope.com\/es\/#website","url":"https:\/\/ilovefruitandvegfromeurope.com\/es\/","name":"I Love Fruit And Veg From Europe","description":"I Love Fruit And Veg From Europe: I Choose Fresh And Fair","publisher":{"@id":"https:\/\/ilovefruitandvegfromeurope.com\/es\/#organization"},"potentialAction":[{"@type":"SearchAction","target":{"@type":"EntryPoint","urlTemplate":"https:\/\/ilovefruitandvegfromeurope.com\/es\/?s={search_term_string}"},"query-input":{"@type":"PropertyValueSpecification","valueRequired":true,"valueName":"search_term_string"}}],"inLanguage":"es"},{"@type":"Organization","@id":"https:\/\/ilovefruitandvegfromeurope.com\/es\/#organization","name":"I Love Fruit And Veg From Europe","url":"https:\/\/ilovefruitandvegfromeurope.com\/es\/","logo":{"@type":"ImageObject","inLanguage":"es","@id":"https:\/\/ilovefruitandvegfromeurope.com\/es\/#\/schema\/logo\/image\/","url":"https:\/\/ilovefruitandvegfromeurope.com\/wp-content\/uploads\/2021\/07\/logo.png","contentUrl":"https:\/\/ilovefruitandvegfromeurope.com\/wp-content\/uploads\/2021\/07\/logo.png","width":248,"height":62,"caption":"I Love Fruit And Veg From Europe"},"image":{"@id":"https:\/\/ilovefruitandvegfromeurope.com\/es\/#\/schema\/logo\/image\/"}}]}},"_links":{"self":[{"href":"https:\/\/ilovefruitandvegfromeurope.com\/es\/wp-json\/wp\/v2\/pages\/18677","targetHints":{"allow":["GET"]}}],"collection":[{"href":"https:\/\/ilovefruitandvegfromeurope.com\/es\/wp-json\/wp\/v2\/pages"}],"about":[{"href":"https:\/\/ilovefruitandvegfromeurope.com\/es\/wp-json\/wp\/v2\/types\/page"}],"author":[{"embeddable":true,"href":"https:\/\/ilovefruitandvegfromeurope.com\/es\/wp-json\/wp\/v2\/users\/1"}],"replies":[{"embeddable":true,"href":"https:\/\/ilovefruitandvegfromeurope.com\/es\/wp-json\/wp\/v2\/comments?post=18677"}],"version-history":[{"count":3,"href":"https:\/\/ilovefruitandvegfromeurope.com\/es\/wp-json\/wp\/v2\/pages\/18677\/revisions"}],"predecessor-version":[{"id":25188,"href":"https:\/\/ilovefruitandvegfromeurope.com\/es\/wp-json\/wp\/v2\/pages\/18677\/revisions\/25188"}],"wp:featuredmedia":[{"embeddable":true,"href":"https:\/\/ilovefruitandvegfromeurope.com\/es\/wp-json\/wp\/v2\/media\/685"}],"wp:attachment":[{"href":"https:\/\/ilovefruitandvegfromeurope.com\/es\/wp-json\/wp\/v2\/media?parent=18677"}],"curies":[{"name":"wp","href":"https:\/\/api.w.org\/{rel}","templated":true}]}}