
{"id":18680,"date":"2022-05-18T08:21:35","date_gmt":"2022-05-18T06:21:35","guid":{"rendered":"https:\/\/ilovefruitandvegfromeurope.com\/op-terra-orti\/"},"modified":"2025-01-10T16:19:53","modified_gmt":"2025-01-10T15:19:53","slug":"op-terra-orti","status":"publish","type":"page","link":"https:\/\/ilovefruitandvegfromeurope.com\/es\/op-terra-orti\/","title":{"rendered":"O.P. SOCIEDAD COOPERATIVA TERRA ORTI"},"content":{"rendered":"\n<div class=\"wp-block-columns is-layout-flex wp-container-core-columns-is-layout-1 wp-block-columns-is-layout-flex\">\n<div class=\"wp-block-column is-layout-flow wp-block-column-is-layout-flow\" style=\"flex-basis:33.33%\"><div class=\"wp-block-image\">\n<figure class=\"alignleft size-full is-resized\"><a href=\"https:\/\/www.terraorti.it\/\" target=\"_blank\" rel=\"noreferrer noopener\"><img decoding=\"async\" src=\"https:\/\/ilovefruitandvegfromeurope.com\/wp-content\/uploads\/2021\/07\/ILoveFruitAndVegFromEurope_TerraOrti-1.png\" alt=\"\" class=\"wp-image-15611\" style=\"width:247px;height:225px\" width=\"247\" height=\"225\"\/><\/a><\/figure><\/div><\/div>\n\n\n\n<div class=\"wp-block-column is-layout-flow wp-block-column-is-layout-flow\" style=\"flex-basis:66.66%\">\n<p><strong><a href=\"https:\/\/www.terraorti.it\/\">Terra Orti<\/a><\/strong> \u00e8 una societ\u00e0 cooperativa nata nel 1999 che unisce circa 120 soci collocati in varie regioni italiane.\u00a0Gli imprenditori agricoli associati a Terra Orti propongono sul mercato internazionale una ampia e varia gamma di prodotti ortofrutticoli che seguono ogni stagionalit\u00e0. Le insalate adulte e da sfalcio (particolarmente quelle destinate alle industrie di quarta gamma), gli spinaci, le bietole, i finocchi, i cavoli, i carciofi, le angurie, i meloni, le melanzane, i peperoni, i pomodori, i pomodori destinati alla trasformazione industriale e le zucchine sono fra le colture pi\u00f9 importanti delle aziende agricole che costituiscono la base sociale di Terra Orti. Alcuni prodotti sono biologici e a Denominazione di qualit\u00e0, come il Carciofo di Paestum IGP e la rucola della Piana del Sele IGP. Terra Orti promuove anche progetti di ricerca volti alla salvaguardia del suolo e dell\u2019ambiente e a preservare la Biodiversit\u00e0 dei territori.<\/p>\n<\/div>\n<\/div>\n\n<div class=\"wp-block-cover\"><span aria-hidden=\"true\" class=\"wp-block-cover__background has-background-dim\"><\/span><img decoding=\"async\" width=\"1000\" height=\"400\" class=\"wp-block-cover__image-background wp-image-18516\" alt=\"\" src=\"https:\/\/ilovefruitandvegfromeurope.com\/wp-content\/uploads\/2022\/05\/FUKTerraortifragole_.jpg\" data-object-fit=\"cover\" srcset=\"https:\/\/ilovefruitandvegfromeurope.com\/wp-content\/uploads\/2022\/05\/FUKTerraortifragole_.jpg 1000w, https:\/\/ilovefruitandvegfromeurope.com\/wp-content\/uploads\/2022\/05\/FUKTerraortifragole_-300x120.jpg 300w, https:\/\/ilovefruitandvegfromeurope.com\/wp-content\/uploads\/2022\/05\/FUKTerraortifragole_-768x307.jpg 768w\" sizes=\"(max-width: 1000px) 100vw, 1000px\" \/><div class=\"wp-block-cover__inner-container is-layout-flow wp-block-cover-is-layout-flow\">\n<p class=\"has-text-align-center has-large-font-size\">L&#8217;obiettivo di Terra Orti \u00e8 quello di migliorare la qualit\u00e0 degli ortofrutticoli, nonch\u00e9 di promuovere l&#8217;uso di pratiche colturali e tecniche di produzione che proteggano l&#8217;ambiente e promuovano la biodiversit\u00e0.<\/p>\n<\/div><\/div>\n\n<div style=\"height:40px\" aria-hidden=\"true\" class=\"wp-block-spacer\"><\/div>\n\n<h2 class=\"wp-block-heading\">Contactos <\/h2>\n\n<p><strong>Terra Orti Societ\u00e0 Cooperativa<\/strong> &#8211; Via Bagnolo San Vito \u2013 84025 Eboli (SA)<\/p>\n\n<p class=\"has-text-align-center\"><strong>Phone:<\/strong> +39 0828 601213<br\/><strong>Fax: <\/strong>+39 0828 600103<br\/><strong>Web Site: <\/strong><a href=\"https:\/\/www.terraorti.it\/\">https:\/\/www.terraorti.it\/<\/a><br\/><a href=\"https:\/\/www.instagram.com\/terra_orti\/?hl=it\" target=\"_blank\" rel=\"noreferrer noopener\"><strong>I<\/strong><\/a><strong><a href=\"https:\/\/www.instagram.com\/terra_orti\/?hl=it\" target=\"_blank\" rel=\"noreferrer noopener\">nstagram<\/a> &#8211; <a href=\"https:\/\/www.facebook.com\/terraorti\/\" target=\"_blank\" rel=\"noreferrer noopener\">Facebook<\/a>  &#8211; <a href=\"https:\/\/www.youtube.com\/channel\/UCSsVAFy2utOHX4tWBcBOasQ\" target=\"_blank\" rel=\"noreferrer noopener\">Youtube <\/a><\/strong><\/p>\n\n<p><\/p>\n","protected":false},"excerpt":{"rendered":"<p>Terra Orti \u00e8 una societ\u00e0 cooperativa nata nel 1999 che unisce circa 120 soci collocati in varie regioni italiane.\u00a0Gli imprenditori agricoli associati a Terra Orti propongono sul mercato internazionale una ampia e varia gamma di prodotti ortofrutticoli che seguono ogni stagionalit\u00e0. Le insalate adulte e da sfalcio (particolarmente quelle destinate alle industrie di quarta gamma),<\/p>\n","protected":false},"author":1,"featured_media":18514,"parent":0,"menu_order":0,"comment_status":"closed","ping_status":"closed","template":"","meta":{"_acf_changed":false,"footnotes":""},"class_list":["post-18680","page","type-page","status-publish","has-post-thumbnail","hentry"],"acf":[],"yoast_head":"<!-- This site is optimized with the Yoast SEO plugin v24.1 - https:\/\/yoast.com\/wordpress\/plugins\/seo\/ -->\n<title>Sociedad Cooperativa Terra Orti<\/title>\n<meta name=\"description\" content=\"Sociedad Cooperativa Terra Orti naci\u00f3 en 1999 y con el tiempo ha registrado una expansi\u00f3n de la base de socios, alcanzando los 107 socios\" \/>\n<meta name=\"robots\" content=\"index, follow, max-snippet:-1, max-image-preview:large, max-video-preview:-1\" \/>\n<link rel=\"canonical\" href=\"https:\/\/ilovefruitandvegfromeurope.com\/es\/op-terra-orti\/\" \/>\n<meta property=\"og:locale\" content=\"es_ES\" \/>\n<meta property=\"og:type\" content=\"article\" \/>\n<meta property=\"og:title\" content=\"Sociedad Cooperativa Terra Orti\" \/>\n<meta property=\"og:description\" content=\"Sociedad Cooperativa Terra Orti naci\u00f3 en 1999 y con el tiempo ha registrado una expansi\u00f3n de la base de socios, alcanzando los 107 socios\" \/>\n<meta property=\"og:url\" content=\"https:\/\/ilovefruitandvegfromeurope.com\/es\/op-terra-orti\/\" \/>\n<meta property=\"og:site_name\" content=\"I Love Fruit And Veg From Europe\" \/>\n<meta property=\"article:modified_time\" content=\"2025-01-10T15:19:53+00:00\" \/>\n<meta property=\"og:image\" content=\"https:\/\/ilovefruitandvegfromeurope.com\/wp-content\/uploads\/2022\/05\/FVUK-headerterraorti.jpg\" \/>\n\t<meta property=\"og:image:width\" content=\"1000\" \/>\n\t<meta property=\"og:image:height\" content=\"400\" \/>\n\t<meta property=\"og:image:type\" content=\"image\/jpeg\" \/>\n<meta name=\"twitter:card\" content=\"summary_large_image\" \/>\n<meta name=\"twitter:label1\" content=\"Tiempo de lectura\" \/>\n\t<meta name=\"twitter:data1\" content=\"2 minutos\" \/>\n<script type=\"application\/ld+json\" class=\"yoast-schema-graph\">{\"@context\":\"https:\/\/schema.org\",\"@graph\":[{\"@type\":\"WebPage\",\"@id\":\"https:\/\/ilovefruitandvegfromeurope.com\/es\/op-terra-orti\/\",\"url\":\"https:\/\/ilovefruitandvegfromeurope.com\/es\/op-terra-orti\/\",\"name\":\"Sociedad Cooperativa Terra Orti\",\"isPartOf\":{\"@id\":\"https:\/\/ilovefruitandvegfromeurope.com\/es\/#website\"},\"primaryImageOfPage\":{\"@id\":\"https:\/\/ilovefruitandvegfromeurope.com\/es\/op-terra-orti\/#primaryimage\"},\"image\":{\"@id\":\"https:\/\/ilovefruitandvegfromeurope.com\/es\/op-terra-orti\/#primaryimage\"},\"thumbnailUrl\":\"https:\/\/ilovefruitandvegfromeurope.com\/wp-content\/uploads\/2022\/05\/FVUK-headerterraorti.jpg\",\"datePublished\":\"2022-05-18T06:21:35+00:00\",\"dateModified\":\"2025-01-10T15:19:53+00:00\",\"description\":\"Sociedad Cooperativa Terra Orti naci\u00f3 en 1999 y con el tiempo ha registrado una expansi\u00f3n de la base de socios, alcanzando los 107 socios\",\"breadcrumb\":{\"@id\":\"https:\/\/ilovefruitandvegfromeurope.com\/es\/op-terra-orti\/#breadcrumb\"},\"inLanguage\":\"es\",\"potentialAction\":[{\"@type\":\"ReadAction\",\"target\":[\"https:\/\/ilovefruitandvegfromeurope.com\/es\/op-terra-orti\/\"]}]},{\"@type\":\"ImageObject\",\"inLanguage\":\"es\",\"@id\":\"https:\/\/ilovefruitandvegfromeurope.com\/es\/op-terra-orti\/#primaryimage\",\"url\":\"https:\/\/ilovefruitandvegfromeurope.com\/wp-content\/uploads\/2022\/05\/FVUK-headerterraorti.jpg\",\"contentUrl\":\"https:\/\/ilovefruitandvegfromeurope.com\/wp-content\/uploads\/2022\/05\/FVUK-headerterraorti.jpg\",\"width\":1000,\"height\":400,\"caption\":\"F&VUK-headerterraorti\"},{\"@type\":\"BreadcrumbList\",\"@id\":\"https:\/\/ilovefruitandvegfromeurope.com\/es\/op-terra-orti\/#breadcrumb\",\"itemListElement\":[{\"@type\":\"ListItem\",\"position\":1,\"name\":\"Home\",\"item\":\"https:\/\/ilovefruitandvegfromeurope.com\/es\/\"},{\"@type\":\"ListItem\",\"position\":2,\"name\":\"O.P. SOCIEDAD COOPERATIVA TERRA ORTI\"}]},{\"@type\":\"WebSite\",\"@id\":\"https:\/\/ilovefruitandvegfromeurope.com\/es\/#website\",\"url\":\"https:\/\/ilovefruitandvegfromeurope.com\/es\/\",\"name\":\"I Love Fruit And Veg From Europe\",\"description\":\"I Love Fruit And Veg From Europe: I Choose Fresh And Fair\",\"publisher\":{\"@id\":\"https:\/\/ilovefruitandvegfromeurope.com\/es\/#organization\"},\"potentialAction\":[{\"@type\":\"SearchAction\",\"target\":{\"@type\":\"EntryPoint\",\"urlTemplate\":\"https:\/\/ilovefruitandvegfromeurope.com\/es\/?s={search_term_string}\"},\"query-input\":{\"@type\":\"PropertyValueSpecification\",\"valueRequired\":true,\"valueName\":\"search_term_string\"}}],\"inLanguage\":\"es\"},{\"@type\":\"Organization\",\"@id\":\"https:\/\/ilovefruitandvegfromeurope.com\/es\/#organization\",\"name\":\"I Love Fruit And Veg From Europe\",\"url\":\"https:\/\/ilovefruitandvegfromeurope.com\/es\/\",\"logo\":{\"@type\":\"ImageObject\",\"inLanguage\":\"es\",\"@id\":\"https:\/\/ilovefruitandvegfromeurope.com\/es\/#\/schema\/logo\/image\/\",\"url\":\"https:\/\/ilovefruitandvegfromeurope.com\/wp-content\/uploads\/2021\/07\/logo.png\",\"contentUrl\":\"https:\/\/ilovefruitandvegfromeurope.com\/wp-content\/uploads\/2021\/07\/logo.png\",\"width\":248,\"height\":62,\"caption\":\"I Love Fruit And Veg From Europe\"},\"image\":{\"@id\":\"https:\/\/ilovefruitandvegfromeurope.com\/es\/#\/schema\/logo\/image\/\"}}]}<\/script>\n<!-- \/ Yoast SEO plugin. -->","yoast_head_json":{"title":"Sociedad Cooperativa Terra Orti","description":"Sociedad Cooperativa Terra Orti naci\u00f3 en 1999 y con el tiempo ha registrado una expansi\u00f3n de la base de socios, alcanzando los 107 socios","robots":{"index":"index","follow":"follow","max-snippet":"max-snippet:-1","max-image-preview":"max-image-preview:large","max-video-preview":"max-video-preview:-1"},"canonical":"https:\/\/ilovefruitandvegfromeurope.com\/es\/op-terra-orti\/","og_locale":"es_ES","og_type":"article","og_title":"Sociedad Cooperativa Terra Orti","og_description":"Sociedad Cooperativa Terra Orti naci\u00f3 en 1999 y con el tiempo ha registrado una expansi\u00f3n de la base de socios, alcanzando los 107 socios","og_url":"https:\/\/ilovefruitandvegfromeurope.com\/es\/op-terra-orti\/","og_site_name":"I Love Fruit And Veg From Europe","article_modified_time":"2025-01-10T15:19:53+00:00","og_image":[{"width":1000,"height":400,"url":"https:\/\/ilovefruitandvegfromeurope.com\/wp-content\/uploads\/2022\/05\/FVUK-headerterraorti.jpg","type":"image\/jpeg"}],"twitter_card":"summary_large_image","twitter_misc":{"Tiempo de lectura":"2 minutos"},"schema":{"@context":"https:\/\/schema.org","@graph":[{"@type":"WebPage","@id":"https:\/\/ilovefruitandvegfromeurope.com\/es\/op-terra-orti\/","url":"https:\/\/ilovefruitandvegfromeurope.com\/es\/op-terra-orti\/","name":"Sociedad Cooperativa Terra Orti","isPartOf":{"@id":"https:\/\/ilovefruitandvegfromeurope.com\/es\/#website"},"primaryImageOfPage":{"@id":"https:\/\/ilovefruitandvegfromeurope.com\/es\/op-terra-orti\/#primaryimage"},"image":{"@id":"https:\/\/ilovefruitandvegfromeurope.com\/es\/op-terra-orti\/#primaryimage"},"thumbnailUrl":"https:\/\/ilovefruitandvegfromeurope.com\/wp-content\/uploads\/2022\/05\/FVUK-headerterraorti.jpg","datePublished":"2022-05-18T06:21:35+00:00","dateModified":"2025-01-10T15:19:53+00:00","description":"Sociedad Cooperativa Terra Orti naci\u00f3 en 1999 y con el tiempo ha registrado una expansi\u00f3n de la base de socios, alcanzando los 107 socios","breadcrumb":{"@id":"https:\/\/ilovefruitandvegfromeurope.com\/es\/op-terra-orti\/#breadcrumb"},"inLanguage":"es","potentialAction":[{"@type":"ReadAction","target":["https:\/\/ilovefruitandvegfromeurope.com\/es\/op-terra-orti\/"]}]},{"@type":"ImageObject","inLanguage":"es","@id":"https:\/\/ilovefruitandvegfromeurope.com\/es\/op-terra-orti\/#primaryimage","url":"https:\/\/ilovefruitandvegfromeurope.com\/wp-content\/uploads\/2022\/05\/FVUK-headerterraorti.jpg","contentUrl":"https:\/\/ilovefruitandvegfromeurope.com\/wp-content\/uploads\/2022\/05\/FVUK-headerterraorti.jpg","width":1000,"height":400,"caption":"F&VUK-headerterraorti"},{"@type":"BreadcrumbList","@id":"https:\/\/ilovefruitandvegfromeurope.com\/es\/op-terra-orti\/#breadcrumb","itemListElement":[{"@type":"ListItem","position":1,"name":"Home","item":"https:\/\/ilovefruitandvegfromeurope.com\/es\/"},{"@type":"ListItem","position":2,"name":"O.P. SOCIEDAD COOPERATIVA TERRA ORTI"}]},{"@type":"WebSite","@id":"https:\/\/ilovefruitandvegfromeurope.com\/es\/#website","url":"https:\/\/ilovefruitandvegfromeurope.com\/es\/","name":"I Love Fruit And Veg From Europe","description":"I Love Fruit And Veg From Europe: I Choose Fresh And Fair","publisher":{"@id":"https:\/\/ilovefruitandvegfromeurope.com\/es\/#organization"},"potentialAction":[{"@type":"SearchAction","target":{"@type":"EntryPoint","urlTemplate":"https:\/\/ilovefruitandvegfromeurope.com\/es\/?s={search_term_string}"},"query-input":{"@type":"PropertyValueSpecification","valueRequired":true,"valueName":"search_term_string"}}],"inLanguage":"es"},{"@type":"Organization","@id":"https:\/\/ilovefruitandvegfromeurope.com\/es\/#organization","name":"I Love Fruit And Veg From Europe","url":"https:\/\/ilovefruitandvegfromeurope.com\/es\/","logo":{"@type":"ImageObject","inLanguage":"es","@id":"https:\/\/ilovefruitandvegfromeurope.com\/es\/#\/schema\/logo\/image\/","url":"https:\/\/ilovefruitandvegfromeurope.com\/wp-content\/uploads\/2021\/07\/logo.png","contentUrl":"https:\/\/ilovefruitandvegfromeurope.com\/wp-content\/uploads\/2021\/07\/logo.png","width":248,"height":62,"caption":"I Love Fruit And Veg From Europe"},"image":{"@id":"https:\/\/ilovefruitandvegfromeurope.com\/es\/#\/schema\/logo\/image\/"}}]}},"_links":{"self":[{"href":"https:\/\/ilovefruitandvegfromeurope.com\/es\/wp-json\/wp\/v2\/pages\/18680","targetHints":{"allow":["GET"]}}],"collection":[{"href":"https:\/\/ilovefruitandvegfromeurope.com\/es\/wp-json\/wp\/v2\/pages"}],"about":[{"href":"https:\/\/ilovefruitandvegfromeurope.com\/es\/wp-json\/wp\/v2\/types\/page"}],"author":[{"embeddable":true,"href":"https:\/\/ilovefruitandvegfromeurope.com\/es\/wp-json\/wp\/v2\/users\/1"}],"replies":[{"embeddable":true,"href":"https:\/\/ilovefruitandvegfromeurope.com\/es\/wp-json\/wp\/v2\/comments?post=18680"}],"version-history":[{"count":6,"href":"https:\/\/ilovefruitandvegfromeurope.com\/es\/wp-json\/wp\/v2\/pages\/18680\/revisions"}],"predecessor-version":[{"id":42771,"href":"https:\/\/ilovefruitandvegfromeurope.com\/es\/wp-json\/wp\/v2\/pages\/18680\/revisions\/42771"}],"wp:featuredmedia":[{"embeddable":true,"href":"https:\/\/ilovefruitandvegfromeurope.com\/es\/wp-json\/wp\/v2\/media\/18514"}],"wp:attachment":[{"href":"https:\/\/ilovefruitandvegfromeurope.com\/es\/wp-json\/wp\/v2\/media?parent=18680"}],"curies":[{"name":"wp","href":"https:\/\/api.w.org\/{rel}","templated":true}]}}