
{"id":2212,"date":"2021-07-08T07:47:52","date_gmt":"2021-07-08T05:47:52","guid":{"rendered":"https:\/\/ilovefruitandvegfromeurope.com\/organismes-de-promotion\/"},"modified":"2023-06-28T11:29:25","modified_gmt":"2023-06-28T09:29:25","slug":"organismes-de-promotion","status":"publish","type":"page","link":"https:\/\/ilovefruitandvegfromeurope.com\/es\/organismes-de-promotion\/","title":{"rendered":"Organizaciones promotoras"},"content":{"rendered":"\n<p>La campa\u00f1a informativa\/promocional<strong> \u201cI LOVE FRUIT &amp; VEG FROM EUROPE\u201d<\/strong>, promovida por las organizaciones de productores<strong> A.O.A., Agritalia, La Deliziosa, Meridia y Terra Orti<\/strong> y cofinanciada por la Uni\u00f3n Europea, tiene como objetivo una opci\u00f3n de consumo fresco, seguro, saludable, sostenible y responsable en <em>Italia, Francia, Alemania <\/em>y<em> Espa\u00f1a<\/em>.<\/p>\n\n\n\n<p>Porque consumir frutas y hortalizas europeas es elegir FRESCURA (gracias al consumo de temporada), SOSTENIBILIDAD MEDIOAMBIENTAL (consecuencia del consumo local y responsable), BIENESTAR (garantizado por el aporte de vitaminas y fibras), CALIDAD y ORIGEN de algunas de sus producciones espec\u00edficas (org\u00e1nica, DOP e IGP), SEGURIDAD y TRAZABILIDAD.<\/p>\n\n\n\n<div class=\"wp-block-media-text alignwide is-stacked-on-mobile\" style=\"grid-template-columns:28% auto\"><figure class=\"wp-block-media-text__media\"><img decoding=\"async\" width=\"207\" height=\"188\" src=\"https:\/\/ilovefruitandvegfromeurope.com\/wp-content\/uploads\/2021\/07\/ILoveFruitAndVegFromEurope_AOA-1.png\" alt=\"\" class=\"wp-image-361 size-full\"\/><\/figure><div class=\"wp-block-media-text__content\">\n<h2 class=\"wp-block-heading\">O.P. A.O.A. Scarl<\/h2>\n\n\n\n<p>El O.P. A.O.A. de Scafati (Salerno) tiene una base de miembros compuesta por <strong>15 cooperativas<\/strong> con la participaci\u00f3n de m\u00e1s de 400 productores distribuidos, adem\u00e1s de en Campania, en numerosas regiones del centro-sur de Italia (Puglia, Toscana, Umbr\u00eda, Lazio, Marche, Abruzzo, Molise, Basilicata y Calabria). Inicialmente especializada principalmente en el sector del tomate industrial, hoy cuenta con numerosas producciones ecol\u00f3gicas e iniciativas en el campo de la agricultura sostenible.<\/p>\n<\/div><\/div>\n\n\n\n<div class=\"wp-block-media-text alignwide is-stacked-on-mobile\" style=\"grid-template-columns:28% auto\"><figure class=\"wp-block-media-text__media\"><img decoding=\"async\" width=\"207\" height=\"188\" src=\"https:\/\/ilovefruitandvegfromeurope.com\/wp-content\/uploads\/2021\/07\/ILoveFruitAndVegFromEurope_La_Deliziosa-1.png\" alt=\"\" class=\"wp-image-362 size-full\"\/><\/figure><div class=\"wp-block-media-text__content\">\n<h2 class=\"wp-block-heading\">O.P. La Deliziosa Soc. Coop. Agr.<\/h2>\n\n\n\n<p>OP la Deliziosa es una reconocida realidad empresarial ubicada a los pies del volc\u00e1n Etna, en Sicilia, que nace de dos principios fundamentales: el amor por el territorio y el respeto por la tradici\u00f3n agroalimentaria.<\/p>\n\n\n\n<p>Una organizaci\u00f3n de productores que cuenta con <strong>112 socios<\/strong> para una superficie cultivada de 1600 hect\u00e1reas, de las cuales 1000 de c\u00edtricos, 5000 de higueras y 100 dedicadas a otras producciones.<\/p>\n\n\n\n<p>Fundada en 1988 por Pietro Bua y continuada por sus hijos Giovanni, Antonino y Salvatore Bua, la empresa siempre ha tenido como objetivo mejorar su territorio comprometi\u00e9ndose con la producci\u00f3n de frutas y verduras de alta calidad.<\/p>\n\n\n\n<p><\/p>\n<\/div><\/div>\n\n\n\n<div class=\"wp-block-media-text alignwide is-stacked-on-mobile\" style=\"grid-template-columns:29% auto\"><figure class=\"wp-block-media-text__media\"><img decoding=\"async\" width=\"207\" height=\"188\" src=\"https:\/\/ilovefruitandvegfromeurope.com\/wp-content\/uploads\/2021\/07\/ILoveFruitAndVegFromEurope_TerraOrti-1.png\" alt=\"\" class=\"wp-image-363 size-full\"\/><\/figure><div class=\"wp-block-media-text__content\">\n<h2 class=\"wp-block-heading\">O.P. Sociedad Cooperativa Terra Orti<\/h2>\n\n\n\n<p>El O.P. Terra Orti naci\u00f3 en 1999 y con el tiempo ha registrado una continua expansi\u00f3n de la base de socios, alcanzando los <strong>107 socios <\/strong>en 2018. Sus fines institucionales, tal y como exige el reglamento (CE) n.1234\/2007, son: mejora de la calidad de frutas y verduras, adecuaci\u00f3n del volumen de oferta a las necesidades del mercado mediante la concentraci\u00f3n de la oferta, reducci\u00f3n de costes de producci\u00f3n y regularizaci\u00f3n de precios, as\u00ed como la promoci\u00f3n del uso de pr\u00e1cticas de cultivo y t\u00e9cnicas de producci\u00f3n y gesti\u00f3n de residuos que protejan el medio ambiente y favorezcan la biodiversidad.<\/p>\n<\/div><\/div>\n\n\n\n<div class=\"wp-block-media-text alignwide is-stacked-on-mobile\" style=\"grid-template-columns:29% auto\"><figure class=\"wp-block-media-text__media\"><img decoding=\"async\" width=\"1024\" height=\"724\" src=\"https:\/\/ilovefruitandvegfromeurope.com\/wp-content\/uploads\/2022\/07\/logo-meridia-versioni-1024x724.png\" alt=\"\" class=\"wp-image-18566 size-full\" srcset=\"https:\/\/ilovefruitandvegfromeurope.com\/wp-content\/uploads\/2022\/07\/logo-meridia-versioni-1024x724.png 1024w, https:\/\/ilovefruitandvegfromeurope.com\/wp-content\/uploads\/2022\/07\/logo-meridia-versioni-300x212.png 300w, https:\/\/ilovefruitandvegfromeurope.com\/wp-content\/uploads\/2022\/07\/logo-meridia-versioni-768x543.png 768w, https:\/\/ilovefruitandvegfromeurope.com\/wp-content\/uploads\/2022\/07\/logo-meridia-versioni.png 1123w\" sizes=\"(max-width: 1024px) 100vw, 1024px\" \/><\/figure><div class=\"wp-block-media-text__content\">\n<h2 class=\"wp-block-heading\">O.P. Meridia Agricultura Mediterr\u00e1nea \/ Grupo Pignataro<\/h2>\n\n\n\n<p>Meridia es l\u00edder en Puglia en la producci\u00f3n, transformaci\u00f3n y comercializaci\u00f3n de frutas y verduras excelentes en una cadena de suministro directa. Combinando una gran experiencia y capacidad de innovaci\u00f3n a lo largo del tiempo, se especializa en el suministro, en particular, al gran comercio minorista y al mercado italiano y extranjero.<\/p>\n<\/div><\/div>\n\n\n\n<div class=\"wp-block-media-text alignwide is-stacked-on-mobile\" style=\"grid-template-columns:29% auto\"><figure class=\"wp-block-media-text__media\"><img decoding=\"async\" width=\"548\" height=\"430\" src=\"https:\/\/ilovefruitandvegfromeurope.com\/wp-content\/uploads\/2023\/06\/agritalia-1.png\" alt=\"\" class=\"wp-image-23782 size-full\" srcset=\"https:\/\/ilovefruitandvegfromeurope.com\/wp-content\/uploads\/2023\/06\/agritalia-1.png 548w, https:\/\/ilovefruitandvegfromeurope.com\/wp-content\/uploads\/2023\/06\/agritalia-1-300x235.png 300w\" sizes=\"(max-width: 548px) 100vw, 548px\" \/><\/figure><div class=\"wp-block-media-text__content\">\n<h2 class=\"wp-block-heading\">O.P. Agritalia<\/h2>\n\n\n\n<p>El O.P. Agritalia es una organizaci\u00f3n de agricultores que cultiva productos de Puglia, Basilicata y Sicilia en el sur de Italia y suministra una amplia gama de frutas y verduras org\u00e1nicas. El O.P. Agritalia promueve proyectos de inclusi\u00f3n que miran la agricultura como una posibilidad de integraci\u00f3n y legalidad para las personas que viven al margen de la sociedad y cultivan productos con pr\u00e1cticas agron\u00f3micas sostenibles, respetando la tierra y la salud de quienes nos eligen.<\/p>\n\n\n\n<div class=\"wp-block-columns is-layout-flex wp-container-core-columns-is-layout-1 wp-block-columns-is-layout-flex\">\n<div class=\"wp-block-column is-layout-flow wp-block-column-is-layout-flow\">\n<p><\/p>\n<\/div>\n<\/div>\n<\/div><\/div>\n","protected":false},"excerpt":{"rendered":"<p>La campa\u00f1a informativa\/promocional \u201cI LOVE FRUIT &amp; VEG FROM EUROPE\u201d, promovida por las organizaciones de productores A.O.A., Agritalia, La Deliziosa, Meridia y Terra Orti y cofinanciada por la Uni\u00f3n Europea, tiene como objetivo una opci\u00f3n de consumo fresco, seguro, saludable, sostenible y responsable en Italia, Francia, Alemania y Espa\u00f1a. Porque consumir frutas y hortalizas europeas<\/p>\n","protected":false},"author":1,"featured_media":2214,"parent":0,"menu_order":0,"comment_status":"closed","ping_status":"closed","template":"","meta":{"_acf_changed":false,"footnotes":""},"class_list":["post-2212","page","type-page","status-publish","has-post-thumbnail","hentry"],"acf":[],"yoast_head":"<!-- This site is optimized with the Yoast SEO plugin v24.1 - https:\/\/yoast.com\/wordpress\/plugins\/seo\/ -->\n<title>PROMOTING ORGANISATIONS<\/title>\n<meta name=\"description\" content=\"Die Operation. A.O.A. von Scafati (Salerno) verf\u00fcgt \u00fcber eine Mitgliederbasis von 15 Genossenschaften mit Beteiligung von \u00fcber 400 Erzeugern, verteilt sowie in Kampanien, in zahlreichen Regionen Mittel-S\u00fcditaliens (Apulien, Toskana, Umbrien, Latium, Marken, Abruzzen, Molise, Basilikata und Kalabrien).\" \/>\n<meta name=\"robots\" content=\"index, follow, max-snippet:-1, max-image-preview:large, max-video-preview:-1\" \/>\n<link rel=\"canonical\" href=\"https:\/\/ilovefruitandvegfromeurope.com\/es\/organismes-de-promotion\/\" \/>\n<meta property=\"og:locale\" content=\"es_ES\" \/>\n<meta property=\"og:type\" content=\"article\" \/>\n<meta property=\"og:title\" content=\"PROMOTING ORGANISATIONS\" \/>\n<meta property=\"og:description\" content=\"Die Operation. A.O.A. von Scafati (Salerno) verf\u00fcgt \u00fcber eine Mitgliederbasis von 15 Genossenschaften mit Beteiligung von \u00fcber 400 Erzeugern, verteilt sowie in Kampanien, in zahlreichen Regionen Mittel-S\u00fcditaliens (Apulien, Toskana, Umbrien, Latium, Marken, Abruzzen, Molise, Basilikata und Kalabrien).\" \/>\n<meta property=\"og:url\" content=\"https:\/\/ilovefruitandvegfromeurope.com\/es\/organismes-de-promotion\/\" \/>\n<meta property=\"og:site_name\" content=\"I Love Fruit And Veg From Europe\" \/>\n<meta property=\"article:modified_time\" content=\"2023-06-28T09:29:25+00:00\" \/>\n<meta property=\"og:image\" content=\"https:\/\/ilovefruitandvegfromeurope.com\/wp-content\/uploads\/2021\/07\/My-Post-5.png\" \/>\n\t<meta property=\"og:image:width\" content=\"1024\" \/>\n\t<meta property=\"og:image:height\" content=\"512\" \/>\n\t<meta property=\"og:image:type\" content=\"image\/png\" \/>\n<meta name=\"twitter:card\" content=\"summary_large_image\" \/>\n<meta name=\"twitter:label1\" content=\"Tiempo de lectura\" \/>\n\t<meta name=\"twitter:data1\" content=\"2 minutos\" \/>\n<script type=\"application\/ld+json\" class=\"yoast-schema-graph\">{\"@context\":\"https:\/\/schema.org\",\"@graph\":[{\"@type\":\"WebPage\",\"@id\":\"https:\/\/ilovefruitandvegfromeurope.com\/es\/organismes-de-promotion\/\",\"url\":\"https:\/\/ilovefruitandvegfromeurope.com\/es\/organismes-de-promotion\/\",\"name\":\"PROMOTING ORGANISATIONS\",\"isPartOf\":{\"@id\":\"https:\/\/ilovefruitandvegfromeurope.com\/es\/#website\"},\"primaryImageOfPage\":{\"@id\":\"https:\/\/ilovefruitandvegfromeurope.com\/es\/organismes-de-promotion\/#primaryimage\"},\"image\":{\"@id\":\"https:\/\/ilovefruitandvegfromeurope.com\/es\/organismes-de-promotion\/#primaryimage\"},\"thumbnailUrl\":\"https:\/\/ilovefruitandvegfromeurope.com\/wp-content\/uploads\/2021\/07\/My-Post-5.png\",\"datePublished\":\"2021-07-08T05:47:52+00:00\",\"dateModified\":\"2023-06-28T09:29:25+00:00\",\"description\":\"Die Operation. A.O.A. von Scafati (Salerno) verf\u00fcgt \u00fcber eine Mitgliederbasis von 15 Genossenschaften mit Beteiligung von \u00fcber 400 Erzeugern, verteilt sowie in Kampanien, in zahlreichen Regionen Mittel-S\u00fcditaliens (Apulien, Toskana, Umbrien, Latium, Marken, Abruzzen, Molise, Basilikata und Kalabrien).\",\"breadcrumb\":{\"@id\":\"https:\/\/ilovefruitandvegfromeurope.com\/es\/organismes-de-promotion\/#breadcrumb\"},\"inLanguage\":\"es\",\"potentialAction\":[{\"@type\":\"ReadAction\",\"target\":[\"https:\/\/ilovefruitandvegfromeurope.com\/es\/organismes-de-promotion\/\"]}]},{\"@type\":\"ImageObject\",\"inLanguage\":\"es\",\"@id\":\"https:\/\/ilovefruitandvegfromeurope.com\/es\/organismes-de-promotion\/#primaryimage\",\"url\":\"https:\/\/ilovefruitandvegfromeurope.com\/wp-content\/uploads\/2021\/07\/My-Post-5.png\",\"contentUrl\":\"https:\/\/ilovefruitandvegfromeurope.com\/wp-content\/uploads\/2021\/07\/My-Post-5.png\",\"width\":1024,\"height\":512},{\"@type\":\"BreadcrumbList\",\"@id\":\"https:\/\/ilovefruitandvegfromeurope.com\/es\/organismes-de-promotion\/#breadcrumb\",\"itemListElement\":[{\"@type\":\"ListItem\",\"position\":1,\"name\":\"Home\",\"item\":\"https:\/\/ilovefruitandvegfromeurope.com\/es\/\"},{\"@type\":\"ListItem\",\"position\":2,\"name\":\"Organizaciones promotoras\"}]},{\"@type\":\"WebSite\",\"@id\":\"https:\/\/ilovefruitandvegfromeurope.com\/es\/#website\",\"url\":\"https:\/\/ilovefruitandvegfromeurope.com\/es\/\",\"name\":\"I Love Fruit And Veg From Europe\",\"description\":\"I Love Fruit And Veg From Europe: I Choose Fresh And Fair\",\"publisher\":{\"@id\":\"https:\/\/ilovefruitandvegfromeurope.com\/es\/#organization\"},\"potentialAction\":[{\"@type\":\"SearchAction\",\"target\":{\"@type\":\"EntryPoint\",\"urlTemplate\":\"https:\/\/ilovefruitandvegfromeurope.com\/es\/?s={search_term_string}\"},\"query-input\":{\"@type\":\"PropertyValueSpecification\",\"valueRequired\":true,\"valueName\":\"search_term_string\"}}],\"inLanguage\":\"es\"},{\"@type\":\"Organization\",\"@id\":\"https:\/\/ilovefruitandvegfromeurope.com\/es\/#organization\",\"name\":\"I Love Fruit And Veg From Europe\",\"url\":\"https:\/\/ilovefruitandvegfromeurope.com\/es\/\",\"logo\":{\"@type\":\"ImageObject\",\"inLanguage\":\"es\",\"@id\":\"https:\/\/ilovefruitandvegfromeurope.com\/es\/#\/schema\/logo\/image\/\",\"url\":\"https:\/\/ilovefruitandvegfromeurope.com\/wp-content\/uploads\/2021\/07\/logo.png\",\"contentUrl\":\"https:\/\/ilovefruitandvegfromeurope.com\/wp-content\/uploads\/2021\/07\/logo.png\",\"width\":248,\"height\":62,\"caption\":\"I Love Fruit And Veg From Europe\"},\"image\":{\"@id\":\"https:\/\/ilovefruitandvegfromeurope.com\/es\/#\/schema\/logo\/image\/\"}}]}<\/script>\n<!-- \/ Yoast SEO plugin. -->","yoast_head_json":{"title":"PROMOTING ORGANISATIONS","description":"Die Operation. A.O.A. von Scafati (Salerno) verf\u00fcgt \u00fcber eine Mitgliederbasis von 15 Genossenschaften mit Beteiligung von \u00fcber 400 Erzeugern, verteilt sowie in Kampanien, in zahlreichen Regionen Mittel-S\u00fcditaliens (Apulien, Toskana, Umbrien, Latium, Marken, Abruzzen, Molise, Basilikata und Kalabrien).","robots":{"index":"index","follow":"follow","max-snippet":"max-snippet:-1","max-image-preview":"max-image-preview:large","max-video-preview":"max-video-preview:-1"},"canonical":"https:\/\/ilovefruitandvegfromeurope.com\/es\/organismes-de-promotion\/","og_locale":"es_ES","og_type":"article","og_title":"PROMOTING ORGANISATIONS","og_description":"Die Operation. A.O.A. von Scafati (Salerno) verf\u00fcgt \u00fcber eine Mitgliederbasis von 15 Genossenschaften mit Beteiligung von \u00fcber 400 Erzeugern, verteilt sowie in Kampanien, in zahlreichen Regionen Mittel-S\u00fcditaliens (Apulien, Toskana, Umbrien, Latium, Marken, Abruzzen, Molise, Basilikata und Kalabrien).","og_url":"https:\/\/ilovefruitandvegfromeurope.com\/es\/organismes-de-promotion\/","og_site_name":"I Love Fruit And Veg From Europe","article_modified_time":"2023-06-28T09:29:25+00:00","og_image":[{"width":1024,"height":512,"url":"https:\/\/ilovefruitandvegfromeurope.com\/wp-content\/uploads\/2021\/07\/My-Post-5.png","type":"image\/png"}],"twitter_card":"summary_large_image","twitter_misc":{"Tiempo de lectura":"2 minutos"},"schema":{"@context":"https:\/\/schema.org","@graph":[{"@type":"WebPage","@id":"https:\/\/ilovefruitandvegfromeurope.com\/es\/organismes-de-promotion\/","url":"https:\/\/ilovefruitandvegfromeurope.com\/es\/organismes-de-promotion\/","name":"PROMOTING ORGANISATIONS","isPartOf":{"@id":"https:\/\/ilovefruitandvegfromeurope.com\/es\/#website"},"primaryImageOfPage":{"@id":"https:\/\/ilovefruitandvegfromeurope.com\/es\/organismes-de-promotion\/#primaryimage"},"image":{"@id":"https:\/\/ilovefruitandvegfromeurope.com\/es\/organismes-de-promotion\/#primaryimage"},"thumbnailUrl":"https:\/\/ilovefruitandvegfromeurope.com\/wp-content\/uploads\/2021\/07\/My-Post-5.png","datePublished":"2021-07-08T05:47:52+00:00","dateModified":"2023-06-28T09:29:25+00:00","description":"Die Operation. A.O.A. von Scafati (Salerno) verf\u00fcgt \u00fcber eine Mitgliederbasis von 15 Genossenschaften mit Beteiligung von \u00fcber 400 Erzeugern, verteilt sowie in Kampanien, in zahlreichen Regionen Mittel-S\u00fcditaliens (Apulien, Toskana, Umbrien, Latium, Marken, Abruzzen, Molise, Basilikata und Kalabrien).","breadcrumb":{"@id":"https:\/\/ilovefruitandvegfromeurope.com\/es\/organismes-de-promotion\/#breadcrumb"},"inLanguage":"es","potentialAction":[{"@type":"ReadAction","target":["https:\/\/ilovefruitandvegfromeurope.com\/es\/organismes-de-promotion\/"]}]},{"@type":"ImageObject","inLanguage":"es","@id":"https:\/\/ilovefruitandvegfromeurope.com\/es\/organismes-de-promotion\/#primaryimage","url":"https:\/\/ilovefruitandvegfromeurope.com\/wp-content\/uploads\/2021\/07\/My-Post-5.png","contentUrl":"https:\/\/ilovefruitandvegfromeurope.com\/wp-content\/uploads\/2021\/07\/My-Post-5.png","width":1024,"height":512},{"@type":"BreadcrumbList","@id":"https:\/\/ilovefruitandvegfromeurope.com\/es\/organismes-de-promotion\/#breadcrumb","itemListElement":[{"@type":"ListItem","position":1,"name":"Home","item":"https:\/\/ilovefruitandvegfromeurope.com\/es\/"},{"@type":"ListItem","position":2,"name":"Organizaciones promotoras"}]},{"@type":"WebSite","@id":"https:\/\/ilovefruitandvegfromeurope.com\/es\/#website","url":"https:\/\/ilovefruitandvegfromeurope.com\/es\/","name":"I Love Fruit And Veg From Europe","description":"I Love Fruit And Veg From Europe: I Choose Fresh And Fair","publisher":{"@id":"https:\/\/ilovefruitandvegfromeurope.com\/es\/#organization"},"potentialAction":[{"@type":"SearchAction","target":{"@type":"EntryPoint","urlTemplate":"https:\/\/ilovefruitandvegfromeurope.com\/es\/?s={search_term_string}"},"query-input":{"@type":"PropertyValueSpecification","valueRequired":true,"valueName":"search_term_string"}}],"inLanguage":"es"},{"@type":"Organization","@id":"https:\/\/ilovefruitandvegfromeurope.com\/es\/#organization","name":"I Love Fruit And Veg From Europe","url":"https:\/\/ilovefruitandvegfromeurope.com\/es\/","logo":{"@type":"ImageObject","inLanguage":"es","@id":"https:\/\/ilovefruitandvegfromeurope.com\/es\/#\/schema\/logo\/image\/","url":"https:\/\/ilovefruitandvegfromeurope.com\/wp-content\/uploads\/2021\/07\/logo.png","contentUrl":"https:\/\/ilovefruitandvegfromeurope.com\/wp-content\/uploads\/2021\/07\/logo.png","width":248,"height":62,"caption":"I Love Fruit And Veg From Europe"},"image":{"@id":"https:\/\/ilovefruitandvegfromeurope.com\/es\/#\/schema\/logo\/image\/"}}]}},"_links":{"self":[{"href":"https:\/\/ilovefruitandvegfromeurope.com\/es\/wp-json\/wp\/v2\/pages\/2212","targetHints":{"allow":["GET"]}}],"collection":[{"href":"https:\/\/ilovefruitandvegfromeurope.com\/es\/wp-json\/wp\/v2\/pages"}],"about":[{"href":"https:\/\/ilovefruitandvegfromeurope.com\/es\/wp-json\/wp\/v2\/types\/page"}],"author":[{"embeddable":true,"href":"https:\/\/ilovefruitandvegfromeurope.com\/es\/wp-json\/wp\/v2\/users\/1"}],"replies":[{"embeddable":true,"href":"https:\/\/ilovefruitandvegfromeurope.com\/es\/wp-json\/wp\/v2\/comments?post=2212"}],"version-history":[{"count":5,"href":"https:\/\/ilovefruitandvegfromeurope.com\/es\/wp-json\/wp\/v2\/pages\/2212\/revisions"}],"predecessor-version":[{"id":25181,"href":"https:\/\/ilovefruitandvegfromeurope.com\/es\/wp-json\/wp\/v2\/pages\/2212\/revisions\/25181"}],"wp:featuredmedia":[{"embeddable":true,"href":"https:\/\/ilovefruitandvegfromeurope.com\/es\/wp-json\/wp\/v2\/media\/2214"}],"wp:attachment":[{"href":"https:\/\/ilovefruitandvegfromeurope.com\/es\/wp-json\/wp\/v2\/media?parent=2212"}],"curies":[{"name":"wp","href":"https:\/\/api.w.org\/{rel}","templated":true}]}}