
{"id":23849,"date":"2023-06-07T16:01:22","date_gmt":"2023-06-07T14:01:22","guid":{"rendered":"https:\/\/ilovefruitandvegfromeurope.com\/op-agritalia\/"},"modified":"2025-01-10T16:19:22","modified_gmt":"2025-01-10T15:19:22","slug":"op-agritalia","status":"publish","type":"page","link":"https:\/\/ilovefruitandvegfromeurope.com\/es\/op-agritalia\/","title":{"rendered":"O.P. Agritalia"},"content":{"rendered":"\n<div class=\"wp-block-columns is-layout-flex wp-container-core-columns-is-layout-1 wp-block-columns-is-layout-flex\">\n<div class=\"wp-block-column is-layout-flow wp-block-column-is-layout-flow\" style=\"flex-basis:33.33%\">\n<figure class=\"wp-block-image size-full\"><img decoding=\"async\" width=\"548\" height=\"430\" src=\"https:\/\/ilovefruitandvegfromeurope.com\/wp-content\/uploads\/2023\/06\/agritalia-1.png\" alt=\"\" class=\"wp-image-23782\" srcset=\"https:\/\/ilovefruitandvegfromeurope.com\/wp-content\/uploads\/2023\/06\/agritalia-1.png 548w, https:\/\/ilovefruitandvegfromeurope.com\/wp-content\/uploads\/2023\/06\/agritalia-1-300x235.png 300w\" sizes=\"(max-width: 548px) 100vw, 548px\" \/><\/figure>\n<\/div>\n\n\n\n<div class=\"wp-block-column is-layout-flow wp-block-column-is-layout-flow\" style=\"flex-basis:66.66%\">\n<p>L&#8217;O.P. <a href=\"https:\/\/www.opagritalia.it\/\" target=\"_blank\" rel=\"noreferrer noopener\">Agritalia<\/a> \u00e8 un&#8217;organizzazione di agricoltori che coltiva prodotti di Puglia, Basilicata e Sicilia, nel Sud Italia, e fornisce un&#8217;ampia gamma di frutta e verdura biologica. L&#8217;O.P. Agritalia promuove progetti di inclusione che guardano all&#8217;agricoltura come possibilit\u00e0 di integrazione e legalit\u00e0 per le persone che vivono ai margini della societ\u00e0 e coltiva i prodotti con pratiche agronomiche ecosostenibili, nel rispetto della terra e della salute di chi ci sceglie.<\/p>\n\n\n\n<p><\/p>\n<\/div>\n<\/div>\n\n<div class=\"wp-block-cover\"><span aria-hidden=\"true\" class=\"wp-block-cover__background has-background-dim\"><\/span><img decoding=\"async\" width=\"1200\" height=\"628\" class=\"wp-block-cover__image-background wp-image-23813\" alt=\"\" src=\"https:\/\/ilovefruitandvegfromeurope.com\/wp-content\/uploads\/2023\/06\/1200x628-32.png\" data-object-fit=\"cover\" srcset=\"https:\/\/ilovefruitandvegfromeurope.com\/wp-content\/uploads\/2023\/06\/1200x628-32.png 1200w, https:\/\/ilovefruitandvegfromeurope.com\/wp-content\/uploads\/2023\/06\/1200x628-32-300x157.png 300w, https:\/\/ilovefruitandvegfromeurope.com\/wp-content\/uploads\/2023\/06\/1200x628-32-1024x536.png 1024w, https:\/\/ilovefruitandvegfromeurope.com\/wp-content\/uploads\/2023\/06\/1200x628-32-768x402.png 768w\" sizes=\"(max-width: 1200px) 100vw, 1200px\" \/><div class=\"wp-block-cover__inner-container is-layout-flow wp-block-cover-is-layout-flow\">\n<p class=\"has-white-color has-text-color has-large-font-size\">\u00ab<em>Garantiamo ai nostri clienti la qualit\u00e0 di una\u00a0filiera controllata\u00a0perch\u00e9 il valore del nostro lavoro sta nel\u00a0benessere\u00a0che i nostri prodotti riescono a regalare a chi li sceglie<\/em>.<em>\u00ab<\/em><\/p>\n<\/div><\/div>\n\n<div style=\"height:40px\" aria-hidden=\"true\" class=\"wp-block-spacer\"><\/div>\n\n<h2 class=\"wp-block-heading\">Contactos <\/h2>\n\n<p><strong>O.P. Agritalia<\/strong> &#8211; Vicinale Maranco, 51\/55 &#8211; 76121 Barletta (BT)<\/p>\n\n<p class=\"has-text-align-center\"><strong>Phone:\u00a0<\/strong>+39 0883 510888<br\/><strong>Web Site:<\/strong> <a href=\"https:\/\/www.opagritalia.it\/\" target=\"_blank\" rel=\"noreferrer noopener\">https:\/\/www.opagritalia.it\/<\/a><\/p>\n","protected":false},"excerpt":{"rendered":"<p>L&#8217;O.P. Agritalia \u00e8 un&#8217;organizzazione di agricoltori che coltiva prodotti di Puglia, Basilicata e Sicilia, nel Sud Italia, e fornisce un&#8217;ampia gamma di frutta e verdura biologica. L&#8217;O.P. Agritalia promuove progetti di inclusione che guardano all&#8217;agricoltura come possibilit\u00e0 di integrazione e legalit\u00e0 per le persone che vivono ai margini della societ\u00e0 e coltiva i prodotti con<\/p>\n","protected":false},"author":2,"featured_media":23811,"parent":0,"menu_order":0,"comment_status":"closed","ping_status":"closed","template":"","meta":{"_acf_changed":false,"footnotes":""},"class_list":["post-23849","page","type-page","status-publish","has-post-thumbnail","hentry"],"acf":[],"yoast_head":"<!-- This site is optimized with the Yoast SEO plugin v24.1 - https:\/\/yoast.com\/wordpress\/plugins\/seo\/ -->\n<title>OP Agritalia<\/title>\n<meta name=\"description\" content=\"OP Agritalia: organizaci\u00f3n de productores de frutas y hortalizas de Apulia, Basilicata y Sicilia.\" \/>\n<meta name=\"robots\" content=\"index, follow, max-snippet:-1, max-image-preview:large, max-video-preview:-1\" \/>\n<link rel=\"canonical\" href=\"https:\/\/ilovefruitandvegfromeurope.com\/es\/op-agritalia\/\" \/>\n<meta property=\"og:locale\" content=\"es_ES\" \/>\n<meta property=\"og:type\" content=\"article\" \/>\n<meta property=\"og:title\" content=\"OP Agritalia\" \/>\n<meta property=\"og:description\" content=\"OP Agritalia: organizaci\u00f3n de productores de frutas y hortalizas de Apulia, Basilicata y Sicilia.\" \/>\n<meta property=\"og:url\" content=\"https:\/\/ilovefruitandvegfromeurope.com\/es\/op-agritalia\/\" \/>\n<meta property=\"og:site_name\" content=\"I Love Fruit And Veg From Europe\" \/>\n<meta property=\"article:modified_time\" content=\"2025-01-10T15:19:22+00:00\" \/>\n<meta property=\"og:image\" content=\"https:\/\/ilovefruitandvegfromeurope.com\/wp-content\/uploads\/2023\/06\/1200x628-31.png\" \/>\n\t<meta property=\"og:image:width\" content=\"1200\" \/>\n\t<meta property=\"og:image:height\" content=\"628\" \/>\n\t<meta property=\"og:image:type\" content=\"image\/png\" \/>\n<meta name=\"twitter:card\" content=\"summary_large_image\" \/>\n<meta name=\"twitter:label1\" content=\"Tiempo de lectura\" \/>\n\t<meta name=\"twitter:data1\" content=\"1 minuto\" \/>\n<script type=\"application\/ld+json\" class=\"yoast-schema-graph\">{\"@context\":\"https:\/\/schema.org\",\"@graph\":[{\"@type\":\"WebPage\",\"@id\":\"https:\/\/ilovefruitandvegfromeurope.com\/es\/op-agritalia\/\",\"url\":\"https:\/\/ilovefruitandvegfromeurope.com\/es\/op-agritalia\/\",\"name\":\"OP Agritalia\",\"isPartOf\":{\"@id\":\"https:\/\/ilovefruitandvegfromeurope.com\/es\/#website\"},\"primaryImageOfPage\":{\"@id\":\"https:\/\/ilovefruitandvegfromeurope.com\/es\/op-agritalia\/#primaryimage\"},\"image\":{\"@id\":\"https:\/\/ilovefruitandvegfromeurope.com\/es\/op-agritalia\/#primaryimage\"},\"thumbnailUrl\":\"https:\/\/ilovefruitandvegfromeurope.com\/wp-content\/uploads\/2023\/06\/1200x628-31.png\",\"datePublished\":\"2023-06-07T14:01:22+00:00\",\"dateModified\":\"2025-01-10T15:19:22+00:00\",\"description\":\"OP Agritalia: organizaci\u00f3n de productores de frutas y hortalizas de Apulia, Basilicata y Sicilia.\",\"breadcrumb\":{\"@id\":\"https:\/\/ilovefruitandvegfromeurope.com\/es\/op-agritalia\/#breadcrumb\"},\"inLanguage\":\"es\",\"potentialAction\":[{\"@type\":\"ReadAction\",\"target\":[\"https:\/\/ilovefruitandvegfromeurope.com\/es\/op-agritalia\/\"]}]},{\"@type\":\"ImageObject\",\"inLanguage\":\"es\",\"@id\":\"https:\/\/ilovefruitandvegfromeurope.com\/es\/op-agritalia\/#primaryimage\",\"url\":\"https:\/\/ilovefruitandvegfromeurope.com\/wp-content\/uploads\/2023\/06\/1200x628-31.png\",\"contentUrl\":\"https:\/\/ilovefruitandvegfromeurope.com\/wp-content\/uploads\/2023\/06\/1200x628-31.png\",\"width\":1200,\"height\":628},{\"@type\":\"BreadcrumbList\",\"@id\":\"https:\/\/ilovefruitandvegfromeurope.com\/es\/op-agritalia\/#breadcrumb\",\"itemListElement\":[{\"@type\":\"ListItem\",\"position\":1,\"name\":\"Home\",\"item\":\"https:\/\/ilovefruitandvegfromeurope.com\/es\/\"},{\"@type\":\"ListItem\",\"position\":2,\"name\":\"O.P. Agritalia\"}]},{\"@type\":\"WebSite\",\"@id\":\"https:\/\/ilovefruitandvegfromeurope.com\/es\/#website\",\"url\":\"https:\/\/ilovefruitandvegfromeurope.com\/es\/\",\"name\":\"I Love Fruit And Veg From Europe\",\"description\":\"I Love Fruit And Veg From Europe: I Choose Fresh And Fair\",\"publisher\":{\"@id\":\"https:\/\/ilovefruitandvegfromeurope.com\/es\/#organization\"},\"potentialAction\":[{\"@type\":\"SearchAction\",\"target\":{\"@type\":\"EntryPoint\",\"urlTemplate\":\"https:\/\/ilovefruitandvegfromeurope.com\/es\/?s={search_term_string}\"},\"query-input\":{\"@type\":\"PropertyValueSpecification\",\"valueRequired\":true,\"valueName\":\"search_term_string\"}}],\"inLanguage\":\"es\"},{\"@type\":\"Organization\",\"@id\":\"https:\/\/ilovefruitandvegfromeurope.com\/es\/#organization\",\"name\":\"I Love Fruit And Veg From Europe\",\"url\":\"https:\/\/ilovefruitandvegfromeurope.com\/es\/\",\"logo\":{\"@type\":\"ImageObject\",\"inLanguage\":\"es\",\"@id\":\"https:\/\/ilovefruitandvegfromeurope.com\/es\/#\/schema\/logo\/image\/\",\"url\":\"https:\/\/ilovefruitandvegfromeurope.com\/wp-content\/uploads\/2021\/07\/logo.png\",\"contentUrl\":\"https:\/\/ilovefruitandvegfromeurope.com\/wp-content\/uploads\/2021\/07\/logo.png\",\"width\":248,\"height\":62,\"caption\":\"I Love Fruit And Veg From Europe\"},\"image\":{\"@id\":\"https:\/\/ilovefruitandvegfromeurope.com\/es\/#\/schema\/logo\/image\/\"}}]}<\/script>\n<!-- \/ Yoast SEO plugin. -->","yoast_head_json":{"title":"OP Agritalia","description":"OP Agritalia: organizaci\u00f3n de productores de frutas y hortalizas de Apulia, Basilicata y Sicilia.","robots":{"index":"index","follow":"follow","max-snippet":"max-snippet:-1","max-image-preview":"max-image-preview:large","max-video-preview":"max-video-preview:-1"},"canonical":"https:\/\/ilovefruitandvegfromeurope.com\/es\/op-agritalia\/","og_locale":"es_ES","og_type":"article","og_title":"OP Agritalia","og_description":"OP Agritalia: organizaci\u00f3n de productores de frutas y hortalizas de Apulia, Basilicata y Sicilia.","og_url":"https:\/\/ilovefruitandvegfromeurope.com\/es\/op-agritalia\/","og_site_name":"I Love Fruit And Veg From Europe","article_modified_time":"2025-01-10T15:19:22+00:00","og_image":[{"width":1200,"height":628,"url":"https:\/\/ilovefruitandvegfromeurope.com\/wp-content\/uploads\/2023\/06\/1200x628-31.png","type":"image\/png"}],"twitter_card":"summary_large_image","twitter_misc":{"Tiempo de lectura":"1 minuto"},"schema":{"@context":"https:\/\/schema.org","@graph":[{"@type":"WebPage","@id":"https:\/\/ilovefruitandvegfromeurope.com\/es\/op-agritalia\/","url":"https:\/\/ilovefruitandvegfromeurope.com\/es\/op-agritalia\/","name":"OP Agritalia","isPartOf":{"@id":"https:\/\/ilovefruitandvegfromeurope.com\/es\/#website"},"primaryImageOfPage":{"@id":"https:\/\/ilovefruitandvegfromeurope.com\/es\/op-agritalia\/#primaryimage"},"image":{"@id":"https:\/\/ilovefruitandvegfromeurope.com\/es\/op-agritalia\/#primaryimage"},"thumbnailUrl":"https:\/\/ilovefruitandvegfromeurope.com\/wp-content\/uploads\/2023\/06\/1200x628-31.png","datePublished":"2023-06-07T14:01:22+00:00","dateModified":"2025-01-10T15:19:22+00:00","description":"OP Agritalia: organizaci\u00f3n de productores de frutas y hortalizas de Apulia, Basilicata y Sicilia.","breadcrumb":{"@id":"https:\/\/ilovefruitandvegfromeurope.com\/es\/op-agritalia\/#breadcrumb"},"inLanguage":"es","potentialAction":[{"@type":"ReadAction","target":["https:\/\/ilovefruitandvegfromeurope.com\/es\/op-agritalia\/"]}]},{"@type":"ImageObject","inLanguage":"es","@id":"https:\/\/ilovefruitandvegfromeurope.com\/es\/op-agritalia\/#primaryimage","url":"https:\/\/ilovefruitandvegfromeurope.com\/wp-content\/uploads\/2023\/06\/1200x628-31.png","contentUrl":"https:\/\/ilovefruitandvegfromeurope.com\/wp-content\/uploads\/2023\/06\/1200x628-31.png","width":1200,"height":628},{"@type":"BreadcrumbList","@id":"https:\/\/ilovefruitandvegfromeurope.com\/es\/op-agritalia\/#breadcrumb","itemListElement":[{"@type":"ListItem","position":1,"name":"Home","item":"https:\/\/ilovefruitandvegfromeurope.com\/es\/"},{"@type":"ListItem","position":2,"name":"O.P. Agritalia"}]},{"@type":"WebSite","@id":"https:\/\/ilovefruitandvegfromeurope.com\/es\/#website","url":"https:\/\/ilovefruitandvegfromeurope.com\/es\/","name":"I Love Fruit And Veg From Europe","description":"I Love Fruit And Veg From Europe: I Choose Fresh And Fair","publisher":{"@id":"https:\/\/ilovefruitandvegfromeurope.com\/es\/#organization"},"potentialAction":[{"@type":"SearchAction","target":{"@type":"EntryPoint","urlTemplate":"https:\/\/ilovefruitandvegfromeurope.com\/es\/?s={search_term_string}"},"query-input":{"@type":"PropertyValueSpecification","valueRequired":true,"valueName":"search_term_string"}}],"inLanguage":"es"},{"@type":"Organization","@id":"https:\/\/ilovefruitandvegfromeurope.com\/es\/#organization","name":"I Love Fruit And Veg From Europe","url":"https:\/\/ilovefruitandvegfromeurope.com\/es\/","logo":{"@type":"ImageObject","inLanguage":"es","@id":"https:\/\/ilovefruitandvegfromeurope.com\/es\/#\/schema\/logo\/image\/","url":"https:\/\/ilovefruitandvegfromeurope.com\/wp-content\/uploads\/2021\/07\/logo.png","contentUrl":"https:\/\/ilovefruitandvegfromeurope.com\/wp-content\/uploads\/2021\/07\/logo.png","width":248,"height":62,"caption":"I Love Fruit And Veg From Europe"},"image":{"@id":"https:\/\/ilovefruitandvegfromeurope.com\/es\/#\/schema\/logo\/image\/"}}]}},"_links":{"self":[{"href":"https:\/\/ilovefruitandvegfromeurope.com\/es\/wp-json\/wp\/v2\/pages\/23849","targetHints":{"allow":["GET"]}}],"collection":[{"href":"https:\/\/ilovefruitandvegfromeurope.com\/es\/wp-json\/wp\/v2\/pages"}],"about":[{"href":"https:\/\/ilovefruitandvegfromeurope.com\/es\/wp-json\/wp\/v2\/types\/page"}],"author":[{"embeddable":true,"href":"https:\/\/ilovefruitandvegfromeurope.com\/es\/wp-json\/wp\/v2\/users\/2"}],"replies":[{"embeddable":true,"href":"https:\/\/ilovefruitandvegfromeurope.com\/es\/wp-json\/wp\/v2\/comments?post=23849"}],"version-history":[{"count":3,"href":"https:\/\/ilovefruitandvegfromeurope.com\/es\/wp-json\/wp\/v2\/pages\/23849\/revisions"}],"predecessor-version":[{"id":42756,"href":"https:\/\/ilovefruitandvegfromeurope.com\/es\/wp-json\/wp\/v2\/pages\/23849\/revisions\/42756"}],"wp:featuredmedia":[{"embeddable":true,"href":"https:\/\/ilovefruitandvegfromeurope.com\/es\/wp-json\/wp\/v2\/media\/23811"}],"wp:attachment":[{"href":"https:\/\/ilovefruitandvegfromeurope.com\/es\/wp-json\/wp\/v2\/media?parent=23849"}],"curies":[{"name":"wp","href":"https:\/\/api.w.org\/{rel}","templated":true}]}}