
{"id":45554,"date":"2025-02-20T17:25:23","date_gmt":"2025-02-20T16:25:23","guid":{"rendered":"https:\/\/ilovefruitandvegfromeurope.com\/?page_id=45554"},"modified":"2025-02-20T17:25:24","modified_gmt":"2025-02-20T16:25:24","slug":"tres-en-raya","status":"publish","type":"page","link":"https:\/\/ilovefruitandvegfromeurope.com\/es\/tres-en-raya\/","title":{"rendered":"Tres en Raya"},"content":{"rendered":"\n<p><strong>C\u00f3mo jugar a Tres en Raya<\/strong><\/p>\n<p>\u00a1Desaf\u00eda a un oponente digital en una partida de Tres en Raya! <br>\nEl objetivo es alinear tres s\u00edmbolos iguales (Sand\u00eda o Alcachofa) en horizontal, vertical o diagonal antes que tu adversario.<\/p>\n<p><strong>Reglas del juego:<\/strong><\/p>\n<p>\n&#8211; El juego se desarrolla en una cuadr\u00edcula de 3\u00d73.<br>\n&#8211; Juegas con el s\u00edmbolo de la Sand\u00eda, mientras que tu oponente usa el s\u00edmbolo de la Alcachofa.<br>\n&#8211; Por turnos, cada jugador elige una casilla vac\u00eda y coloca su s\u00edmbolo (haciendo clic sobre ella).<br>\n&#8211; Despu\u00e9s de tu movimiento, el adversario responder\u00e1 con el suyo.<br>\n&#8211; Gana quien logre formar una fila de tres s\u00edmbolos iguales.<br>\n&#8211; Si todas las casillas est\u00e1n llenas y no hay un ganador, la partida termina en empate.<\/p>\n\n\n\n<p><\/p>\n","protected":false},"excerpt":{"rendered":"<p>C\u00f3mo jugar a Tres en Raya \u00a1Desaf\u00eda a un oponente digital en una partida de Tres en Raya! El objetivo es alinear tres s\u00edmbolos iguales (Sand\u00eda o Alcachofa) en horizontal, vertical o diagonal antes que tu adversario. Reglas del juego: &#8211; El juego se desarrolla en una cuadr\u00edcula de 3\u00d73. &#8211; Juegas con el s\u00edmbolo<\/p>\n","protected":false},"author":1,"featured_media":44500,"parent":0,"menu_order":0,"comment_status":"closed","ping_status":"closed","template":"tpl-game-tris.php","meta":{"_acf_changed":false,"footnotes":""},"class_list":["post-45554","page","type-page","status-publish","has-post-thumbnail","hentry"],"acf":[],"yoast_head":"<!-- This site is optimized with the Yoast SEO plugin v24.1 - https:\/\/yoast.com\/wordpress\/plugins\/seo\/ -->\n<title>Tres en Raya - I Love Fruit And Veg From Europe<\/title>\n<meta name=\"robots\" content=\"noindex, nofollow\" \/>\n<meta property=\"og:locale\" content=\"es_ES\" \/>\n<meta property=\"og:type\" content=\"article\" \/>\n<meta property=\"og:title\" content=\"Tres en Raya - I Love Fruit And Veg From Europe\" \/>\n<meta property=\"og:description\" content=\"C\u00f3mo jugar a Tres en Raya \u00a1Desaf\u00eda a un oponente digital en una partida de Tres en Raya! El objetivo es alinear tres s\u00edmbolos iguales (Sand\u00eda o Alcachofa) en horizontal, vertical o diagonal antes que tu adversario. Reglas del juego: &#8211; El juego se desarrolla en una cuadr\u00edcula de 3\u00d73. &#8211; Juegas con el s\u00edmbolo\" \/>\n<meta property=\"og:url\" content=\"https:\/\/ilovefruitandvegfromeurope.com\/es\/tres-en-raya\/\" \/>\n<meta property=\"og:site_name\" content=\"I Love Fruit And Veg From Europe\" \/>\n<meta property=\"article:modified_time\" content=\"2025-02-20T16:25:24+00:00\" \/>\n<meta property=\"og:image\" content=\"https:\/\/ilovefruitandvegfromeurope.com\/wp-content\/uploads\/2025\/01\/background-tris.jpg\" \/>\n\t<meta property=\"og:image:width\" content=\"1600\" \/>\n\t<meta property=\"og:image:height\" content=\"800\" \/>\n\t<meta property=\"og:image:type\" content=\"image\/jpeg\" \/>\n<meta name=\"twitter:card\" content=\"summary_large_image\" \/>\n<meta name=\"twitter:label1\" content=\"Tiempo de lectura\" \/>\n\t<meta name=\"twitter:data1\" content=\"1 minuto\" \/>\n<script type=\"application\/ld+json\" class=\"yoast-schema-graph\">{\"@context\":\"https:\/\/schema.org\",\"@graph\":[{\"@type\":\"WebPage\",\"@id\":\"https:\/\/ilovefruitandvegfromeurope.com\/es\/tres-en-raya\/\",\"url\":\"https:\/\/ilovefruitandvegfromeurope.com\/es\/tres-en-raya\/\",\"name\":\"Tres en Raya - I Love Fruit And Veg From Europe\",\"isPartOf\":{\"@id\":\"https:\/\/ilovefruitandvegfromeurope.com\/es\/#website\"},\"primaryImageOfPage\":{\"@id\":\"https:\/\/ilovefruitandvegfromeurope.com\/es\/tres-en-raya\/#primaryimage\"},\"image\":{\"@id\":\"https:\/\/ilovefruitandvegfromeurope.com\/es\/tres-en-raya\/#primaryimage\"},\"thumbnailUrl\":\"https:\/\/ilovefruitandvegfromeurope.com\/wp-content\/uploads\/2025\/01\/background-tris.jpg\",\"datePublished\":\"2025-02-20T16:25:23+00:00\",\"dateModified\":\"2025-02-20T16:25:24+00:00\",\"breadcrumb\":{\"@id\":\"https:\/\/ilovefruitandvegfromeurope.com\/es\/tres-en-raya\/#breadcrumb\"},\"inLanguage\":\"es\",\"potentialAction\":[{\"@type\":\"ReadAction\",\"target\":[\"https:\/\/ilovefruitandvegfromeurope.com\/es\/tres-en-raya\/\"]}]},{\"@type\":\"ImageObject\",\"inLanguage\":\"es\",\"@id\":\"https:\/\/ilovefruitandvegfromeurope.com\/es\/tres-en-raya\/#primaryimage\",\"url\":\"https:\/\/ilovefruitandvegfromeurope.com\/wp-content\/uploads\/2025\/01\/background-tris.jpg\",\"contentUrl\":\"https:\/\/ilovefruitandvegfromeurope.com\/wp-content\/uploads\/2025\/01\/background-tris.jpg\",\"width\":1600,\"height\":800},{\"@type\":\"BreadcrumbList\",\"@id\":\"https:\/\/ilovefruitandvegfromeurope.com\/es\/tres-en-raya\/#breadcrumb\",\"itemListElement\":[{\"@type\":\"ListItem\",\"position\":1,\"name\":\"Home\",\"item\":\"https:\/\/ilovefruitandvegfromeurope.com\/es\/\"},{\"@type\":\"ListItem\",\"position\":2,\"name\":\"Tres en Raya\"}]},{\"@type\":\"WebSite\",\"@id\":\"https:\/\/ilovefruitandvegfromeurope.com\/es\/#website\",\"url\":\"https:\/\/ilovefruitandvegfromeurope.com\/es\/\",\"name\":\"I Love Fruit And Veg From Europe\",\"description\":\"I Love Fruit And Veg From Europe: I Choose Fresh And Fair\",\"publisher\":{\"@id\":\"https:\/\/ilovefruitandvegfromeurope.com\/es\/#organization\"},\"potentialAction\":[{\"@type\":\"SearchAction\",\"target\":{\"@type\":\"EntryPoint\",\"urlTemplate\":\"https:\/\/ilovefruitandvegfromeurope.com\/es\/?s={search_term_string}\"},\"query-input\":{\"@type\":\"PropertyValueSpecification\",\"valueRequired\":true,\"valueName\":\"search_term_string\"}}],\"inLanguage\":\"es\"},{\"@type\":\"Organization\",\"@id\":\"https:\/\/ilovefruitandvegfromeurope.com\/es\/#organization\",\"name\":\"I Love Fruit And Veg From Europe\",\"url\":\"https:\/\/ilovefruitandvegfromeurope.com\/es\/\",\"logo\":{\"@type\":\"ImageObject\",\"inLanguage\":\"es\",\"@id\":\"https:\/\/ilovefruitandvegfromeurope.com\/es\/#\/schema\/logo\/image\/\",\"url\":\"https:\/\/ilovefruitandvegfromeurope.com\/wp-content\/uploads\/2021\/07\/logo.png\",\"contentUrl\":\"https:\/\/ilovefruitandvegfromeurope.com\/wp-content\/uploads\/2021\/07\/logo.png\",\"width\":248,\"height\":62,\"caption\":\"I Love Fruit And Veg From Europe\"},\"image\":{\"@id\":\"https:\/\/ilovefruitandvegfromeurope.com\/es\/#\/schema\/logo\/image\/\"}}]}<\/script>\n<!-- \/ Yoast SEO plugin. -->","yoast_head_json":{"title":"Tres en Raya - I Love Fruit And Veg From Europe","robots":{"index":"noindex","follow":"nofollow"},"og_locale":"es_ES","og_type":"article","og_title":"Tres en Raya - I Love Fruit And Veg From Europe","og_description":"C\u00f3mo jugar a Tres en Raya \u00a1Desaf\u00eda a un oponente digital en una partida de Tres en Raya! El objetivo es alinear tres s\u00edmbolos iguales (Sand\u00eda o Alcachofa) en horizontal, vertical o diagonal antes que tu adversario. Reglas del juego: &#8211; El juego se desarrolla en una cuadr\u00edcula de 3\u00d73. &#8211; Juegas con el s\u00edmbolo","og_url":"https:\/\/ilovefruitandvegfromeurope.com\/es\/tres-en-raya\/","og_site_name":"I Love Fruit And Veg From Europe","article_modified_time":"2025-02-20T16:25:24+00:00","og_image":[{"width":1600,"height":800,"url":"https:\/\/ilovefruitandvegfromeurope.com\/wp-content\/uploads\/2025\/01\/background-tris.jpg","type":"image\/jpeg"}],"twitter_card":"summary_large_image","twitter_misc":{"Tiempo de lectura":"1 minuto"},"schema":{"@context":"https:\/\/schema.org","@graph":[{"@type":"WebPage","@id":"https:\/\/ilovefruitandvegfromeurope.com\/es\/tres-en-raya\/","url":"https:\/\/ilovefruitandvegfromeurope.com\/es\/tres-en-raya\/","name":"Tres en Raya - I Love Fruit And Veg From Europe","isPartOf":{"@id":"https:\/\/ilovefruitandvegfromeurope.com\/es\/#website"},"primaryImageOfPage":{"@id":"https:\/\/ilovefruitandvegfromeurope.com\/es\/tres-en-raya\/#primaryimage"},"image":{"@id":"https:\/\/ilovefruitandvegfromeurope.com\/es\/tres-en-raya\/#primaryimage"},"thumbnailUrl":"https:\/\/ilovefruitandvegfromeurope.com\/wp-content\/uploads\/2025\/01\/background-tris.jpg","datePublished":"2025-02-20T16:25:23+00:00","dateModified":"2025-02-20T16:25:24+00:00","breadcrumb":{"@id":"https:\/\/ilovefruitandvegfromeurope.com\/es\/tres-en-raya\/#breadcrumb"},"inLanguage":"es","potentialAction":[{"@type":"ReadAction","target":["https:\/\/ilovefruitandvegfromeurope.com\/es\/tres-en-raya\/"]}]},{"@type":"ImageObject","inLanguage":"es","@id":"https:\/\/ilovefruitandvegfromeurope.com\/es\/tres-en-raya\/#primaryimage","url":"https:\/\/ilovefruitandvegfromeurope.com\/wp-content\/uploads\/2025\/01\/background-tris.jpg","contentUrl":"https:\/\/ilovefruitandvegfromeurope.com\/wp-content\/uploads\/2025\/01\/background-tris.jpg","width":1600,"height":800},{"@type":"BreadcrumbList","@id":"https:\/\/ilovefruitandvegfromeurope.com\/es\/tres-en-raya\/#breadcrumb","itemListElement":[{"@type":"ListItem","position":1,"name":"Home","item":"https:\/\/ilovefruitandvegfromeurope.com\/es\/"},{"@type":"ListItem","position":2,"name":"Tres en Raya"}]},{"@type":"WebSite","@id":"https:\/\/ilovefruitandvegfromeurope.com\/es\/#website","url":"https:\/\/ilovefruitandvegfromeurope.com\/es\/","name":"I Love Fruit And Veg From Europe","description":"I Love Fruit And Veg From Europe: I Choose Fresh And Fair","publisher":{"@id":"https:\/\/ilovefruitandvegfromeurope.com\/es\/#organization"},"potentialAction":[{"@type":"SearchAction","target":{"@type":"EntryPoint","urlTemplate":"https:\/\/ilovefruitandvegfromeurope.com\/es\/?s={search_term_string}"},"query-input":{"@type":"PropertyValueSpecification","valueRequired":true,"valueName":"search_term_string"}}],"inLanguage":"es"},{"@type":"Organization","@id":"https:\/\/ilovefruitandvegfromeurope.com\/es\/#organization","name":"I Love Fruit And Veg From Europe","url":"https:\/\/ilovefruitandvegfromeurope.com\/es\/","logo":{"@type":"ImageObject","inLanguage":"es","@id":"https:\/\/ilovefruitandvegfromeurope.com\/es\/#\/schema\/logo\/image\/","url":"https:\/\/ilovefruitandvegfromeurope.com\/wp-content\/uploads\/2021\/07\/logo.png","contentUrl":"https:\/\/ilovefruitandvegfromeurope.com\/wp-content\/uploads\/2021\/07\/logo.png","width":248,"height":62,"caption":"I Love Fruit And Veg From Europe"},"image":{"@id":"https:\/\/ilovefruitandvegfromeurope.com\/es\/#\/schema\/logo\/image\/"}}]}},"_links":{"self":[{"href":"https:\/\/ilovefruitandvegfromeurope.com\/es\/wp-json\/wp\/v2\/pages\/45554","targetHints":{"allow":["GET"]}}],"collection":[{"href":"https:\/\/ilovefruitandvegfromeurope.com\/es\/wp-json\/wp\/v2\/pages"}],"about":[{"href":"https:\/\/ilovefruitandvegfromeurope.com\/es\/wp-json\/wp\/v2\/types\/page"}],"author":[{"embeddable":true,"href":"https:\/\/ilovefruitandvegfromeurope.com\/es\/wp-json\/wp\/v2\/users\/1"}],"replies":[{"embeddable":true,"href":"https:\/\/ilovefruitandvegfromeurope.com\/es\/wp-json\/wp\/v2\/comments?post=45554"}],"version-history":[{"count":1,"href":"https:\/\/ilovefruitandvegfromeurope.com\/es\/wp-json\/wp\/v2\/pages\/45554\/revisions"}],"predecessor-version":[{"id":45555,"href":"https:\/\/ilovefruitandvegfromeurope.com\/es\/wp-json\/wp\/v2\/pages\/45554\/revisions\/45555"}],"wp:featuredmedia":[{"embeddable":true,"href":"https:\/\/ilovefruitandvegfromeurope.com\/es\/wp-json\/wp\/v2\/media\/44500"}],"wp:attachment":[{"href":"https:\/\/ilovefruitandvegfromeurope.com\/es\/wp-json\/wp\/v2\/media?parent=45554"}],"curies":[{"name":"wp","href":"https:\/\/api.w.org\/{rel}","templated":true}]}}