
{"id":55624,"date":"2025-09-17T10:31:28","date_gmt":"2025-09-17T08:31:28","guid":{"rendered":"https:\/\/ilovefruitandvegfromeurope.com\/?page_id=55624"},"modified":"2025-09-17T10:31:29","modified_gmt":"2025-09-17T08:31:29","slug":"adivina-la-fruta-o-verdura","status":"publish","type":"page","link":"https:\/\/ilovefruitandvegfromeurope.com\/es\/adivina-la-fruta-o-verdura\/","title":{"rendered":"\u00a1Adivina la fruta o verdura!"},"content":{"rendered":"\n<p><strong>\u00a1Intenta adivinar qu\u00e9 fruta o verdura estoy pensando!<\/strong><br>Haz clic en una letra para comenzar a jugar. Si la letra est\u00e1 incluida en la palabra, aparecer\u00e1 en la pantalla; de lo contrario, se contar\u00e1 como un error.<br>\u00a1Cuidado! Solo puedes equivocarte 6 veces, de lo contrario pierdes<br>Cada vez que adivines correctamente una fruta o verdura, te daremos datos curiosos e informaci\u00f3n \u00fatil sobre sus propiedades nutricionales y beneficios para la salud.<br>\u00a1Juega y descubre lo importantes que son estos alimentos en tu dieta diaria!<\/p>\n","protected":false},"excerpt":{"rendered":"<p>\u00a1Intenta adivinar qu\u00e9 fruta o verdura estoy pensando!Haz clic en una letra para comenzar a jugar. Si la letra est\u00e1 incluida en la palabra, aparecer\u00e1 en la pantalla; de lo contrario, se contar\u00e1 como un error.\u00a1Cuidado! Solo puedes equivocarte 6 veces, de lo contrario pierdesCada vez que adivines correctamente una fruta o verdura, te daremos<\/p>\n","protected":false},"author":1,"featured_media":55111,"parent":0,"menu_order":0,"comment_status":"closed","ping_status":"closed","template":"tpl-game-indovina2.php","meta":{"_acf_changed":false,"footnotes":""},"class_list":["post-55624","page","type-page","status-publish","has-post-thumbnail","hentry"],"acf":[],"yoast_head":"<!-- This site is optimized with the Yoast SEO plugin v24.1 - https:\/\/yoast.com\/wordpress\/plugins\/seo\/ -->\n<title>\u00a1Adivina la fruta o verdura! - I Love Fruit And Veg From Europe<\/title>\n<meta name=\"robots\" content=\"index, follow, max-snippet:-1, max-image-preview:large, max-video-preview:-1\" \/>\n<link rel=\"canonical\" href=\"https:\/\/ilovefruitandvegfromeurope.com\/es\/adivina-la-fruta-o-verdura\/\" \/>\n<meta property=\"og:locale\" content=\"es_ES\" \/>\n<meta property=\"og:type\" content=\"article\" \/>\n<meta property=\"og:title\" content=\"\u00a1Adivina la fruta o verdura! - I Love Fruit And Veg From Europe\" \/>\n<meta property=\"og:description\" content=\"\u00a1Intenta adivinar qu\u00e9 fruta o verdura estoy pensando!Haz clic en una letra para comenzar a jugar. Si la letra est\u00e1 incluida en la palabra, aparecer\u00e1 en la pantalla; de lo contrario, se contar\u00e1 como un error.\u00a1Cuidado! Solo puedes equivocarte 6 veces, de lo contrario pierdesCada vez que adivines correctamente una fruta o verdura, te daremos\" \/>\n<meta property=\"og:url\" content=\"https:\/\/ilovefruitandvegfromeurope.com\/es\/adivina-la-fruta-o-verdura\/\" \/>\n<meta property=\"og:site_name\" content=\"I Love Fruit And Veg From Europe\" \/>\n<meta property=\"article:modified_time\" content=\"2025-09-17T08:31:29+00:00\" \/>\n<meta property=\"og:image\" content=\"https:\/\/ilovefruitandvegfromeurope.com\/wp-content\/uploads\/2025\/08\/background-pagina-donna.jpg\" \/>\n\t<meta property=\"og:image:width\" content=\"1600\" \/>\n\t<meta property=\"og:image:height\" content=\"800\" \/>\n\t<meta property=\"og:image:type\" content=\"image\/jpeg\" \/>\n<meta name=\"twitter:card\" content=\"summary_large_image\" \/>\n<script type=\"application\/ld+json\" class=\"yoast-schema-graph\">{\"@context\":\"https:\/\/schema.org\",\"@graph\":[{\"@type\":\"WebPage\",\"@id\":\"https:\/\/ilovefruitandvegfromeurope.com\/es\/adivina-la-fruta-o-verdura\/\",\"url\":\"https:\/\/ilovefruitandvegfromeurope.com\/es\/adivina-la-fruta-o-verdura\/\",\"name\":\"\u00a1Adivina la fruta o verdura! - I Love Fruit And Veg From Europe\",\"isPartOf\":{\"@id\":\"https:\/\/ilovefruitandvegfromeurope.com\/es\/#website\"},\"primaryImageOfPage\":{\"@id\":\"https:\/\/ilovefruitandvegfromeurope.com\/es\/adivina-la-fruta-o-verdura\/#primaryimage\"},\"image\":{\"@id\":\"https:\/\/ilovefruitandvegfromeurope.com\/es\/adivina-la-fruta-o-verdura\/#primaryimage\"},\"thumbnailUrl\":\"https:\/\/ilovefruitandvegfromeurope.com\/wp-content\/uploads\/2025\/08\/background-pagina-donna.jpg\",\"datePublished\":\"2025-09-17T08:31:28+00:00\",\"dateModified\":\"2025-09-17T08:31:29+00:00\",\"breadcrumb\":{\"@id\":\"https:\/\/ilovefruitandvegfromeurope.com\/es\/adivina-la-fruta-o-verdura\/#breadcrumb\"},\"inLanguage\":\"es\",\"potentialAction\":[{\"@type\":\"ReadAction\",\"target\":[\"https:\/\/ilovefruitandvegfromeurope.com\/es\/adivina-la-fruta-o-verdura\/\"]}]},{\"@type\":\"ImageObject\",\"inLanguage\":\"es\",\"@id\":\"https:\/\/ilovefruitandvegfromeurope.com\/es\/adivina-la-fruta-o-verdura\/#primaryimage\",\"url\":\"https:\/\/ilovefruitandvegfromeurope.com\/wp-content\/uploads\/2025\/08\/background-pagina-donna.jpg\",\"contentUrl\":\"https:\/\/ilovefruitandvegfromeurope.com\/wp-content\/uploads\/2025\/08\/background-pagina-donna.jpg\",\"width\":1600,\"height\":800,\"caption\":\"Indovina la parola\"},{\"@type\":\"BreadcrumbList\",\"@id\":\"https:\/\/ilovefruitandvegfromeurope.com\/es\/adivina-la-fruta-o-verdura\/#breadcrumb\",\"itemListElement\":[{\"@type\":\"ListItem\",\"position\":1,\"name\":\"Home\",\"item\":\"https:\/\/ilovefruitandvegfromeurope.com\/es\/\"},{\"@type\":\"ListItem\",\"position\":2,\"name\":\"\u00a1Adivina la fruta o verdura!\"}]},{\"@type\":\"WebSite\",\"@id\":\"https:\/\/ilovefruitandvegfromeurope.com\/es\/#website\",\"url\":\"https:\/\/ilovefruitandvegfromeurope.com\/es\/\",\"name\":\"I Love Fruit And Veg From Europe\",\"description\":\"I Love Fruit And Veg From Europe: I Choose Fresh And Fair\",\"publisher\":{\"@id\":\"https:\/\/ilovefruitandvegfromeurope.com\/es\/#organization\"},\"potentialAction\":[{\"@type\":\"SearchAction\",\"target\":{\"@type\":\"EntryPoint\",\"urlTemplate\":\"https:\/\/ilovefruitandvegfromeurope.com\/es\/?s={search_term_string}\"},\"query-input\":{\"@type\":\"PropertyValueSpecification\",\"valueRequired\":true,\"valueName\":\"search_term_string\"}}],\"inLanguage\":\"es\"},{\"@type\":\"Organization\",\"@id\":\"https:\/\/ilovefruitandvegfromeurope.com\/es\/#organization\",\"name\":\"I Love Fruit And Veg From Europe\",\"url\":\"https:\/\/ilovefruitandvegfromeurope.com\/es\/\",\"logo\":{\"@type\":\"ImageObject\",\"inLanguage\":\"es\",\"@id\":\"https:\/\/ilovefruitandvegfromeurope.com\/es\/#\/schema\/logo\/image\/\",\"url\":\"https:\/\/ilovefruitandvegfromeurope.com\/wp-content\/uploads\/2021\/07\/logo.png\",\"contentUrl\":\"https:\/\/ilovefruitandvegfromeurope.com\/wp-content\/uploads\/2021\/07\/logo.png\",\"width\":248,\"height\":62,\"caption\":\"I Love Fruit And Veg From Europe\"},\"image\":{\"@id\":\"https:\/\/ilovefruitandvegfromeurope.com\/es\/#\/schema\/logo\/image\/\"}}]}<\/script>\n<!-- \/ Yoast SEO plugin. -->","yoast_head_json":{"title":"\u00a1Adivina la fruta o verdura! - I Love Fruit And Veg From Europe","robots":{"index":"index","follow":"follow","max-snippet":"max-snippet:-1","max-image-preview":"max-image-preview:large","max-video-preview":"max-video-preview:-1"},"canonical":"https:\/\/ilovefruitandvegfromeurope.com\/es\/adivina-la-fruta-o-verdura\/","og_locale":"es_ES","og_type":"article","og_title":"\u00a1Adivina la fruta o verdura! - I Love Fruit And Veg From Europe","og_description":"\u00a1Intenta adivinar qu\u00e9 fruta o verdura estoy pensando!Haz clic en una letra para comenzar a jugar. Si la letra est\u00e1 incluida en la palabra, aparecer\u00e1 en la pantalla; de lo contrario, se contar\u00e1 como un error.\u00a1Cuidado! Solo puedes equivocarte 6 veces, de lo contrario pierdesCada vez que adivines correctamente una fruta o verdura, te daremos","og_url":"https:\/\/ilovefruitandvegfromeurope.com\/es\/adivina-la-fruta-o-verdura\/","og_site_name":"I Love Fruit And Veg From Europe","article_modified_time":"2025-09-17T08:31:29+00:00","og_image":[{"width":1600,"height":800,"url":"https:\/\/ilovefruitandvegfromeurope.com\/wp-content\/uploads\/2025\/08\/background-pagina-donna.jpg","type":"image\/jpeg"}],"twitter_card":"summary_large_image","schema":{"@context":"https:\/\/schema.org","@graph":[{"@type":"WebPage","@id":"https:\/\/ilovefruitandvegfromeurope.com\/es\/adivina-la-fruta-o-verdura\/","url":"https:\/\/ilovefruitandvegfromeurope.com\/es\/adivina-la-fruta-o-verdura\/","name":"\u00a1Adivina la fruta o verdura! - I Love Fruit And Veg From Europe","isPartOf":{"@id":"https:\/\/ilovefruitandvegfromeurope.com\/es\/#website"},"primaryImageOfPage":{"@id":"https:\/\/ilovefruitandvegfromeurope.com\/es\/adivina-la-fruta-o-verdura\/#primaryimage"},"image":{"@id":"https:\/\/ilovefruitandvegfromeurope.com\/es\/adivina-la-fruta-o-verdura\/#primaryimage"},"thumbnailUrl":"https:\/\/ilovefruitandvegfromeurope.com\/wp-content\/uploads\/2025\/08\/background-pagina-donna.jpg","datePublished":"2025-09-17T08:31:28+00:00","dateModified":"2025-09-17T08:31:29+00:00","breadcrumb":{"@id":"https:\/\/ilovefruitandvegfromeurope.com\/es\/adivina-la-fruta-o-verdura\/#breadcrumb"},"inLanguage":"es","potentialAction":[{"@type":"ReadAction","target":["https:\/\/ilovefruitandvegfromeurope.com\/es\/adivina-la-fruta-o-verdura\/"]}]},{"@type":"ImageObject","inLanguage":"es","@id":"https:\/\/ilovefruitandvegfromeurope.com\/es\/adivina-la-fruta-o-verdura\/#primaryimage","url":"https:\/\/ilovefruitandvegfromeurope.com\/wp-content\/uploads\/2025\/08\/background-pagina-donna.jpg","contentUrl":"https:\/\/ilovefruitandvegfromeurope.com\/wp-content\/uploads\/2025\/08\/background-pagina-donna.jpg","width":1600,"height":800,"caption":"Indovina la parola"},{"@type":"BreadcrumbList","@id":"https:\/\/ilovefruitandvegfromeurope.com\/es\/adivina-la-fruta-o-verdura\/#breadcrumb","itemListElement":[{"@type":"ListItem","position":1,"name":"Home","item":"https:\/\/ilovefruitandvegfromeurope.com\/es\/"},{"@type":"ListItem","position":2,"name":"\u00a1Adivina la fruta o verdura!"}]},{"@type":"WebSite","@id":"https:\/\/ilovefruitandvegfromeurope.com\/es\/#website","url":"https:\/\/ilovefruitandvegfromeurope.com\/es\/","name":"I Love Fruit And Veg From Europe","description":"I Love Fruit And Veg From Europe: I Choose Fresh And Fair","publisher":{"@id":"https:\/\/ilovefruitandvegfromeurope.com\/es\/#organization"},"potentialAction":[{"@type":"SearchAction","target":{"@type":"EntryPoint","urlTemplate":"https:\/\/ilovefruitandvegfromeurope.com\/es\/?s={search_term_string}"},"query-input":{"@type":"PropertyValueSpecification","valueRequired":true,"valueName":"search_term_string"}}],"inLanguage":"es"},{"@type":"Organization","@id":"https:\/\/ilovefruitandvegfromeurope.com\/es\/#organization","name":"I Love Fruit And Veg From Europe","url":"https:\/\/ilovefruitandvegfromeurope.com\/es\/","logo":{"@type":"ImageObject","inLanguage":"es","@id":"https:\/\/ilovefruitandvegfromeurope.com\/es\/#\/schema\/logo\/image\/","url":"https:\/\/ilovefruitandvegfromeurope.com\/wp-content\/uploads\/2021\/07\/logo.png","contentUrl":"https:\/\/ilovefruitandvegfromeurope.com\/wp-content\/uploads\/2021\/07\/logo.png","width":248,"height":62,"caption":"I Love Fruit And Veg From Europe"},"image":{"@id":"https:\/\/ilovefruitandvegfromeurope.com\/es\/#\/schema\/logo\/image\/"}}]}},"_links":{"self":[{"href":"https:\/\/ilovefruitandvegfromeurope.com\/es\/wp-json\/wp\/v2\/pages\/55624","targetHints":{"allow":["GET"]}}],"collection":[{"href":"https:\/\/ilovefruitandvegfromeurope.com\/es\/wp-json\/wp\/v2\/pages"}],"about":[{"href":"https:\/\/ilovefruitandvegfromeurope.com\/es\/wp-json\/wp\/v2\/types\/page"}],"author":[{"embeddable":true,"href":"https:\/\/ilovefruitandvegfromeurope.com\/es\/wp-json\/wp\/v2\/users\/1"}],"replies":[{"embeddable":true,"href":"https:\/\/ilovefruitandvegfromeurope.com\/es\/wp-json\/wp\/v2\/comments?post=55624"}],"version-history":[{"count":1,"href":"https:\/\/ilovefruitandvegfromeurope.com\/es\/wp-json\/wp\/v2\/pages\/55624\/revisions"}],"predecessor-version":[{"id":55625,"href":"https:\/\/ilovefruitandvegfromeurope.com\/es\/wp-json\/wp\/v2\/pages\/55624\/revisions\/55625"}],"wp:featuredmedia":[{"embeddable":true,"href":"https:\/\/ilovefruitandvegfromeurope.com\/es\/wp-json\/wp\/v2\/media\/55111"}],"wp:attachment":[{"href":"https:\/\/ilovefruitandvegfromeurope.com\/es\/wp-json\/wp\/v2\/media?parent=55624"}],"curies":[{"name":"wp","href":"https:\/\/api.w.org\/{rel}","templated":true}]}}