
{"id":623,"date":"2021-07-07T19:27:11","date_gmt":"2021-07-07T17:27:11","guid":{"rendered":"https:\/\/ilovefruitandvegfromeurope.com\/food-safey\/"},"modified":"2023-09-20T17:59:13","modified_gmt":"2023-09-20T15:59:13","slug":"seguridad-alimentaria","status":"publish","type":"page","link":"https:\/\/ilovefruitandvegfromeurope.com\/es\/seguridad-alimentaria\/","title":{"rendered":"Seguridad alimentaria"},"content":{"rendered":"\n<p>La <strong>seguridad alimentaria<\/strong> y la <strong>calidad de los productos alimenticios<\/strong> siempre han sido de suma importancia para Italia y la Uni\u00f3n Europea. <\/p>\n\n\n\n<p>Para garantizar a los consumidores un alto nivel de seguridad alimentaria y proteger al sector agroalimentario de crisis recurrentes, la UE ha adoptado la estrategia \u201cDe la granja a la mesa\u201d a lo largo de toda la cadena alimentaria, con un <strong>sistema de control integrado<\/strong>. <\/p>\n\n\n\n<p>Esta se basa en una combinaci\u00f3n de altos requisitos para los productos agroalimentarios, tanto para la <em>salud (humana) como para el bienestar de los animales y las plantas<\/em>, esto es cierto ya sea que se produzcan en la UE o se importen.<\/p>\n\n\n\n<p>Todos los Estados miembros deben respetar los mismos criterios; &nbsp;los controles alimentarios y sanitarios se llevan a cabo con el mismo est\u00e1ndar en toda la UE. <\/p>\n\n\n\n<p>Esta armonizaci\u00f3n de los requisitos de seguridad permite la libre circulaci\u00f3n de alimentos inocuos, contribuyendo significativamente al bienestar de los ciudadanos y sus intereses sociales y econ\u00f3micos.<\/p>\n\n\n\n<p>Los principios fundamentales de la normativa alimentaria son:<\/p>\n\n\n\n<ul class=\"wp-block-list\">\n<li>controles integrados a lo largo de <strong>toda la cadena alimentaria<\/strong><\/li>\n\n\n\n<li>intervenciones basadas en <strong>an\u00e1lisis de riesgos<\/strong><\/li>\n\n\n\n<li><strong>responsabilidad principal<\/strong> de cada operador del sector por cada producto elaborado, transformado, importado, comercializado o distribuido<\/li>\n\n\n\n<li><strong>trazabilidad del producto<\/strong> a lo largo de la cadena alimentaria<\/li>\n\n\n\n<li>el consumidor como <strong>parte activa<\/strong> de la seguridad alimentaria.<\/li>\n<\/ul>\n","protected":false},"excerpt":{"rendered":"<p>La seguridad alimentaria y la calidad de los productos alimenticios siempre han sido de suma importancia para Italia y la Uni\u00f3n Europea. Para garantizar a los consumidores un alto nivel de seguridad alimentaria y proteger al sector agroalimentario de crisis recurrentes, la UE ha adoptado la estrategia \u201cDe la granja a la mesa\u201d a lo<\/p>\n","protected":false},"author":2,"featured_media":624,"parent":0,"menu_order":0,"comment_status":"closed","ping_status":"closed","template":"","meta":{"_acf_changed":false,"footnotes":""},"class_list":["post-623","page","type-page","status-publish","has-post-thumbnail","hentry"],"acf":[],"yoast_head":"<!-- This site is optimized with the Yoast SEO plugin v24.1 - https:\/\/yoast.com\/wordpress\/plugins\/seo\/ -->\n<title>Seguridad alimentaria y calidad de los productos alimenticios.<\/title>\n<meta name=\"description\" content=\"La seguridad alimentaria y la calidad de los productos alimenticios siempre han sido de suma importancia para Italia y la Uni\u00f3n Europea.\" \/>\n<meta name=\"robots\" content=\"index, follow, max-snippet:-1, max-image-preview:large, max-video-preview:-1\" \/>\n<link rel=\"canonical\" href=\"https:\/\/ilovefruitandvegfromeurope.com\/es\/seguridad-alimentaria\/\" \/>\n<meta property=\"og:locale\" content=\"es_ES\" \/>\n<meta property=\"og:type\" content=\"article\" \/>\n<meta property=\"og:title\" content=\"Seguridad alimentaria y calidad de los productos alimenticios.\" \/>\n<meta property=\"og:description\" content=\"La seguridad alimentaria y la calidad de los productos alimenticios siempre han sido de suma importancia para Italia y la Uni\u00f3n Europea.\" \/>\n<meta property=\"og:url\" content=\"https:\/\/ilovefruitandvegfromeurope.com\/es\/seguridad-alimentaria\/\" \/>\n<meta property=\"og:site_name\" content=\"I Love Fruit And Veg From Europe\" \/>\n<meta property=\"article:modified_time\" content=\"2023-09-20T15:59:13+00:00\" \/>\n<meta property=\"og:image\" content=\"https:\/\/ilovefruitandvegfromeurope.com\/wp-content\/uploads\/2021\/07\/My-Post-2.png\" \/>\n\t<meta property=\"og:image:width\" content=\"1024\" \/>\n\t<meta property=\"og:image:height\" content=\"512\" \/>\n\t<meta property=\"og:image:type\" content=\"image\/png\" \/>\n<meta name=\"twitter:card\" content=\"summary_large_image\" \/>\n<meta name=\"twitter:label1\" content=\"Tiempo de lectura\" \/>\n\t<meta name=\"twitter:data1\" content=\"1 minuto\" \/>\n<script type=\"application\/ld+json\" class=\"yoast-schema-graph\">{\"@context\":\"https:\/\/schema.org\",\"@graph\":[{\"@type\":\"WebPage\",\"@id\":\"https:\/\/ilovefruitandvegfromeurope.com\/es\/seguridad-alimentaria\/\",\"url\":\"https:\/\/ilovefruitandvegfromeurope.com\/es\/seguridad-alimentaria\/\",\"name\":\"Seguridad alimentaria y calidad de los productos alimenticios.\",\"isPartOf\":{\"@id\":\"https:\/\/ilovefruitandvegfromeurope.com\/es\/#website\"},\"primaryImageOfPage\":{\"@id\":\"https:\/\/ilovefruitandvegfromeurope.com\/es\/seguridad-alimentaria\/#primaryimage\"},\"image\":{\"@id\":\"https:\/\/ilovefruitandvegfromeurope.com\/es\/seguridad-alimentaria\/#primaryimage\"},\"thumbnailUrl\":\"https:\/\/ilovefruitandvegfromeurope.com\/wp-content\/uploads\/2021\/07\/My-Post-2.png\",\"datePublished\":\"2021-07-07T17:27:11+00:00\",\"dateModified\":\"2023-09-20T15:59:13+00:00\",\"description\":\"La seguridad alimentaria y la calidad de los productos alimenticios siempre han sido de suma importancia para Italia y la Uni\u00f3n Europea.\",\"breadcrumb\":{\"@id\":\"https:\/\/ilovefruitandvegfromeurope.com\/es\/seguridad-alimentaria\/#breadcrumb\"},\"inLanguage\":\"es\",\"potentialAction\":[{\"@type\":\"ReadAction\",\"target\":[\"https:\/\/ilovefruitandvegfromeurope.com\/es\/seguridad-alimentaria\/\"]}]},{\"@type\":\"ImageObject\",\"inLanguage\":\"es\",\"@id\":\"https:\/\/ilovefruitandvegfromeurope.com\/es\/seguridad-alimentaria\/#primaryimage\",\"url\":\"https:\/\/ilovefruitandvegfromeurope.com\/wp-content\/uploads\/2021\/07\/My-Post-2.png\",\"contentUrl\":\"https:\/\/ilovefruitandvegfromeurope.com\/wp-content\/uploads\/2021\/07\/My-Post-2.png\",\"width\":1024,\"height\":512},{\"@type\":\"BreadcrumbList\",\"@id\":\"https:\/\/ilovefruitandvegfromeurope.com\/es\/seguridad-alimentaria\/#breadcrumb\",\"itemListElement\":[{\"@type\":\"ListItem\",\"position\":1,\"name\":\"Home\",\"item\":\"https:\/\/ilovefruitandvegfromeurope.com\/es\/\"},{\"@type\":\"ListItem\",\"position\":2,\"name\":\"Seguridad alimentaria\"}]},{\"@type\":\"WebSite\",\"@id\":\"https:\/\/ilovefruitandvegfromeurope.com\/es\/#website\",\"url\":\"https:\/\/ilovefruitandvegfromeurope.com\/es\/\",\"name\":\"I Love Fruit And Veg From Europe\",\"description\":\"I Love Fruit And Veg From Europe: I Choose Fresh And Fair\",\"publisher\":{\"@id\":\"https:\/\/ilovefruitandvegfromeurope.com\/es\/#organization\"},\"potentialAction\":[{\"@type\":\"SearchAction\",\"target\":{\"@type\":\"EntryPoint\",\"urlTemplate\":\"https:\/\/ilovefruitandvegfromeurope.com\/es\/?s={search_term_string}\"},\"query-input\":{\"@type\":\"PropertyValueSpecification\",\"valueRequired\":true,\"valueName\":\"search_term_string\"}}],\"inLanguage\":\"es\"},{\"@type\":\"Organization\",\"@id\":\"https:\/\/ilovefruitandvegfromeurope.com\/es\/#organization\",\"name\":\"I Love Fruit And Veg From Europe\",\"url\":\"https:\/\/ilovefruitandvegfromeurope.com\/es\/\",\"logo\":{\"@type\":\"ImageObject\",\"inLanguage\":\"es\",\"@id\":\"https:\/\/ilovefruitandvegfromeurope.com\/es\/#\/schema\/logo\/image\/\",\"url\":\"https:\/\/ilovefruitandvegfromeurope.com\/wp-content\/uploads\/2021\/07\/logo.png\",\"contentUrl\":\"https:\/\/ilovefruitandvegfromeurope.com\/wp-content\/uploads\/2021\/07\/logo.png\",\"width\":248,\"height\":62,\"caption\":\"I Love Fruit And Veg From Europe\"},\"image\":{\"@id\":\"https:\/\/ilovefruitandvegfromeurope.com\/es\/#\/schema\/logo\/image\/\"}}]}<\/script>\n<!-- \/ Yoast SEO plugin. -->","yoast_head_json":{"title":"Seguridad alimentaria y calidad de los productos alimenticios.","description":"La seguridad alimentaria y la calidad de los productos alimenticios siempre han sido de suma importancia para Italia y la Uni\u00f3n Europea.","robots":{"index":"index","follow":"follow","max-snippet":"max-snippet:-1","max-image-preview":"max-image-preview:large","max-video-preview":"max-video-preview:-1"},"canonical":"https:\/\/ilovefruitandvegfromeurope.com\/es\/seguridad-alimentaria\/","og_locale":"es_ES","og_type":"article","og_title":"Seguridad alimentaria y calidad de los productos alimenticios.","og_description":"La seguridad alimentaria y la calidad de los productos alimenticios siempre han sido de suma importancia para Italia y la Uni\u00f3n Europea.","og_url":"https:\/\/ilovefruitandvegfromeurope.com\/es\/seguridad-alimentaria\/","og_site_name":"I Love Fruit And Veg From Europe","article_modified_time":"2023-09-20T15:59:13+00:00","og_image":[{"width":1024,"height":512,"url":"https:\/\/ilovefruitandvegfromeurope.com\/wp-content\/uploads\/2021\/07\/My-Post-2.png","type":"image\/png"}],"twitter_card":"summary_large_image","twitter_misc":{"Tiempo de lectura":"1 minuto"},"schema":{"@context":"https:\/\/schema.org","@graph":[{"@type":"WebPage","@id":"https:\/\/ilovefruitandvegfromeurope.com\/es\/seguridad-alimentaria\/","url":"https:\/\/ilovefruitandvegfromeurope.com\/es\/seguridad-alimentaria\/","name":"Seguridad alimentaria y calidad de los productos alimenticios.","isPartOf":{"@id":"https:\/\/ilovefruitandvegfromeurope.com\/es\/#website"},"primaryImageOfPage":{"@id":"https:\/\/ilovefruitandvegfromeurope.com\/es\/seguridad-alimentaria\/#primaryimage"},"image":{"@id":"https:\/\/ilovefruitandvegfromeurope.com\/es\/seguridad-alimentaria\/#primaryimage"},"thumbnailUrl":"https:\/\/ilovefruitandvegfromeurope.com\/wp-content\/uploads\/2021\/07\/My-Post-2.png","datePublished":"2021-07-07T17:27:11+00:00","dateModified":"2023-09-20T15:59:13+00:00","description":"La seguridad alimentaria y la calidad de los productos alimenticios siempre han sido de suma importancia para Italia y la Uni\u00f3n Europea.","breadcrumb":{"@id":"https:\/\/ilovefruitandvegfromeurope.com\/es\/seguridad-alimentaria\/#breadcrumb"},"inLanguage":"es","potentialAction":[{"@type":"ReadAction","target":["https:\/\/ilovefruitandvegfromeurope.com\/es\/seguridad-alimentaria\/"]}]},{"@type":"ImageObject","inLanguage":"es","@id":"https:\/\/ilovefruitandvegfromeurope.com\/es\/seguridad-alimentaria\/#primaryimage","url":"https:\/\/ilovefruitandvegfromeurope.com\/wp-content\/uploads\/2021\/07\/My-Post-2.png","contentUrl":"https:\/\/ilovefruitandvegfromeurope.com\/wp-content\/uploads\/2021\/07\/My-Post-2.png","width":1024,"height":512},{"@type":"BreadcrumbList","@id":"https:\/\/ilovefruitandvegfromeurope.com\/es\/seguridad-alimentaria\/#breadcrumb","itemListElement":[{"@type":"ListItem","position":1,"name":"Home","item":"https:\/\/ilovefruitandvegfromeurope.com\/es\/"},{"@type":"ListItem","position":2,"name":"Seguridad alimentaria"}]},{"@type":"WebSite","@id":"https:\/\/ilovefruitandvegfromeurope.com\/es\/#website","url":"https:\/\/ilovefruitandvegfromeurope.com\/es\/","name":"I Love Fruit And Veg From Europe","description":"I Love Fruit And Veg From Europe: I Choose Fresh And Fair","publisher":{"@id":"https:\/\/ilovefruitandvegfromeurope.com\/es\/#organization"},"potentialAction":[{"@type":"SearchAction","target":{"@type":"EntryPoint","urlTemplate":"https:\/\/ilovefruitandvegfromeurope.com\/es\/?s={search_term_string}"},"query-input":{"@type":"PropertyValueSpecification","valueRequired":true,"valueName":"search_term_string"}}],"inLanguage":"es"},{"@type":"Organization","@id":"https:\/\/ilovefruitandvegfromeurope.com\/es\/#organization","name":"I Love Fruit And Veg From Europe","url":"https:\/\/ilovefruitandvegfromeurope.com\/es\/","logo":{"@type":"ImageObject","inLanguage":"es","@id":"https:\/\/ilovefruitandvegfromeurope.com\/es\/#\/schema\/logo\/image\/","url":"https:\/\/ilovefruitandvegfromeurope.com\/wp-content\/uploads\/2021\/07\/logo.png","contentUrl":"https:\/\/ilovefruitandvegfromeurope.com\/wp-content\/uploads\/2021\/07\/logo.png","width":248,"height":62,"caption":"I Love Fruit And Veg From Europe"},"image":{"@id":"https:\/\/ilovefruitandvegfromeurope.com\/es\/#\/schema\/logo\/image\/"}}]}},"_links":{"self":[{"href":"https:\/\/ilovefruitandvegfromeurope.com\/es\/wp-json\/wp\/v2\/pages\/623","targetHints":{"allow":["GET"]}}],"collection":[{"href":"https:\/\/ilovefruitandvegfromeurope.com\/es\/wp-json\/wp\/v2\/pages"}],"about":[{"href":"https:\/\/ilovefruitandvegfromeurope.com\/es\/wp-json\/wp\/v2\/types\/page"}],"author":[{"embeddable":true,"href":"https:\/\/ilovefruitandvegfromeurope.com\/es\/wp-json\/wp\/v2\/users\/2"}],"replies":[{"embeddable":true,"href":"https:\/\/ilovefruitandvegfromeurope.com\/es\/wp-json\/wp\/v2\/comments?post=623"}],"version-history":[{"count":3,"href":"https:\/\/ilovefruitandvegfromeurope.com\/es\/wp-json\/wp\/v2\/pages\/623\/revisions"}],"predecessor-version":[{"id":26960,"href":"https:\/\/ilovefruitandvegfromeurope.com\/es\/wp-json\/wp\/v2\/pages\/623\/revisions\/26960"}],"wp:featuredmedia":[{"embeddable":true,"href":"https:\/\/ilovefruitandvegfromeurope.com\/es\/wp-json\/wp\/v2\/media\/624"}],"wp:attachment":[{"href":"https:\/\/ilovefruitandvegfromeurope.com\/es\/wp-json\/wp\/v2\/media?parent=623"}],"curies":[{"name":"wp","href":"https:\/\/api.w.org\/{rel}","templated":true}]}}