
{"id":650,"date":"2021-07-07T20:39:22","date_gmt":"2021-07-07T18:39:22","guid":{"rendered":"https:\/\/ilovefruitandvegfromeurope.com\/versatility-of-fresh-fruit-and-vegetables\/"},"modified":"2021-07-13T08:57:32","modified_gmt":"2021-07-13T06:57:32","slug":"versatilidad-de-frutas-y-verduras-frescas","status":"publish","type":"page","link":"https:\/\/ilovefruitandvegfromeurope.com\/es\/versatilidad-de-frutas-y-verduras-frescas\/","title":{"rendered":"Versatilidad de frutas y verduras frescas"},"content":{"rendered":"\n<p><strong><strong>Elaboraci\u00f3n y consumo de verduras crudas<\/strong><\/strong><\/p>\n\n\n\n<p>Las frutas y verduras proporcionan <strong>los porcentajes m\u00e1s altos de nutrientes<\/strong> si se limpian adecuadamente y se comen crudas, aunque hay muchas verduras cuya nutrici\u00f3n mejora con la cocci\u00f3n, como las zanahorias para el betacaroteno, algunas verduras de hoja verde y los tomates que, cuando se cocinan, aumentan su nivel de licopeno utilizable (aunque pierden un poco de su vitamina C).<\/p>\n\n\n\n<p>La mayor\u00eda de los nutrientes est\u00e1n contenidos en<em> las partes externas<\/em> de las verduras, por lo que al retirar las partes externas de la verdura, o las secciones da\u00f1adas o marchitas, se debe tener cuidado de eliminar la menor cantidad posible, por ejemplo, al pelar el apio y las zanahorias o quitando las hojas exteriores de espinaca, lechuga, etc.<\/p>\n\n\n\n<p>Las verduras limpias que se <em>consumen crudas<\/em> proporcionan la m\u00e1xima cantidad de nutrientes y antioxidantes, por lo que 8 de cada 10 porciones consumidas deben ser crudas si es posible.<\/p>\n\n\n\n<p>Comer fruta con c\u00e1scara, cuando es comestible, es un buen h\u00e1bito porque aumenta la ingesta de fibra. <\/p>\n\n\n\n<p>La c\u00e1scara protege la fruta y preserva las vitaminas contenidas en la pulpa de la oxidaci\u00f3n (aire y luz). <\/p>\n\n\n\n<p>Si se come en trozos o pelado, la fruta debe consumirse de inmediato y lo mismo ocurre con los zumos o batidos que deben tomarse tan pronto como los hayan preparado.<\/p>\n\n\n\n<p><strong><strong>Cocinar verduras<\/strong><\/strong><\/p>\n\n\n\n<p>Algunas verduras se cocinan para ablandar la celulosa y hacerlas m\u00e1s sabrosas y comestibles.<\/p>\n\n\n\n<p>Los m\u00e9todos de cocci\u00f3n m\u00e1s frecuentes son <em>hervir, cocer al vapor, asar a la parrilla y hornear<\/em>; Durante la cocci\u00f3n, es posible que se pierdan partes importantes de minerales, vitaminas y nutrientes que son solubles en agua y est\u00e1n sujetos a deterioro debido a la exposici\u00f3n al calor.<\/p>\n\n\n\n<figure class=\"wp-block-image size-full\"><img decoding=\"async\" width=\"1200\" height=\"670\" src=\"https:\/\/ilovefruitandvegfromeurope.com\/wp-content\/uploads\/2021\/07\/My-Post-8.png\" alt=\"Versatilidad de frutas y verduras frescas.\" class=\"wp-image-220\" title=\"Versatility of fresh fruit and vegetables\" srcset=\"https:\/\/ilovefruitandvegfromeurope.com\/wp-content\/uploads\/2021\/07\/My-Post-8.png 1200w, https:\/\/ilovefruitandvegfromeurope.com\/wp-content\/uploads\/2021\/07\/My-Post-8-300x168.png 300w, https:\/\/ilovefruitandvegfromeurope.com\/wp-content\/uploads\/2021\/07\/My-Post-8-1024x572.png 1024w, https:\/\/ilovefruitandvegfromeurope.com\/wp-content\/uploads\/2021\/07\/My-Post-8-768x429.png 768w\" sizes=\"(max-width: 1200px) 100vw, 1200px\" \/><\/figure>\n\n\n\n<p>Durante el hervor , los minerales y vitaminas solubles en agua como la vitamina C y las del complejo vitam\u00ednico B, que tambi\u00e9n est\u00e1n sujetos a deterioro por el calor, se disuelven en agua. Sin embargo, los minerales se pueden recuperar si tambi\u00e9n se consume el agua en la que se cocinan las verduras.<\/p>\n\n\n\n<p><em>Cocinar al vapor las verduras y las frutas<\/em> evita que los nutrientes se disuelvan. Sin embargo, algunas vitaminas se deterioran debido al calor de la cocci\u00f3n y deben cocinarse al vapor durante el menor tiempo posible.<\/p>\n\n\n\n<p>Con una olla a presi\u00f3n, las verduras se pueden cocinar mucho m\u00e1s r\u00e1pido.<\/p>\n\n\n\n<p><em>Hornear o asar <\/em>a la parrilla hace que las verduras y los jugos de frutas se liberen durante la cocci\u00f3n; como este l\u00edquido contiene algunos de los minerales y vitaminas, el tiempo de cocci\u00f3n debe ser lo m\u00e1s breve posible.<\/p>\n\n\n\n<p>En cualquier caso, las verduras y frutas ligeramente cocidas conservan m\u00e1s nutrientes.<\/p>\n\n\n\n<p>Hornear fruta con su c\u00e1scara conserva la fibra en cantidades similares a la fruta cruda.<\/p>\n","protected":false},"excerpt":{"rendered":"<p>Elaboraci\u00f3n y consumo de verduras crudas Las frutas y verduras proporcionan los porcentajes m\u00e1s altos de nutrientes si se limpian adecuadamente y se comen crudas, aunque hay muchas verduras cuya nutrici\u00f3n mejora con la cocci\u00f3n, como las zanahorias para el betacaroteno, algunas verduras de hoja verde y los tomates que, cuando se cocinan, aumentan su<\/p>\n","protected":false},"author":2,"featured_media":652,"parent":0,"menu_order":0,"comment_status":"closed","ping_status":"closed","template":"","meta":{"_acf_changed":false,"footnotes":""},"class_list":["post-650","page","type-page","status-publish","has-post-thumbnail","hentry"],"acf":[],"yoast_head":"<!-- This site is optimized with the Yoast SEO plugin v24.1 - https:\/\/yoast.com\/wordpress\/plugins\/seo\/ -->\n<title>Versatilidad de frutas y verduras frescas: descubra m\u00e1s.<\/title>\n<meta name=\"description\" content=\"Versatilidad de frutas y verduras frescas: la mayor\u00eda de los nutrientes se encuentran en las partes externas de las verduras.\" \/>\n<meta name=\"robots\" content=\"index, follow, max-snippet:-1, max-image-preview:large, max-video-preview:-1\" \/>\n<link rel=\"canonical\" href=\"https:\/\/ilovefruitandvegfromeurope.com\/es\/versatilidad-de-frutas-y-verduras-frescas\/\" \/>\n<meta property=\"og:locale\" content=\"es_ES\" \/>\n<meta property=\"og:type\" content=\"article\" \/>\n<meta property=\"og:title\" content=\"Versatilidad de frutas y verduras frescas: descubra m\u00e1s.\" \/>\n<meta property=\"og:description\" content=\"Versatilidad de frutas y verduras frescas: la mayor\u00eda de los nutrientes se encuentran en las partes externas de las verduras.\" \/>\n<meta property=\"og:url\" content=\"https:\/\/ilovefruitandvegfromeurope.com\/es\/versatilidad-de-frutas-y-verduras-frescas\/\" \/>\n<meta property=\"og:site_name\" content=\"I Love Fruit And Veg From Europe\" \/>\n<meta property=\"article:modified_time\" content=\"2021-07-13T06:57:32+00:00\" \/>\n<meta property=\"og:image\" content=\"https:\/\/ilovefruitandvegfromeurope.com\/wp-content\/uploads\/2021\/07\/My-Post-10.png\" \/>\n\t<meta property=\"og:image:width\" content=\"1200\" \/>\n\t<meta property=\"og:image:height\" content=\"670\" \/>\n\t<meta property=\"og:image:type\" content=\"image\/png\" \/>\n<meta name=\"twitter:card\" content=\"summary_large_image\" \/>\n<meta name=\"twitter:label1\" content=\"Tiempo de lectura\" \/>\n\t<meta name=\"twitter:data1\" content=\"3 minutos\" \/>\n<script type=\"application\/ld+json\" class=\"yoast-schema-graph\">{\"@context\":\"https:\/\/schema.org\",\"@graph\":[{\"@type\":\"WebPage\",\"@id\":\"https:\/\/ilovefruitandvegfromeurope.com\/es\/versatilidad-de-frutas-y-verduras-frescas\/\",\"url\":\"https:\/\/ilovefruitandvegfromeurope.com\/es\/versatilidad-de-frutas-y-verduras-frescas\/\",\"name\":\"Versatilidad de frutas y verduras frescas: descubra m\u00e1s.\",\"isPartOf\":{\"@id\":\"https:\/\/ilovefruitandvegfromeurope.com\/es\/#website\"},\"primaryImageOfPage\":{\"@id\":\"https:\/\/ilovefruitandvegfromeurope.com\/es\/versatilidad-de-frutas-y-verduras-frescas\/#primaryimage\"},\"image\":{\"@id\":\"https:\/\/ilovefruitandvegfromeurope.com\/es\/versatilidad-de-frutas-y-verduras-frescas\/#primaryimage\"},\"thumbnailUrl\":\"https:\/\/ilovefruitandvegfromeurope.com\/wp-content\/uploads\/2021\/07\/My-Post-10.png\",\"datePublished\":\"2021-07-07T18:39:22+00:00\",\"dateModified\":\"2021-07-13T06:57:32+00:00\",\"description\":\"Versatilidad de frutas y verduras frescas: la mayor\u00eda de los nutrientes se encuentran en las partes externas de las verduras.\",\"breadcrumb\":{\"@id\":\"https:\/\/ilovefruitandvegfromeurope.com\/es\/versatilidad-de-frutas-y-verduras-frescas\/#breadcrumb\"},\"inLanguage\":\"es\",\"potentialAction\":[{\"@type\":\"ReadAction\",\"target\":[\"https:\/\/ilovefruitandvegfromeurope.com\/es\/versatilidad-de-frutas-y-verduras-frescas\/\"]}]},{\"@type\":\"ImageObject\",\"inLanguage\":\"es\",\"@id\":\"https:\/\/ilovefruitandvegfromeurope.com\/es\/versatilidad-de-frutas-y-verduras-frescas\/#primaryimage\",\"url\":\"https:\/\/ilovefruitandvegfromeurope.com\/wp-content\/uploads\/2021\/07\/My-Post-10.png\",\"contentUrl\":\"https:\/\/ilovefruitandvegfromeurope.com\/wp-content\/uploads\/2021\/07\/My-Post-10.png\",\"width\":1200,\"height\":670},{\"@type\":\"BreadcrumbList\",\"@id\":\"https:\/\/ilovefruitandvegfromeurope.com\/es\/versatilidad-de-frutas-y-verduras-frescas\/#breadcrumb\",\"itemListElement\":[{\"@type\":\"ListItem\",\"position\":1,\"name\":\"Home\",\"item\":\"https:\/\/ilovefruitandvegfromeurope.com\/es\/\"},{\"@type\":\"ListItem\",\"position\":2,\"name\":\"Versatilidad de frutas y verduras frescas\"}]},{\"@type\":\"WebSite\",\"@id\":\"https:\/\/ilovefruitandvegfromeurope.com\/es\/#website\",\"url\":\"https:\/\/ilovefruitandvegfromeurope.com\/es\/\",\"name\":\"I Love Fruit And Veg From Europe\",\"description\":\"I Love Fruit And Veg From Europe: I Choose Fresh And Fair\",\"publisher\":{\"@id\":\"https:\/\/ilovefruitandvegfromeurope.com\/es\/#organization\"},\"potentialAction\":[{\"@type\":\"SearchAction\",\"target\":{\"@type\":\"EntryPoint\",\"urlTemplate\":\"https:\/\/ilovefruitandvegfromeurope.com\/es\/?s={search_term_string}\"},\"query-input\":{\"@type\":\"PropertyValueSpecification\",\"valueRequired\":true,\"valueName\":\"search_term_string\"}}],\"inLanguage\":\"es\"},{\"@type\":\"Organization\",\"@id\":\"https:\/\/ilovefruitandvegfromeurope.com\/es\/#organization\",\"name\":\"I Love Fruit And Veg From Europe\",\"url\":\"https:\/\/ilovefruitandvegfromeurope.com\/es\/\",\"logo\":{\"@type\":\"ImageObject\",\"inLanguage\":\"es\",\"@id\":\"https:\/\/ilovefruitandvegfromeurope.com\/es\/#\/schema\/logo\/image\/\",\"url\":\"https:\/\/ilovefruitandvegfromeurope.com\/wp-content\/uploads\/2021\/07\/logo.png\",\"contentUrl\":\"https:\/\/ilovefruitandvegfromeurope.com\/wp-content\/uploads\/2021\/07\/logo.png\",\"width\":248,\"height\":62,\"caption\":\"I Love Fruit And Veg From Europe\"},\"image\":{\"@id\":\"https:\/\/ilovefruitandvegfromeurope.com\/es\/#\/schema\/logo\/image\/\"}}]}<\/script>\n<!-- \/ Yoast SEO plugin. -->","yoast_head_json":{"title":"Versatilidad de frutas y verduras frescas: descubra m\u00e1s.","description":"Versatilidad de frutas y verduras frescas: la mayor\u00eda de los nutrientes se encuentran en las partes externas de las verduras.","robots":{"index":"index","follow":"follow","max-snippet":"max-snippet:-1","max-image-preview":"max-image-preview:large","max-video-preview":"max-video-preview:-1"},"canonical":"https:\/\/ilovefruitandvegfromeurope.com\/es\/versatilidad-de-frutas-y-verduras-frescas\/","og_locale":"es_ES","og_type":"article","og_title":"Versatilidad de frutas y verduras frescas: descubra m\u00e1s.","og_description":"Versatilidad de frutas y verduras frescas: la mayor\u00eda de los nutrientes se encuentran en las partes externas de las verduras.","og_url":"https:\/\/ilovefruitandvegfromeurope.com\/es\/versatilidad-de-frutas-y-verduras-frescas\/","og_site_name":"I Love Fruit And Veg From Europe","article_modified_time":"2021-07-13T06:57:32+00:00","og_image":[{"width":1200,"height":670,"url":"https:\/\/ilovefruitandvegfromeurope.com\/wp-content\/uploads\/2021\/07\/My-Post-10.png","type":"image\/png"}],"twitter_card":"summary_large_image","twitter_misc":{"Tiempo de lectura":"3 minutos"},"schema":{"@context":"https:\/\/schema.org","@graph":[{"@type":"WebPage","@id":"https:\/\/ilovefruitandvegfromeurope.com\/es\/versatilidad-de-frutas-y-verduras-frescas\/","url":"https:\/\/ilovefruitandvegfromeurope.com\/es\/versatilidad-de-frutas-y-verduras-frescas\/","name":"Versatilidad de frutas y verduras frescas: descubra m\u00e1s.","isPartOf":{"@id":"https:\/\/ilovefruitandvegfromeurope.com\/es\/#website"},"primaryImageOfPage":{"@id":"https:\/\/ilovefruitandvegfromeurope.com\/es\/versatilidad-de-frutas-y-verduras-frescas\/#primaryimage"},"image":{"@id":"https:\/\/ilovefruitandvegfromeurope.com\/es\/versatilidad-de-frutas-y-verduras-frescas\/#primaryimage"},"thumbnailUrl":"https:\/\/ilovefruitandvegfromeurope.com\/wp-content\/uploads\/2021\/07\/My-Post-10.png","datePublished":"2021-07-07T18:39:22+00:00","dateModified":"2021-07-13T06:57:32+00:00","description":"Versatilidad de frutas y verduras frescas: la mayor\u00eda de los nutrientes se encuentran en las partes externas de las verduras.","breadcrumb":{"@id":"https:\/\/ilovefruitandvegfromeurope.com\/es\/versatilidad-de-frutas-y-verduras-frescas\/#breadcrumb"},"inLanguage":"es","potentialAction":[{"@type":"ReadAction","target":["https:\/\/ilovefruitandvegfromeurope.com\/es\/versatilidad-de-frutas-y-verduras-frescas\/"]}]},{"@type":"ImageObject","inLanguage":"es","@id":"https:\/\/ilovefruitandvegfromeurope.com\/es\/versatilidad-de-frutas-y-verduras-frescas\/#primaryimage","url":"https:\/\/ilovefruitandvegfromeurope.com\/wp-content\/uploads\/2021\/07\/My-Post-10.png","contentUrl":"https:\/\/ilovefruitandvegfromeurope.com\/wp-content\/uploads\/2021\/07\/My-Post-10.png","width":1200,"height":670},{"@type":"BreadcrumbList","@id":"https:\/\/ilovefruitandvegfromeurope.com\/es\/versatilidad-de-frutas-y-verduras-frescas\/#breadcrumb","itemListElement":[{"@type":"ListItem","position":1,"name":"Home","item":"https:\/\/ilovefruitandvegfromeurope.com\/es\/"},{"@type":"ListItem","position":2,"name":"Versatilidad de frutas y verduras frescas"}]},{"@type":"WebSite","@id":"https:\/\/ilovefruitandvegfromeurope.com\/es\/#website","url":"https:\/\/ilovefruitandvegfromeurope.com\/es\/","name":"I Love Fruit And Veg From Europe","description":"I Love Fruit And Veg From Europe: I Choose Fresh And Fair","publisher":{"@id":"https:\/\/ilovefruitandvegfromeurope.com\/es\/#organization"},"potentialAction":[{"@type":"SearchAction","target":{"@type":"EntryPoint","urlTemplate":"https:\/\/ilovefruitandvegfromeurope.com\/es\/?s={search_term_string}"},"query-input":{"@type":"PropertyValueSpecification","valueRequired":true,"valueName":"search_term_string"}}],"inLanguage":"es"},{"@type":"Organization","@id":"https:\/\/ilovefruitandvegfromeurope.com\/es\/#organization","name":"I Love Fruit And Veg From Europe","url":"https:\/\/ilovefruitandvegfromeurope.com\/es\/","logo":{"@type":"ImageObject","inLanguage":"es","@id":"https:\/\/ilovefruitandvegfromeurope.com\/es\/#\/schema\/logo\/image\/","url":"https:\/\/ilovefruitandvegfromeurope.com\/wp-content\/uploads\/2021\/07\/logo.png","contentUrl":"https:\/\/ilovefruitandvegfromeurope.com\/wp-content\/uploads\/2021\/07\/logo.png","width":248,"height":62,"caption":"I Love Fruit And Veg From Europe"},"image":{"@id":"https:\/\/ilovefruitandvegfromeurope.com\/es\/#\/schema\/logo\/image\/"}}]}},"_links":{"self":[{"href":"https:\/\/ilovefruitandvegfromeurope.com\/es\/wp-json\/wp\/v2\/pages\/650","targetHints":{"allow":["GET"]}}],"collection":[{"href":"https:\/\/ilovefruitandvegfromeurope.com\/es\/wp-json\/wp\/v2\/pages"}],"about":[{"href":"https:\/\/ilovefruitandvegfromeurope.com\/es\/wp-json\/wp\/v2\/types\/page"}],"author":[{"embeddable":true,"href":"https:\/\/ilovefruitandvegfromeurope.com\/es\/wp-json\/wp\/v2\/users\/2"}],"replies":[{"embeddable":true,"href":"https:\/\/ilovefruitandvegfromeurope.com\/es\/wp-json\/wp\/v2\/comments?post=650"}],"version-history":[{"count":2,"href":"https:\/\/ilovefruitandvegfromeurope.com\/es\/wp-json\/wp\/v2\/pages\/650\/revisions"}],"predecessor-version":[{"id":909,"href":"https:\/\/ilovefruitandvegfromeurope.com\/es\/wp-json\/wp\/v2\/pages\/650\/revisions\/909"}],"wp:featuredmedia":[{"embeddable":true,"href":"https:\/\/ilovefruitandvegfromeurope.com\/es\/wp-json\/wp\/v2\/media\/652"}],"wp:attachment":[{"href":"https:\/\/ilovefruitandvegfromeurope.com\/es\/wp-json\/wp\/v2\/media?parent=650"}],"curies":[{"name":"wp","href":"https:\/\/api.w.org\/{rel}","templated":true}]}}