
{"id":697,"date":"2021-07-07T21:13:35","date_gmt":"2021-07-07T19:13:35","guid":{"rendered":"https:\/\/ilovefruitandvegfromeurope.com\/pdo-pgi-and-organic-fruit-and-vegetables\/"},"modified":"2021-07-13T08:51:44","modified_gmt":"2021-07-13T06:51:44","slug":"dop-igp-y-frutas-y-hortalizas-ecologicas","status":"publish","type":"page","link":"https:\/\/ilovefruitandvegfromeurope.com\/es\/dop-igp-y-frutas-y-hortalizas-ecologicas\/","title":{"rendered":"DOP, IGP y Frutas y Hortalizas Ecol\u00f3gicas"},"content":{"rendered":"\n<p class=\"has-medium-font-size\"><strong><strong>DOP e IGP: \u00bfqu\u00e9 significan?<\/strong><\/strong><\/p>\n\n\n\n<p>Se trata de <strong>Indicadores de Calidad de la UE<\/strong>, destinados a proteger los nombres y las cualidades de productos espec\u00edficos, o promover sus caracter\u00edsticas \u00fanicas, vinculadas a su origen geogr\u00e1fico, as\u00ed como a las tradiciones en el conocimiento y la pr\u00e1ctica.<\/p>\n\n\n\n<p>Los nombres de productos pueden recibir una \u00ab<em>indicaci\u00f3n geogr\u00e1fica<\/em>\u00bb (IG) si tienen un v\u00ednculo espec\u00edfico con el lugar donde se fabrican. <\/p>\n\n\n\n<p>El reconocimiento de IG permite a los consumidores confiar y distinguir productos de calidad, al mismo tiempo que ayuda a los productores a comercializar mejor sus productos.&nbsp; <\/p>\n\n\n\n<p>Las indicaciones geogr\u00e1ficas establecen derechos de propiedad intelectual para productos espec\u00edficos, cuyas cualidades est\u00e1n espec\u00edficamente vinculadas al \u00e1rea de producci\u00f3n.<\/p>\n\n\n\n<figure class=\"wp-block-image size-full is-style-default\"><img decoding=\"async\" width=\"800\" height=\"520\" src=\"https:\/\/ilovefruitandvegfromeurope.com\/wp-content\/uploads\/2021\/07\/Hands-e1576080528844.jpg\" alt=\"DOP, IGP y Frutas y Hortalizas Ecol\u00f3gicas\" class=\"wp-image-228\" srcset=\"https:\/\/ilovefruitandvegfromeurope.com\/wp-content\/uploads\/2021\/07\/Hands-e1576080528844.jpg 800w, https:\/\/ilovefruitandvegfromeurope.com\/wp-content\/uploads\/2021\/07\/Hands-e1576080528844-300x195.jpg 300w, https:\/\/ilovefruitandvegfromeurope.com\/wp-content\/uploads\/2021\/07\/Hands-e1576080528844-768x499.jpg 768w\" sizes=\"(max-width: 800px) 100vw, 800px\" \/><\/figure>\n\n\n\n<p class=\"has-medium-font-size\"><strong><strong>Denominaci\u00f3n de origen protegida (DOP)<\/strong><\/strong><\/p>\n\n\n\n<p>Para que un producto sea etiquetado como DOP, debe <em>tener los v\u00ednculos m\u00e1s fuertes con el lugar en el que se cultiva y \/ o fabrica<\/em>. Todas y cada una de las partes de la producci\u00f3n, desde las semillas hasta el crecimiento, pasando por el procesamiento y el proceso de preparaci\u00f3n, deben tener lugar en una regi\u00f3n especificada.<\/p>\n\n\n\n<p class=\"has-medium-font-size\"><strong><strong>Indicaci\u00f3n geogr\u00e1fica protegida (IGP) &nbsp;<\/strong><\/strong><\/p>\n\n\n\n<p><em>IGP enfatiza la relaci\u00f3n del producto con una regi\u00f3n geogr\u00e1fica espec\u00edfica<\/em>, conocida por su calidad particular, reputaci\u00f3n u otra caracter\u00edstica que captura las cualidades esencialmente conocidas en su origen geogr\u00e1fico. Para la mayor\u00eda de los productos, al menos una de las etapas de producci\u00f3n, procesamiento o preparaci\u00f3n tiene lugar en la regi\u00f3n.<\/p>\n\n\n\n<p>Hay <strong>456 productos registrados con DOP \/ IGP <\/strong>en la base de datos de la UE eAmbrosia (incluidos 67 productos de pa\u00edses fuera de la UE) en la clase de producto 1.6 (frutas, verduras y cereales frescos o procesados), y 118 de ellos son de Italia, con diferencia el mayor n\u00famero de cualquier otro pa\u00eds;&nbsp; Espa\u00f1a tiene 62 y Francia 60.<\/p>\n\n\n\n<p class=\"has-medium-font-size\"><strong><strong>Producci\u00f3n ecol\u00f3gica de frutas y hortalizas<\/strong><\/strong><\/p>\n\n\n\n<p>La agricultura ecol\u00f3gica es un m\u00e9todo agr\u00edcola cuyo objetivo es <em>producir alimentos utilizando todas las sustancias y procesos naturales, sin venenos qu\u00edmicos<\/em>. Tiende a tener un impacto menos negativo en el medio ambiente, ya que fomenta:<\/p>\n\n\n\n<p>\u2022 el uso responsable de la energ\u00eda y los recursos naturales<\/p>\n\n\n\n<p>\u2022 el mantenimiento de la biodiversidad<\/p>\n\n\n\n<p>\u2022 preservaci\u00f3n de los equilibrios ecol\u00f3gicos regionales<\/p>\n\n\n\n<p>\u2022 mejora de la fertilidad del suelo<\/p>\n\n\n\n<p>\u2022 mantenimiento de la calidad del agua.<\/p>\n\n\n\n<p><strong>Las regulaciones de la Uni\u00f3n Europea<\/strong> sobre agricultura org\u00e1nica est\u00e1n dise\u00f1adas para proporcionar una estructura clara para la producci\u00f3n de productos org\u00e1nicos en toda la UE. Esto es para satisfacer la demanda de los consumidores de productos org\u00e1nicos confiables al mismo tiempo que se brinda un mercado justo para los productores, distribuidores y comercializadores.<\/p>\n\n\n\n<p class=\"has-medium-font-size\"><strong><strong>Generar confianza en la agricultura ecol\u00f3gica<\/strong><\/strong><\/p>\n\n\n\n<p>Para que los agricultores obtengan beneficios de los m\u00e9todos de agricultura org\u00e1nica, los consumidores deben confiar en que se est\u00e1n siguiendo las reglas sobre la producci\u00f3n org\u00e1nica. <\/p>\n\n\n\n<p>Por lo tanto, la UE mantiene un estricto sistema de control y aplicaci\u00f3n para garantizar que las reglas y regulaciones org\u00e1nicas se sigan correctamente. <\/p>\n\n\n\n<p>Dado que la agricultura org\u00e1nica es parte de una cadena de suministro m\u00e1s amplia que abarca los sectores de procesamiento, distribuci\u00f3n y venta minorista de alimentos, estos tambi\u00e9n est\u00e1n sujetos a controles y regulaciones.<\/p>\n\n\n\n<ul class=\"wp-block-list\"><li>Cada miembro de la UE nombra \u00ab<strong>organismos o autoridades de control<\/strong>\u00bb para inspeccionar a los operadores en la cadena alimentaria org\u00e1nica. Los productores, distribuidores y comercializadores de productos org\u00e1nicos deben registrarse con su organismo de control local antes de que se les permita comercializar sus alimentos como org\u00e1nicos.<\/li><li>Despu\u00e9s de haber sido inspeccionados y controlados, se les otorgar\u00e1 un certificado para confirmar que sus productos cumplen con los est\u00e1ndares org\u00e1nicos.<\/li><li>Todos los operadores son controlados al menos <strong>una vez al a\u00f1o<\/strong> para asegurarse de que contin\u00faen cumpliendo las reglas.<\/li><li>\u00a0Los alimentos org\u00e1nicos importados tambi\u00e9n est\u00e1n sujetos a procedimientos de control para garantizar que tambi\u00e9n se hayan producido y enviado de acuerdo con los principios org\u00e1nicos.<\/li><\/ul>\n\n\n\n<p class=\"has-medium-font-size\"><strong><strong>El logo org\u00e1nico<\/strong><\/strong><\/p>\n\n\n\n<p>El logotipo org\u00e1nico da una <strong>identidad visual<\/strong> coherente a los productos org\u00e1nicos producidos en la UE vendidos en la UE. Esto facilita a los consumidores de la UE identificar los productos org\u00e1nicos y ayuda a los agricultores a comercializarlos en todos los pa\u00edses de la UE. <\/p>\n\n\n\n<p><em>El logotipo org\u00e1nico solo se puede utilizar en productos que hayan sido certificados como org\u00e1nicos por una agencia u organismo de control autorizado<\/em>. Esto significa que han cumplido condiciones estrictas sobre c\u00f3mo se producen, transportan y almacenan.<\/p>\n\n\n\n<div class=\"wp-block-image is-style-default\"><figure class=\"aligncenter\"><img decoding=\"async\" src=\"https:\/\/lh4.googleusercontent.com\/22nWnh6WtxzlYZ8X_IfblefbBcqcq2mtcI5DV8P6btJa8IaHsbwleJL39xp2cibUVlm0V0Yb5yqku6weZOhS9wX3XuFQs0GSn7eSxB5tEVO6sIUq23onFuQoaPiqXgzaclJwyaJQ2d3wborXtw\" alt=\"El logo org\u00e1nico\"\/><\/figure><\/div>\n\n\n\n<p>Actualmente, alrededor del 8,5% de la superficie agr\u00edcola de la UE se cultiva de forma ecol\u00f3gica. <\/p>\n\n\n\n<p>La Comisi\u00f3n Europea ha propuesto un Plan de Acci\u00f3n para el desarrollo de la producci\u00f3n org\u00e1nica, para impulsar la producci\u00f3n y el consumo de productos org\u00e1nicos al 25% de las tierras agr\u00edcolas bajo agricultura org\u00e1nica para 2030. <\/p>\n\n\n\n<p>La producci\u00f3n org\u00e1nica tiene una serie de beneficios importantes: los campos org\u00e1nicos tienen alrededor un 30% m\u00e1s de biodiversidad, los agricultores org\u00e1nicos tienen ingresos m\u00e1s altos y\u00a0 tienen m\u00e1s solidez, y los consumidores saben exactamente lo que obtienen gracias al logotipo org\u00e1nico de la UE. <\/p>\n\n\n\n<p>El Plan de acci\u00f3n est\u00e1 en consonancia con el Pacto Verde Europeo y las Estrategias de la granja a la mesa y la biodiversidad.<\/p>\n\n\n\n<p>Las frutas y hortalizas siempre han sido la categor\u00eda de alimentos favorita de los consumidores interesados \u200b\u200ben la producci\u00f3n ecol\u00f3gica.<\/p>\n","protected":false},"excerpt":{"rendered":"<p>DOP e IGP: \u00bfqu\u00e9 significan? Se trata de Indicadores de Calidad de la UE, destinados a proteger los nombres y las cualidades de productos espec\u00edficos, o promover sus caracter\u00edsticas \u00fanicas, vinculadas a su origen geogr\u00e1fico, as\u00ed como a las tradiciones en el conocimiento y la pr\u00e1ctica. Los nombres de productos pueden recibir una \u00abindicaci\u00f3n geogr\u00e1fica\u00bb<\/p>\n","protected":false},"author":2,"featured_media":699,"parent":0,"menu_order":0,"comment_status":"closed","ping_status":"closed","template":"","meta":{"_acf_changed":false,"footnotes":""},"class_list":["post-697","page","type-page","status-publish","has-post-thumbnail","hentry"],"acf":[],"yoast_head":"<!-- This site is optimized with the Yoast SEO plugin v24.1 - https:\/\/yoast.com\/wordpress\/plugins\/seo\/ -->\n<title>DOP, IGP y Frutas y Hortalizas Ecol\u00f3gicas. Saber m\u00e1s.<\/title>\n<meta name=\"description\" content=\"DOP, IGP y Frutas y Hortalizas Ecol\u00f3gicas: el reconocimiento de la IG permite a los consumidores confiar y distinguir productos de calidad.\" \/>\n<meta name=\"robots\" content=\"index, follow, max-snippet:-1, max-image-preview:large, max-video-preview:-1\" \/>\n<link rel=\"canonical\" href=\"https:\/\/ilovefruitandvegfromeurope.com\/es\/dop-igp-y-frutas-y-hortalizas-ecologicas\/\" \/>\n<meta property=\"og:locale\" content=\"es_ES\" \/>\n<meta property=\"og:type\" content=\"article\" \/>\n<meta property=\"og:title\" content=\"DOP, IGP y Frutas y Hortalizas Ecol\u00f3gicas. Saber m\u00e1s.\" \/>\n<meta property=\"og:description\" content=\"DOP, IGP y Frutas y Hortalizas Ecol\u00f3gicas: el reconocimiento de la IG permite a los consumidores confiar y distinguir productos de calidad.\" \/>\n<meta property=\"og:url\" content=\"https:\/\/ilovefruitandvegfromeurope.com\/es\/dop-igp-y-frutas-y-hortalizas-ecologicas\/\" \/>\n<meta property=\"og:site_name\" content=\"I Love Fruit And Veg From Europe\" \/>\n<meta property=\"article:modified_time\" content=\"2021-07-13T06:51:44+00:00\" \/>\n<meta property=\"og:image\" content=\"https:\/\/ilovefruitandvegfromeurope.com\/wp-content\/uploads\/2021\/07\/My-Post-14.png\" \/>\n\t<meta property=\"og:image:width\" content=\"1200\" \/>\n\t<meta property=\"og:image:height\" content=\"670\" \/>\n\t<meta property=\"og:image:type\" content=\"image\/png\" \/>\n<meta name=\"twitter:card\" content=\"summary_large_image\" \/>\n<meta name=\"twitter:label1\" content=\"Tiempo de lectura\" \/>\n\t<meta name=\"twitter:data1\" content=\"5 minutos\" \/>\n<script type=\"application\/ld+json\" class=\"yoast-schema-graph\">{\"@context\":\"https:\/\/schema.org\",\"@graph\":[{\"@type\":\"WebPage\",\"@id\":\"https:\/\/ilovefruitandvegfromeurope.com\/es\/dop-igp-y-frutas-y-hortalizas-ecologicas\/\",\"url\":\"https:\/\/ilovefruitandvegfromeurope.com\/es\/dop-igp-y-frutas-y-hortalizas-ecologicas\/\",\"name\":\"DOP, IGP y Frutas y Hortalizas Ecol\u00f3gicas. Saber m\u00e1s.\",\"isPartOf\":{\"@id\":\"https:\/\/ilovefruitandvegfromeurope.com\/es\/#website\"},\"primaryImageOfPage\":{\"@id\":\"https:\/\/ilovefruitandvegfromeurope.com\/es\/dop-igp-y-frutas-y-hortalizas-ecologicas\/#primaryimage\"},\"image\":{\"@id\":\"https:\/\/ilovefruitandvegfromeurope.com\/es\/dop-igp-y-frutas-y-hortalizas-ecologicas\/#primaryimage\"},\"thumbnailUrl\":\"https:\/\/ilovefruitandvegfromeurope.com\/wp-content\/uploads\/2021\/07\/My-Post-14.png\",\"datePublished\":\"2021-07-07T19:13:35+00:00\",\"dateModified\":\"2021-07-13T06:51:44+00:00\",\"description\":\"DOP, IGP y Frutas y Hortalizas Ecol\u00f3gicas: el reconocimiento de la IG permite a los consumidores confiar y distinguir productos de calidad.\",\"breadcrumb\":{\"@id\":\"https:\/\/ilovefruitandvegfromeurope.com\/es\/dop-igp-y-frutas-y-hortalizas-ecologicas\/#breadcrumb\"},\"inLanguage\":\"es\",\"potentialAction\":[{\"@type\":\"ReadAction\",\"target\":[\"https:\/\/ilovefruitandvegfromeurope.com\/es\/dop-igp-y-frutas-y-hortalizas-ecologicas\/\"]}]},{\"@type\":\"ImageObject\",\"inLanguage\":\"es\",\"@id\":\"https:\/\/ilovefruitandvegfromeurope.com\/es\/dop-igp-y-frutas-y-hortalizas-ecologicas\/#primaryimage\",\"url\":\"https:\/\/ilovefruitandvegfromeurope.com\/wp-content\/uploads\/2021\/07\/My-Post-14.png\",\"contentUrl\":\"https:\/\/ilovefruitandvegfromeurope.com\/wp-content\/uploads\/2021\/07\/My-Post-14.png\",\"width\":1200,\"height\":670},{\"@type\":\"BreadcrumbList\",\"@id\":\"https:\/\/ilovefruitandvegfromeurope.com\/es\/dop-igp-y-frutas-y-hortalizas-ecologicas\/#breadcrumb\",\"itemListElement\":[{\"@type\":\"ListItem\",\"position\":1,\"name\":\"Home\",\"item\":\"https:\/\/ilovefruitandvegfromeurope.com\/es\/\"},{\"@type\":\"ListItem\",\"position\":2,\"name\":\"DOP, IGP y Frutas y Hortalizas Ecol\u00f3gicas\"}]},{\"@type\":\"WebSite\",\"@id\":\"https:\/\/ilovefruitandvegfromeurope.com\/es\/#website\",\"url\":\"https:\/\/ilovefruitandvegfromeurope.com\/es\/\",\"name\":\"I Love Fruit And Veg From Europe\",\"description\":\"I Love Fruit And Veg From Europe: I Choose Fresh And Fair\",\"publisher\":{\"@id\":\"https:\/\/ilovefruitandvegfromeurope.com\/es\/#organization\"},\"potentialAction\":[{\"@type\":\"SearchAction\",\"target\":{\"@type\":\"EntryPoint\",\"urlTemplate\":\"https:\/\/ilovefruitandvegfromeurope.com\/es\/?s={search_term_string}\"},\"query-input\":{\"@type\":\"PropertyValueSpecification\",\"valueRequired\":true,\"valueName\":\"search_term_string\"}}],\"inLanguage\":\"es\"},{\"@type\":\"Organization\",\"@id\":\"https:\/\/ilovefruitandvegfromeurope.com\/es\/#organization\",\"name\":\"I Love Fruit And Veg From Europe\",\"url\":\"https:\/\/ilovefruitandvegfromeurope.com\/es\/\",\"logo\":{\"@type\":\"ImageObject\",\"inLanguage\":\"es\",\"@id\":\"https:\/\/ilovefruitandvegfromeurope.com\/es\/#\/schema\/logo\/image\/\",\"url\":\"https:\/\/ilovefruitandvegfromeurope.com\/wp-content\/uploads\/2021\/07\/logo.png\",\"contentUrl\":\"https:\/\/ilovefruitandvegfromeurope.com\/wp-content\/uploads\/2021\/07\/logo.png\",\"width\":248,\"height\":62,\"caption\":\"I Love Fruit And Veg From Europe\"},\"image\":{\"@id\":\"https:\/\/ilovefruitandvegfromeurope.com\/es\/#\/schema\/logo\/image\/\"}}]}<\/script>\n<!-- \/ Yoast SEO plugin. -->","yoast_head_json":{"title":"DOP, IGP y Frutas y Hortalizas Ecol\u00f3gicas. Saber m\u00e1s.","description":"DOP, IGP y Frutas y Hortalizas Ecol\u00f3gicas: el reconocimiento de la IG permite a los consumidores confiar y distinguir productos de calidad.","robots":{"index":"index","follow":"follow","max-snippet":"max-snippet:-1","max-image-preview":"max-image-preview:large","max-video-preview":"max-video-preview:-1"},"canonical":"https:\/\/ilovefruitandvegfromeurope.com\/es\/dop-igp-y-frutas-y-hortalizas-ecologicas\/","og_locale":"es_ES","og_type":"article","og_title":"DOP, IGP y Frutas y Hortalizas Ecol\u00f3gicas. Saber m\u00e1s.","og_description":"DOP, IGP y Frutas y Hortalizas Ecol\u00f3gicas: el reconocimiento de la IG permite a los consumidores confiar y distinguir productos de calidad.","og_url":"https:\/\/ilovefruitandvegfromeurope.com\/es\/dop-igp-y-frutas-y-hortalizas-ecologicas\/","og_site_name":"I Love Fruit And Veg From Europe","article_modified_time":"2021-07-13T06:51:44+00:00","og_image":[{"width":1200,"height":670,"url":"https:\/\/ilovefruitandvegfromeurope.com\/wp-content\/uploads\/2021\/07\/My-Post-14.png","type":"image\/png"}],"twitter_card":"summary_large_image","twitter_misc":{"Tiempo de lectura":"5 minutos"},"schema":{"@context":"https:\/\/schema.org","@graph":[{"@type":"WebPage","@id":"https:\/\/ilovefruitandvegfromeurope.com\/es\/dop-igp-y-frutas-y-hortalizas-ecologicas\/","url":"https:\/\/ilovefruitandvegfromeurope.com\/es\/dop-igp-y-frutas-y-hortalizas-ecologicas\/","name":"DOP, IGP y Frutas y Hortalizas Ecol\u00f3gicas. Saber m\u00e1s.","isPartOf":{"@id":"https:\/\/ilovefruitandvegfromeurope.com\/es\/#website"},"primaryImageOfPage":{"@id":"https:\/\/ilovefruitandvegfromeurope.com\/es\/dop-igp-y-frutas-y-hortalizas-ecologicas\/#primaryimage"},"image":{"@id":"https:\/\/ilovefruitandvegfromeurope.com\/es\/dop-igp-y-frutas-y-hortalizas-ecologicas\/#primaryimage"},"thumbnailUrl":"https:\/\/ilovefruitandvegfromeurope.com\/wp-content\/uploads\/2021\/07\/My-Post-14.png","datePublished":"2021-07-07T19:13:35+00:00","dateModified":"2021-07-13T06:51:44+00:00","description":"DOP, IGP y Frutas y Hortalizas Ecol\u00f3gicas: el reconocimiento de la IG permite a los consumidores confiar y distinguir productos de calidad.","breadcrumb":{"@id":"https:\/\/ilovefruitandvegfromeurope.com\/es\/dop-igp-y-frutas-y-hortalizas-ecologicas\/#breadcrumb"},"inLanguage":"es","potentialAction":[{"@type":"ReadAction","target":["https:\/\/ilovefruitandvegfromeurope.com\/es\/dop-igp-y-frutas-y-hortalizas-ecologicas\/"]}]},{"@type":"ImageObject","inLanguage":"es","@id":"https:\/\/ilovefruitandvegfromeurope.com\/es\/dop-igp-y-frutas-y-hortalizas-ecologicas\/#primaryimage","url":"https:\/\/ilovefruitandvegfromeurope.com\/wp-content\/uploads\/2021\/07\/My-Post-14.png","contentUrl":"https:\/\/ilovefruitandvegfromeurope.com\/wp-content\/uploads\/2021\/07\/My-Post-14.png","width":1200,"height":670},{"@type":"BreadcrumbList","@id":"https:\/\/ilovefruitandvegfromeurope.com\/es\/dop-igp-y-frutas-y-hortalizas-ecologicas\/#breadcrumb","itemListElement":[{"@type":"ListItem","position":1,"name":"Home","item":"https:\/\/ilovefruitandvegfromeurope.com\/es\/"},{"@type":"ListItem","position":2,"name":"DOP, IGP y Frutas y Hortalizas Ecol\u00f3gicas"}]},{"@type":"WebSite","@id":"https:\/\/ilovefruitandvegfromeurope.com\/es\/#website","url":"https:\/\/ilovefruitandvegfromeurope.com\/es\/","name":"I Love Fruit And Veg From Europe","description":"I Love Fruit And Veg From Europe: I Choose Fresh And Fair","publisher":{"@id":"https:\/\/ilovefruitandvegfromeurope.com\/es\/#organization"},"potentialAction":[{"@type":"SearchAction","target":{"@type":"EntryPoint","urlTemplate":"https:\/\/ilovefruitandvegfromeurope.com\/es\/?s={search_term_string}"},"query-input":{"@type":"PropertyValueSpecification","valueRequired":true,"valueName":"search_term_string"}}],"inLanguage":"es"},{"@type":"Organization","@id":"https:\/\/ilovefruitandvegfromeurope.com\/es\/#organization","name":"I Love Fruit And Veg From Europe","url":"https:\/\/ilovefruitandvegfromeurope.com\/es\/","logo":{"@type":"ImageObject","inLanguage":"es","@id":"https:\/\/ilovefruitandvegfromeurope.com\/es\/#\/schema\/logo\/image\/","url":"https:\/\/ilovefruitandvegfromeurope.com\/wp-content\/uploads\/2021\/07\/logo.png","contentUrl":"https:\/\/ilovefruitandvegfromeurope.com\/wp-content\/uploads\/2021\/07\/logo.png","width":248,"height":62,"caption":"I Love Fruit And Veg From Europe"},"image":{"@id":"https:\/\/ilovefruitandvegfromeurope.com\/es\/#\/schema\/logo\/image\/"}}]}},"_links":{"self":[{"href":"https:\/\/ilovefruitandvegfromeurope.com\/es\/wp-json\/wp\/v2\/pages\/697","targetHints":{"allow":["GET"]}}],"collection":[{"href":"https:\/\/ilovefruitandvegfromeurope.com\/es\/wp-json\/wp\/v2\/pages"}],"about":[{"href":"https:\/\/ilovefruitandvegfromeurope.com\/es\/wp-json\/wp\/v2\/types\/page"}],"author":[{"embeddable":true,"href":"https:\/\/ilovefruitandvegfromeurope.com\/es\/wp-json\/wp\/v2\/users\/2"}],"replies":[{"embeddable":true,"href":"https:\/\/ilovefruitandvegfromeurope.com\/es\/wp-json\/wp\/v2\/comments?post=697"}],"version-history":[{"count":2,"href":"https:\/\/ilovefruitandvegfromeurope.com\/es\/wp-json\/wp\/v2\/pages\/697\/revisions"}],"predecessor-version":[{"id":901,"href":"https:\/\/ilovefruitandvegfromeurope.com\/es\/wp-json\/wp\/v2\/pages\/697\/revisions\/901"}],"wp:featuredmedia":[{"embeddable":true,"href":"https:\/\/ilovefruitandvegfromeurope.com\/es\/wp-json\/wp\/v2\/media\/699"}],"wp:attachment":[{"href":"https:\/\/ilovefruitandvegfromeurope.com\/es\/wp-json\/wp\/v2\/media?parent=697"}],"curies":[{"name":"wp","href":"https:\/\/api.w.org\/{rel}","templated":true}]}}