
{"id":1005,"date":"2021-07-07T19:55:21","date_gmt":"2021-07-07T17:55:21","guid":{"rendered":"https:\/\/ilovefruitandvegfromeurope.com\/fresh-fruit-and-vegetables-food-forhealth\/"},"modified":"2021-07-16T10:20:44","modified_gmt":"2021-07-16T08:20:44","slug":"fruits-et-legumes-frais-aliments-pour-la-sante","status":"publish","type":"page","link":"https:\/\/ilovefruitandvegfromeurope.com\/fr\/fruits-et-legumes-frais-aliments-pour-la-sante\/","title":{"rendered":"Fruits et l\u00e9gumes frais : aliments pour la sant\u00e9"},"content":{"rendered":"\n<p>Manger des fruits et des l\u00e9gumes est l&rsquo;une des meilleures choses que nous puissions faire pour notre <strong>sant\u00e9<\/strong>, ainsi que pour notre plaisir de vivre. Une alimentation riche en fruits et l\u00e9gumes contribue au <em>bien-\u00eatre <\/em>et aide \u00e0 pr\u00e9venir et combattre de nombreuses maladies et affections.<\/p>\n\n\n\n<p>Les effets b\u00e9n\u00e9fiques de la consommation abondante de fruits et l\u00e9gumes comprennent :<\/p>\n\n\n\n<ul class=\"wp-block-list\"><li><em>r\u00e9duire<\/em> le risque de maladies cardiovasculaires<\/li><li><em>prot\u00e9ger<\/em> contre les maladies d\u00e9g\u00e9n\u00e9ratives des reins et des poumons<\/li><li><em>contribuer<\/em> \u00e0 la pr\u00e9vention du diab\u00e8te et du cancer<\/li><li><em>aider<\/em> \u00e0 maintenir une bonne digestion<\/li><li><em>favoriser<\/em> la perte de poids, gr\u00e2ce aux fibres et \u00e0 la sati\u00e9t\u00e9<\/li><li><em>am\u00e9liorer<\/em> l&rsquo;apparence de la peau et des cheveux.<\/li><\/ul>\n\n\n\n<p>Les fruits et l\u00e9gumes <strong>contiennent de l&rsquo;eau en abondance<\/strong>, pour vous garder hydrat\u00e9 ; ils sont <strong>riches en prot\u00e9ines<\/strong> (selon le fruit ou le l\u00e9gume) qui aident \u00e0 la construction des tissus et leurs glucides aident \u00e0 <strong>g\u00e9n\u00e9rer de l&rsquo;\u00e9nergie<\/strong>.<\/p>\n\n\n\n<p>Leur large \u00e9ventail de <em>vitamines, min\u00e9raux et fibres <\/em>aident \u00e0 r\u00e9guler le m\u00e9tabolisme du corps.<\/p>\n\n\n\n<p>Cependant, pour un b\u00e9n\u00e9fice maximal, ils doivent \u00eatre<strong> consomm\u00e9s frais<\/strong>: laiss\u00e9s trop longtemps au r\u00e9frig\u00e9rateur, ils perdent une partie de leurs vitamines et nutriments essentiels.<\/p>\n\n\n\n<p>Parmi les vitamines les plus importantes trouv\u00e9es dans les fruits et l\u00e9gumes figurent la <strong>vitamine C<\/strong>, un antioxydant qui prot\u00e8ge les cellules humaines des effets des radicaux libres, et la <strong>vitamine A<\/strong>, un carot\u00e9no\u00efde qui prot\u00e8ge contre les facteurs environnementaux, tels que la fum\u00e9e et la pollution de l&rsquo;air.<\/p>\n\n\n\n<p>Les min\u00e9raux pr\u00e9sents dans les fruits et l\u00e9gumes sont : <em>le fer, le potassium, le magn\u00e9sium, le calcium, le phosphore, le cuivre, l&rsquo;iode, le sodium et le zinc.<\/em><\/p>\n\n\n\n<figure class=\"wp-block-image size-large\"><img decoding=\"async\" width=\"1024\" height=\"572\" src=\"https:\/\/ilovefruitandvegfromeurope.com\/wp-content\/uploads\/2021\/07\/My-Post-4-1024x572.png\" alt=\"\" class=\"wp-image-213\" srcset=\"https:\/\/ilovefruitandvegfromeurope.com\/wp-content\/uploads\/2021\/07\/My-Post-4-1024x572.png 1024w, https:\/\/ilovefruitandvegfromeurope.com\/wp-content\/uploads\/2021\/07\/My-Post-4-300x168.png 300w, https:\/\/ilovefruitandvegfromeurope.com\/wp-content\/uploads\/2021\/07\/My-Post-4-768x429.png 768w, https:\/\/ilovefruitandvegfromeurope.com\/wp-content\/uploads\/2021\/07\/My-Post-4.png 1200w\" sizes=\"(max-width: 1024px) 100vw, 1024px\" \/><\/figure>\n\n\n\n<p>Les <strong>fibres<\/strong> de fruits et l\u00e9gumes sont tr\u00e8s b\u00e9n\u00e9fiques :<\/p>\n\n\n\n<ul class=\"wp-block-list\"><li>les fibres solubles, principalement contenues dans les fruits, augmentent l&rsquo;absorption des graisses et des prot\u00e9ines, aident \u00e0 la perte de poids et aident \u00e0 r\u00e9guler les fonctions intestinales<\/li><li>les fibres insolubles, en revanche, pr\u00e9sentes principalement dans les l\u00e9gumes, ralentissent l&rsquo;absorption des glucides et contribuent \u00e0 r\u00e9duire la concentration de glucose dans le sang.<\/li><\/ul>\n\n\n\n<p>Il est recommand\u00e9 de consommer au moins <em>5 portions de fruits et l\u00e9gumes par jour<\/em>, la quantit\u00e9 doit \u00eatre augment\u00e9e en hiver, quand il est beaucoup plus difficile de manger suffisamment de fruits et l\u00e9gumes frais.<\/p>\n\n\n\n<p>De nombreux fruits et l\u00e9gumes sont particuli\u00e8rement riches en <strong>antioxydants<\/strong> dont la fonction est de lutter efficacement contre les radicaux libres afin qu&rsquo;ils n&rsquo;endommagent pas nos cellules. <\/p>\n\n\n\n<p>Ceux-ci comprennent les pommes, les fraises, les abricots, les kiwis, les figues, les poires, les carottes, le chou, la betterave, le fenouil, les radis, les \u00e9pinards, la laitue, l&rsquo;aubergine, le brocoli, les courgettes et les poivrons.<\/p>\n\n\n\n<p>Un moyen simple et efficace d&rsquo;obtenir un large \u00e9ventail d&rsquo;antioxydants \u00e0 partir de fruits et de l\u00e9gumes est de simplement manger l&rsquo;arc-en-ciel: incluez des l\u00e9gumes de diff\u00e9rentes couleurs chaque jour, ou au moins 3 \u00e0 4 fois par semaine.<\/p>\n\n\n\n<p>Chaque couleur correspond \u00e0 des micronutriments particuliers et des substances protectrices comme les vitamines C, A, E, des min\u00e9raux comme le zinc, le s\u00e9l\u00e9nium et bien d&rsquo;autres.<\/p>\n\n\n\n<p>Le <strong>rouge<\/strong> indique la pr\u00e9sence de lycop\u00e8ne et d&rsquo;anthocyanes, qui contribuent \u00e0 la protection naturelle des cellules contre les radicaux libres.<\/p>\n\n\n\n<p>Le<strong> jaune\/orange<\/strong> est une source de carot\u00e9no\u00efdes et de flavono\u00efdes qui aident \u00e0 prot\u00e9ger la vue, peuvent pr\u00e9venir le vieillissement cellulaire et renforcer la r\u00e9ponse immunitaire.<\/p>\n\n\n\n<p>Le<strong> vert<\/strong> indique la pr\u00e9sence de chlorophylle, de magn\u00e9sium, d&rsquo;acide folique, de carot\u00e9no\u00efdes et de polyph\u00e9nols qui aident \u00e0 renforcer les vaisseaux sanguins, les os, les dents et peuvent am\u00e9liorer la fonctionnalit\u00e9 du syst\u00e8me nerveux.<\/p>\n\n\n\n<p>Le <strong>violet\/bleu<\/strong> indique la pr\u00e9sence d&rsquo;anthocyanes, de potassium et de magn\u00e9sium qui peuvent combattre la fragilit\u00e9 capillaire et pr\u00e9venir l&rsquo;ath\u00e9roscl\u00e9rose, aidant \u00e0 am\u00e9liorer la m\u00e9moire.<\/p>\n\n\n\n<p>Le <strong>blanc<\/strong> assure un apport de querc\u00e9tine, de compos\u00e9s soufr\u00e9s, de flavono\u00efdes, de potassium et de s\u00e9l\u00e9nium qui peuvent r\u00e9guler le taux de cholest\u00e9rol et maintenir la fluidit\u00e9 du sang tout en ayant des effets b\u00e9n\u00e9fiques sur le tissu osseux.<\/p>\n\n\n\n<p>Les l\u00e9gumes sont riches en <em>fibres<\/em>, en particulier leurs pelures, et doivent donc toujours \u00eatre pr\u00e9par\u00e9s non pel\u00e9s; (en plus des fibres, la peau contient des vitamines et des sels min\u00e9raux suppl\u00e9mentaires).<\/p>\n","protected":false},"excerpt":{"rendered":"<p>Manger des fruits et des l\u00e9gumes est l&rsquo;une des meilleures choses que nous puissions faire pour notre sant\u00e9, ainsi que pour notre plaisir de vivre. Une alimentation riche en fruits et l\u00e9gumes contribue au bien-\u00eatre et aide \u00e0 pr\u00e9venir et combattre de nombreuses maladies et affections. Les effets b\u00e9n\u00e9fiques de la consommation abondante de fruits<\/p>\n","protected":false},"author":2,"featured_media":1006,"parent":0,"menu_order":0,"comment_status":"closed","ping_status":"closed","template":"","meta":{"_acf_changed":false,"footnotes":""},"class_list":["post-1005","page","type-page","status-publish","has-post-thumbnail","hentry"],"acf":[],"yoast_head":"<!-- This site is optimized with the Yoast SEO plugin v24.1 - https:\/\/yoast.com\/wordpress\/plugins\/seo\/ -->\n<title>Fruits et l\u00e9gumes frais : aliments pour la sant\u00e9. En savoir plus!<\/title>\n<meta name=\"description\" content=\"Fruits et l\u00e9gumes frais : aliments pour la sant\u00e9. Les fruits et l\u00e9gumes contribuent au bien-\u00eatre et au plaisir de vivre.\" \/>\n<meta name=\"robots\" content=\"index, follow, max-snippet:-1, max-image-preview:large, max-video-preview:-1\" \/>\n<link rel=\"canonical\" href=\"https:\/\/ilovefruitandvegfromeurope.com\/fr\/fruits-et-legumes-frais-aliments-pour-la-sante\/\" \/>\n<meta property=\"og:locale\" content=\"fr_FR\" \/>\n<meta property=\"og:type\" content=\"article\" \/>\n<meta property=\"og:title\" content=\"Fruits et l\u00e9gumes frais : aliments pour la sant\u00e9. En savoir plus!\" \/>\n<meta property=\"og:description\" content=\"Fruits et l\u00e9gumes frais : aliments pour la sant\u00e9. Les fruits et l\u00e9gumes contribuent au bien-\u00eatre et au plaisir de vivre.\" \/>\n<meta property=\"og:url\" content=\"https:\/\/ilovefruitandvegfromeurope.com\/fr\/fruits-et-legumes-frais-aliments-pour-la-sante\/\" \/>\n<meta property=\"og:site_name\" content=\"I Love Fruit And Veg From Europe\" \/>\n<meta property=\"article:modified_time\" content=\"2021-07-16T08:20:44+00:00\" \/>\n<meta property=\"og:image\" content=\"https:\/\/ilovefruitandvegfromeurope.com\/wp-content\/uploads\/2021\/07\/My-Post-3.png\" \/>\n\t<meta property=\"og:image:width\" content=\"1200\" \/>\n\t<meta property=\"og:image:height\" content=\"670\" \/>\n\t<meta property=\"og:image:type\" content=\"image\/png\" \/>\n<meta name=\"twitter:card\" content=\"summary_large_image\" \/>\n<meta name=\"twitter:label1\" content=\"Dur\u00e9e de lecture estim\u00e9e\" \/>\n\t<meta name=\"twitter:data1\" content=\"4 minutes\" \/>\n<script type=\"application\/ld+json\" class=\"yoast-schema-graph\">{\"@context\":\"https:\/\/schema.org\",\"@graph\":[{\"@type\":\"WebPage\",\"@id\":\"https:\/\/ilovefruitandvegfromeurope.com\/fr\/fruits-et-legumes-frais-aliments-pour-la-sante\/\",\"url\":\"https:\/\/ilovefruitandvegfromeurope.com\/fr\/fruits-et-legumes-frais-aliments-pour-la-sante\/\",\"name\":\"Fruits et l\u00e9gumes frais : aliments pour la sant\u00e9. En savoir plus!\",\"isPartOf\":{\"@id\":\"https:\/\/ilovefruitandvegfromeurope.com\/fr\/#website\"},\"primaryImageOfPage\":{\"@id\":\"https:\/\/ilovefruitandvegfromeurope.com\/fr\/fruits-et-legumes-frais-aliments-pour-la-sante\/#primaryimage\"},\"image\":{\"@id\":\"https:\/\/ilovefruitandvegfromeurope.com\/fr\/fruits-et-legumes-frais-aliments-pour-la-sante\/#primaryimage\"},\"thumbnailUrl\":\"https:\/\/ilovefruitandvegfromeurope.com\/wp-content\/uploads\/2021\/07\/My-Post-3.png\",\"datePublished\":\"2021-07-07T17:55:21+00:00\",\"dateModified\":\"2021-07-16T08:20:44+00:00\",\"description\":\"Fruits et l\u00e9gumes frais : aliments pour la sant\u00e9. Les fruits et l\u00e9gumes contribuent au bien-\u00eatre et au plaisir de vivre.\",\"breadcrumb\":{\"@id\":\"https:\/\/ilovefruitandvegfromeurope.com\/fr\/fruits-et-legumes-frais-aliments-pour-la-sante\/#breadcrumb\"},\"inLanguage\":\"fr-FR\",\"potentialAction\":[{\"@type\":\"ReadAction\",\"target\":[\"https:\/\/ilovefruitandvegfromeurope.com\/fr\/fruits-et-legumes-frais-aliments-pour-la-sante\/\"]}]},{\"@type\":\"ImageObject\",\"inLanguage\":\"fr-FR\",\"@id\":\"https:\/\/ilovefruitandvegfromeurope.com\/fr\/fruits-et-legumes-frais-aliments-pour-la-sante\/#primaryimage\",\"url\":\"https:\/\/ilovefruitandvegfromeurope.com\/wp-content\/uploads\/2021\/07\/My-Post-3.png\",\"contentUrl\":\"https:\/\/ilovefruitandvegfromeurope.com\/wp-content\/uploads\/2021\/07\/My-Post-3.png\",\"width\":1200,\"height\":670},{\"@type\":\"BreadcrumbList\",\"@id\":\"https:\/\/ilovefruitandvegfromeurope.com\/fr\/fruits-et-legumes-frais-aliments-pour-la-sante\/#breadcrumb\",\"itemListElement\":[{\"@type\":\"ListItem\",\"position\":1,\"name\":\"Home\",\"item\":\"https:\/\/ilovefruitandvegfromeurope.com\/fr\/\"},{\"@type\":\"ListItem\",\"position\":2,\"name\":\"Fruits et l\u00e9gumes frais : aliments pour la sant\u00e9\"}]},{\"@type\":\"WebSite\",\"@id\":\"https:\/\/ilovefruitandvegfromeurope.com\/fr\/#website\",\"url\":\"https:\/\/ilovefruitandvegfromeurope.com\/fr\/\",\"name\":\"I Love Fruit And Veg From Europe\",\"description\":\"I Love Fruit And Veg From Europe: I Choose Fresh And Fair\",\"publisher\":{\"@id\":\"https:\/\/ilovefruitandvegfromeurope.com\/fr\/#organization\"},\"potentialAction\":[{\"@type\":\"SearchAction\",\"target\":{\"@type\":\"EntryPoint\",\"urlTemplate\":\"https:\/\/ilovefruitandvegfromeurope.com\/fr\/?s={search_term_string}\"},\"query-input\":{\"@type\":\"PropertyValueSpecification\",\"valueRequired\":true,\"valueName\":\"search_term_string\"}}],\"inLanguage\":\"fr-FR\"},{\"@type\":\"Organization\",\"@id\":\"https:\/\/ilovefruitandvegfromeurope.com\/fr\/#organization\",\"name\":\"I Love Fruit And Veg From Europe\",\"url\":\"https:\/\/ilovefruitandvegfromeurope.com\/fr\/\",\"logo\":{\"@type\":\"ImageObject\",\"inLanguage\":\"fr-FR\",\"@id\":\"https:\/\/ilovefruitandvegfromeurope.com\/fr\/#\/schema\/logo\/image\/\",\"url\":\"https:\/\/ilovefruitandvegfromeurope.com\/wp-content\/uploads\/2021\/07\/logo.png\",\"contentUrl\":\"https:\/\/ilovefruitandvegfromeurope.com\/wp-content\/uploads\/2021\/07\/logo.png\",\"width\":248,\"height\":62,\"caption\":\"I Love Fruit And Veg From Europe\"},\"image\":{\"@id\":\"https:\/\/ilovefruitandvegfromeurope.com\/fr\/#\/schema\/logo\/image\/\"}}]}<\/script>\n<!-- \/ Yoast SEO plugin. -->","yoast_head_json":{"title":"Fruits et l\u00e9gumes frais : aliments pour la sant\u00e9. En savoir plus!","description":"Fruits et l\u00e9gumes frais : aliments pour la sant\u00e9. Les fruits et l\u00e9gumes contribuent au bien-\u00eatre et au plaisir de vivre.","robots":{"index":"index","follow":"follow","max-snippet":"max-snippet:-1","max-image-preview":"max-image-preview:large","max-video-preview":"max-video-preview:-1"},"canonical":"https:\/\/ilovefruitandvegfromeurope.com\/fr\/fruits-et-legumes-frais-aliments-pour-la-sante\/","og_locale":"fr_FR","og_type":"article","og_title":"Fruits et l\u00e9gumes frais : aliments pour la sant\u00e9. En savoir plus!","og_description":"Fruits et l\u00e9gumes frais : aliments pour la sant\u00e9. Les fruits et l\u00e9gumes contribuent au bien-\u00eatre et au plaisir de vivre.","og_url":"https:\/\/ilovefruitandvegfromeurope.com\/fr\/fruits-et-legumes-frais-aliments-pour-la-sante\/","og_site_name":"I Love Fruit And Veg From Europe","article_modified_time":"2021-07-16T08:20:44+00:00","og_image":[{"width":1200,"height":670,"url":"https:\/\/ilovefruitandvegfromeurope.com\/wp-content\/uploads\/2021\/07\/My-Post-3.png","type":"image\/png"}],"twitter_card":"summary_large_image","twitter_misc":{"Dur\u00e9e de lecture estim\u00e9e":"4 minutes"},"schema":{"@context":"https:\/\/schema.org","@graph":[{"@type":"WebPage","@id":"https:\/\/ilovefruitandvegfromeurope.com\/fr\/fruits-et-legumes-frais-aliments-pour-la-sante\/","url":"https:\/\/ilovefruitandvegfromeurope.com\/fr\/fruits-et-legumes-frais-aliments-pour-la-sante\/","name":"Fruits et l\u00e9gumes frais : aliments pour la sant\u00e9. En savoir plus!","isPartOf":{"@id":"https:\/\/ilovefruitandvegfromeurope.com\/fr\/#website"},"primaryImageOfPage":{"@id":"https:\/\/ilovefruitandvegfromeurope.com\/fr\/fruits-et-legumes-frais-aliments-pour-la-sante\/#primaryimage"},"image":{"@id":"https:\/\/ilovefruitandvegfromeurope.com\/fr\/fruits-et-legumes-frais-aliments-pour-la-sante\/#primaryimage"},"thumbnailUrl":"https:\/\/ilovefruitandvegfromeurope.com\/wp-content\/uploads\/2021\/07\/My-Post-3.png","datePublished":"2021-07-07T17:55:21+00:00","dateModified":"2021-07-16T08:20:44+00:00","description":"Fruits et l\u00e9gumes frais : aliments pour la sant\u00e9. Les fruits et l\u00e9gumes contribuent au bien-\u00eatre et au plaisir de vivre.","breadcrumb":{"@id":"https:\/\/ilovefruitandvegfromeurope.com\/fr\/fruits-et-legumes-frais-aliments-pour-la-sante\/#breadcrumb"},"inLanguage":"fr-FR","potentialAction":[{"@type":"ReadAction","target":["https:\/\/ilovefruitandvegfromeurope.com\/fr\/fruits-et-legumes-frais-aliments-pour-la-sante\/"]}]},{"@type":"ImageObject","inLanguage":"fr-FR","@id":"https:\/\/ilovefruitandvegfromeurope.com\/fr\/fruits-et-legumes-frais-aliments-pour-la-sante\/#primaryimage","url":"https:\/\/ilovefruitandvegfromeurope.com\/wp-content\/uploads\/2021\/07\/My-Post-3.png","contentUrl":"https:\/\/ilovefruitandvegfromeurope.com\/wp-content\/uploads\/2021\/07\/My-Post-3.png","width":1200,"height":670},{"@type":"BreadcrumbList","@id":"https:\/\/ilovefruitandvegfromeurope.com\/fr\/fruits-et-legumes-frais-aliments-pour-la-sante\/#breadcrumb","itemListElement":[{"@type":"ListItem","position":1,"name":"Home","item":"https:\/\/ilovefruitandvegfromeurope.com\/fr\/"},{"@type":"ListItem","position":2,"name":"Fruits et l\u00e9gumes frais : aliments pour la sant\u00e9"}]},{"@type":"WebSite","@id":"https:\/\/ilovefruitandvegfromeurope.com\/fr\/#website","url":"https:\/\/ilovefruitandvegfromeurope.com\/fr\/","name":"I Love Fruit And Veg From Europe","description":"I Love Fruit And Veg From Europe: I Choose Fresh And Fair","publisher":{"@id":"https:\/\/ilovefruitandvegfromeurope.com\/fr\/#organization"},"potentialAction":[{"@type":"SearchAction","target":{"@type":"EntryPoint","urlTemplate":"https:\/\/ilovefruitandvegfromeurope.com\/fr\/?s={search_term_string}"},"query-input":{"@type":"PropertyValueSpecification","valueRequired":true,"valueName":"search_term_string"}}],"inLanguage":"fr-FR"},{"@type":"Organization","@id":"https:\/\/ilovefruitandvegfromeurope.com\/fr\/#organization","name":"I Love Fruit And Veg From Europe","url":"https:\/\/ilovefruitandvegfromeurope.com\/fr\/","logo":{"@type":"ImageObject","inLanguage":"fr-FR","@id":"https:\/\/ilovefruitandvegfromeurope.com\/fr\/#\/schema\/logo\/image\/","url":"https:\/\/ilovefruitandvegfromeurope.com\/wp-content\/uploads\/2021\/07\/logo.png","contentUrl":"https:\/\/ilovefruitandvegfromeurope.com\/wp-content\/uploads\/2021\/07\/logo.png","width":248,"height":62,"caption":"I Love Fruit And Veg From Europe"},"image":{"@id":"https:\/\/ilovefruitandvegfromeurope.com\/fr\/#\/schema\/logo\/image\/"}}]}},"_links":{"self":[{"href":"https:\/\/ilovefruitandvegfromeurope.com\/fr\/wp-json\/wp\/v2\/pages\/1005","targetHints":{"allow":["GET"]}}],"collection":[{"href":"https:\/\/ilovefruitandvegfromeurope.com\/fr\/wp-json\/wp\/v2\/pages"}],"about":[{"href":"https:\/\/ilovefruitandvegfromeurope.com\/fr\/wp-json\/wp\/v2\/types\/page"}],"author":[{"embeddable":true,"href":"https:\/\/ilovefruitandvegfromeurope.com\/fr\/wp-json\/wp\/v2\/users\/2"}],"replies":[{"embeddable":true,"href":"https:\/\/ilovefruitandvegfromeurope.com\/fr\/wp-json\/wp\/v2\/comments?post=1005"}],"version-history":[{"count":2,"href":"https:\/\/ilovefruitandvegfromeurope.com\/fr\/wp-json\/wp\/v2\/pages\/1005\/revisions"}],"predecessor-version":[{"id":1013,"href":"https:\/\/ilovefruitandvegfromeurope.com\/fr\/wp-json\/wp\/v2\/pages\/1005\/revisions\/1013"}],"wp:featuredmedia":[{"embeddable":true,"href":"https:\/\/ilovefruitandvegfromeurope.com\/fr\/wp-json\/wp\/v2\/media\/1006"}],"wp:attachment":[{"href":"https:\/\/ilovefruitandvegfromeurope.com\/fr\/wp-json\/wp\/v2\/media?parent=1005"}],"curies":[{"name":"wp","href":"https:\/\/api.w.org\/{rel}","templated":true}]}}