
{"id":1023,"date":"2021-07-07T21:13:35","date_gmt":"2021-07-07T19:13:35","guid":{"rendered":"https:\/\/ilovefruitandvegfromeurope.com\/pdo-pgi-and-organic-fruit-and-vegetables\/"},"modified":"2021-07-16T10:45:10","modified_gmt":"2021-07-16T08:45:10","slug":"pdo-pgi-fruits-et-legumes-organiques","status":"publish","type":"page","link":"https:\/\/ilovefruitandvegfromeurope.com\/fr\/pdo-pgi-fruits-et-legumes-organiques\/","title":{"rendered":"PDO, PGI Fruits et l\u00e9gumes organiques"},"content":{"rendered":"\n<p class=\"has-medium-font-size\"><strong><strong>PDO et PGI : que signifient-ils ?<\/strong><\/strong><\/p>\n\n\n\n<p>Il s&rsquo;agit de <strong>syst\u00e8mes de qualit\u00e9 de l&rsquo;UE<\/strong>, visant \u00e0 prot\u00e9ger les noms et qualit\u00e9s de produits sp\u00e9cifiques, ou \u00e0 promouvoir leurs caract\u00e9ristiques uniques, li\u00e9es \u00e0 leur origine g\u00e9ographique ainsi qu&rsquo;aux traditions en mati\u00e8re de connaissances et de pratiques.<\/p>\n\n\n\n<p>Les noms de produits peuvent \u00eatre assortis d&rsquo;une \u00ab <em>indication g\u00e9ographique<\/em> \u00bb (IG) s&rsquo;ils ont un lien sp\u00e9cifique avec le lieu o\u00f9 ils sont fabriqu\u00e9s. La reconnaissance IG permet aux consommateurs de <em>faire confiance et de distinguer les produits de qualit\u00e9<\/em> tout en aidant les producteurs \u00e0 mieux commercialiser leurs produits.<\/p>\n\n\n\n<figure class=\"wp-block-image size-full is-style-default\"><img decoding=\"async\" width=\"800\" height=\"520\" src=\"https:\/\/ilovefruitandvegfromeurope.com\/wp-content\/uploads\/2021\/07\/Hands-e1576080528844.jpg\" alt=\"PDO, PGI and Organic Fruit and Vegetable\" class=\"wp-image-228\" srcset=\"https:\/\/ilovefruitandvegfromeurope.com\/wp-content\/uploads\/2021\/07\/Hands-e1576080528844.jpg 800w, https:\/\/ilovefruitandvegfromeurope.com\/wp-content\/uploads\/2021\/07\/Hands-e1576080528844-300x195.jpg 300w, https:\/\/ilovefruitandvegfromeurope.com\/wp-content\/uploads\/2021\/07\/Hands-e1576080528844-768x499.jpg 768w\" sizes=\"(max-width: 800px) 100vw, 800px\" \/><\/figure>\n\n\n\n<p>Les indications g\u00e9ographiques \u00e9tablissent des droits de propri\u00e9t\u00e9 intellectuelle pour des produits sp\u00e9cifiques, dont les qualit\u00e9s sont sp\u00e9cifiquement li\u00e9es \u00e0 l&rsquo;aire de production.<\/p>\n\n\n\n<p class=\"has-medium-font-size\"><strong>Appellation d&rsquo;origine prot\u00e9g\u00e9e (PDO\/DOP)\u00a0<\/strong><\/p>\n\n\n\n<p>Pour qu&rsquo;un produit soit labellis\u00e9 PDO\/DOP il doit avoir les liens les plus forts avec le lieu de culture et\/ou de fabrication. Chaque partie de la production, des semences \u00e0 la croissance, en passant par le processus de transformation et de pr\u00e9paration, doit avoir lieu dans la r\u00e9gion sp\u00e9cifi\u00e9e.<\/p>\n\n\n\n<p class=\"has-medium-font-size\"><strong>Indication g\u00e9ographique prot\u00e9g\u00e9e (IGP\/IGP)<\/strong><\/p>\n\n\n\n<p><em>L&rsquo;IGP met l&rsquo;accent sur la relation du produit avec une r\u00e9gion g\u00e9ographique sp\u00e9cifique<\/em>, connue pour sa qualit\u00e9 particuli\u00e8re, sa r\u00e9putation ou toute autre caract\u00e9ristique qui capture les qualit\u00e9s essentielles connues dans son origine g\u00e9ographique.<\/p>\n\n\n\n<p>Pour la plupart des produits, au moins une des \u00e9tapes de production, de transformation ou de pr\u00e9paration a lieu dans la r\u00e9gion.<\/p>\n\n\n\n<p>Il y a <strong>456 produits enregistr\u00e9s AOP\/IGP<\/strong> dans la base de donn\u00e9es de l&rsquo;UE eAmbrosia (dont 67 produits de pays hors UE) dans la classe de produits 1.6 (fruits, l\u00e9gumes et c\u00e9r\u00e9ales frais ou transform\u00e9s), et 118 d&rsquo;entre eux proviennent de l\u2019Italie \u2013 de loin le plus grand nombre d&rsquo;un m\u00eame pays ; L&rsquo;Espagne en a 62 et la France, 60.<\/p>\n\n\n\n<p class=\"has-medium-font-size\"><strong><strong>Production biologique de fruits et l\u00e9gumes<\/strong><\/strong><\/p>\n\n\n\n<p>L&rsquo;agriculture biologique est une m\u00e9thode agricole dont le but est de produire des aliments en <em>utilisant toutes les substances et proc\u00e9d\u00e9s naturels, sans poisons chimiques<\/em>. Il a tendance \u00e0 avoir moins d&rsquo;impact n\u00e9gatif sur l&rsquo;environnement, car il encourage :<\/p>\n\n\n\n<ul class=\"wp-block-list\"><li>l&rsquo;utilisation responsable de l&rsquo;\u00e9nergie et des ressources naturelles<\/li><li>le maintien de la biodiversit\u00e9<\/li><li>pr\u00e9servation des \u00e9quilibres \u00e9cologiques r\u00e9gionaux<\/li><li>am\u00e9lioration de la fertilit\u00e9 des sols<\/li><li>maintien de la qualit\u00e9 de l&rsquo;eau.<\/li><\/ul>\n\n\n\n<p><strong>Les r\u00e9glementations de l&rsquo;Union europ\u00e9enne sur l&rsquo;agriculture biologique<\/strong> sont con\u00e7ues pour fournir une structure claire pour la production de produits biologiques dans l&rsquo;ensemble de l&rsquo;UE.<\/p>\n\n\n\n<p>Il s&rsquo;agit de satisfaire la demande des consommateurs pour des produits biologiques dignes de confiance tout en offrant un march\u00e9 \u00e9quitable aux producteurs, distributeurs et commer\u00e7ants.<\/p>\n\n\n\n<p class=\"has-medium-font-size\"><strong><strong>Construire la confiance dans l&rsquo;agriculture biologique<\/strong><\/strong><\/p>\n\n\n\n<p>Pour que les agriculteurs tirent profit des m\u00e9thodes d&rsquo;agriculture biologique, les consommateurs doivent avoir confiance que les r\u00e8gles de la production biologique sont respect\u00e9es.<\/p>\n\n\n\n<p>Par cons\u00e9quent, l&rsquo;UE maintient un syst\u00e8me strict de contr\u00f4le et d&rsquo;application pour garantir que les r\u00e8gles et r\u00e9glementations relatives aux produits biologiques sont correctement suivies.<\/p>\n\n\n\n<p>L&rsquo;agriculture biologique fait partie d&rsquo;une cha\u00eene d&rsquo;approvisionnement plus large qui englobe les secteurs de la transformation, de la distribution et de la vente au d\u00e9tail des aliments, ceux-ci sont \u00e9galement soumis \u00e0 des contr\u00f4les et \u00e0 des r\u00e9glementations.<\/p>\n\n\n\n<ul class=\"wp-block-list\"><li>Chaque membre de l&rsquo;UE nomme des \u00ab <strong>organismes ou autorit\u00e9s de contr\u00f4le<\/strong> \u00bb pour inspecter les op\u00e9rateurs de la cha\u00eene alimentaire biologique. Les producteurs, distributeurs et commer\u00e7ants de produits biologiques doivent s&rsquo;inscrire aupr\u00e8s de leur organisme de contr\u00f4le local avant d&rsquo;\u00eatre autoris\u00e9s \u00e0 commercialiser leurs aliments en tant que produits biologiques.<\/li><li>Apr\u00e8s avoir \u00e9t\u00e9 inspect\u00e9s et contr\u00f4l\u00e9s, ils recevront un certificat confirmant que leurs produits r\u00e9pondent aux normes biologiques.<\/li><li>Tous les op\u00e9rateurs sont contr\u00f4l\u00e9s au moins <strong>une fois par an<\/strong> pour s&rsquo;assurer qu&rsquo;ils continuent de suivre les r\u00e8gles.<\/li><li>Les aliments biologiques import\u00e9s sont \u00e9galement soumis \u00e0 des proc\u00e9dures de contr\u00f4le pour garantir qu&rsquo;ils ont \u00e9galement \u00e9t\u00e9 produits et exp\u00e9di\u00e9s conform\u00e9ment aux principes biologiques.<\/li><\/ul>\n\n\n\n<p class=\"has-medium-font-size\"><strong><strong>Le logo bio<\/strong><\/strong><\/p>\n\n\n\n<p>Le logo biologique donne une<strong> identit\u00e9 visuelle<\/strong> coh\u00e9rente aux produits biologiques fabriqu\u00e9s dans l&rsquo;UE et vendus dans l&rsquo;UE.<\/p>\n\n\n\n<p>Cela permet aux consommateurs bas\u00e9s dans l&rsquo;UE d&rsquo;identifier plus facilement les produits biologiques et aide les agriculteurs \u00e0 les commercialiser dans tous les pays de l&rsquo;UE.<\/p>\n\n\n\n<p>Le logo biologique <em>ne peut \u00eatre utilis\u00e9 que sur des produits certifi\u00e9s biologiques par un organisme de contr\u00f4le agr\u00e9\u00e9. <\/em><\/p>\n\n\n\n<p>Cela signifie qu&rsquo;ils ont rempli des conditions strictes sur la fa\u00e7on dont ils sont produits, transport\u00e9s et stock\u00e9s.<\/p>\n\n\n\n<div class=\"wp-block-image is-style-default\"><figure class=\"aligncenter\"><img decoding=\"async\" src=\"https:\/\/lh4.googleusercontent.com\/22nWnh6WtxzlYZ8X_IfblefbBcqcq2mtcI5DV8P6btJa8IaHsbwleJL39xp2cibUVlm0V0Yb5yqku6weZOhS9wX3XuFQs0GSn7eSxB5tEVO6sIUq23onFuQoaPiqXgzaclJwyaJQ2d3wborXtw\" alt=\"The organic logo\"\/><\/figure><\/div>\n\n\n\n<p>\u00c0 l&rsquo;heure actuelle, environ 8,5% de la superficie agricole de l&rsquo;UE est cultiv\u00e9e de mani\u00e8re biologique.<\/p>\n\n\n\n<p>La Commission europ\u00e9enne a propos\u00e9 un plan d&rsquo;action pour le d\u00e9veloppement de la production biologique, afin d&rsquo;augmenter la production et la consommation de produits biologiques \u00e0 25 % des terres agricoles en agriculture biologique d&rsquo;ici 2030.<\/p>\n\n\n\n<p>La production biologique pr\u00e9sente un certain nombre d&rsquo;avantages importants : les champs biologiques ont environ 30% de biodiversit\u00e9 en plus, les agriculteurs biologiques ont des revenus plus \u00e9lev\u00e9s et sont plus r\u00e9silients, et les consommateurs savent exactement ce qu&rsquo;ils obtiennent gr\u00e2ce au logo biologique de l&rsquo;UE.<\/p>\n\n\n\n<p>Le plan d&rsquo;action est conforme au pacte vert europ\u00e9en et aux strat\u00e9gies de la ferme \u00e0 la fourchette et de la biodiversit\u00e9.<\/p>\n\n\n\n<p>Les fruits et l\u00e9gumes ont toujours \u00e9t\u00e9 la cat\u00e9gorie d&rsquo;aliments pr\u00e9f\u00e9r\u00e9e des consommateurs int\u00e9ress\u00e9s par la production biologique.<\/p>\n","protected":false},"excerpt":{"rendered":"<p>PDO et PGI : que signifient-ils ? Il s&rsquo;agit de syst\u00e8mes de qualit\u00e9 de l&rsquo;UE, visant \u00e0 prot\u00e9ger les noms et qualit\u00e9s de produits sp\u00e9cifiques, ou \u00e0 promouvoir leurs caract\u00e9ristiques uniques, li\u00e9es \u00e0 leur origine g\u00e9ographique ainsi qu&rsquo;aux traditions en mati\u00e8re de connaissances et de pratiques. Les noms de produits peuvent \u00eatre assortis d&rsquo;une \u00ab<\/p>\n","protected":false},"author":2,"featured_media":1025,"parent":0,"menu_order":0,"comment_status":"closed","ping_status":"closed","template":"","meta":{"_acf_changed":false,"footnotes":""},"class_list":["post-1023","page","type-page","status-publish","has-post-thumbnail","hentry"],"acf":[],"yoast_head":"<!-- This site is optimized with the Yoast SEO plugin v24.1 - https:\/\/yoast.com\/wordpress\/plugins\/seo\/ -->\n<title>PDO, PGI Fruits et l\u00e9gumes organiques : en savoir plus<\/title>\n<meta name=\"description\" content=\"PDO, PGI Fruits et l\u00e9gumes organiques : la reconnaissance IG permet aux consommateurs de distinguer des produits de qualit\u00e9.\" \/>\n<meta name=\"robots\" content=\"index, follow, max-snippet:-1, max-image-preview:large, max-video-preview:-1\" \/>\n<link rel=\"canonical\" href=\"https:\/\/ilovefruitandvegfromeurope.com\/fr\/pdo-pgi-fruits-et-legumes-organiques\/\" \/>\n<meta property=\"og:locale\" content=\"fr_FR\" \/>\n<meta property=\"og:type\" content=\"article\" \/>\n<meta property=\"og:title\" content=\"PDO, PGI Fruits et l\u00e9gumes organiques : en savoir plus\" \/>\n<meta property=\"og:description\" content=\"PDO, PGI Fruits et l\u00e9gumes organiques : la reconnaissance IG permet aux consommateurs de distinguer des produits de qualit\u00e9.\" \/>\n<meta property=\"og:url\" content=\"https:\/\/ilovefruitandvegfromeurope.com\/fr\/pdo-pgi-fruits-et-legumes-organiques\/\" \/>\n<meta property=\"og:site_name\" content=\"I Love Fruit And Veg From Europe\" \/>\n<meta property=\"article:modified_time\" content=\"2021-07-16T08:45:10+00:00\" \/>\n<meta property=\"og:image\" content=\"https:\/\/ilovefruitandvegfromeurope.com\/wp-content\/uploads\/2021\/07\/My-Post-14.png\" \/>\n\t<meta property=\"og:image:width\" content=\"1200\" \/>\n\t<meta property=\"og:image:height\" content=\"670\" \/>\n\t<meta property=\"og:image:type\" content=\"image\/png\" \/>\n<meta name=\"twitter:card\" content=\"summary_large_image\" \/>\n<meta name=\"twitter:label1\" content=\"Dur\u00e9e de lecture estim\u00e9e\" \/>\n\t<meta name=\"twitter:data1\" content=\"5 minutes\" \/>\n<script type=\"application\/ld+json\" class=\"yoast-schema-graph\">{\"@context\":\"https:\/\/schema.org\",\"@graph\":[{\"@type\":\"WebPage\",\"@id\":\"https:\/\/ilovefruitandvegfromeurope.com\/fr\/pdo-pgi-fruits-et-legumes-organiques\/\",\"url\":\"https:\/\/ilovefruitandvegfromeurope.com\/fr\/pdo-pgi-fruits-et-legumes-organiques\/\",\"name\":\"PDO, PGI Fruits et l\u00e9gumes organiques : en savoir plus\",\"isPartOf\":{\"@id\":\"https:\/\/ilovefruitandvegfromeurope.com\/fr\/#website\"},\"primaryImageOfPage\":{\"@id\":\"https:\/\/ilovefruitandvegfromeurope.com\/fr\/pdo-pgi-fruits-et-legumes-organiques\/#primaryimage\"},\"image\":{\"@id\":\"https:\/\/ilovefruitandvegfromeurope.com\/fr\/pdo-pgi-fruits-et-legumes-organiques\/#primaryimage\"},\"thumbnailUrl\":\"https:\/\/ilovefruitandvegfromeurope.com\/wp-content\/uploads\/2021\/07\/My-Post-14.png\",\"datePublished\":\"2021-07-07T19:13:35+00:00\",\"dateModified\":\"2021-07-16T08:45:10+00:00\",\"description\":\"PDO, PGI Fruits et l\u00e9gumes organiques : la reconnaissance IG permet aux consommateurs de distinguer des produits de qualit\u00e9.\",\"breadcrumb\":{\"@id\":\"https:\/\/ilovefruitandvegfromeurope.com\/fr\/pdo-pgi-fruits-et-legumes-organiques\/#breadcrumb\"},\"inLanguage\":\"fr-FR\",\"potentialAction\":[{\"@type\":\"ReadAction\",\"target\":[\"https:\/\/ilovefruitandvegfromeurope.com\/fr\/pdo-pgi-fruits-et-legumes-organiques\/\"]}]},{\"@type\":\"ImageObject\",\"inLanguage\":\"fr-FR\",\"@id\":\"https:\/\/ilovefruitandvegfromeurope.com\/fr\/pdo-pgi-fruits-et-legumes-organiques\/#primaryimage\",\"url\":\"https:\/\/ilovefruitandvegfromeurope.com\/wp-content\/uploads\/2021\/07\/My-Post-14.png\",\"contentUrl\":\"https:\/\/ilovefruitandvegfromeurope.com\/wp-content\/uploads\/2021\/07\/My-Post-14.png\",\"width\":1200,\"height\":670},{\"@type\":\"BreadcrumbList\",\"@id\":\"https:\/\/ilovefruitandvegfromeurope.com\/fr\/pdo-pgi-fruits-et-legumes-organiques\/#breadcrumb\",\"itemListElement\":[{\"@type\":\"ListItem\",\"position\":1,\"name\":\"Home\",\"item\":\"https:\/\/ilovefruitandvegfromeurope.com\/fr\/\"},{\"@type\":\"ListItem\",\"position\":2,\"name\":\"PDO, PGI Fruits et l\u00e9gumes organiques\"}]},{\"@type\":\"WebSite\",\"@id\":\"https:\/\/ilovefruitandvegfromeurope.com\/fr\/#website\",\"url\":\"https:\/\/ilovefruitandvegfromeurope.com\/fr\/\",\"name\":\"I Love Fruit And Veg From Europe\",\"description\":\"I Love Fruit And Veg From Europe: I Choose Fresh And Fair\",\"publisher\":{\"@id\":\"https:\/\/ilovefruitandvegfromeurope.com\/fr\/#organization\"},\"potentialAction\":[{\"@type\":\"SearchAction\",\"target\":{\"@type\":\"EntryPoint\",\"urlTemplate\":\"https:\/\/ilovefruitandvegfromeurope.com\/fr\/?s={search_term_string}\"},\"query-input\":{\"@type\":\"PropertyValueSpecification\",\"valueRequired\":true,\"valueName\":\"search_term_string\"}}],\"inLanguage\":\"fr-FR\"},{\"@type\":\"Organization\",\"@id\":\"https:\/\/ilovefruitandvegfromeurope.com\/fr\/#organization\",\"name\":\"I Love Fruit And Veg From Europe\",\"url\":\"https:\/\/ilovefruitandvegfromeurope.com\/fr\/\",\"logo\":{\"@type\":\"ImageObject\",\"inLanguage\":\"fr-FR\",\"@id\":\"https:\/\/ilovefruitandvegfromeurope.com\/fr\/#\/schema\/logo\/image\/\",\"url\":\"https:\/\/ilovefruitandvegfromeurope.com\/wp-content\/uploads\/2021\/07\/logo.png\",\"contentUrl\":\"https:\/\/ilovefruitandvegfromeurope.com\/wp-content\/uploads\/2021\/07\/logo.png\",\"width\":248,\"height\":62,\"caption\":\"I Love Fruit And Veg From Europe\"},\"image\":{\"@id\":\"https:\/\/ilovefruitandvegfromeurope.com\/fr\/#\/schema\/logo\/image\/\"}}]}<\/script>\n<!-- \/ Yoast SEO plugin. -->","yoast_head_json":{"title":"PDO, PGI Fruits et l\u00e9gumes organiques : en savoir plus","description":"PDO, PGI Fruits et l\u00e9gumes organiques : la reconnaissance IG permet aux consommateurs de distinguer des produits de qualit\u00e9.","robots":{"index":"index","follow":"follow","max-snippet":"max-snippet:-1","max-image-preview":"max-image-preview:large","max-video-preview":"max-video-preview:-1"},"canonical":"https:\/\/ilovefruitandvegfromeurope.com\/fr\/pdo-pgi-fruits-et-legumes-organiques\/","og_locale":"fr_FR","og_type":"article","og_title":"PDO, PGI Fruits et l\u00e9gumes organiques : en savoir plus","og_description":"PDO, PGI Fruits et l\u00e9gumes organiques : la reconnaissance IG permet aux consommateurs de distinguer des produits de qualit\u00e9.","og_url":"https:\/\/ilovefruitandvegfromeurope.com\/fr\/pdo-pgi-fruits-et-legumes-organiques\/","og_site_name":"I Love Fruit And Veg From Europe","article_modified_time":"2021-07-16T08:45:10+00:00","og_image":[{"width":1200,"height":670,"url":"https:\/\/ilovefruitandvegfromeurope.com\/wp-content\/uploads\/2021\/07\/My-Post-14.png","type":"image\/png"}],"twitter_card":"summary_large_image","twitter_misc":{"Dur\u00e9e de lecture estim\u00e9e":"5 minutes"},"schema":{"@context":"https:\/\/schema.org","@graph":[{"@type":"WebPage","@id":"https:\/\/ilovefruitandvegfromeurope.com\/fr\/pdo-pgi-fruits-et-legumes-organiques\/","url":"https:\/\/ilovefruitandvegfromeurope.com\/fr\/pdo-pgi-fruits-et-legumes-organiques\/","name":"PDO, PGI Fruits et l\u00e9gumes organiques : en savoir plus","isPartOf":{"@id":"https:\/\/ilovefruitandvegfromeurope.com\/fr\/#website"},"primaryImageOfPage":{"@id":"https:\/\/ilovefruitandvegfromeurope.com\/fr\/pdo-pgi-fruits-et-legumes-organiques\/#primaryimage"},"image":{"@id":"https:\/\/ilovefruitandvegfromeurope.com\/fr\/pdo-pgi-fruits-et-legumes-organiques\/#primaryimage"},"thumbnailUrl":"https:\/\/ilovefruitandvegfromeurope.com\/wp-content\/uploads\/2021\/07\/My-Post-14.png","datePublished":"2021-07-07T19:13:35+00:00","dateModified":"2021-07-16T08:45:10+00:00","description":"PDO, PGI Fruits et l\u00e9gumes organiques : la reconnaissance IG permet aux consommateurs de distinguer des produits de qualit\u00e9.","breadcrumb":{"@id":"https:\/\/ilovefruitandvegfromeurope.com\/fr\/pdo-pgi-fruits-et-legumes-organiques\/#breadcrumb"},"inLanguage":"fr-FR","potentialAction":[{"@type":"ReadAction","target":["https:\/\/ilovefruitandvegfromeurope.com\/fr\/pdo-pgi-fruits-et-legumes-organiques\/"]}]},{"@type":"ImageObject","inLanguage":"fr-FR","@id":"https:\/\/ilovefruitandvegfromeurope.com\/fr\/pdo-pgi-fruits-et-legumes-organiques\/#primaryimage","url":"https:\/\/ilovefruitandvegfromeurope.com\/wp-content\/uploads\/2021\/07\/My-Post-14.png","contentUrl":"https:\/\/ilovefruitandvegfromeurope.com\/wp-content\/uploads\/2021\/07\/My-Post-14.png","width":1200,"height":670},{"@type":"BreadcrumbList","@id":"https:\/\/ilovefruitandvegfromeurope.com\/fr\/pdo-pgi-fruits-et-legumes-organiques\/#breadcrumb","itemListElement":[{"@type":"ListItem","position":1,"name":"Home","item":"https:\/\/ilovefruitandvegfromeurope.com\/fr\/"},{"@type":"ListItem","position":2,"name":"PDO, PGI Fruits et l\u00e9gumes organiques"}]},{"@type":"WebSite","@id":"https:\/\/ilovefruitandvegfromeurope.com\/fr\/#website","url":"https:\/\/ilovefruitandvegfromeurope.com\/fr\/","name":"I Love Fruit And Veg From Europe","description":"I Love Fruit And Veg From Europe: I Choose Fresh And Fair","publisher":{"@id":"https:\/\/ilovefruitandvegfromeurope.com\/fr\/#organization"},"potentialAction":[{"@type":"SearchAction","target":{"@type":"EntryPoint","urlTemplate":"https:\/\/ilovefruitandvegfromeurope.com\/fr\/?s={search_term_string}"},"query-input":{"@type":"PropertyValueSpecification","valueRequired":true,"valueName":"search_term_string"}}],"inLanguage":"fr-FR"},{"@type":"Organization","@id":"https:\/\/ilovefruitandvegfromeurope.com\/fr\/#organization","name":"I Love Fruit And Veg From Europe","url":"https:\/\/ilovefruitandvegfromeurope.com\/fr\/","logo":{"@type":"ImageObject","inLanguage":"fr-FR","@id":"https:\/\/ilovefruitandvegfromeurope.com\/fr\/#\/schema\/logo\/image\/","url":"https:\/\/ilovefruitandvegfromeurope.com\/wp-content\/uploads\/2021\/07\/logo.png","contentUrl":"https:\/\/ilovefruitandvegfromeurope.com\/wp-content\/uploads\/2021\/07\/logo.png","width":248,"height":62,"caption":"I Love Fruit And Veg From Europe"},"image":{"@id":"https:\/\/ilovefruitandvegfromeurope.com\/fr\/#\/schema\/logo\/image\/"}}]}},"_links":{"self":[{"href":"https:\/\/ilovefruitandvegfromeurope.com\/fr\/wp-json\/wp\/v2\/pages\/1023","targetHints":{"allow":["GET"]}}],"collection":[{"href":"https:\/\/ilovefruitandvegfromeurope.com\/fr\/wp-json\/wp\/v2\/pages"}],"about":[{"href":"https:\/\/ilovefruitandvegfromeurope.com\/fr\/wp-json\/wp\/v2\/types\/page"}],"author":[{"embeddable":true,"href":"https:\/\/ilovefruitandvegfromeurope.com\/fr\/wp-json\/wp\/v2\/users\/2"}],"replies":[{"embeddable":true,"href":"https:\/\/ilovefruitandvegfromeurope.com\/fr\/wp-json\/wp\/v2\/comments?post=1023"}],"version-history":[{"count":1,"href":"https:\/\/ilovefruitandvegfromeurope.com\/fr\/wp-json\/wp\/v2\/pages\/1023\/revisions"}],"predecessor-version":[{"id":1027,"href":"https:\/\/ilovefruitandvegfromeurope.com\/fr\/wp-json\/wp\/v2\/pages\/1023\/revisions\/1027"}],"wp:featuredmedia":[{"embeddable":true,"href":"https:\/\/ilovefruitandvegfromeurope.com\/fr\/wp-json\/wp\/v2\/media\/1025"}],"wp:attachment":[{"href":"https:\/\/ilovefruitandvegfromeurope.com\/fr\/wp-json\/wp\/v2\/media?parent=1023"}],"curies":[{"name":"wp","href":"https:\/\/api.w.org\/{rel}","templated":true}]}}