
{"id":1377,"date":"2021-07-08T07:47:52","date_gmt":"2021-07-08T05:47:52","guid":{"rendered":"https:\/\/ilovefruitandvegfromeurope.com\/promoting-organisations\/"},"modified":"2023-06-28T11:56:05","modified_gmt":"2023-06-28T09:56:05","slug":"organismes-de-promotion","status":"publish","type":"page","link":"https:\/\/ilovefruitandvegfromeurope.com\/fr\/organismes-de-promotion\/","title":{"rendered":"Organismes de promotion"},"content":{"rendered":"\n<p>La campagne d&rsquo;information\/promotion<strong> \u00ab I LOVE FRUIT &amp; VEG FROM EUROPE \u00bb<\/strong>, promue par les organisations de producteurs <strong>A.O.A., Agritalia, La Deliziosa, Meridia e Terra Orti<\/strong> et cofinanc\u00e9 par l&rsquo;Union europ\u00e9enne, vise un choix de consommation fra\u00eeche, s\u00fbre, saine, durable et responsable en <em>Italie,<\/em> en <em>France, <\/em>en<em> Allemagne <\/em>et en <em>Espagne<\/em>.<\/p>\n\n\n\n<p>Consommer des fruits et l\u00e9gumes europ\u00e9ens, c&rsquo;est choisir la FRA\u00ceCHEUR (gr\u00e2ce \u00e0 la consommation de saison), la DURABILIT\u00c9 ENVIRONNEMENTALE (cons\u00e9quence d&rsquo;une consommation locale et responsable), le BIEN-\u00caTRE (garanti par l&rsquo;apport de vitamines et de fibres), la QUALIT\u00c9 et l&rsquo;ORIGINE de certaines productions sp\u00e9cifiques (bio, DOP et IGP), S\u00c9CURIT\u00c9 et TRA\u00c7ABILIT\u00c9.<\/p>\n\n\n\n<div class=\"wp-block-media-text alignwide is-stacked-on-mobile\" style=\"grid-template-columns:28% auto\"><figure class=\"wp-block-media-text__media\"><img decoding=\"async\" width=\"207\" height=\"188\" src=\"https:\/\/ilovefruitandvegfromeurope.com\/wp-content\/uploads\/2021\/07\/ILoveFruitAndVegFromEurope_AOA-1.png\" alt=\"\" class=\"wp-image-361 size-full\"\/><\/figure><div class=\"wp-block-media-text__content\">\n<h2 class=\"wp-block-heading\">O.P. A.O.A. Scarl<\/h2>\n\n\n\n<p>L&rsquo;O.P. A.O.A. de Scafati (Salerne) a une base de membres compos\u00e9e de <strong>15 coop\u00e9ratives<\/strong> avec la participation de plus de 400 producteurs r\u00e9partis, ainsi qu&rsquo;en Campanie, dans de nombreuses r\u00e9gions du centre-sud de l&rsquo;Italie (Pouilles, Toscane, Ombrie, Latium, Marches, Abruzzes, Molise, Basilicate et Calabre). Initialement sp\u00e9cialis\u00e9e principalement dans la fili\u00e8re de la tomate industrielle, elle compte aujourd&rsquo;hui de nombreuses productions biologiques et initiatives dans le domaine de l&rsquo;agriculture durable.<\/p>\n<\/div><\/div>\n\n\n\n<div class=\"wp-block-media-text alignwide is-stacked-on-mobile\" style=\"grid-template-columns:28% auto\"><figure class=\"wp-block-media-text__media\"><img decoding=\"async\" width=\"207\" height=\"188\" src=\"https:\/\/ilovefruitandvegfromeurope.com\/wp-content\/uploads\/2021\/07\/ILoveFruitAndVegFromEurope_La_Deliziosa-1.png\" alt=\"\" class=\"wp-image-362 size-full\"\/><\/figure><div class=\"wp-block-media-text__content\">\n<h2 class=\"wp-block-heading\">O.P. La Deliziosa Soc. Coop. Agr.<\/h2>\n\n\n\n<p>O.P. la Deliziosa est une r\u00e9alit\u00e9 entrepreneuriale reconnue situ\u00e9e au pied du volcan Etna, en Sicile, n\u00e9e de deux principes fondamentaux : l&rsquo;amour du territoire et le respect de la tradition agroalimentaire.<\/p>\n\n\n\n<p>Une organisation de producteurs qui compte 112 adh\u00e9rents pour une superficie cultiv\u00e9e de 1600 hectares, dont 1000 d&rsquo;agrumes, 5000 de figues de barbarie et 100 d\u00e9di\u00e9s aux autres productions.<\/p>\n\n\n\n<p>Fond\u00e9e en 1988 par Pietro Bua et transmise \u00e0 ses fils Giovanni, Antonino et Salvatore Bua, l&rsquo;entreprise a toujours eu pour objectif de valoriser son territoire en s&rsquo;engageant \u00e0 produire des fruits et l\u00e9gumes de haute qualit\u00e9.<\/p>\n\n\n\n<p><\/p>\n<\/div><\/div>\n\n\n\n<div class=\"wp-block-media-text alignwide is-stacked-on-mobile\" style=\"grid-template-columns:29% auto\"><figure class=\"wp-block-media-text__media\"><img decoding=\"async\" width=\"207\" height=\"188\" src=\"https:\/\/ilovefruitandvegfromeurope.com\/wp-content\/uploads\/2021\/07\/ILoveFruitAndVegFromEurope_TerraOrti-1.png\" alt=\"\" class=\"wp-image-363 size-full\"\/><\/figure><div class=\"wp-block-media-text__content\">\n<h2 class=\"wp-block-heading\">O.P. Terra Orti<\/h2>\n\n\n\n<p>L&rsquo;OP Terra Orti est n\u00e9 en 1999 et au fil du temps a enregistr\u00e9 une expansion continue de la base de membres, atteignant <strong>107 membres<\/strong> en 2018. Ses finalit\u00e9s institutionnelles, comme l&rsquo;exige le r\u00e8glement (CE) 1234\/2007, sont : l&rsquo;am\u00e9lioration de la qualit\u00e9 des fruits et l\u00e9gumes, l&rsquo;ajustement du volume de l&rsquo;offre aux besoins du march\u00e9 par la concentration de l&rsquo;offre, la r\u00e9duction des co\u00fbts de production et la r\u00e9gularisation des prix, ainsi que la promotion de l&rsquo;utilisation de pratiques culturales et de techniques de production et de gestion des d\u00e9chets qui prot\u00e8gent l&rsquo;environnement et favorisent la biodiversit\u00e9.<\/p>\n<\/div><\/div>\n\n\n\n<div class=\"wp-block-media-text alignwide is-stacked-on-mobile\" style=\"grid-template-columns:29% auto\"><figure class=\"wp-block-media-text__media\"><img decoding=\"async\" width=\"1024\" height=\"724\" src=\"https:\/\/ilovefruitandvegfromeurope.com\/wp-content\/uploads\/2022\/07\/logo-meridia-versioni-1024x724.png\" alt=\"\" class=\"wp-image-18566 size-full\" srcset=\"https:\/\/ilovefruitandvegfromeurope.com\/wp-content\/uploads\/2022\/07\/logo-meridia-versioni-1024x724.png 1024w, https:\/\/ilovefruitandvegfromeurope.com\/wp-content\/uploads\/2022\/07\/logo-meridia-versioni-300x212.png 300w, https:\/\/ilovefruitandvegfromeurope.com\/wp-content\/uploads\/2022\/07\/logo-meridia-versioni-768x543.png 768w, https:\/\/ilovefruitandvegfromeurope.com\/wp-content\/uploads\/2022\/07\/logo-meridia-versioni.png 1123w\" sizes=\"(max-width: 1024px) 100vw, 1024px\" \/><\/figure><div class=\"wp-block-media-text__content\">\n<h2 class=\"wp-block-heading\">O.P. Meridia \u00a0Agriculture M\u00e9diterran\u00e9enne \/ Groupe Pignataro<\/h2>\n\n\n\n<p>Meridia est le leader des Pouilles dans la production, la transformation et la commercialisation d&rsquo;excellents fruits et l\u00e9gumes dans une cha\u00eene d&rsquo;approvisionnement directe. Ayant bien combin\u00e9 une grande exp\u00e9rience et une capacit\u00e9 d&rsquo;innovation au fil du temps, elle est sp\u00e9cialis\u00e9e dans l&rsquo;approvisionnement, en particulier, du commerce de d\u00e9tail \u00e0 grande \u00e9chelle et des march\u00e9s italiens et \u00e9trangers.<\/p>\n<\/div><\/div>\n\n\n\n<div class=\"wp-block-media-text alignwide is-stacked-on-mobile\" style=\"grid-template-columns:29% auto\"><figure class=\"wp-block-media-text__media\"><img decoding=\"async\" width=\"548\" height=\"430\" src=\"https:\/\/ilovefruitandvegfromeurope.com\/wp-content\/uploads\/2023\/06\/agritalia-1.png\" alt=\"\" class=\"wp-image-23782 size-full\" srcset=\"https:\/\/ilovefruitandvegfromeurope.com\/wp-content\/uploads\/2023\/06\/agritalia-1.png 548w, https:\/\/ilovefruitandvegfromeurope.com\/wp-content\/uploads\/2023\/06\/agritalia-1-300x235.png 300w\" sizes=\"(max-width: 548px) 100vw, 548px\" \/><\/figure><div class=\"wp-block-media-text__content\">\n<h2 class=\"wp-block-heading\">O.P. Agritalia<\/h2>\n\n\n\n<p>L&rsquo;O.P. Agritalia est une organisation d&rsquo;agriculteurs qui cultive des produits des Pouilles, de la Basilicate et de la Sicile dans le sud de l&rsquo;Italie et fournit une large gamme de fruits et l\u00e9gumes biologiques. L&rsquo;O.P. Agritalia promeut des projets d&rsquo;inclusion qui consid\u00e8rent l&rsquo;agriculture comme une possibilit\u00e9 d&rsquo;int\u00e9gration et de l\u00e9galit\u00e9 pour les personnes qui vivent en marge de la soci\u00e9t\u00e9 et cultivent des produits avec des pratiques agronomiques \u00e9co-durables, respectant la terre et la sant\u00e9 de ceux qui nous choisissent.<\/p>\n\n\n\n<div class=\"wp-block-columns is-layout-flex wp-container-core-columns-is-layout-1 wp-block-columns-is-layout-flex\">\n<div class=\"wp-block-column is-layout-flow wp-block-column-is-layout-flow\">\n<p><\/p>\n<\/div>\n<\/div>\n<\/div><\/div>\n","protected":false},"excerpt":{"rendered":"<p>La campagne d&rsquo;information\/promotion \u00ab I LOVE FRUIT &amp; VEG FROM EUROPE \u00bb, promue par les organisations de producteurs A.O.A., Agritalia, La Deliziosa, Meridia e Terra Orti et cofinanc\u00e9 par l&rsquo;Union europ\u00e9enne, vise un choix de consommation fra\u00eeche, s\u00fbre, saine, durable et responsable en Italie, en France, en Allemagne et en Espagne. Consommer des fruits et<\/p>\n","protected":false},"author":1,"featured_media":1379,"parent":0,"menu_order":0,"comment_status":"closed","ping_status":"closed","template":"","meta":{"_acf_changed":false,"footnotes":""},"class_list":["post-1377","page","type-page","status-publish","has-post-thumbnail","hentry"],"acf":[],"yoast_head":"<!-- This site is optimized with the Yoast SEO plugin v24.1 - https:\/\/yoast.com\/wordpress\/plugins\/seo\/ -->\n<title>Organismes de promotion - I Love Fruit And Veg From Europe<\/title>\n<meta name=\"description\" content=\"I Love Fruit And Veg From Europe: L&#039;O.P. A.O.A., La Deliziosa et Terra Orti sont les organismes de promotion du projet.\" \/>\n<meta name=\"robots\" content=\"index, follow, max-snippet:-1, max-image-preview:large, max-video-preview:-1\" \/>\n<link rel=\"canonical\" href=\"https:\/\/ilovefruitandvegfromeurope.com\/fr\/organismes-de-promotion\/\" \/>\n<meta property=\"og:locale\" content=\"fr_FR\" \/>\n<meta property=\"og:type\" content=\"article\" \/>\n<meta property=\"og:title\" content=\"Organismes de promotion - I Love Fruit And Veg From Europe\" \/>\n<meta property=\"og:description\" content=\"I Love Fruit And Veg From Europe: L&#039;O.P. A.O.A., La Deliziosa et Terra Orti sont les organismes de promotion du projet.\" \/>\n<meta property=\"og:url\" content=\"https:\/\/ilovefruitandvegfromeurope.com\/fr\/organismes-de-promotion\/\" \/>\n<meta property=\"og:site_name\" content=\"I Love Fruit And Veg From Europe\" \/>\n<meta property=\"article:modified_time\" content=\"2023-06-28T09:56:05+00:00\" \/>\n<meta property=\"og:image\" content=\"https:\/\/ilovefruitandvegfromeurope.com\/wp-content\/uploads\/2021\/07\/My-Post-5.png\" \/>\n\t<meta property=\"og:image:width\" content=\"1024\" \/>\n\t<meta property=\"og:image:height\" content=\"512\" \/>\n\t<meta property=\"og:image:type\" content=\"image\/png\" \/>\n<meta name=\"twitter:card\" content=\"summary_large_image\" \/>\n<meta name=\"twitter:label1\" content=\"Dur\u00e9e de lecture estim\u00e9e\" \/>\n\t<meta name=\"twitter:data1\" content=\"2 minutes\" \/>\n<script type=\"application\/ld+json\" class=\"yoast-schema-graph\">{\"@context\":\"https:\/\/schema.org\",\"@graph\":[{\"@type\":\"WebPage\",\"@id\":\"https:\/\/ilovefruitandvegfromeurope.com\/fr\/organismes-de-promotion\/\",\"url\":\"https:\/\/ilovefruitandvegfromeurope.com\/fr\/organismes-de-promotion\/\",\"name\":\"Organismes de promotion - I Love Fruit And Veg From Europe\",\"isPartOf\":{\"@id\":\"https:\/\/ilovefruitandvegfromeurope.com\/fr\/#website\"},\"primaryImageOfPage\":{\"@id\":\"https:\/\/ilovefruitandvegfromeurope.com\/fr\/organismes-de-promotion\/#primaryimage\"},\"image\":{\"@id\":\"https:\/\/ilovefruitandvegfromeurope.com\/fr\/organismes-de-promotion\/#primaryimage\"},\"thumbnailUrl\":\"https:\/\/ilovefruitandvegfromeurope.com\/wp-content\/uploads\/2021\/07\/My-Post-5.png\",\"datePublished\":\"2021-07-08T05:47:52+00:00\",\"dateModified\":\"2023-06-28T09:56:05+00:00\",\"description\":\"I Love Fruit And Veg From Europe: L'O.P. A.O.A., La Deliziosa et Terra Orti sont les organismes de promotion du projet.\",\"breadcrumb\":{\"@id\":\"https:\/\/ilovefruitandvegfromeurope.com\/fr\/organismes-de-promotion\/#breadcrumb\"},\"inLanguage\":\"fr-FR\",\"potentialAction\":[{\"@type\":\"ReadAction\",\"target\":[\"https:\/\/ilovefruitandvegfromeurope.com\/fr\/organismes-de-promotion\/\"]}]},{\"@type\":\"ImageObject\",\"inLanguage\":\"fr-FR\",\"@id\":\"https:\/\/ilovefruitandvegfromeurope.com\/fr\/organismes-de-promotion\/#primaryimage\",\"url\":\"https:\/\/ilovefruitandvegfromeurope.com\/wp-content\/uploads\/2021\/07\/My-Post-5.png\",\"contentUrl\":\"https:\/\/ilovefruitandvegfromeurope.com\/wp-content\/uploads\/2021\/07\/My-Post-5.png\",\"width\":1024,\"height\":512},{\"@type\":\"BreadcrumbList\",\"@id\":\"https:\/\/ilovefruitandvegfromeurope.com\/fr\/organismes-de-promotion\/#breadcrumb\",\"itemListElement\":[{\"@type\":\"ListItem\",\"position\":1,\"name\":\"Home\",\"item\":\"https:\/\/ilovefruitandvegfromeurope.com\/fr\/\"},{\"@type\":\"ListItem\",\"position\":2,\"name\":\"Organismes de promotion\"}]},{\"@type\":\"WebSite\",\"@id\":\"https:\/\/ilovefruitandvegfromeurope.com\/fr\/#website\",\"url\":\"https:\/\/ilovefruitandvegfromeurope.com\/fr\/\",\"name\":\"I Love Fruit And Veg From Europe\",\"description\":\"I Love Fruit And Veg From Europe: I Choose Fresh And Fair\",\"publisher\":{\"@id\":\"https:\/\/ilovefruitandvegfromeurope.com\/fr\/#organization\"},\"potentialAction\":[{\"@type\":\"SearchAction\",\"target\":{\"@type\":\"EntryPoint\",\"urlTemplate\":\"https:\/\/ilovefruitandvegfromeurope.com\/fr\/?s={search_term_string}\"},\"query-input\":{\"@type\":\"PropertyValueSpecification\",\"valueRequired\":true,\"valueName\":\"search_term_string\"}}],\"inLanguage\":\"fr-FR\"},{\"@type\":\"Organization\",\"@id\":\"https:\/\/ilovefruitandvegfromeurope.com\/fr\/#organization\",\"name\":\"I Love Fruit And Veg From Europe\",\"url\":\"https:\/\/ilovefruitandvegfromeurope.com\/fr\/\",\"logo\":{\"@type\":\"ImageObject\",\"inLanguage\":\"fr-FR\",\"@id\":\"https:\/\/ilovefruitandvegfromeurope.com\/fr\/#\/schema\/logo\/image\/\",\"url\":\"https:\/\/ilovefruitandvegfromeurope.com\/wp-content\/uploads\/2021\/07\/logo.png\",\"contentUrl\":\"https:\/\/ilovefruitandvegfromeurope.com\/wp-content\/uploads\/2021\/07\/logo.png\",\"width\":248,\"height\":62,\"caption\":\"I Love Fruit And Veg From Europe\"},\"image\":{\"@id\":\"https:\/\/ilovefruitandvegfromeurope.com\/fr\/#\/schema\/logo\/image\/\"}}]}<\/script>\n<!-- \/ Yoast SEO plugin. -->","yoast_head_json":{"title":"Organismes de promotion - I Love Fruit And Veg From Europe","description":"I Love Fruit And Veg From Europe: L'O.P. A.O.A., La Deliziosa et Terra Orti sont les organismes de promotion du projet.","robots":{"index":"index","follow":"follow","max-snippet":"max-snippet:-1","max-image-preview":"max-image-preview:large","max-video-preview":"max-video-preview:-1"},"canonical":"https:\/\/ilovefruitandvegfromeurope.com\/fr\/organismes-de-promotion\/","og_locale":"fr_FR","og_type":"article","og_title":"Organismes de promotion - I Love Fruit And Veg From Europe","og_description":"I Love Fruit And Veg From Europe: L'O.P. A.O.A., La Deliziosa et Terra Orti sont les organismes de promotion du projet.","og_url":"https:\/\/ilovefruitandvegfromeurope.com\/fr\/organismes-de-promotion\/","og_site_name":"I Love Fruit And Veg From Europe","article_modified_time":"2023-06-28T09:56:05+00:00","og_image":[{"width":1024,"height":512,"url":"https:\/\/ilovefruitandvegfromeurope.com\/wp-content\/uploads\/2021\/07\/My-Post-5.png","type":"image\/png"}],"twitter_card":"summary_large_image","twitter_misc":{"Dur\u00e9e de lecture estim\u00e9e":"2 minutes"},"schema":{"@context":"https:\/\/schema.org","@graph":[{"@type":"WebPage","@id":"https:\/\/ilovefruitandvegfromeurope.com\/fr\/organismes-de-promotion\/","url":"https:\/\/ilovefruitandvegfromeurope.com\/fr\/organismes-de-promotion\/","name":"Organismes de promotion - I Love Fruit And Veg From Europe","isPartOf":{"@id":"https:\/\/ilovefruitandvegfromeurope.com\/fr\/#website"},"primaryImageOfPage":{"@id":"https:\/\/ilovefruitandvegfromeurope.com\/fr\/organismes-de-promotion\/#primaryimage"},"image":{"@id":"https:\/\/ilovefruitandvegfromeurope.com\/fr\/organismes-de-promotion\/#primaryimage"},"thumbnailUrl":"https:\/\/ilovefruitandvegfromeurope.com\/wp-content\/uploads\/2021\/07\/My-Post-5.png","datePublished":"2021-07-08T05:47:52+00:00","dateModified":"2023-06-28T09:56:05+00:00","description":"I Love Fruit And Veg From Europe: L'O.P. A.O.A., La Deliziosa et Terra Orti sont les organismes de promotion du projet.","breadcrumb":{"@id":"https:\/\/ilovefruitandvegfromeurope.com\/fr\/organismes-de-promotion\/#breadcrumb"},"inLanguage":"fr-FR","potentialAction":[{"@type":"ReadAction","target":["https:\/\/ilovefruitandvegfromeurope.com\/fr\/organismes-de-promotion\/"]}]},{"@type":"ImageObject","inLanguage":"fr-FR","@id":"https:\/\/ilovefruitandvegfromeurope.com\/fr\/organismes-de-promotion\/#primaryimage","url":"https:\/\/ilovefruitandvegfromeurope.com\/wp-content\/uploads\/2021\/07\/My-Post-5.png","contentUrl":"https:\/\/ilovefruitandvegfromeurope.com\/wp-content\/uploads\/2021\/07\/My-Post-5.png","width":1024,"height":512},{"@type":"BreadcrumbList","@id":"https:\/\/ilovefruitandvegfromeurope.com\/fr\/organismes-de-promotion\/#breadcrumb","itemListElement":[{"@type":"ListItem","position":1,"name":"Home","item":"https:\/\/ilovefruitandvegfromeurope.com\/fr\/"},{"@type":"ListItem","position":2,"name":"Organismes de promotion"}]},{"@type":"WebSite","@id":"https:\/\/ilovefruitandvegfromeurope.com\/fr\/#website","url":"https:\/\/ilovefruitandvegfromeurope.com\/fr\/","name":"I Love Fruit And Veg From Europe","description":"I Love Fruit And Veg From Europe: I Choose Fresh And Fair","publisher":{"@id":"https:\/\/ilovefruitandvegfromeurope.com\/fr\/#organization"},"potentialAction":[{"@type":"SearchAction","target":{"@type":"EntryPoint","urlTemplate":"https:\/\/ilovefruitandvegfromeurope.com\/fr\/?s={search_term_string}"},"query-input":{"@type":"PropertyValueSpecification","valueRequired":true,"valueName":"search_term_string"}}],"inLanguage":"fr-FR"},{"@type":"Organization","@id":"https:\/\/ilovefruitandvegfromeurope.com\/fr\/#organization","name":"I Love Fruit And Veg From Europe","url":"https:\/\/ilovefruitandvegfromeurope.com\/fr\/","logo":{"@type":"ImageObject","inLanguage":"fr-FR","@id":"https:\/\/ilovefruitandvegfromeurope.com\/fr\/#\/schema\/logo\/image\/","url":"https:\/\/ilovefruitandvegfromeurope.com\/wp-content\/uploads\/2021\/07\/logo.png","contentUrl":"https:\/\/ilovefruitandvegfromeurope.com\/wp-content\/uploads\/2021\/07\/logo.png","width":248,"height":62,"caption":"I Love Fruit And Veg From Europe"},"image":{"@id":"https:\/\/ilovefruitandvegfromeurope.com\/fr\/#\/schema\/logo\/image\/"}}]}},"_links":{"self":[{"href":"https:\/\/ilovefruitandvegfromeurope.com\/fr\/wp-json\/wp\/v2\/pages\/1377","targetHints":{"allow":["GET"]}}],"collection":[{"href":"https:\/\/ilovefruitandvegfromeurope.com\/fr\/wp-json\/wp\/v2\/pages"}],"about":[{"href":"https:\/\/ilovefruitandvegfromeurope.com\/fr\/wp-json\/wp\/v2\/types\/page"}],"author":[{"embeddable":true,"href":"https:\/\/ilovefruitandvegfromeurope.com\/fr\/wp-json\/wp\/v2\/users\/1"}],"replies":[{"embeddable":true,"href":"https:\/\/ilovefruitandvegfromeurope.com\/fr\/wp-json\/wp\/v2\/comments?post=1377"}],"version-history":[{"count":4,"href":"https:\/\/ilovefruitandvegfromeurope.com\/fr\/wp-json\/wp\/v2\/pages\/1377\/revisions"}],"predecessor-version":[{"id":25195,"href":"https:\/\/ilovefruitandvegfromeurope.com\/fr\/wp-json\/wp\/v2\/pages\/1377\/revisions\/25195"}],"wp:featuredmedia":[{"embeddable":true,"href":"https:\/\/ilovefruitandvegfromeurope.com\/fr\/wp-json\/wp\/v2\/media\/1379"}],"wp:attachment":[{"href":"https:\/\/ilovefruitandvegfromeurope.com\/fr\/wp-json\/wp\/v2\/media?parent=1377"}],"curies":[{"name":"wp","href":"https:\/\/api.w.org\/{rel}","templated":true}]}}