
{"id":23843,"date":"2023-06-07T16:01:22","date_gmt":"2023-06-07T14:01:22","guid":{"rendered":"https:\/\/ilovefruitandvegfromeurope.com\/op-agritalia\/"},"modified":"2025-01-10T16:19:16","modified_gmt":"2025-01-10T15:19:16","slug":"op-agritalia","status":"publish","type":"page","link":"https:\/\/ilovefruitandvegfromeurope.com\/fr\/op-agritalia\/","title":{"rendered":"O.P. Agritalia"},"content":{"rendered":"\n<div class=\"wp-block-columns is-layout-flex wp-container-core-columns-is-layout-1 wp-block-columns-is-layout-flex\">\n<div class=\"wp-block-column is-layout-flow wp-block-column-is-layout-flow\" style=\"flex-basis:33.33%\">\n<figure class=\"wp-block-image size-full\"><img decoding=\"async\" width=\"548\" height=\"430\" src=\"https:\/\/ilovefruitandvegfromeurope.com\/wp-content\/uploads\/2023\/06\/agritalia-1.png\" alt=\"\" class=\"wp-image-23782\" srcset=\"https:\/\/ilovefruitandvegfromeurope.com\/wp-content\/uploads\/2023\/06\/agritalia-1.png 548w, https:\/\/ilovefruitandvegfromeurope.com\/wp-content\/uploads\/2023\/06\/agritalia-1-300x235.png 300w\" sizes=\"(max-width: 548px) 100vw, 548px\" \/><\/figure>\n<\/div>\n\n\n\n<div class=\"wp-block-column is-layout-flow wp-block-column-is-layout-flow\" style=\"flex-basis:66.66%\">\n<p>L&rsquo;O.P. <a href=\"https:\/\/www.opagritalia.it\/\" target=\"_blank\" rel=\"noreferrer noopener\">Agritalia<\/a> \u00e8 un&rsquo;organizzazione di agricoltori che coltiva prodotti di Puglia, Basilicata e Sicilia, nel Sud Italia, e fornisce un&rsquo;ampia gamma di frutta e verdura biologica. L&rsquo;O.P. Agritalia promuove progetti di inclusione che guardano all&rsquo;agricoltura come possibilit\u00e0 di integrazione e legalit\u00e0 per le persone che vivono ai margini della societ\u00e0 e coltiva i prodotti con pratiche agronomiche ecosostenibili, nel rispetto della terra e della salute di chi ci sceglie.<\/p>\n\n\n\n<p><\/p>\n<\/div>\n<\/div>\n\n<div class=\"wp-block-cover\"><span aria-hidden=\"true\" class=\"wp-block-cover__background has-background-dim\"><\/span><img decoding=\"async\" width=\"1200\" height=\"628\" class=\"wp-block-cover__image-background wp-image-23813\" alt=\"\" src=\"https:\/\/ilovefruitandvegfromeurope.com\/wp-content\/uploads\/2023\/06\/1200x628-32.png\" data-object-fit=\"cover\" srcset=\"https:\/\/ilovefruitandvegfromeurope.com\/wp-content\/uploads\/2023\/06\/1200x628-32.png 1200w, https:\/\/ilovefruitandvegfromeurope.com\/wp-content\/uploads\/2023\/06\/1200x628-32-300x157.png 300w, https:\/\/ilovefruitandvegfromeurope.com\/wp-content\/uploads\/2023\/06\/1200x628-32-1024x536.png 1024w, https:\/\/ilovefruitandvegfromeurope.com\/wp-content\/uploads\/2023\/06\/1200x628-32-768x402.png 768w\" sizes=\"(max-width: 1200px) 100vw, 1200px\" \/><div class=\"wp-block-cover__inner-container is-layout-flow wp-block-cover-is-layout-flow\">\n<p class=\"has-white-color has-text-color has-large-font-size\">\u00ab\u00a0<em>Garantiamo ai nostri clienti la qualit\u00e0 di una\u00a0filiera controllata\u00a0perch\u00e9 il valore del nostro lavoro sta nel\u00a0benessere\u00a0che i nostri prodotti riescono a regalare a chi li sceglie<\/em>.<em>\u00ab\u00a0<\/em><\/p>\n<\/div><\/div>\n\n<div style=\"height:40px\" aria-hidden=\"true\" class=\"wp-block-spacer\"><\/div>\n\n<h2 class=\"wp-block-heading\">Contacts<\/h2>\n\n<p><strong>O.P. Agritalia<\/strong> &#8211; Vicinale Maranco, 51\/55 &#8211; 76121 Barletta (BT)<\/p>\n\n<p class=\"has-text-align-center\"><strong>Phone:\u00a0<\/strong>+39 0883 510888<br\/><strong>Web Site:<\/strong> <a href=\"https:\/\/www.opagritalia.it\/\" target=\"_blank\" rel=\"noreferrer noopener\">https:\/\/www.opagritalia.it\/<\/a><\/p>\n","protected":false},"excerpt":{"rendered":"<p>L&rsquo;O.P. Agritalia \u00e8 un&rsquo;organizzazione di agricoltori che coltiva prodotti di Puglia, Basilicata e Sicilia, nel Sud Italia, e fornisce un&rsquo;ampia gamma di frutta e verdura biologica. L&rsquo;O.P. Agritalia promuove progetti di inclusione che guardano all&rsquo;agricoltura come possibilit\u00e0 di integrazione e legalit\u00e0 per le persone che vivono ai margini della societ\u00e0 e coltiva i prodotti con<\/p>\n","protected":false},"author":2,"featured_media":23808,"parent":0,"menu_order":0,"comment_status":"closed","ping_status":"closed","template":"","meta":{"_acf_changed":false,"footnotes":""},"class_list":["post-23843","page","type-page","status-publish","has-post-thumbnail","hentry"],"acf":[],"yoast_head":"<!-- This site is optimized with the Yoast SEO plugin v24.1 - https:\/\/yoast.com\/wordpress\/plugins\/seo\/ -->\n<title>OP Agritalia<\/title>\n<meta name=\"description\" content=\"OP Agritalia : organisation de producteurs de fruits et l\u00e9gumes des Pouilles, de la Basilicate et de la Sicile.\" \/>\n<meta name=\"robots\" content=\"index, follow, max-snippet:-1, max-image-preview:large, max-video-preview:-1\" \/>\n<link rel=\"canonical\" href=\"https:\/\/ilovefruitandvegfromeurope.com\/fr\/op-agritalia\/\" \/>\n<meta property=\"og:locale\" content=\"fr_FR\" \/>\n<meta property=\"og:type\" content=\"article\" \/>\n<meta property=\"og:title\" content=\"OP Agritalia\" \/>\n<meta property=\"og:description\" content=\"OP Agritalia : organisation de producteurs de fruits et l\u00e9gumes des Pouilles, de la Basilicate et de la Sicile.\" \/>\n<meta property=\"og:url\" content=\"https:\/\/ilovefruitandvegfromeurope.com\/fr\/op-agritalia\/\" \/>\n<meta property=\"og:site_name\" content=\"I Love Fruit And Veg From Europe\" \/>\n<meta property=\"article:modified_time\" content=\"2025-01-10T15:19:16+00:00\" \/>\n<meta property=\"og:image\" content=\"https:\/\/ilovefruitandvegfromeurope.com\/wp-content\/uploads\/2023\/06\/1200x628-31.png\" \/>\n\t<meta property=\"og:image:width\" content=\"1200\" \/>\n\t<meta property=\"og:image:height\" content=\"628\" \/>\n\t<meta property=\"og:image:type\" content=\"image\/png\" \/>\n<meta name=\"twitter:card\" content=\"summary_large_image\" \/>\n<meta name=\"twitter:label1\" content=\"Dur\u00e9e de lecture estim\u00e9e\" \/>\n\t<meta name=\"twitter:data1\" content=\"1 minute\" \/>\n<script type=\"application\/ld+json\" class=\"yoast-schema-graph\">{\"@context\":\"https:\/\/schema.org\",\"@graph\":[{\"@type\":\"WebPage\",\"@id\":\"https:\/\/ilovefruitandvegfromeurope.com\/fr\/op-agritalia\/\",\"url\":\"https:\/\/ilovefruitandvegfromeurope.com\/fr\/op-agritalia\/\",\"name\":\"OP Agritalia\",\"isPartOf\":{\"@id\":\"https:\/\/ilovefruitandvegfromeurope.com\/fr\/#website\"},\"primaryImageOfPage\":{\"@id\":\"https:\/\/ilovefruitandvegfromeurope.com\/fr\/op-agritalia\/#primaryimage\"},\"image\":{\"@id\":\"https:\/\/ilovefruitandvegfromeurope.com\/fr\/op-agritalia\/#primaryimage\"},\"thumbnailUrl\":\"https:\/\/ilovefruitandvegfromeurope.com\/wp-content\/uploads\/2023\/06\/1200x628-31.png\",\"datePublished\":\"2023-06-07T14:01:22+00:00\",\"dateModified\":\"2025-01-10T15:19:16+00:00\",\"description\":\"OP Agritalia : organisation de producteurs de fruits et l\u00e9gumes des Pouilles, de la Basilicate et de la Sicile.\",\"breadcrumb\":{\"@id\":\"https:\/\/ilovefruitandvegfromeurope.com\/fr\/op-agritalia\/#breadcrumb\"},\"inLanguage\":\"fr-FR\",\"potentialAction\":[{\"@type\":\"ReadAction\",\"target\":[\"https:\/\/ilovefruitandvegfromeurope.com\/fr\/op-agritalia\/\"]}]},{\"@type\":\"ImageObject\",\"inLanguage\":\"fr-FR\",\"@id\":\"https:\/\/ilovefruitandvegfromeurope.com\/fr\/op-agritalia\/#primaryimage\",\"url\":\"https:\/\/ilovefruitandvegfromeurope.com\/wp-content\/uploads\/2023\/06\/1200x628-31.png\",\"contentUrl\":\"https:\/\/ilovefruitandvegfromeurope.com\/wp-content\/uploads\/2023\/06\/1200x628-31.png\",\"width\":1200,\"height\":628},{\"@type\":\"BreadcrumbList\",\"@id\":\"https:\/\/ilovefruitandvegfromeurope.com\/fr\/op-agritalia\/#breadcrumb\",\"itemListElement\":[{\"@type\":\"ListItem\",\"position\":1,\"name\":\"Home\",\"item\":\"https:\/\/ilovefruitandvegfromeurope.com\/fr\/\"},{\"@type\":\"ListItem\",\"position\":2,\"name\":\"O.P. Agritalia\"}]},{\"@type\":\"WebSite\",\"@id\":\"https:\/\/ilovefruitandvegfromeurope.com\/fr\/#website\",\"url\":\"https:\/\/ilovefruitandvegfromeurope.com\/fr\/\",\"name\":\"I Love Fruit And Veg From Europe\",\"description\":\"I Love Fruit And Veg From Europe: I Choose Fresh And Fair\",\"publisher\":{\"@id\":\"https:\/\/ilovefruitandvegfromeurope.com\/fr\/#organization\"},\"potentialAction\":[{\"@type\":\"SearchAction\",\"target\":{\"@type\":\"EntryPoint\",\"urlTemplate\":\"https:\/\/ilovefruitandvegfromeurope.com\/fr\/?s={search_term_string}\"},\"query-input\":{\"@type\":\"PropertyValueSpecification\",\"valueRequired\":true,\"valueName\":\"search_term_string\"}}],\"inLanguage\":\"fr-FR\"},{\"@type\":\"Organization\",\"@id\":\"https:\/\/ilovefruitandvegfromeurope.com\/fr\/#organization\",\"name\":\"I Love Fruit And Veg From Europe\",\"url\":\"https:\/\/ilovefruitandvegfromeurope.com\/fr\/\",\"logo\":{\"@type\":\"ImageObject\",\"inLanguage\":\"fr-FR\",\"@id\":\"https:\/\/ilovefruitandvegfromeurope.com\/fr\/#\/schema\/logo\/image\/\",\"url\":\"https:\/\/ilovefruitandvegfromeurope.com\/wp-content\/uploads\/2021\/07\/logo.png\",\"contentUrl\":\"https:\/\/ilovefruitandvegfromeurope.com\/wp-content\/uploads\/2021\/07\/logo.png\",\"width\":248,\"height\":62,\"caption\":\"I Love Fruit And Veg From Europe\"},\"image\":{\"@id\":\"https:\/\/ilovefruitandvegfromeurope.com\/fr\/#\/schema\/logo\/image\/\"}}]}<\/script>\n<!-- \/ Yoast SEO plugin. -->","yoast_head_json":{"title":"OP Agritalia","description":"OP Agritalia : organisation de producteurs de fruits et l\u00e9gumes des Pouilles, de la Basilicate et de la Sicile.","robots":{"index":"index","follow":"follow","max-snippet":"max-snippet:-1","max-image-preview":"max-image-preview:large","max-video-preview":"max-video-preview:-1"},"canonical":"https:\/\/ilovefruitandvegfromeurope.com\/fr\/op-agritalia\/","og_locale":"fr_FR","og_type":"article","og_title":"OP Agritalia","og_description":"OP Agritalia : organisation de producteurs de fruits et l\u00e9gumes des Pouilles, de la Basilicate et de la Sicile.","og_url":"https:\/\/ilovefruitandvegfromeurope.com\/fr\/op-agritalia\/","og_site_name":"I Love Fruit And Veg From Europe","article_modified_time":"2025-01-10T15:19:16+00:00","og_image":[{"width":1200,"height":628,"url":"https:\/\/ilovefruitandvegfromeurope.com\/wp-content\/uploads\/2023\/06\/1200x628-31.png","type":"image\/png"}],"twitter_card":"summary_large_image","twitter_misc":{"Dur\u00e9e de lecture estim\u00e9e":"1 minute"},"schema":{"@context":"https:\/\/schema.org","@graph":[{"@type":"WebPage","@id":"https:\/\/ilovefruitandvegfromeurope.com\/fr\/op-agritalia\/","url":"https:\/\/ilovefruitandvegfromeurope.com\/fr\/op-agritalia\/","name":"OP Agritalia","isPartOf":{"@id":"https:\/\/ilovefruitandvegfromeurope.com\/fr\/#website"},"primaryImageOfPage":{"@id":"https:\/\/ilovefruitandvegfromeurope.com\/fr\/op-agritalia\/#primaryimage"},"image":{"@id":"https:\/\/ilovefruitandvegfromeurope.com\/fr\/op-agritalia\/#primaryimage"},"thumbnailUrl":"https:\/\/ilovefruitandvegfromeurope.com\/wp-content\/uploads\/2023\/06\/1200x628-31.png","datePublished":"2023-06-07T14:01:22+00:00","dateModified":"2025-01-10T15:19:16+00:00","description":"OP Agritalia : organisation de producteurs de fruits et l\u00e9gumes des Pouilles, de la Basilicate et de la Sicile.","breadcrumb":{"@id":"https:\/\/ilovefruitandvegfromeurope.com\/fr\/op-agritalia\/#breadcrumb"},"inLanguage":"fr-FR","potentialAction":[{"@type":"ReadAction","target":["https:\/\/ilovefruitandvegfromeurope.com\/fr\/op-agritalia\/"]}]},{"@type":"ImageObject","inLanguage":"fr-FR","@id":"https:\/\/ilovefruitandvegfromeurope.com\/fr\/op-agritalia\/#primaryimage","url":"https:\/\/ilovefruitandvegfromeurope.com\/wp-content\/uploads\/2023\/06\/1200x628-31.png","contentUrl":"https:\/\/ilovefruitandvegfromeurope.com\/wp-content\/uploads\/2023\/06\/1200x628-31.png","width":1200,"height":628},{"@type":"BreadcrumbList","@id":"https:\/\/ilovefruitandvegfromeurope.com\/fr\/op-agritalia\/#breadcrumb","itemListElement":[{"@type":"ListItem","position":1,"name":"Home","item":"https:\/\/ilovefruitandvegfromeurope.com\/fr\/"},{"@type":"ListItem","position":2,"name":"O.P. Agritalia"}]},{"@type":"WebSite","@id":"https:\/\/ilovefruitandvegfromeurope.com\/fr\/#website","url":"https:\/\/ilovefruitandvegfromeurope.com\/fr\/","name":"I Love Fruit And Veg From Europe","description":"I Love Fruit And Veg From Europe: I Choose Fresh And Fair","publisher":{"@id":"https:\/\/ilovefruitandvegfromeurope.com\/fr\/#organization"},"potentialAction":[{"@type":"SearchAction","target":{"@type":"EntryPoint","urlTemplate":"https:\/\/ilovefruitandvegfromeurope.com\/fr\/?s={search_term_string}"},"query-input":{"@type":"PropertyValueSpecification","valueRequired":true,"valueName":"search_term_string"}}],"inLanguage":"fr-FR"},{"@type":"Organization","@id":"https:\/\/ilovefruitandvegfromeurope.com\/fr\/#organization","name":"I Love Fruit And Veg From Europe","url":"https:\/\/ilovefruitandvegfromeurope.com\/fr\/","logo":{"@type":"ImageObject","inLanguage":"fr-FR","@id":"https:\/\/ilovefruitandvegfromeurope.com\/fr\/#\/schema\/logo\/image\/","url":"https:\/\/ilovefruitandvegfromeurope.com\/wp-content\/uploads\/2021\/07\/logo.png","contentUrl":"https:\/\/ilovefruitandvegfromeurope.com\/wp-content\/uploads\/2021\/07\/logo.png","width":248,"height":62,"caption":"I Love Fruit And Veg From Europe"},"image":{"@id":"https:\/\/ilovefruitandvegfromeurope.com\/fr\/#\/schema\/logo\/image\/"}}]}},"_links":{"self":[{"href":"https:\/\/ilovefruitandvegfromeurope.com\/fr\/wp-json\/wp\/v2\/pages\/23843","targetHints":{"allow":["GET"]}}],"collection":[{"href":"https:\/\/ilovefruitandvegfromeurope.com\/fr\/wp-json\/wp\/v2\/pages"}],"about":[{"href":"https:\/\/ilovefruitandvegfromeurope.com\/fr\/wp-json\/wp\/v2\/types\/page"}],"author":[{"embeddable":true,"href":"https:\/\/ilovefruitandvegfromeurope.com\/fr\/wp-json\/wp\/v2\/users\/2"}],"replies":[{"embeddable":true,"href":"https:\/\/ilovefruitandvegfromeurope.com\/fr\/wp-json\/wp\/v2\/comments?post=23843"}],"version-history":[{"count":3,"href":"https:\/\/ilovefruitandvegfromeurope.com\/fr\/wp-json\/wp\/v2\/pages\/23843\/revisions"}],"predecessor-version":[{"id":42754,"href":"https:\/\/ilovefruitandvegfromeurope.com\/fr\/wp-json\/wp\/v2\/pages\/23843\/revisions\/42754"}],"wp:featuredmedia":[{"embeddable":true,"href":"https:\/\/ilovefruitandvegfromeurope.com\/fr\/wp-json\/wp\/v2\/media\/23808"}],"wp:attachment":[{"href":"https:\/\/ilovefruitandvegfromeurope.com\/fr\/wp-json\/wp\/v2\/media?parent=23843"}],"curies":[{"name":"wp","href":"https:\/\/api.w.org\/{rel}","templated":true}]}}