
{"id":994,"date":"2021-07-07T19:01:44","date_gmt":"2021-07-07T17:01:44","guid":{"rendered":"https:\/\/ilovefruitandvegfromeurope.com\/the-eu-fresh-fruit-and-vegetable-sector\/"},"modified":"2021-07-16T10:22:29","modified_gmt":"2021-07-16T08:22:29","slug":"le-secteur-des-fruits-et-legumes-frais-de-ue","status":"publish","type":"page","link":"https:\/\/ilovefruitandvegfromeurope.com\/fr\/le-secteur-des-fruits-et-legumes-frais-de-ue\/","title":{"rendered":"Le secteur des fruits et l\u00e9gumes frais de l&rsquo;UE"},"content":{"rendered":"\n<p>Les Europ\u00e9ens<strong> adorent les fruits et l\u00e9gumes<\/strong> !<\/p>\n\n\n\n<p>Bien que le montant varie d&rsquo;un pays \u00e0 l&rsquo;autre ; ils mangent au moins <strong>40% <\/strong>de la quantit\u00e9 quotidienne recommand\u00e9e de <strong>fruits <\/strong>et plus de <strong>20%<\/strong> de la consommation recommand\u00e9e de <strong>l\u00e9gumes<\/strong>. <\/p>\n\n\n\n<p>Toutes les classes socio-\u00e9conomiques mangent une vari\u00e9t\u00e9 de l\u00e9gumes et de fruits, mais les plus pauvres mangent moins que les plus riches. <\/p>\n\n\n\n<p>L&rsquo;inverse se produit en Italie, o\u00f9 la consommation globale de fruits et l\u00e9gumes est beaucoup plus \u00e9lev\u00e9e et les plus pauvres consomment plus que les plus riches.<\/p>\n\n\n\n<p>En moyenne, <strong>64% des citoyens de l&rsquo;UE consomment quotidiennement des fruits frais ou surgel\u00e9s<\/strong>. Certains pays, dont l&rsquo;Italie (85%), le Portugal (81%) et l&rsquo;Espagne (77%) consomment des fruits en abondance, dans des quantit\u00e9s bien sup\u00e9rieures \u00e0 la moyenne, tandis que la plus faible consommation se situe en Lituanie (37%), en Bulgarie (37%), Lettonie (35%) et Hongrie avec 40%. Seuls 1,6% des citoyens de l&rsquo;UE ne mangent aucun fruit.<\/p>\n\n\n\n<p>Quant aux l\u00e9gumes, <em>64% des citoyens de l&rsquo;Union europ\u00e9enne en consomment une ou plusieurs fois par jour<\/em>. Contrairement aux fruits, les pays du Sud n&rsquo;obtiennent g\u00e9n\u00e9ralement pas les meilleurs scores : la Belgique et l&rsquo;Irlande dominent, avec 84% des personnes consommant des l\u00e9gumes chaque jour. L&rsquo;Italie est troisi\u00e8me avec 80%.<\/p>\n\n\n\n<figure class=\"wp-block-image size-large is-resized\"><img decoding=\"async\" src=\"https:\/\/ilovefruitandvegfromeurope.com\/wp-content\/uploads\/2021\/07\/My-Post-1.png\" alt=\"The EU fresh fruit and vegetable sector\" class=\"wp-image-194\" width=\"840\" height=\"420\" srcset=\"https:\/\/ilovefruitandvegfromeurope.com\/wp-content\/uploads\/2021\/07\/My-Post-1.png 1024w, https:\/\/ilovefruitandvegfromeurope.com\/wp-content\/uploads\/2021\/07\/My-Post-1-300x150.png 300w, https:\/\/ilovefruitandvegfromeurope.com\/wp-content\/uploads\/2021\/07\/My-Post-1-768x384.png 768w\" sizes=\"(max-width: 840px) 100vw, 840px\" \/><\/figure>\n\n\n\n<p>La plupart des fruits et l\u00e9gumes consomm\u00e9s en Europe proviennent des pays voisins, notamment l&rsquo;Espagne, la Gr\u00e8ce, le Portugal, la France, le Royaume-Uni et l&rsquo;Allemagne.<\/p>\n\n\n\n<p>Les aliments que nous consommons et les mani\u00e8res dont nous les produisons ont subi de profonds changements au cours du si\u00e8cle dernier, comme c&rsquo;est \u00e9galement le cas pour le paysage europ\u00e9en et la soci\u00e9t\u00e9 en g\u00e9n\u00e9ral.&nbsp; <\/p>\n\n\n\n<p>Une agriculture plus intensive a permis \u00e0 l&rsquo;Europe de produire de la nourriture en plus grande quantit\u00e9 et \u00e0 des prix plus abordables, mais au d\u00e9triment de l&rsquo;environnement et de l&rsquo;agriculture traditionnelle.<\/p>\n\n\n\n<p>Les \u00c9tats membres de l&rsquo;UE se sont mis d&rsquo;accord sur une politique agricole commune visant initialement \u00e0 garantir la disponibilit\u00e9 en Europe de denr\u00e9es alimentaires en quantit\u00e9 suffisante et \u00e0 des prix abordables.<\/p>\n\n\n\n<p>\u00c0 cette fin, il a \u00e9t\u00e9 n\u00e9cessaire de s&rsquo;assurer qu&rsquo;un nombre suffisant d&rsquo;agriculteurs restent sur leurs terres et continuent \u00e0 cultiver.<\/p>\n\n\n\n<p>La concurrence mondiale peut faire chuter les prix et seule une petite fraction du prix de vente final se retrouve dans les poches des agriculteurs.<\/p>\n\n\n\n<p>La politique agricole commune de l&rsquo;UE a int\u00e9gr\u00e9 des <strong>mesures soutenant l&rsquo;\u00e9conomie rurale<\/strong> dans son ensemble, r\u00e9duisant l&rsquo;impact environnemental de l&rsquo;agriculture et prot\u00e9geant la pr\u00e9cieuse qualit\u00e9 de nos sols. <\/p>\n\n\n\n<p>Des mesures sp\u00e9cifiques \u00e0 cet effet sont en place pour le secteur des fruits et l\u00e9gumes.<\/p>\n\n\n\n<p>L&rsquo;UE soutient activement le secteur des fruits et l\u00e9gumes par le biais de son programme de gestion du march\u00e9 avec quatre grands objectifs :<\/p>\n\n\n\n<ol class=\"wp-block-list\"><li>un secteur plus comp\u00e9titif et orient\u00e9 vers le march\u00e9 gr\u00e2ce aux <strong>organisations de producteurs<\/strong><\/li><li>&nbsp;moins de fluctuations du revenu des producteurs li\u00e9es \u00e0 la crise<\/li><li>&nbsp;une plus grande consommation de fruits et l\u00e9gumes dans l&rsquo;UE<\/li><li>utilisation accrue de techniques de culture et de production r<strong>espectueuses de l&rsquo;environnement<\/strong>.<\/li><\/ol>\n\n\n\n<p><\/p>\n","protected":false},"excerpt":{"rendered":"<p>Les Europ\u00e9ens adorent les fruits et l\u00e9gumes ! Bien que le montant varie d&rsquo;un pays \u00e0 l&rsquo;autre ; ils mangent au moins 40% de la quantit\u00e9 quotidienne recommand\u00e9e de fruits et plus de 20% de la consommation recommand\u00e9e de l\u00e9gumes. Toutes les classes socio-\u00e9conomiques mangent une vari\u00e9t\u00e9 de l\u00e9gumes et de fruits, mais les plus<\/p>\n","protected":false},"author":2,"featured_media":995,"parent":0,"menu_order":0,"comment_status":"closed","ping_status":"closed","template":"","meta":{"_acf_changed":false,"footnotes":""},"class_list":["post-994","page","type-page","status-publish","has-post-thumbnail","hentry"],"acf":[],"yoast_head":"<!-- This site is optimized with the Yoast SEO plugin v24.1 - https:\/\/yoast.com\/wordpress\/plugins\/seo\/ -->\n<title>Le secteur des fruits et l\u00e9gumes frais de l&#039;UE. En savoir plus!<\/title>\n<meta name=\"description\" content=\"Le secteur des fruits et l\u00e9gumes frais de l&#039;UE : les Europ\u00e9ens consomment 40% de fruits et 20% de l\u00e9gumes en quantit\u00e9 quotidienne.\" \/>\n<meta name=\"robots\" content=\"index, follow, max-snippet:-1, max-image-preview:large, max-video-preview:-1\" \/>\n<link rel=\"canonical\" href=\"https:\/\/ilovefruitandvegfromeurope.com\/fr\/le-secteur-des-fruits-et-legumes-frais-de-ue\/\" \/>\n<meta property=\"og:locale\" content=\"fr_FR\" \/>\n<meta property=\"og:type\" content=\"article\" \/>\n<meta property=\"og:title\" content=\"Le secteur des fruits et l\u00e9gumes frais de l&#039;UE. En savoir plus!\" \/>\n<meta property=\"og:description\" content=\"Le secteur des fruits et l\u00e9gumes frais de l&#039;UE : les Europ\u00e9ens consomment 40% de fruits et 20% de l\u00e9gumes en quantit\u00e9 quotidienne.\" \/>\n<meta property=\"og:url\" content=\"https:\/\/ilovefruitandvegfromeurope.com\/fr\/le-secteur-des-fruits-et-legumes-frais-de-ue\/\" \/>\n<meta property=\"og:site_name\" content=\"I Love Fruit And Veg From Europe\" \/>\n<meta property=\"article:modified_time\" content=\"2021-07-16T08:22:29+00:00\" \/>\n<meta property=\"og:image\" content=\"https:\/\/ilovefruitandvegfromeurope.com\/wp-content\/uploads\/2021\/07\/My-Post.png\" \/>\n\t<meta property=\"og:image:width\" content=\"1024\" \/>\n\t<meta property=\"og:image:height\" content=\"512\" \/>\n\t<meta property=\"og:image:type\" content=\"image\/png\" \/>\n<meta name=\"twitter:card\" content=\"summary_large_image\" \/>\n<meta name=\"twitter:label1\" content=\"Dur\u00e9e de lecture estim\u00e9e\" \/>\n\t<meta name=\"twitter:data1\" content=\"3 minutes\" \/>\n<script type=\"application\/ld+json\" class=\"yoast-schema-graph\">{\"@context\":\"https:\/\/schema.org\",\"@graph\":[{\"@type\":\"WebPage\",\"@id\":\"https:\/\/ilovefruitandvegfromeurope.com\/fr\/le-secteur-des-fruits-et-legumes-frais-de-ue\/\",\"url\":\"https:\/\/ilovefruitandvegfromeurope.com\/fr\/le-secteur-des-fruits-et-legumes-frais-de-ue\/\",\"name\":\"Le secteur des fruits et l\u00e9gumes frais de l'UE. En savoir plus!\",\"isPartOf\":{\"@id\":\"https:\/\/ilovefruitandvegfromeurope.com\/fr\/#website\"},\"primaryImageOfPage\":{\"@id\":\"https:\/\/ilovefruitandvegfromeurope.com\/fr\/le-secteur-des-fruits-et-legumes-frais-de-ue\/#primaryimage\"},\"image\":{\"@id\":\"https:\/\/ilovefruitandvegfromeurope.com\/fr\/le-secteur-des-fruits-et-legumes-frais-de-ue\/#primaryimage\"},\"thumbnailUrl\":\"https:\/\/ilovefruitandvegfromeurope.com\/wp-content\/uploads\/2021\/07\/My-Post.png\",\"datePublished\":\"2021-07-07T17:01:44+00:00\",\"dateModified\":\"2021-07-16T08:22:29+00:00\",\"description\":\"Le secteur des fruits et l\u00e9gumes frais de l'UE : les Europ\u00e9ens consomment 40% de fruits et 20% de l\u00e9gumes en quantit\u00e9 quotidienne.\",\"breadcrumb\":{\"@id\":\"https:\/\/ilovefruitandvegfromeurope.com\/fr\/le-secteur-des-fruits-et-legumes-frais-de-ue\/#breadcrumb\"},\"inLanguage\":\"fr-FR\",\"potentialAction\":[{\"@type\":\"ReadAction\",\"target\":[\"https:\/\/ilovefruitandvegfromeurope.com\/fr\/le-secteur-des-fruits-et-legumes-frais-de-ue\/\"]}]},{\"@type\":\"ImageObject\",\"inLanguage\":\"fr-FR\",\"@id\":\"https:\/\/ilovefruitandvegfromeurope.com\/fr\/le-secteur-des-fruits-et-legumes-frais-de-ue\/#primaryimage\",\"url\":\"https:\/\/ilovefruitandvegfromeurope.com\/wp-content\/uploads\/2021\/07\/My-Post.png\",\"contentUrl\":\"https:\/\/ilovefruitandvegfromeurope.com\/wp-content\/uploads\/2021\/07\/My-Post.png\",\"width\":1024,\"height\":512},{\"@type\":\"BreadcrumbList\",\"@id\":\"https:\/\/ilovefruitandvegfromeurope.com\/fr\/le-secteur-des-fruits-et-legumes-frais-de-ue\/#breadcrumb\",\"itemListElement\":[{\"@type\":\"ListItem\",\"position\":1,\"name\":\"Home\",\"item\":\"https:\/\/ilovefruitandvegfromeurope.com\/fr\/\"},{\"@type\":\"ListItem\",\"position\":2,\"name\":\"Le secteur des fruits et l\u00e9gumes frais de l&rsquo;UE\"}]},{\"@type\":\"WebSite\",\"@id\":\"https:\/\/ilovefruitandvegfromeurope.com\/fr\/#website\",\"url\":\"https:\/\/ilovefruitandvegfromeurope.com\/fr\/\",\"name\":\"I Love Fruit And Veg From Europe\",\"description\":\"I Love Fruit And Veg From Europe: I Choose Fresh And Fair\",\"publisher\":{\"@id\":\"https:\/\/ilovefruitandvegfromeurope.com\/fr\/#organization\"},\"potentialAction\":[{\"@type\":\"SearchAction\",\"target\":{\"@type\":\"EntryPoint\",\"urlTemplate\":\"https:\/\/ilovefruitandvegfromeurope.com\/fr\/?s={search_term_string}\"},\"query-input\":{\"@type\":\"PropertyValueSpecification\",\"valueRequired\":true,\"valueName\":\"search_term_string\"}}],\"inLanguage\":\"fr-FR\"},{\"@type\":\"Organization\",\"@id\":\"https:\/\/ilovefruitandvegfromeurope.com\/fr\/#organization\",\"name\":\"I Love Fruit And Veg From Europe\",\"url\":\"https:\/\/ilovefruitandvegfromeurope.com\/fr\/\",\"logo\":{\"@type\":\"ImageObject\",\"inLanguage\":\"fr-FR\",\"@id\":\"https:\/\/ilovefruitandvegfromeurope.com\/fr\/#\/schema\/logo\/image\/\",\"url\":\"https:\/\/ilovefruitandvegfromeurope.com\/wp-content\/uploads\/2021\/07\/logo.png\",\"contentUrl\":\"https:\/\/ilovefruitandvegfromeurope.com\/wp-content\/uploads\/2021\/07\/logo.png\",\"width\":248,\"height\":62,\"caption\":\"I Love Fruit And Veg From Europe\"},\"image\":{\"@id\":\"https:\/\/ilovefruitandvegfromeurope.com\/fr\/#\/schema\/logo\/image\/\"}}]}<\/script>\n<!-- \/ Yoast SEO plugin. -->","yoast_head_json":{"title":"Le secteur des fruits et l\u00e9gumes frais de l'UE. En savoir plus!","description":"Le secteur des fruits et l\u00e9gumes frais de l'UE : les Europ\u00e9ens consomment 40% de fruits et 20% de l\u00e9gumes en quantit\u00e9 quotidienne.","robots":{"index":"index","follow":"follow","max-snippet":"max-snippet:-1","max-image-preview":"max-image-preview:large","max-video-preview":"max-video-preview:-1"},"canonical":"https:\/\/ilovefruitandvegfromeurope.com\/fr\/le-secteur-des-fruits-et-legumes-frais-de-ue\/","og_locale":"fr_FR","og_type":"article","og_title":"Le secteur des fruits et l\u00e9gumes frais de l'UE. En savoir plus!","og_description":"Le secteur des fruits et l\u00e9gumes frais de l'UE : les Europ\u00e9ens consomment 40% de fruits et 20% de l\u00e9gumes en quantit\u00e9 quotidienne.","og_url":"https:\/\/ilovefruitandvegfromeurope.com\/fr\/le-secteur-des-fruits-et-legumes-frais-de-ue\/","og_site_name":"I Love Fruit And Veg From Europe","article_modified_time":"2021-07-16T08:22:29+00:00","og_image":[{"width":1024,"height":512,"url":"https:\/\/ilovefruitandvegfromeurope.com\/wp-content\/uploads\/2021\/07\/My-Post.png","type":"image\/png"}],"twitter_card":"summary_large_image","twitter_misc":{"Dur\u00e9e de lecture estim\u00e9e":"3 minutes"},"schema":{"@context":"https:\/\/schema.org","@graph":[{"@type":"WebPage","@id":"https:\/\/ilovefruitandvegfromeurope.com\/fr\/le-secteur-des-fruits-et-legumes-frais-de-ue\/","url":"https:\/\/ilovefruitandvegfromeurope.com\/fr\/le-secteur-des-fruits-et-legumes-frais-de-ue\/","name":"Le secteur des fruits et l\u00e9gumes frais de l'UE. En savoir plus!","isPartOf":{"@id":"https:\/\/ilovefruitandvegfromeurope.com\/fr\/#website"},"primaryImageOfPage":{"@id":"https:\/\/ilovefruitandvegfromeurope.com\/fr\/le-secteur-des-fruits-et-legumes-frais-de-ue\/#primaryimage"},"image":{"@id":"https:\/\/ilovefruitandvegfromeurope.com\/fr\/le-secteur-des-fruits-et-legumes-frais-de-ue\/#primaryimage"},"thumbnailUrl":"https:\/\/ilovefruitandvegfromeurope.com\/wp-content\/uploads\/2021\/07\/My-Post.png","datePublished":"2021-07-07T17:01:44+00:00","dateModified":"2021-07-16T08:22:29+00:00","description":"Le secteur des fruits et l\u00e9gumes frais de l'UE : les Europ\u00e9ens consomment 40% de fruits et 20% de l\u00e9gumes en quantit\u00e9 quotidienne.","breadcrumb":{"@id":"https:\/\/ilovefruitandvegfromeurope.com\/fr\/le-secteur-des-fruits-et-legumes-frais-de-ue\/#breadcrumb"},"inLanguage":"fr-FR","potentialAction":[{"@type":"ReadAction","target":["https:\/\/ilovefruitandvegfromeurope.com\/fr\/le-secteur-des-fruits-et-legumes-frais-de-ue\/"]}]},{"@type":"ImageObject","inLanguage":"fr-FR","@id":"https:\/\/ilovefruitandvegfromeurope.com\/fr\/le-secteur-des-fruits-et-legumes-frais-de-ue\/#primaryimage","url":"https:\/\/ilovefruitandvegfromeurope.com\/wp-content\/uploads\/2021\/07\/My-Post.png","contentUrl":"https:\/\/ilovefruitandvegfromeurope.com\/wp-content\/uploads\/2021\/07\/My-Post.png","width":1024,"height":512},{"@type":"BreadcrumbList","@id":"https:\/\/ilovefruitandvegfromeurope.com\/fr\/le-secteur-des-fruits-et-legumes-frais-de-ue\/#breadcrumb","itemListElement":[{"@type":"ListItem","position":1,"name":"Home","item":"https:\/\/ilovefruitandvegfromeurope.com\/fr\/"},{"@type":"ListItem","position":2,"name":"Le secteur des fruits et l\u00e9gumes frais de l&rsquo;UE"}]},{"@type":"WebSite","@id":"https:\/\/ilovefruitandvegfromeurope.com\/fr\/#website","url":"https:\/\/ilovefruitandvegfromeurope.com\/fr\/","name":"I Love Fruit And Veg From Europe","description":"I Love Fruit And Veg From Europe: I Choose Fresh And Fair","publisher":{"@id":"https:\/\/ilovefruitandvegfromeurope.com\/fr\/#organization"},"potentialAction":[{"@type":"SearchAction","target":{"@type":"EntryPoint","urlTemplate":"https:\/\/ilovefruitandvegfromeurope.com\/fr\/?s={search_term_string}"},"query-input":{"@type":"PropertyValueSpecification","valueRequired":true,"valueName":"search_term_string"}}],"inLanguage":"fr-FR"},{"@type":"Organization","@id":"https:\/\/ilovefruitandvegfromeurope.com\/fr\/#organization","name":"I Love Fruit And Veg From Europe","url":"https:\/\/ilovefruitandvegfromeurope.com\/fr\/","logo":{"@type":"ImageObject","inLanguage":"fr-FR","@id":"https:\/\/ilovefruitandvegfromeurope.com\/fr\/#\/schema\/logo\/image\/","url":"https:\/\/ilovefruitandvegfromeurope.com\/wp-content\/uploads\/2021\/07\/logo.png","contentUrl":"https:\/\/ilovefruitandvegfromeurope.com\/wp-content\/uploads\/2021\/07\/logo.png","width":248,"height":62,"caption":"I Love Fruit And Veg From Europe"},"image":{"@id":"https:\/\/ilovefruitandvegfromeurope.com\/fr\/#\/schema\/logo\/image\/"}}]}},"_links":{"self":[{"href":"https:\/\/ilovefruitandvegfromeurope.com\/fr\/wp-json\/wp\/v2\/pages\/994","targetHints":{"allow":["GET"]}}],"collection":[{"href":"https:\/\/ilovefruitandvegfromeurope.com\/fr\/wp-json\/wp\/v2\/pages"}],"about":[{"href":"https:\/\/ilovefruitandvegfromeurope.com\/fr\/wp-json\/wp\/v2\/types\/page"}],"author":[{"embeddable":true,"href":"https:\/\/ilovefruitandvegfromeurope.com\/fr\/wp-json\/wp\/v2\/users\/2"}],"replies":[{"embeddable":true,"href":"https:\/\/ilovefruitandvegfromeurope.com\/fr\/wp-json\/wp\/v2\/comments?post=994"}],"version-history":[{"count":2,"href":"https:\/\/ilovefruitandvegfromeurope.com\/fr\/wp-json\/wp\/v2\/pages\/994\/revisions"}],"predecessor-version":[{"id":1015,"href":"https:\/\/ilovefruitandvegfromeurope.com\/fr\/wp-json\/wp\/v2\/pages\/994\/revisions\/1015"}],"wp:featuredmedia":[{"embeddable":true,"href":"https:\/\/ilovefruitandvegfromeurope.com\/fr\/wp-json\/wp\/v2\/media\/995"}],"wp:attachment":[{"href":"https:\/\/ilovefruitandvegfromeurope.com\/fr\/wp-json\/wp\/v2\/media?parent=994"}],"curies":[{"name":"wp","href":"https:\/\/api.w.org\/{rel}","templated":true}]}}