
{"id":25898,"date":"2022-05-18T09:54:19","date_gmt":"2022-05-18T07:54:19","guid":{"rendered":"https:\/\/ilovefruitandvegfromeurope.com\/op-a-o-a\/"},"modified":"2022-05-18T09:54:19","modified_gmt":"2022-05-18T07:54:19","slug":"op-a-o-a","status":"publish","type":"page","link":"https:\/\/ilovefruitandvegfromeurope.com\/fr_ca\/op-a-o-a\/","title":{"rendered":"O.P. A.O.A\u00a0Scarl"},"content":{"rendered":"\n<div class=\"wp-block-columns is-layout-flex wp-container-core-columns-is-layout-1 wp-block-columns-is-layout-flex\">\n<div class=\"wp-block-column is-layout-flow wp-block-column-is-layout-flow\" style=\"flex-basis:33.33%\">\n<figure class=\"wp-block-image size-full\"><a href=\"https:\/\/aoa.it\/\" target=\"_blank\" rel=\"noreferrer noopener\"><img decoding=\"async\" width=\"207\" height=\"188\" src=\"https:\/\/ilovefruitandvegfromeurope.com\/wp-content\/uploads\/2021\/07\/ILoveFruitAndVegFromEurope_AOA.png\" alt=\"\" class=\"wp-image-2263\"\/><\/a><\/figure>\n<\/div>\n\n\n\n<div class=\"wp-block-column is-layout-flow wp-block-column-is-layout-flow\" style=\"flex-basis:66.66%\">\n<p> L&rsquo;<strong><a href=\"https:\/\/aoa.it\/\" target=\"_blank\" rel=\"noreferrer noopener\">O.P. A.O.A.<\/a><\/strong><a href=\"https:\/\/aoa.it\/\"> <\/a>de Scafati (Salerne) a une base de membres compos\u00e9e de 15 coop\u00e9ratives avec la participation de plus de 400 producteurs r\u00e9partis, ainsi qu&rsquo;en Campanie, dans de nombreuses r\u00e9gions du centre-sud de l&rsquo;Italie (Pouilles, Toscane, Ombrie, Latium, Marches, Abruzzes, Molise, Basilicate et Calabre). Initialement sp\u00e9cialis\u00e9e principalement dans la fili\u00e8re de la tomate industrielle, elle compte aujourd&rsquo;hui de nombreuses productions biologiques et initiatives dans le domaine de l&rsquo;agriculture durable.<\/p>\n<\/div>\n<\/div>\n\n\n\n<div class=\"wp-block-cover\"><span aria-hidden=\"true\" class=\"wp-block-cover__background has-background-dim\"><\/span><img decoding=\"async\" width=\"2560\" height=\"1586\" class=\"wp-block-cover__image-background wp-image-13060\" alt=\"F&amp;V UK - Freshly harvested, purple colorful radish at the market. Growing \" src=\"https:\/\/ilovefruitandvegfromeurope.com\/wp-content\/uploads\/2021\/10\/Ravanello-3-scaled.jpg\" data-object-fit=\"cover\" srcset=\"https:\/\/ilovefruitandvegfromeurope.com\/wp-content\/uploads\/2021\/10\/Ravanello-3-scaled.jpg 2560w, https:\/\/ilovefruitandvegfromeurope.com\/wp-content\/uploads\/2021\/10\/Ravanello-3-300x186.jpg 300w, https:\/\/ilovefruitandvegfromeurope.com\/wp-content\/uploads\/2021\/10\/Ravanello-3-1024x634.jpg 1024w, https:\/\/ilovefruitandvegfromeurope.com\/wp-content\/uploads\/2021\/10\/Ravanello-3-768x476.jpg 768w, https:\/\/ilovefruitandvegfromeurope.com\/wp-content\/uploads\/2021\/10\/Ravanello-3-1536x951.jpg 1536w, https:\/\/ilovefruitandvegfromeurope.com\/wp-content\/uploads\/2021\/10\/Ravanello-3-2048x1269.jpg 2048w\" sizes=\"(max-width: 2560px) 100vw, 2560px\" \/><div class=\"wp-block-cover__inner-container is-layout-flow wp-block-cover-is-layout-flow\">\n<p class=\"has-text-align-center has-large-font-size\"><em>A.O.A O.P. a une structure organisationnelle qui soutient ses membres dans toutes les phases ci-dessus.<\/em><\/p>\n<\/div><\/div>\n\n\n\n<div style=\"height:40px\" aria-hidden=\"true\" class=\"wp-block-spacer\"><\/div>\n\n\n\n<h2 class=\"wp-block-heading\">Contacts<\/h2>\n\n\n\n<p><strong>A.O.A<\/strong> <strong>Scarl<\/strong> &#8211; Via Madonnelle, 2 \u2013 84018 Scafati \u2013 SA<\/p>\n\n\n\n<p class=\"has-text-align-center\"><strong>Phone: <\/strong>+ 39 081 8598628<br><strong>Fax:<\/strong> + 39 081 8598623<br><strong>Web Site: <\/strong><a href=\"http:\/\/aoa.it\/\">http:\/\/aoa.it\/<\/a><br><strong><a href=\"https:\/\/www.instagram.com\/op_aoa\/\" target=\"_blank\" rel=\"noreferrer noopener\">Instagram<\/a> &#8211; <a href=\"https:\/\/www.facebook.com\/opaoa\/\" target=\"_blank\" rel=\"noreferrer noopener\">Facebook <\/a><\/strong><\/p>\n","protected":false},"excerpt":{"rendered":"<p>L&rsquo;O.P. A.O.A. de Scafati (Salerne) a une base de membres compos\u00e9e de 15 coop\u00e9ratives avec la participation de plus de 400 producteurs r\u00e9partis, ainsi qu&rsquo;en Campanie, dans de nombreuses r\u00e9gions du centre-sud de l&rsquo;Italie (Pouilles, Toscane, Ombrie, Latium, Marches, Abruzzes, Molise, Basilicate et Calabre). Initialement sp\u00e9cialis\u00e9e principalement dans la fili\u00e8re de la tomate industrielle, elle<\/p>\n","protected":false},"author":1,"featured_media":25899,"parent":0,"menu_order":0,"comment_status":"closed","ping_status":"closed","template":"","meta":{"_acf_changed":false,"footnotes":""},"class_list":["post-25898","page","type-page","status-publish","has-post-thumbnail","hentry"],"acf":[],"yoast_head":"<!-- This site is optimized with the Yoast SEO plugin v24.1 - https:\/\/yoast.com\/wordpress\/plugins\/seo\/ -->\n<title>O.P. A.O.A\u00a0Scarl - I Love Fruit And Veg From Europe<\/title>\n<meta name=\"robots\" content=\"index, follow, max-snippet:-1, max-image-preview:large, max-video-preview:-1\" \/>\n<link rel=\"canonical\" href=\"https:\/\/ilovefruitandvegfromeurope.com\/fr_ca\/op-a-o-a\/\" \/>\n<meta property=\"og:locale\" content=\"fr_CA\" \/>\n<meta property=\"og:type\" content=\"article\" \/>\n<meta property=\"og:title\" content=\"O.P. A.O.A\u00a0Scarl - I Love Fruit And Veg From Europe\" \/>\n<meta property=\"og:description\" content=\"L&rsquo;O.P. A.O.A. de Scafati (Salerne) a une base de membres compos\u00e9e de 15 coop\u00e9ratives avec la participation de plus de 400 producteurs r\u00e9partis, ainsi qu&rsquo;en Campanie, dans de nombreuses r\u00e9gions du centre-sud de l&rsquo;Italie (Pouilles, Toscane, Ombrie, Latium, Marches, Abruzzes, Molise, Basilicate et Calabre). Initialement sp\u00e9cialis\u00e9e principalement dans la fili\u00e8re de la tomate industrielle, elle\" \/>\n<meta property=\"og:url\" content=\"https:\/\/ilovefruitandvegfromeurope.com\/fr_ca\/op-a-o-a\/\" \/>\n<meta property=\"og:site_name\" content=\"I Love Fruit And Veg From Europe\" \/>\n<meta property=\"og:image\" content=\"https:\/\/ilovefruitandvegfromeurope.com\/wp-content\/uploads\/2021\/07\/ILoveFruitAndVegFromEurope_AOA.png\" \/>\n<meta name=\"twitter:card\" content=\"summary_large_image\" \/>\n<meta name=\"twitter:label1\" content=\"Estimation du temps de lecture\" \/>\n\t<meta name=\"twitter:data1\" content=\"1 minute\" \/>\n<script type=\"application\/ld+json\" class=\"yoast-schema-graph\">{\"@context\":\"https:\/\/schema.org\",\"@graph\":[{\"@type\":\"WebPage\",\"@id\":\"https:\/\/ilovefruitandvegfromeurope.com\/fr_ca\/op-a-o-a\/\",\"url\":\"https:\/\/ilovefruitandvegfromeurope.com\/fr_ca\/op-a-o-a\/\",\"name\":\"O.P. A.O.A\u00a0Scarl - I Love Fruit And Veg From Europe\",\"isPartOf\":{\"@id\":\"https:\/\/ilovefruitandvegfromeurope.com\/fr_ca\/#website\"},\"primaryImageOfPage\":{\"@id\":\"https:\/\/ilovefruitandvegfromeurope.com\/fr_ca\/op-a-o-a\/#primaryimage\"},\"image\":{\"@id\":\"https:\/\/ilovefruitandvegfromeurope.com\/fr_ca\/op-a-o-a\/#primaryimage\"},\"thumbnailUrl\":\"https:\/\/ilovefruitandvegfromeurope.com\/wp-content\/uploads\/2021\/11\/1200x628-68.png\",\"datePublished\":\"2022-05-18T07:54:19+00:00\",\"dateModified\":\"2022-05-18T07:54:19+00:00\",\"breadcrumb\":{\"@id\":\"https:\/\/ilovefruitandvegfromeurope.com\/fr_ca\/op-a-o-a\/#breadcrumb\"},\"inLanguage\":\"fr-CA\",\"potentialAction\":[{\"@type\":\"ReadAction\",\"target\":[\"https:\/\/ilovefruitandvegfromeurope.com\/fr_ca\/op-a-o-a\/\"]}]},{\"@type\":\"ImageObject\",\"inLanguage\":\"fr-CA\",\"@id\":\"https:\/\/ilovefruitandvegfromeurope.com\/fr_ca\/op-a-o-a\/#primaryimage\",\"url\":\"https:\/\/ilovefruitandvegfromeurope.com\/wp-content\/uploads\/2021\/11\/1200x628-68.png\",\"contentUrl\":\"https:\/\/ilovefruitandvegfromeurope.com\/wp-content\/uploads\/2021\/11\/1200x628-68.png\",\"width\":1200,\"height\":628},{\"@type\":\"BreadcrumbList\",\"@id\":\"https:\/\/ilovefruitandvegfromeurope.com\/fr_ca\/op-a-o-a\/#breadcrumb\",\"itemListElement\":[{\"@type\":\"ListItem\",\"position\":1,\"name\":\"Home\",\"item\":\"https:\/\/ilovefruitandvegfromeurope.com\/fr_ca\/bienvenue\/\"},{\"@type\":\"ListItem\",\"position\":2,\"name\":\"O.P. A.O.A\u00a0Scarl\"}]},{\"@type\":\"WebSite\",\"@id\":\"https:\/\/ilovefruitandvegfromeurope.com\/fr_ca\/#website\",\"url\":\"https:\/\/ilovefruitandvegfromeurope.com\/fr_ca\/\",\"name\":\"I Love Fruit And Veg From Europe\",\"description\":\"I Love Fruit And Veg From Europe: I Choose Fresh And Fair\",\"publisher\":{\"@id\":\"https:\/\/ilovefruitandvegfromeurope.com\/fr_ca\/#organization\"},\"potentialAction\":[{\"@type\":\"SearchAction\",\"target\":{\"@type\":\"EntryPoint\",\"urlTemplate\":\"https:\/\/ilovefruitandvegfromeurope.com\/fr_ca\/?s={search_term_string}\"},\"query-input\":{\"@type\":\"PropertyValueSpecification\",\"valueRequired\":true,\"valueName\":\"search_term_string\"}}],\"inLanguage\":\"fr-CA\"},{\"@type\":\"Organization\",\"@id\":\"https:\/\/ilovefruitandvegfromeurope.com\/fr_ca\/#organization\",\"name\":\"I Love Fruit And Veg From Europe\",\"url\":\"https:\/\/ilovefruitandvegfromeurope.com\/fr_ca\/\",\"logo\":{\"@type\":\"ImageObject\",\"inLanguage\":\"fr-CA\",\"@id\":\"https:\/\/ilovefruitandvegfromeurope.com\/fr_ca\/#\/schema\/logo\/image\/\",\"url\":\"https:\/\/ilovefruitandvegfromeurope.com\/wp-content\/uploads\/2021\/07\/logo.png\",\"contentUrl\":\"https:\/\/ilovefruitandvegfromeurope.com\/wp-content\/uploads\/2021\/07\/logo.png\",\"width\":248,\"height\":62,\"caption\":\"I Love Fruit And Veg From Europe\"},\"image\":{\"@id\":\"https:\/\/ilovefruitandvegfromeurope.com\/fr_ca\/#\/schema\/logo\/image\/\"}}]}<\/script>\n<!-- \/ Yoast SEO plugin. -->","yoast_head_json":{"title":"O.P. A.O.A\u00a0Scarl - I Love Fruit And Veg From Europe","robots":{"index":"index","follow":"follow","max-snippet":"max-snippet:-1","max-image-preview":"max-image-preview:large","max-video-preview":"max-video-preview:-1"},"canonical":"https:\/\/ilovefruitandvegfromeurope.com\/fr_ca\/op-a-o-a\/","og_locale":"fr_CA","og_type":"article","og_title":"O.P. A.O.A\u00a0Scarl - I Love Fruit And Veg From Europe","og_description":"L&rsquo;O.P. A.O.A. de Scafati (Salerne) a une base de membres compos\u00e9e de 15 coop\u00e9ratives avec la participation de plus de 400 producteurs r\u00e9partis, ainsi qu&rsquo;en Campanie, dans de nombreuses r\u00e9gions du centre-sud de l&rsquo;Italie (Pouilles, Toscane, Ombrie, Latium, Marches, Abruzzes, Molise, Basilicate et Calabre). Initialement sp\u00e9cialis\u00e9e principalement dans la fili\u00e8re de la tomate industrielle, elle","og_url":"https:\/\/ilovefruitandvegfromeurope.com\/fr_ca\/op-a-o-a\/","og_site_name":"I Love Fruit And Veg From Europe","og_image":[{"url":"https:\/\/ilovefruitandvegfromeurope.com\/wp-content\/uploads\/2021\/07\/ILoveFruitAndVegFromEurope_AOA.png","type":"","width":"","height":""}],"twitter_card":"summary_large_image","twitter_misc":{"Estimation du temps de lecture":"1 minute"},"schema":{"@context":"https:\/\/schema.org","@graph":[{"@type":"WebPage","@id":"https:\/\/ilovefruitandvegfromeurope.com\/fr_ca\/op-a-o-a\/","url":"https:\/\/ilovefruitandvegfromeurope.com\/fr_ca\/op-a-o-a\/","name":"O.P. A.O.A\u00a0Scarl - I Love Fruit And Veg From Europe","isPartOf":{"@id":"https:\/\/ilovefruitandvegfromeurope.com\/fr_ca\/#website"},"primaryImageOfPage":{"@id":"https:\/\/ilovefruitandvegfromeurope.com\/fr_ca\/op-a-o-a\/#primaryimage"},"image":{"@id":"https:\/\/ilovefruitandvegfromeurope.com\/fr_ca\/op-a-o-a\/#primaryimage"},"thumbnailUrl":"https:\/\/ilovefruitandvegfromeurope.com\/wp-content\/uploads\/2021\/11\/1200x628-68.png","datePublished":"2022-05-18T07:54:19+00:00","dateModified":"2022-05-18T07:54:19+00:00","breadcrumb":{"@id":"https:\/\/ilovefruitandvegfromeurope.com\/fr_ca\/op-a-o-a\/#breadcrumb"},"inLanguage":"fr-CA","potentialAction":[{"@type":"ReadAction","target":["https:\/\/ilovefruitandvegfromeurope.com\/fr_ca\/op-a-o-a\/"]}]},{"@type":"ImageObject","inLanguage":"fr-CA","@id":"https:\/\/ilovefruitandvegfromeurope.com\/fr_ca\/op-a-o-a\/#primaryimage","url":"https:\/\/ilovefruitandvegfromeurope.com\/wp-content\/uploads\/2021\/11\/1200x628-68.png","contentUrl":"https:\/\/ilovefruitandvegfromeurope.com\/wp-content\/uploads\/2021\/11\/1200x628-68.png","width":1200,"height":628},{"@type":"BreadcrumbList","@id":"https:\/\/ilovefruitandvegfromeurope.com\/fr_ca\/op-a-o-a\/#breadcrumb","itemListElement":[{"@type":"ListItem","position":1,"name":"Home","item":"https:\/\/ilovefruitandvegfromeurope.com\/fr_ca\/bienvenue\/"},{"@type":"ListItem","position":2,"name":"O.P. A.O.A\u00a0Scarl"}]},{"@type":"WebSite","@id":"https:\/\/ilovefruitandvegfromeurope.com\/fr_ca\/#website","url":"https:\/\/ilovefruitandvegfromeurope.com\/fr_ca\/","name":"I Love Fruit And Veg From Europe","description":"I Love Fruit And Veg From Europe: I Choose Fresh And Fair","publisher":{"@id":"https:\/\/ilovefruitandvegfromeurope.com\/fr_ca\/#organization"},"potentialAction":[{"@type":"SearchAction","target":{"@type":"EntryPoint","urlTemplate":"https:\/\/ilovefruitandvegfromeurope.com\/fr_ca\/?s={search_term_string}"},"query-input":{"@type":"PropertyValueSpecification","valueRequired":true,"valueName":"search_term_string"}}],"inLanguage":"fr-CA"},{"@type":"Organization","@id":"https:\/\/ilovefruitandvegfromeurope.com\/fr_ca\/#organization","name":"I Love Fruit And Veg From Europe","url":"https:\/\/ilovefruitandvegfromeurope.com\/fr_ca\/","logo":{"@type":"ImageObject","inLanguage":"fr-CA","@id":"https:\/\/ilovefruitandvegfromeurope.com\/fr_ca\/#\/schema\/logo\/image\/","url":"https:\/\/ilovefruitandvegfromeurope.com\/wp-content\/uploads\/2021\/07\/logo.png","contentUrl":"https:\/\/ilovefruitandvegfromeurope.com\/wp-content\/uploads\/2021\/07\/logo.png","width":248,"height":62,"caption":"I Love Fruit And Veg From Europe"},"image":{"@id":"https:\/\/ilovefruitandvegfromeurope.com\/fr_ca\/#\/schema\/logo\/image\/"}}]}},"_links":{"self":[{"href":"https:\/\/ilovefruitandvegfromeurope.com\/fr_ca\/wp-json\/wp\/v2\/pages\/25898","targetHints":{"allow":["GET"]}}],"collection":[{"href":"https:\/\/ilovefruitandvegfromeurope.com\/fr_ca\/wp-json\/wp\/v2\/pages"}],"about":[{"href":"https:\/\/ilovefruitandvegfromeurope.com\/fr_ca\/wp-json\/wp\/v2\/types\/page"}],"author":[{"embeddable":true,"href":"https:\/\/ilovefruitandvegfromeurope.com\/fr_ca\/wp-json\/wp\/v2\/users\/1"}],"replies":[{"embeddable":true,"href":"https:\/\/ilovefruitandvegfromeurope.com\/fr_ca\/wp-json\/wp\/v2\/comments?post=25898"}],"version-history":[{"count":0,"href":"https:\/\/ilovefruitandvegfromeurope.com\/fr_ca\/wp-json\/wp\/v2\/pages\/25898\/revisions"}],"wp:featuredmedia":[{"embeddable":true,"href":"https:\/\/ilovefruitandvegfromeurope.com\/fr_ca\/wp-json\/wp\/v2\/media\/25899"}],"wp:attachment":[{"href":"https:\/\/ilovefruitandvegfromeurope.com\/fr_ca\/wp-json\/wp\/v2\/media?parent=25898"}],"curies":[{"name":"wp","href":"https:\/\/api.w.org\/{rel}","templated":true}]}}