
{"id":25910,"date":"2021-10-13T21:48:23","date_gmt":"2021-10-13T19:48:23","guid":{"rendered":"https:\/\/ilovefruitandvegfromeurope.com\/press-kit\/"},"modified":"2025-10-15T16:06:21","modified_gmt":"2025-10-15T14:06:21","slug":"press-kit","status":"publish","type":"page","link":"https:\/\/ilovefruitandvegfromeurope.com\/fr_ca\/press-kit\/","title":{"rendered":"Press Kit"},"content":{"rendered":"\n<h2 class=\"wp-block-heading\"><span style=\"color:#006633\" class=\"has-inline-color\">Vous \u00eates journaliste ou blogueur ?<\/span><\/h2>\n\n\n\n<div class=\"wp-block-media-text alignwide has-media-on-the-right is-stacked-on-mobile\"><div class=\"wp-block-media-text__content\">\n<p>Une collaboration fructueuse avec les m\u00e9dias est essentielle pour diffuser un style et des valeurs sp\u00e9cifiques et faire conna\u00eetre <strong>le projet I LOVE FRUIT &amp; VEG FROM EUROPE.<\/strong><\/p>\n\n\n\n<p>Pour cette raison, nous avons d\u00e9di\u00e9 cet espace du site aux journalistes, aux blogueurs et \u00e0 tous ceux qui veulent parler du projet, pour encourager l&rsquo;achat et la consommation des fruits et l\u00e9gumes europ\u00e9ens de saison, y compris les produits biologiques et ceux avec des marques de qualit\u00e9.<\/p>\n\n\n\n<p>Ici, vous pouvez <strong>t\u00e9l\u00e9charger des documents utiles.<\/strong><\/p>\n\n\n\n<p><\/p>\n\n\n\n<p><\/p>\n\n\n\n<p><\/p>\n\n\n\n<p><\/p>\n\n\n\n<p><\/p>\n<\/div><figure class=\"wp-block-media-text__media\"><img decoding=\"async\" width=\"796\" height=\"598\" src=\"https:\/\/ilovefruitandvegfromeurope.com\/wp-content\/uploads\/2021\/09\/screenshot-drive.google.com-2021.08.31-16_02_42.png\" alt=\"PressKit cover\" class=\"wp-image-2788 size-full\" srcset=\"https:\/\/ilovefruitandvegfromeurope.com\/wp-content\/uploads\/2021\/09\/screenshot-drive.google.com-2021.08.31-16_02_42.png 796w, https:\/\/ilovefruitandvegfromeurope.com\/wp-content\/uploads\/2021\/09\/screenshot-drive.google.com-2021.08.31-16_02_42-300x225.png 300w, https:\/\/ilovefruitandvegfromeurope.com\/wp-content\/uploads\/2021\/09\/screenshot-drive.google.com-2021.08.31-16_02_42-768x577.png 768w\" sizes=\"(max-width: 796px) 100vw, 796px\" \/><\/figure><\/div>\n\n\n\n<p><\/p>\n\n\n\n<div class=\"wp-block-buttons is-layout-flex wp-block-buttons-is-layout-flex\">\n<div class=\"wp-block-button has-custom-width wp-block-button__width-50 is-style-outline is-style-outline--1\"><a class=\"wp-block-button__link has-white-color has-text-color has-background has-link-color wp-element-button\" href=\"https:\/\/ilovefruitandvegfromeurope.com\/wp-content\/uploads\/2025\/10\/Press-kit-Year-3-FR.pdf\" style=\"background-color:#006633\" target=\"_blank\" rel=\"noreferrer noopener\"><strong><strong><strong>Dossier de presse 2025<\/strong><\/strong><\/strong><\/a><\/div>\n\n\n\n<div class=\"wp-block-button has-custom-width wp-block-button__width-50 is-style-outline is-style-outline--2\"><a class=\"wp-block-button__link has-white-color has-text-color has-background has-link-color wp-element-button\" href=\"https:\/\/ilovefruitandvegfromeurope.com\/wp-content\/uploads\/2025\/01\/TC_Press-kit_Y2_FR_2024.pdf\" style=\"background-color:#006633\" target=\"_blank\" rel=\"noreferrer noopener\"><strong><strong><strong>Dossier de presse 2024<\/strong><\/strong><\/strong><\/a><\/div>\n\n\n\n<div class=\"wp-block-button has-custom-width wp-block-button__width-50 is-style-outline is-style-outline--3\"><a class=\"wp-block-button__link has-white-color has-text-color has-background has-link-color wp-element-button\" href=\"https:\/\/ilovefruitandvegfromeurope.com\/wp-content\/uploads\/2025\/01\/Press-kit_speciale_Natale_TC_FR_Y2_2024.pdf\" style=\"background-color:#006633\" target=\"_blank\" rel=\"noreferrer noopener\"><strong><strong>Dossier de presse sp\u00e9cial No\u00ebl 2024<\/strong><\/strong><\/a><\/div>\n<\/div>\n","protected":false},"excerpt":{"rendered":"<p>Vous \u00eates journaliste ou blogueur ? Une collaboration fructueuse avec les m\u00e9dias est essentielle pour diffuser un style et des valeurs sp\u00e9cifiques et faire conna\u00eetre le projet I LOVE FRUIT &amp; VEG FROM EUROPE. Pour cette raison, nous avons d\u00e9di\u00e9 cet espace du site aux journalistes, aux blogueurs et \u00e0 tous ceux qui veulent parler<\/p>\n","protected":false},"author":1,"featured_media":25912,"parent":0,"menu_order":0,"comment_status":"closed","ping_status":"closed","template":"","meta":{"_acf_changed":false,"footnotes":""},"class_list":["post-25910","page","type-page","status-publish","has-post-thumbnail","hentry"],"acf":[],"yoast_head":"<!-- This site is optimized with the Yoast SEO plugin v24.1 - https:\/\/yoast.com\/wordpress\/plugins\/seo\/ -->\n<title>Notre Press Kit - I Love Fruit And Veg From Europe<\/title>\n<meta name=\"description\" content=\"I Love Fruit And Veg From Europe: Une collaboration fructueuse avec les m\u00e9dias est indispensable pour faire conna\u00eetre le projet - T\u00e9l\u00e9chargez.\" \/>\n<meta name=\"robots\" content=\"index, follow, max-snippet:-1, max-image-preview:large, max-video-preview:-1\" \/>\n<link rel=\"canonical\" href=\"https:\/\/ilovefruitandvegfromeurope.com\/fr_ca\/press-kit\/\" \/>\n<meta property=\"og:locale\" content=\"fr_CA\" \/>\n<meta property=\"og:type\" content=\"article\" \/>\n<meta property=\"og:title\" content=\"Notre Press Kit - I Love Fruit And Veg From Europe\" \/>\n<meta property=\"og:description\" content=\"I Love Fruit And Veg From Europe: Une collaboration fructueuse avec les m\u00e9dias est indispensable pour faire conna\u00eetre le projet - T\u00e9l\u00e9chargez.\" \/>\n<meta property=\"og:url\" content=\"https:\/\/ilovefruitandvegfromeurope.com\/fr_ca\/press-kit\/\" \/>\n<meta property=\"og:site_name\" content=\"I Love Fruit And Veg From Europe\" \/>\n<meta property=\"article:modified_time\" content=\"2025-10-15T14:06:21+00:00\" \/>\n<meta property=\"og:image\" content=\"https:\/\/ilovefruitandvegfromeurope.com\/wp-content\/uploads\/2021\/07\/1024x512-4.png\" \/>\n\t<meta property=\"og:image:width\" content=\"1024\" \/>\n\t<meta property=\"og:image:height\" content=\"512\" \/>\n\t<meta property=\"og:image:type\" content=\"image\/png\" \/>\n<meta name=\"twitter:card\" content=\"summary_large_image\" \/>\n<meta name=\"twitter:label1\" content=\"Estimation du temps de lecture\" \/>\n\t<meta name=\"twitter:data1\" content=\"1 minute\" \/>\n<script type=\"application\/ld+json\" class=\"yoast-schema-graph\">{\"@context\":\"https:\/\/schema.org\",\"@graph\":[{\"@type\":\"WebPage\",\"@id\":\"https:\/\/ilovefruitandvegfromeurope.com\/fr_ca\/press-kit\/\",\"url\":\"https:\/\/ilovefruitandvegfromeurope.com\/fr_ca\/press-kit\/\",\"name\":\"Notre Press Kit - I Love Fruit And Veg From Europe\",\"isPartOf\":{\"@id\":\"https:\/\/ilovefruitandvegfromeurope.com\/fr_ca\/#website\"},\"primaryImageOfPage\":{\"@id\":\"https:\/\/ilovefruitandvegfromeurope.com\/fr_ca\/press-kit\/#primaryimage\"},\"image\":{\"@id\":\"https:\/\/ilovefruitandvegfromeurope.com\/fr_ca\/press-kit\/#primaryimage\"},\"thumbnailUrl\":\"https:\/\/ilovefruitandvegfromeurope.com\/wp-content\/uploads\/2021\/07\/1024x512-4.png\",\"datePublished\":\"2021-10-13T19:48:23+00:00\",\"dateModified\":\"2025-10-15T14:06:21+00:00\",\"description\":\"I Love Fruit And Veg From Europe: Une collaboration fructueuse avec les m\u00e9dias est indispensable pour faire conna\u00eetre le projet - T\u00e9l\u00e9chargez.\",\"breadcrumb\":{\"@id\":\"https:\/\/ilovefruitandvegfromeurope.com\/fr_ca\/press-kit\/#breadcrumb\"},\"inLanguage\":\"fr-CA\",\"potentialAction\":[{\"@type\":\"ReadAction\",\"target\":[\"https:\/\/ilovefruitandvegfromeurope.com\/fr_ca\/press-kit\/\"]}]},{\"@type\":\"ImageObject\",\"inLanguage\":\"fr-CA\",\"@id\":\"https:\/\/ilovefruitandvegfromeurope.com\/fr_ca\/press-kit\/#primaryimage\",\"url\":\"https:\/\/ilovefruitandvegfromeurope.com\/wp-content\/uploads\/2021\/07\/1024x512-4.png\",\"contentUrl\":\"https:\/\/ilovefruitandvegfromeurope.com\/wp-content\/uploads\/2021\/07\/1024x512-4.png\",\"width\":1024,\"height\":512},{\"@type\":\"BreadcrumbList\",\"@id\":\"https:\/\/ilovefruitandvegfromeurope.com\/fr_ca\/press-kit\/#breadcrumb\",\"itemListElement\":[{\"@type\":\"ListItem\",\"position\":1,\"name\":\"Home\",\"item\":\"https:\/\/ilovefruitandvegfromeurope.com\/fr_ca\/bienvenue\/\"},{\"@type\":\"ListItem\",\"position\":2,\"name\":\"Press Kit\"}]},{\"@type\":\"WebSite\",\"@id\":\"https:\/\/ilovefruitandvegfromeurope.com\/fr_ca\/#website\",\"url\":\"https:\/\/ilovefruitandvegfromeurope.com\/fr_ca\/\",\"name\":\"I Love Fruit And Veg From Europe\",\"description\":\"I Love Fruit And Veg From Europe: I Choose Fresh And Fair\",\"publisher\":{\"@id\":\"https:\/\/ilovefruitandvegfromeurope.com\/fr_ca\/#organization\"},\"potentialAction\":[{\"@type\":\"SearchAction\",\"target\":{\"@type\":\"EntryPoint\",\"urlTemplate\":\"https:\/\/ilovefruitandvegfromeurope.com\/fr_ca\/?s={search_term_string}\"},\"query-input\":{\"@type\":\"PropertyValueSpecification\",\"valueRequired\":true,\"valueName\":\"search_term_string\"}}],\"inLanguage\":\"fr-CA\"},{\"@type\":\"Organization\",\"@id\":\"https:\/\/ilovefruitandvegfromeurope.com\/fr_ca\/#organization\",\"name\":\"I Love Fruit And Veg From Europe\",\"url\":\"https:\/\/ilovefruitandvegfromeurope.com\/fr_ca\/\",\"logo\":{\"@type\":\"ImageObject\",\"inLanguage\":\"fr-CA\",\"@id\":\"https:\/\/ilovefruitandvegfromeurope.com\/fr_ca\/#\/schema\/logo\/image\/\",\"url\":\"https:\/\/ilovefruitandvegfromeurope.com\/wp-content\/uploads\/2021\/07\/logo.png\",\"contentUrl\":\"https:\/\/ilovefruitandvegfromeurope.com\/wp-content\/uploads\/2021\/07\/logo.png\",\"width\":248,\"height\":62,\"caption\":\"I Love Fruit And Veg From Europe\"},\"image\":{\"@id\":\"https:\/\/ilovefruitandvegfromeurope.com\/fr_ca\/#\/schema\/logo\/image\/\"}}]}<\/script>\n<!-- \/ Yoast SEO plugin. -->","yoast_head_json":{"title":"Notre Press Kit - I Love Fruit And Veg From Europe","description":"I Love Fruit And Veg From Europe: Une collaboration fructueuse avec les m\u00e9dias est indispensable pour faire conna\u00eetre le projet - T\u00e9l\u00e9chargez.","robots":{"index":"index","follow":"follow","max-snippet":"max-snippet:-1","max-image-preview":"max-image-preview:large","max-video-preview":"max-video-preview:-1"},"canonical":"https:\/\/ilovefruitandvegfromeurope.com\/fr_ca\/press-kit\/","og_locale":"fr_CA","og_type":"article","og_title":"Notre Press Kit - I Love Fruit And Veg From Europe","og_description":"I Love Fruit And Veg From Europe: Une collaboration fructueuse avec les m\u00e9dias est indispensable pour faire conna\u00eetre le projet - T\u00e9l\u00e9chargez.","og_url":"https:\/\/ilovefruitandvegfromeurope.com\/fr_ca\/press-kit\/","og_site_name":"I Love Fruit And Veg From Europe","article_modified_time":"2025-10-15T14:06:21+00:00","og_image":[{"width":1024,"height":512,"url":"https:\/\/ilovefruitandvegfromeurope.com\/wp-content\/uploads\/2021\/07\/1024x512-4.png","type":"image\/png"}],"twitter_card":"summary_large_image","twitter_misc":{"Estimation du temps de lecture":"1 minute"},"schema":{"@context":"https:\/\/schema.org","@graph":[{"@type":"WebPage","@id":"https:\/\/ilovefruitandvegfromeurope.com\/fr_ca\/press-kit\/","url":"https:\/\/ilovefruitandvegfromeurope.com\/fr_ca\/press-kit\/","name":"Notre Press Kit - I Love Fruit And Veg From Europe","isPartOf":{"@id":"https:\/\/ilovefruitandvegfromeurope.com\/fr_ca\/#website"},"primaryImageOfPage":{"@id":"https:\/\/ilovefruitandvegfromeurope.com\/fr_ca\/press-kit\/#primaryimage"},"image":{"@id":"https:\/\/ilovefruitandvegfromeurope.com\/fr_ca\/press-kit\/#primaryimage"},"thumbnailUrl":"https:\/\/ilovefruitandvegfromeurope.com\/wp-content\/uploads\/2021\/07\/1024x512-4.png","datePublished":"2021-10-13T19:48:23+00:00","dateModified":"2025-10-15T14:06:21+00:00","description":"I Love Fruit And Veg From Europe: Une collaboration fructueuse avec les m\u00e9dias est indispensable pour faire conna\u00eetre le projet - T\u00e9l\u00e9chargez.","breadcrumb":{"@id":"https:\/\/ilovefruitandvegfromeurope.com\/fr_ca\/press-kit\/#breadcrumb"},"inLanguage":"fr-CA","potentialAction":[{"@type":"ReadAction","target":["https:\/\/ilovefruitandvegfromeurope.com\/fr_ca\/press-kit\/"]}]},{"@type":"ImageObject","inLanguage":"fr-CA","@id":"https:\/\/ilovefruitandvegfromeurope.com\/fr_ca\/press-kit\/#primaryimage","url":"https:\/\/ilovefruitandvegfromeurope.com\/wp-content\/uploads\/2021\/07\/1024x512-4.png","contentUrl":"https:\/\/ilovefruitandvegfromeurope.com\/wp-content\/uploads\/2021\/07\/1024x512-4.png","width":1024,"height":512},{"@type":"BreadcrumbList","@id":"https:\/\/ilovefruitandvegfromeurope.com\/fr_ca\/press-kit\/#breadcrumb","itemListElement":[{"@type":"ListItem","position":1,"name":"Home","item":"https:\/\/ilovefruitandvegfromeurope.com\/fr_ca\/bienvenue\/"},{"@type":"ListItem","position":2,"name":"Press Kit"}]},{"@type":"WebSite","@id":"https:\/\/ilovefruitandvegfromeurope.com\/fr_ca\/#website","url":"https:\/\/ilovefruitandvegfromeurope.com\/fr_ca\/","name":"I Love Fruit And Veg From Europe","description":"I Love Fruit And Veg From Europe: I Choose Fresh And Fair","publisher":{"@id":"https:\/\/ilovefruitandvegfromeurope.com\/fr_ca\/#organization"},"potentialAction":[{"@type":"SearchAction","target":{"@type":"EntryPoint","urlTemplate":"https:\/\/ilovefruitandvegfromeurope.com\/fr_ca\/?s={search_term_string}"},"query-input":{"@type":"PropertyValueSpecification","valueRequired":true,"valueName":"search_term_string"}}],"inLanguage":"fr-CA"},{"@type":"Organization","@id":"https:\/\/ilovefruitandvegfromeurope.com\/fr_ca\/#organization","name":"I Love Fruit And Veg From Europe","url":"https:\/\/ilovefruitandvegfromeurope.com\/fr_ca\/","logo":{"@type":"ImageObject","inLanguage":"fr-CA","@id":"https:\/\/ilovefruitandvegfromeurope.com\/fr_ca\/#\/schema\/logo\/image\/","url":"https:\/\/ilovefruitandvegfromeurope.com\/wp-content\/uploads\/2021\/07\/logo.png","contentUrl":"https:\/\/ilovefruitandvegfromeurope.com\/wp-content\/uploads\/2021\/07\/logo.png","width":248,"height":62,"caption":"I Love Fruit And Veg From Europe"},"image":{"@id":"https:\/\/ilovefruitandvegfromeurope.com\/fr_ca\/#\/schema\/logo\/image\/"}}]}},"_links":{"self":[{"href":"https:\/\/ilovefruitandvegfromeurope.com\/fr_ca\/wp-json\/wp\/v2\/pages\/25910","targetHints":{"allow":["GET"]}}],"collection":[{"href":"https:\/\/ilovefruitandvegfromeurope.com\/fr_ca\/wp-json\/wp\/v2\/pages"}],"about":[{"href":"https:\/\/ilovefruitandvegfromeurope.com\/fr_ca\/wp-json\/wp\/v2\/types\/page"}],"author":[{"embeddable":true,"href":"https:\/\/ilovefruitandvegfromeurope.com\/fr_ca\/wp-json\/wp\/v2\/users\/1"}],"replies":[{"embeddable":true,"href":"https:\/\/ilovefruitandvegfromeurope.com\/fr_ca\/wp-json\/wp\/v2\/comments?post=25910"}],"version-history":[{"count":6,"href":"https:\/\/ilovefruitandvegfromeurope.com\/fr_ca\/wp-json\/wp\/v2\/pages\/25910\/revisions"}],"predecessor-version":[{"id":57939,"href":"https:\/\/ilovefruitandvegfromeurope.com\/fr_ca\/wp-json\/wp\/v2\/pages\/25910\/revisions\/57939"}],"wp:featuredmedia":[{"embeddable":true,"href":"https:\/\/ilovefruitandvegfromeurope.com\/fr_ca\/wp-json\/wp\/v2\/media\/25912"}],"wp:attachment":[{"href":"https:\/\/ilovefruitandvegfromeurope.com\/fr_ca\/wp-json\/wp\/v2\/media?parent=25910"}],"curies":[{"name":"wp","href":"https:\/\/api.w.org\/{rel}","templated":true}]}}