
{"id":25929,"date":"2021-07-27T17:37:21","date_gmt":"2021-07-27T15:37:21","guid":{"rendered":"https:\/\/ilovefruitandvegfromeurope.com\/contacts\/"},"modified":"2024-11-27T16:53:42","modified_gmt":"2024-11-27T15:53:42","slug":"contacts","status":"publish","type":"page","link":"https:\/\/ilovefruitandvegfromeurope.com\/fr_ca\/contacts\/","title":{"rendered":"Contacts"},"content":{"rendered":"\n<p>Le projet <strong>I LOVE FRUIT &amp; VEG FROM EUROPE<\/strong> a \u00e9t\u00e9 con\u00e7u pour promouvoir et encourager l&rsquo;achat et la consommation de produits fruitiers et l\u00e9gumes europ\u00e9ens, \u00e0 savoir les fruits et l\u00e9gumes frais et les produits labellis\u00e9s bio, IGP et AOP.<br><br><br><br><\/p>\n\n\n\n<p><\/p>\n\n\n\n<h3 class=\"wp-block-heading has-text-align-center\">FRESHNESS &#8211; SUSTAINABILITY &#8211; QUALITY<br><br><br><\/h3>\n\n\n\n<div class=\"wp-block-columns is-layout-flex wp-container-core-columns-is-layout-1 wp-block-columns-is-layout-flex\">\n<div class=\"wp-block-column is-layout-flow wp-block-column-is-layout-flow\">\n<figure class=\"wp-block-image size-large is-resized\"><img decoding=\"async\" width=\"969\" height=\"1024\" src=\"https:\/\/ilovefruitandvegfromeurope.com\/wp-content\/uploads\/2021\/07\/logo-1-969x1024.png\" alt=\"\" class=\"wp-image-2296\" style=\"width:392px;height:416px\" srcset=\"https:\/\/ilovefruitandvegfromeurope.com\/wp-content\/uploads\/2021\/07\/logo-1-969x1024.png 969w, https:\/\/ilovefruitandvegfromeurope.com\/wp-content\/uploads\/2021\/07\/logo-1-284x300.png 284w, https:\/\/ilovefruitandvegfromeurope.com\/wp-content\/uploads\/2021\/07\/logo-1-768x812.png 768w, https:\/\/ilovefruitandvegfromeurope.com\/wp-content\/uploads\/2021\/07\/logo-1.png 1104w\" sizes=\"(max-width: 969px) 100vw, 969px\" \/><\/figure>\n<\/div>\n\n\n\n<div class=\"wp-block-column is-layout-flow wp-block-column-is-layout-flow\">\n<h3 class=\"wp-block-heading\">Contact principal<\/h3>\n\n\n\n<p><strong>Email:<\/strong> info@ilovefruitandvegfromeurope.com<br><\/p>\n\n\n\n<h3 class=\"wp-block-heading\">Connectez-vous avec nous<\/h3>\n\n\n\n<p>Nous serions ravis de recevoir vos commentaires et suggestions afin d\u2019am\u00e9liorer notre service, de r\u00e9pondre \u00e0 vos questions et de vous fournir de plus amples informations sur notre campagne promotionnelle et les produits que nous promouvons.<\/p>\n\n\n\n<div class=\"wp-block-contact-form-7-contact-form-selector\">\n<div class=\"wpcf7 no-js\" id=\"wpcf7-f42137-o1\" lang=\"fr-CA\" dir=\"ltr\" data-wpcf7-id=\"42137\">\n<div class=\"screen-reader-response\"><p role=\"status\" aria-live=\"polite\" aria-atomic=\"true\"><\/p> <ul><\/ul><\/div>\n<form action=\"\/fr_ca\/wp-json\/wp\/v2\/pages\/25929#wpcf7-f42137-o1\" method=\"post\" class=\"wpcf7-form init\" aria-label=\"Contact form\" novalidate=\"novalidate\" data-status=\"init\">\n<div style=\"display: none;\">\n<input type=\"hidden\" name=\"_wpcf7\" value=\"42137\" \/>\n<input type=\"hidden\" name=\"_wpcf7_version\" value=\"6.0.1\" \/>\n<input type=\"hidden\" name=\"_wpcf7_locale\" value=\"fr_CA\" \/>\n<input type=\"hidden\" name=\"_wpcf7_unit_tag\" value=\"wpcf7-f42137-o1\" \/>\n<input type=\"hidden\" name=\"_wpcf7_container_post\" value=\"0\" \/>\n<input type=\"hidden\" name=\"_wpcf7_posted_data_hash\" value=\"\" \/>\n<\/div>\n<div class=\"row\">\n\t<div class=\"col-lg-6 mb-3\">\n\t\t<p><label for=\"fullname\">Nom<\/label><br \/>\n<span class=\"wpcf7-form-control-wrap\" data-name=\"fullname\"><input size=\"40\" maxlength=\"400\" class=\"wpcf7-form-control wpcf7-text wpcf7-validates-as-required form-control mb-0\" id=\"fullname\" aria-required=\"true\" aria-invalid=\"false\" value=\"\" type=\"text\" name=\"fullname\" \/><\/span>\n\t\t<\/p>\n\t<\/div>\n\t<div class=\"col-lg-6 mb-3\">\n\t\t<p><label for=\"email\">E-mail<\/label><br \/>\n<span class=\"wpcf7-form-control-wrap\" data-name=\"email\"><input size=\"40\" maxlength=\"400\" class=\"wpcf7-form-control wpcf7-email wpcf7-validates-as-required wpcf7-text wpcf7-validates-as-email form-control mb-0\" id=\"email\" aria-required=\"true\" aria-invalid=\"false\" value=\"\" type=\"email\" name=\"email\" \/><\/span><span id=\"wpcf7-69daa7405cac4-wrapper\" class=\"wpcf7-form-control-wrap repeat-email-wrap\" ><input type=\"hidden\" name=\"repeat-email-time-start\" value=\"1775937344\"><input type=\"hidden\" name=\"repeat-email-time-check\" value=\"5\"><input id=\"wpcf7-69daa7405cac4-field\"  class=\"wpcf7-form-control wpcf7-text\" type=\"text\" name=\"repeat-email\" value=\"\" size=\"40\" tabindex=\"-1\" autocomplete=\"new-password\" \/><\/span>\n\t\t<\/p>\n\t<\/div>\n\t<div class=\"col-12 mb-3\">\n\t\t<p><label for=\"message\">Message<\/label><br \/>\n<span class=\"wpcf7-form-control-wrap\" data-name=\"message\"><textarea cols=\"40\" rows=\"10\" maxlength=\"2000\" class=\"wpcf7-form-control wpcf7-textarea wpcf7-validates-as-required form-control mb-0\" id=\"message\" aria-required=\"true\" aria-invalid=\"false\" name=\"message\"><\/textarea><\/span>\n\t\t<\/p>\n\t<\/div>\n\t<div class=\"col-lg-12 mb-3\">\n\t\t<p><input class=\"wpcf7-form-control wpcf7-submit has-spinner btn btn-outline btn-primary\" id=\"contact\" type=\"submit\" value=\"Envoyer\" \/>\n\t\t<\/p>\n\t<\/div>\n<\/div><div class=\"wpcf7-response-output\" aria-hidden=\"true\"><\/div>\n<\/form>\n<\/div>\n<\/div>\n<\/div>\n<\/div>\n","protected":false},"excerpt":{"rendered":"<p>Le projet I LOVE FRUIT &amp; VEG FROM EUROPE a \u00e9t\u00e9 con\u00e7u pour promouvoir et encourager l&rsquo;achat et la consommation de produits fruitiers et l\u00e9gumes europ\u00e9ens, \u00e0 savoir les fruits et l\u00e9gumes frais et les produits labellis\u00e9s bio, IGP et AOP. FRESHNESS &#8211; SUSTAINABILITY &#8211; QUALITY Contact principal Email: info@ilovefruitandvegfromeurope.com Connectez-vous avec nous Nous serions<\/p>\n","protected":false},"author":1,"featured_media":25930,"parent":0,"menu_order":0,"comment_status":"closed","ping_status":"closed","template":"","meta":{"_acf_changed":false,"footnotes":""},"class_list":["post-25929","page","type-page","status-publish","has-post-thumbnail","hentry"],"acf":[],"yoast_head":"<!-- This site is optimized with the Yoast SEO plugin v24.1 - https:\/\/yoast.com\/wordpress\/plugins\/seo\/ -->\n<title>Nos Contacts - I Love Fruit And Veg From Europe<\/title>\n<meta name=\"description\" content=\"I Love Fruit And Veg From Europe: Nous promouvons et encourageons l&#039;achat et la consommation de fruits et l\u00e9gumes europ\u00e9ens. Contactez-nous !\" \/>\n<meta name=\"robots\" content=\"index, follow, max-snippet:-1, max-image-preview:large, max-video-preview:-1\" \/>\n<link rel=\"canonical\" href=\"https:\/\/ilovefruitandvegfromeurope.com\/fr_ca\/contacts\/\" \/>\n<meta property=\"og:locale\" content=\"fr_CA\" \/>\n<meta property=\"og:type\" content=\"article\" \/>\n<meta property=\"og:title\" content=\"Nos Contacts - I Love Fruit And Veg From Europe\" \/>\n<meta property=\"og:description\" content=\"I Love Fruit And Veg From Europe: Nous promouvons et encourageons l&#039;achat et la consommation de fruits et l\u00e9gumes europ\u00e9ens. Contactez-nous !\" \/>\n<meta property=\"og:url\" content=\"https:\/\/ilovefruitandvegfromeurope.com\/fr_ca\/contacts\/\" \/>\n<meta property=\"og:site_name\" content=\"I Love Fruit And Veg From Europe\" \/>\n<meta property=\"article:modified_time\" content=\"2024-11-27T15:53:42+00:00\" \/>\n<meta property=\"og:image\" content=\"https:\/\/ilovefruitandvegfromeurope.com\/wp-content\/uploads\/2021\/07\/Progetto-senza-titolo.png\" \/>\n\t<meta property=\"og:image:width\" content=\"1200\" \/>\n\t<meta property=\"og:image:height\" content=\"670\" \/>\n\t<meta property=\"og:image:type\" content=\"image\/png\" \/>\n<meta name=\"twitter:card\" content=\"summary_large_image\" \/>\n<meta name=\"twitter:label1\" content=\"Estimation du temps de lecture\" \/>\n\t<meta name=\"twitter:data1\" content=\"3 minutes\" \/>\n<script type=\"application\/ld+json\" class=\"yoast-schema-graph\">{\"@context\":\"https:\/\/schema.org\",\"@graph\":[{\"@type\":\"WebPage\",\"@id\":\"https:\/\/ilovefruitandvegfromeurope.com\/fr_ca\/contacts\/\",\"url\":\"https:\/\/ilovefruitandvegfromeurope.com\/fr_ca\/contacts\/\",\"name\":\"Nos Contacts - I Love Fruit And Veg From Europe\",\"isPartOf\":{\"@id\":\"https:\/\/ilovefruitandvegfromeurope.com\/fr_ca\/#website\"},\"primaryImageOfPage\":{\"@id\":\"https:\/\/ilovefruitandvegfromeurope.com\/fr_ca\/contacts\/#primaryimage\"},\"image\":{\"@id\":\"https:\/\/ilovefruitandvegfromeurope.com\/fr_ca\/contacts\/#primaryimage\"},\"thumbnailUrl\":\"https:\/\/ilovefruitandvegfromeurope.com\/wp-content\/uploads\/2021\/07\/Progetto-senza-titolo.png\",\"datePublished\":\"2021-07-27T15:37:21+00:00\",\"dateModified\":\"2024-11-27T15:53:42+00:00\",\"description\":\"I Love Fruit And Veg From Europe: Nous promouvons et encourageons l'achat et la consommation de fruits et l\u00e9gumes europ\u00e9ens. Contactez-nous !\",\"breadcrumb\":{\"@id\":\"https:\/\/ilovefruitandvegfromeurope.com\/fr_ca\/contacts\/#breadcrumb\"},\"inLanguage\":\"fr-CA\",\"potentialAction\":[{\"@type\":\"ReadAction\",\"target\":[\"https:\/\/ilovefruitandvegfromeurope.com\/fr_ca\/contacts\/\"]}]},{\"@type\":\"ImageObject\",\"inLanguage\":\"fr-CA\",\"@id\":\"https:\/\/ilovefruitandvegfromeurope.com\/fr_ca\/contacts\/#primaryimage\",\"url\":\"https:\/\/ilovefruitandvegfromeurope.com\/wp-content\/uploads\/2021\/07\/Progetto-senza-titolo.png\",\"contentUrl\":\"https:\/\/ilovefruitandvegfromeurope.com\/wp-content\/uploads\/2021\/07\/Progetto-senza-titolo.png\",\"width\":1200,\"height\":670},{\"@type\":\"BreadcrumbList\",\"@id\":\"https:\/\/ilovefruitandvegfromeurope.com\/fr_ca\/contacts\/#breadcrumb\",\"itemListElement\":[{\"@type\":\"ListItem\",\"position\":1,\"name\":\"Home\",\"item\":\"https:\/\/ilovefruitandvegfromeurope.com\/fr_ca\/bienvenue\/\"},{\"@type\":\"ListItem\",\"position\":2,\"name\":\"Contacts\"}]},{\"@type\":\"WebSite\",\"@id\":\"https:\/\/ilovefruitandvegfromeurope.com\/fr_ca\/#website\",\"url\":\"https:\/\/ilovefruitandvegfromeurope.com\/fr_ca\/\",\"name\":\"I Love Fruit And Veg From Europe\",\"description\":\"I Love Fruit And Veg From Europe: I Choose Fresh And Fair\",\"publisher\":{\"@id\":\"https:\/\/ilovefruitandvegfromeurope.com\/fr_ca\/#organization\"},\"potentialAction\":[{\"@type\":\"SearchAction\",\"target\":{\"@type\":\"EntryPoint\",\"urlTemplate\":\"https:\/\/ilovefruitandvegfromeurope.com\/fr_ca\/?s={search_term_string}\"},\"query-input\":{\"@type\":\"PropertyValueSpecification\",\"valueRequired\":true,\"valueName\":\"search_term_string\"}}],\"inLanguage\":\"fr-CA\"},{\"@type\":\"Organization\",\"@id\":\"https:\/\/ilovefruitandvegfromeurope.com\/fr_ca\/#organization\",\"name\":\"I Love Fruit And Veg From Europe\",\"url\":\"https:\/\/ilovefruitandvegfromeurope.com\/fr_ca\/\",\"logo\":{\"@type\":\"ImageObject\",\"inLanguage\":\"fr-CA\",\"@id\":\"https:\/\/ilovefruitandvegfromeurope.com\/fr_ca\/#\/schema\/logo\/image\/\",\"url\":\"https:\/\/ilovefruitandvegfromeurope.com\/wp-content\/uploads\/2021\/07\/logo.png\",\"contentUrl\":\"https:\/\/ilovefruitandvegfromeurope.com\/wp-content\/uploads\/2021\/07\/logo.png\",\"width\":248,\"height\":62,\"caption\":\"I Love Fruit And Veg From Europe\"},\"image\":{\"@id\":\"https:\/\/ilovefruitandvegfromeurope.com\/fr_ca\/#\/schema\/logo\/image\/\"}}]}<\/script>\n<!-- \/ Yoast SEO plugin. -->","yoast_head_json":{"title":"Nos Contacts - I Love Fruit And Veg From Europe","description":"I Love Fruit And Veg From Europe: Nous promouvons et encourageons l'achat et la consommation de fruits et l\u00e9gumes europ\u00e9ens. Contactez-nous !","robots":{"index":"index","follow":"follow","max-snippet":"max-snippet:-1","max-image-preview":"max-image-preview:large","max-video-preview":"max-video-preview:-1"},"canonical":"https:\/\/ilovefruitandvegfromeurope.com\/fr_ca\/contacts\/","og_locale":"fr_CA","og_type":"article","og_title":"Nos Contacts - I Love Fruit And Veg From Europe","og_description":"I Love Fruit And Veg From Europe: Nous promouvons et encourageons l'achat et la consommation de fruits et l\u00e9gumes europ\u00e9ens. Contactez-nous !","og_url":"https:\/\/ilovefruitandvegfromeurope.com\/fr_ca\/contacts\/","og_site_name":"I Love Fruit And Veg From Europe","article_modified_time":"2024-11-27T15:53:42+00:00","og_image":[{"width":1200,"height":670,"url":"https:\/\/ilovefruitandvegfromeurope.com\/wp-content\/uploads\/2021\/07\/Progetto-senza-titolo.png","type":"image\/png"}],"twitter_card":"summary_large_image","twitter_misc":{"Estimation du temps de lecture":"3 minutes"},"schema":{"@context":"https:\/\/schema.org","@graph":[{"@type":"WebPage","@id":"https:\/\/ilovefruitandvegfromeurope.com\/fr_ca\/contacts\/","url":"https:\/\/ilovefruitandvegfromeurope.com\/fr_ca\/contacts\/","name":"Nos Contacts - I Love Fruit And Veg From Europe","isPartOf":{"@id":"https:\/\/ilovefruitandvegfromeurope.com\/fr_ca\/#website"},"primaryImageOfPage":{"@id":"https:\/\/ilovefruitandvegfromeurope.com\/fr_ca\/contacts\/#primaryimage"},"image":{"@id":"https:\/\/ilovefruitandvegfromeurope.com\/fr_ca\/contacts\/#primaryimage"},"thumbnailUrl":"https:\/\/ilovefruitandvegfromeurope.com\/wp-content\/uploads\/2021\/07\/Progetto-senza-titolo.png","datePublished":"2021-07-27T15:37:21+00:00","dateModified":"2024-11-27T15:53:42+00:00","description":"I Love Fruit And Veg From Europe: Nous promouvons et encourageons l'achat et la consommation de fruits et l\u00e9gumes europ\u00e9ens. Contactez-nous !","breadcrumb":{"@id":"https:\/\/ilovefruitandvegfromeurope.com\/fr_ca\/contacts\/#breadcrumb"},"inLanguage":"fr-CA","potentialAction":[{"@type":"ReadAction","target":["https:\/\/ilovefruitandvegfromeurope.com\/fr_ca\/contacts\/"]}]},{"@type":"ImageObject","inLanguage":"fr-CA","@id":"https:\/\/ilovefruitandvegfromeurope.com\/fr_ca\/contacts\/#primaryimage","url":"https:\/\/ilovefruitandvegfromeurope.com\/wp-content\/uploads\/2021\/07\/Progetto-senza-titolo.png","contentUrl":"https:\/\/ilovefruitandvegfromeurope.com\/wp-content\/uploads\/2021\/07\/Progetto-senza-titolo.png","width":1200,"height":670},{"@type":"BreadcrumbList","@id":"https:\/\/ilovefruitandvegfromeurope.com\/fr_ca\/contacts\/#breadcrumb","itemListElement":[{"@type":"ListItem","position":1,"name":"Home","item":"https:\/\/ilovefruitandvegfromeurope.com\/fr_ca\/bienvenue\/"},{"@type":"ListItem","position":2,"name":"Contacts"}]},{"@type":"WebSite","@id":"https:\/\/ilovefruitandvegfromeurope.com\/fr_ca\/#website","url":"https:\/\/ilovefruitandvegfromeurope.com\/fr_ca\/","name":"I Love Fruit And Veg From Europe","description":"I Love Fruit And Veg From Europe: I Choose Fresh And Fair","publisher":{"@id":"https:\/\/ilovefruitandvegfromeurope.com\/fr_ca\/#organization"},"potentialAction":[{"@type":"SearchAction","target":{"@type":"EntryPoint","urlTemplate":"https:\/\/ilovefruitandvegfromeurope.com\/fr_ca\/?s={search_term_string}"},"query-input":{"@type":"PropertyValueSpecification","valueRequired":true,"valueName":"search_term_string"}}],"inLanguage":"fr-CA"},{"@type":"Organization","@id":"https:\/\/ilovefruitandvegfromeurope.com\/fr_ca\/#organization","name":"I Love Fruit And Veg From Europe","url":"https:\/\/ilovefruitandvegfromeurope.com\/fr_ca\/","logo":{"@type":"ImageObject","inLanguage":"fr-CA","@id":"https:\/\/ilovefruitandvegfromeurope.com\/fr_ca\/#\/schema\/logo\/image\/","url":"https:\/\/ilovefruitandvegfromeurope.com\/wp-content\/uploads\/2021\/07\/logo.png","contentUrl":"https:\/\/ilovefruitandvegfromeurope.com\/wp-content\/uploads\/2021\/07\/logo.png","width":248,"height":62,"caption":"I Love Fruit And Veg From Europe"},"image":{"@id":"https:\/\/ilovefruitandvegfromeurope.com\/fr_ca\/#\/schema\/logo\/image\/"}}]}},"_links":{"self":[{"href":"https:\/\/ilovefruitandvegfromeurope.com\/fr_ca\/wp-json\/wp\/v2\/pages\/25929","targetHints":{"allow":["GET"]}}],"collection":[{"href":"https:\/\/ilovefruitandvegfromeurope.com\/fr_ca\/wp-json\/wp\/v2\/pages"}],"about":[{"href":"https:\/\/ilovefruitandvegfromeurope.com\/fr_ca\/wp-json\/wp\/v2\/types\/page"}],"author":[{"embeddable":true,"href":"https:\/\/ilovefruitandvegfromeurope.com\/fr_ca\/wp-json\/wp\/v2\/users\/1"}],"replies":[{"embeddable":true,"href":"https:\/\/ilovefruitandvegfromeurope.com\/fr_ca\/wp-json\/wp\/v2\/comments?post=25929"}],"version-history":[{"count":2,"href":"https:\/\/ilovefruitandvegfromeurope.com\/fr_ca\/wp-json\/wp\/v2\/pages\/25929\/revisions"}],"predecessor-version":[{"id":42147,"href":"https:\/\/ilovefruitandvegfromeurope.com\/fr_ca\/wp-json\/wp\/v2\/pages\/25929\/revisions\/42147"}],"wp:featuredmedia":[{"embeddable":true,"href":"https:\/\/ilovefruitandvegfromeurope.com\/fr_ca\/wp-json\/wp\/v2\/media\/25930"}],"wp:attachment":[{"href":"https:\/\/ilovefruitandvegfromeurope.com\/fr_ca\/wp-json\/wp\/v2\/media?parent=25929"}],"curies":[{"name":"wp","href":"https:\/\/api.w.org\/{rel}","templated":true}]}}