
{"id":31790,"date":"2023-11-17T14:27:18","date_gmt":"2023-11-17T13:27:18","guid":{"rendered":"https:\/\/ilovefruitandvegfromeurope.com\/?page_id=31790"},"modified":"2023-11-17T14:28:32","modified_gmt":"2023-11-17T13:28:32","slug":"sudoku","status":"publish","type":"page","link":"https:\/\/ilovefruitandvegfromeurope.com\/fr_ca\/sudoku\/","title":{"rendered":"Sudoku"},"content":{"rendered":"\n<p>Le <strong>Sudoku <\/strong>repr\u00e9sente un outil facilement accessible pour perfectionner les capacit\u00e9s mentales et donc un stimulant pour rester mentalement actif le plus longtemps possible, et combin\u00e9 avec une alimentation saine et \u00e9quilibr\u00e9e avec des fruits et l\u00e9gumes frais, il vous aide \u00e0 mieux vivre !<\/p>\n\n\n\n<p><strong>R\u00e8gles<\/strong>: vous devez remplir le tableau de mani\u00e8re \u00e0 ce que chaque ligne, chaque colonne et chaque case contiennent les chiffres de 1 \u00e0 9. La condition est qu&rsquo;aucune ligne, aucune colonne ou case ne pr\u00e9sentent deux fois le m\u00eame num\u00e9ro.<br>Cliquez sur le bouton \u00a0\u00bb New game \u00a0\u00bb pour commencer en choisissant le niveau de difficult\u00e9, sur le bouton \u00a0\u00bb Suggestion \u00a0\u00bb pour obtenir une aide, sur le bouton \u00a0\u00bb Pause \u00a0\u00bb pour arr\u00eater le jeu et enfin sur le bouton \u00a0\u00bb V\u00e9rifier \u00a0\u00bb pour v\u00e9rifier s&rsquo;il y a des faux coups et donc terminer la partie.<\/p>\n","protected":false},"excerpt":{"rendered":"<p>Le Sudoku repr\u00e9sente un outil facilement accessible pour perfectionner les capacit\u00e9s mentales et donc un stimulant pour rester mentalement actif le plus longtemps possible, et combin\u00e9 avec une alimentation saine et \u00e9quilibr\u00e9e avec des fruits et l\u00e9gumes frais, il vous aide \u00e0 mieux vivre ! R\u00e8gles: vous devez remplir le tableau de mani\u00e8re \u00e0 ce<\/p>\n","protected":false},"author":1,"featured_media":31301,"parent":0,"menu_order":0,"comment_status":"closed","ping_status":"closed","template":"tpl-game-sudoku.php","meta":{"_acf_changed":false,"footnotes":""},"class_list":["post-31790","page","type-page","status-publish","has-post-thumbnail","hentry"],"acf":[],"yoast_head":"<!-- This site is optimized with the Yoast SEO plugin v24.1 - https:\/\/yoast.com\/wordpress\/plugins\/seo\/ -->\n<title>Sudoku - I Love Fruit And Veg From Europe<\/title>\n<meta name=\"robots\" content=\"noindex, nofollow\" \/>\n<meta property=\"og:locale\" content=\"fr_CA\" \/>\n<meta property=\"og:type\" content=\"article\" \/>\n<meta property=\"og:title\" content=\"Sudoku - I Love Fruit And Veg From Europe\" \/>\n<meta property=\"og:description\" content=\"Le Sudoku repr\u00e9sente un outil facilement accessible pour perfectionner les capacit\u00e9s mentales et donc un stimulant pour rester mentalement actif le plus longtemps possible, et combin\u00e9 avec une alimentation saine et \u00e9quilibr\u00e9e avec des fruits et l\u00e9gumes frais, il vous aide \u00e0 mieux vivre ! R\u00e8gles: vous devez remplir le tableau de mani\u00e8re \u00e0 ce\" \/>\n<meta property=\"og:url\" content=\"https:\/\/ilovefruitandvegfromeurope.com\/fr_ca\/sudoku\/\" \/>\n<meta property=\"og:site_name\" content=\"I Love Fruit And Veg From Europe\" \/>\n<meta property=\"article:modified_time\" content=\"2023-11-17T13:28:32+00:00\" \/>\n<meta property=\"og:image\" content=\"https:\/\/ilovefruitandvegfromeurope.com\/wp-content\/uploads\/2023\/11\/bk-sudoku.jpg\" \/>\n\t<meta property=\"og:image:width\" content=\"1400\" \/>\n\t<meta property=\"og:image:height\" content=\"933\" \/>\n\t<meta property=\"og:image:type\" content=\"image\/jpeg\" \/>\n<meta name=\"twitter:card\" content=\"summary_large_image\" \/>\n<meta name=\"twitter:label1\" content=\"Estimation du temps de lecture\" \/>\n\t<meta name=\"twitter:data1\" content=\"1 minute\" \/>\n<script type=\"application\/ld+json\" class=\"yoast-schema-graph\">{\"@context\":\"https:\/\/schema.org\",\"@graph\":[{\"@type\":\"WebPage\",\"@id\":\"https:\/\/ilovefruitandvegfromeurope.com\/fr_ca\/sudoku\/\",\"url\":\"https:\/\/ilovefruitandvegfromeurope.com\/fr_ca\/sudoku\/\",\"name\":\"Sudoku - I Love Fruit And Veg From Europe\",\"isPartOf\":{\"@id\":\"https:\/\/ilovefruitandvegfromeurope.com\/fr_ca\/#website\"},\"primaryImageOfPage\":{\"@id\":\"https:\/\/ilovefruitandvegfromeurope.com\/fr_ca\/sudoku\/#primaryimage\"},\"image\":{\"@id\":\"https:\/\/ilovefruitandvegfromeurope.com\/fr_ca\/sudoku\/#primaryimage\"},\"thumbnailUrl\":\"https:\/\/ilovefruitandvegfromeurope.com\/wp-content\/uploads\/2023\/11\/bk-sudoku.jpg\",\"datePublished\":\"2023-11-17T13:27:18+00:00\",\"dateModified\":\"2023-11-17T13:28:32+00:00\",\"breadcrumb\":{\"@id\":\"https:\/\/ilovefruitandvegfromeurope.com\/fr_ca\/sudoku\/#breadcrumb\"},\"inLanguage\":\"fr-CA\",\"potentialAction\":[{\"@type\":\"ReadAction\",\"target\":[\"https:\/\/ilovefruitandvegfromeurope.com\/fr_ca\/sudoku\/\"]}]},{\"@type\":\"ImageObject\",\"inLanguage\":\"fr-CA\",\"@id\":\"https:\/\/ilovefruitandvegfromeurope.com\/fr_ca\/sudoku\/#primaryimage\",\"url\":\"https:\/\/ilovefruitandvegfromeurope.com\/wp-content\/uploads\/2023\/11\/bk-sudoku.jpg\",\"contentUrl\":\"https:\/\/ilovefruitandvegfromeurope.com\/wp-content\/uploads\/2023\/11\/bk-sudoku.jpg\",\"width\":1400,\"height\":933},{\"@type\":\"BreadcrumbList\",\"@id\":\"https:\/\/ilovefruitandvegfromeurope.com\/fr_ca\/sudoku\/#breadcrumb\",\"itemListElement\":[{\"@type\":\"ListItem\",\"position\":1,\"name\":\"Home\",\"item\":\"https:\/\/ilovefruitandvegfromeurope.com\/fr_ca\/bienvenue\/\"},{\"@type\":\"ListItem\",\"position\":2,\"name\":\"Sudoku\"}]},{\"@type\":\"WebSite\",\"@id\":\"https:\/\/ilovefruitandvegfromeurope.com\/fr_ca\/#website\",\"url\":\"https:\/\/ilovefruitandvegfromeurope.com\/fr_ca\/\",\"name\":\"I Love Fruit And Veg From Europe\",\"description\":\"I Love Fruit And Veg From Europe: I Choose Fresh And Fair\",\"publisher\":{\"@id\":\"https:\/\/ilovefruitandvegfromeurope.com\/fr_ca\/#organization\"},\"potentialAction\":[{\"@type\":\"SearchAction\",\"target\":{\"@type\":\"EntryPoint\",\"urlTemplate\":\"https:\/\/ilovefruitandvegfromeurope.com\/fr_ca\/?s={search_term_string}\"},\"query-input\":{\"@type\":\"PropertyValueSpecification\",\"valueRequired\":true,\"valueName\":\"search_term_string\"}}],\"inLanguage\":\"fr-CA\"},{\"@type\":\"Organization\",\"@id\":\"https:\/\/ilovefruitandvegfromeurope.com\/fr_ca\/#organization\",\"name\":\"I Love Fruit And Veg From Europe\",\"url\":\"https:\/\/ilovefruitandvegfromeurope.com\/fr_ca\/\",\"logo\":{\"@type\":\"ImageObject\",\"inLanguage\":\"fr-CA\",\"@id\":\"https:\/\/ilovefruitandvegfromeurope.com\/fr_ca\/#\/schema\/logo\/image\/\",\"url\":\"https:\/\/ilovefruitandvegfromeurope.com\/wp-content\/uploads\/2021\/07\/logo.png\",\"contentUrl\":\"https:\/\/ilovefruitandvegfromeurope.com\/wp-content\/uploads\/2021\/07\/logo.png\",\"width\":248,\"height\":62,\"caption\":\"I Love Fruit And Veg From Europe\"},\"image\":{\"@id\":\"https:\/\/ilovefruitandvegfromeurope.com\/fr_ca\/#\/schema\/logo\/image\/\"}}]}<\/script>\n<!-- \/ Yoast SEO plugin. -->","yoast_head_json":{"title":"Sudoku - I Love Fruit And Veg From Europe","robots":{"index":"noindex","follow":"nofollow"},"og_locale":"fr_CA","og_type":"article","og_title":"Sudoku - I Love Fruit And Veg From Europe","og_description":"Le Sudoku repr\u00e9sente un outil facilement accessible pour perfectionner les capacit\u00e9s mentales et donc un stimulant pour rester mentalement actif le plus longtemps possible, et combin\u00e9 avec une alimentation saine et \u00e9quilibr\u00e9e avec des fruits et l\u00e9gumes frais, il vous aide \u00e0 mieux vivre ! R\u00e8gles: vous devez remplir le tableau de mani\u00e8re \u00e0 ce","og_url":"https:\/\/ilovefruitandvegfromeurope.com\/fr_ca\/sudoku\/","og_site_name":"I Love Fruit And Veg From Europe","article_modified_time":"2023-11-17T13:28:32+00:00","og_image":[{"width":1400,"height":933,"url":"https:\/\/ilovefruitandvegfromeurope.com\/wp-content\/uploads\/2023\/11\/bk-sudoku.jpg","type":"image\/jpeg"}],"twitter_card":"summary_large_image","twitter_misc":{"Estimation du temps de lecture":"1 minute"},"schema":{"@context":"https:\/\/schema.org","@graph":[{"@type":"WebPage","@id":"https:\/\/ilovefruitandvegfromeurope.com\/fr_ca\/sudoku\/","url":"https:\/\/ilovefruitandvegfromeurope.com\/fr_ca\/sudoku\/","name":"Sudoku - I Love Fruit And Veg From Europe","isPartOf":{"@id":"https:\/\/ilovefruitandvegfromeurope.com\/fr_ca\/#website"},"primaryImageOfPage":{"@id":"https:\/\/ilovefruitandvegfromeurope.com\/fr_ca\/sudoku\/#primaryimage"},"image":{"@id":"https:\/\/ilovefruitandvegfromeurope.com\/fr_ca\/sudoku\/#primaryimage"},"thumbnailUrl":"https:\/\/ilovefruitandvegfromeurope.com\/wp-content\/uploads\/2023\/11\/bk-sudoku.jpg","datePublished":"2023-11-17T13:27:18+00:00","dateModified":"2023-11-17T13:28:32+00:00","breadcrumb":{"@id":"https:\/\/ilovefruitandvegfromeurope.com\/fr_ca\/sudoku\/#breadcrumb"},"inLanguage":"fr-CA","potentialAction":[{"@type":"ReadAction","target":["https:\/\/ilovefruitandvegfromeurope.com\/fr_ca\/sudoku\/"]}]},{"@type":"ImageObject","inLanguage":"fr-CA","@id":"https:\/\/ilovefruitandvegfromeurope.com\/fr_ca\/sudoku\/#primaryimage","url":"https:\/\/ilovefruitandvegfromeurope.com\/wp-content\/uploads\/2023\/11\/bk-sudoku.jpg","contentUrl":"https:\/\/ilovefruitandvegfromeurope.com\/wp-content\/uploads\/2023\/11\/bk-sudoku.jpg","width":1400,"height":933},{"@type":"BreadcrumbList","@id":"https:\/\/ilovefruitandvegfromeurope.com\/fr_ca\/sudoku\/#breadcrumb","itemListElement":[{"@type":"ListItem","position":1,"name":"Home","item":"https:\/\/ilovefruitandvegfromeurope.com\/fr_ca\/bienvenue\/"},{"@type":"ListItem","position":2,"name":"Sudoku"}]},{"@type":"WebSite","@id":"https:\/\/ilovefruitandvegfromeurope.com\/fr_ca\/#website","url":"https:\/\/ilovefruitandvegfromeurope.com\/fr_ca\/","name":"I Love Fruit And Veg From Europe","description":"I Love Fruit And Veg From Europe: I Choose Fresh And Fair","publisher":{"@id":"https:\/\/ilovefruitandvegfromeurope.com\/fr_ca\/#organization"},"potentialAction":[{"@type":"SearchAction","target":{"@type":"EntryPoint","urlTemplate":"https:\/\/ilovefruitandvegfromeurope.com\/fr_ca\/?s={search_term_string}"},"query-input":{"@type":"PropertyValueSpecification","valueRequired":true,"valueName":"search_term_string"}}],"inLanguage":"fr-CA"},{"@type":"Organization","@id":"https:\/\/ilovefruitandvegfromeurope.com\/fr_ca\/#organization","name":"I Love Fruit And Veg From Europe","url":"https:\/\/ilovefruitandvegfromeurope.com\/fr_ca\/","logo":{"@type":"ImageObject","inLanguage":"fr-CA","@id":"https:\/\/ilovefruitandvegfromeurope.com\/fr_ca\/#\/schema\/logo\/image\/","url":"https:\/\/ilovefruitandvegfromeurope.com\/wp-content\/uploads\/2021\/07\/logo.png","contentUrl":"https:\/\/ilovefruitandvegfromeurope.com\/wp-content\/uploads\/2021\/07\/logo.png","width":248,"height":62,"caption":"I Love Fruit And Veg From Europe"},"image":{"@id":"https:\/\/ilovefruitandvegfromeurope.com\/fr_ca\/#\/schema\/logo\/image\/"}}]}},"_links":{"self":[{"href":"https:\/\/ilovefruitandvegfromeurope.com\/fr_ca\/wp-json\/wp\/v2\/pages\/31790","targetHints":{"allow":["GET"]}}],"collection":[{"href":"https:\/\/ilovefruitandvegfromeurope.com\/fr_ca\/wp-json\/wp\/v2\/pages"}],"about":[{"href":"https:\/\/ilovefruitandvegfromeurope.com\/fr_ca\/wp-json\/wp\/v2\/types\/page"}],"author":[{"embeddable":true,"href":"https:\/\/ilovefruitandvegfromeurope.com\/fr_ca\/wp-json\/wp\/v2\/users\/1"}],"replies":[{"embeddable":true,"href":"https:\/\/ilovefruitandvegfromeurope.com\/fr_ca\/wp-json\/wp\/v2\/comments?post=31790"}],"version-history":[{"count":2,"href":"https:\/\/ilovefruitandvegfromeurope.com\/fr_ca\/wp-json\/wp\/v2\/pages\/31790\/revisions"}],"predecessor-version":[{"id":31792,"href":"https:\/\/ilovefruitandvegfromeurope.com\/fr_ca\/wp-json\/wp\/v2\/pages\/31790\/revisions\/31792"}],"wp:featuredmedia":[{"embeddable":true,"href":"https:\/\/ilovefruitandvegfromeurope.com\/fr_ca\/wp-json\/wp\/v2\/media\/31301"}],"wp:attachment":[{"href":"https:\/\/ilovefruitandvegfromeurope.com\/fr_ca\/wp-json\/wp\/v2\/media?parent=31790"}],"curies":[{"name":"wp","href":"https:\/\/api.w.org\/{rel}","templated":true}]}}