
{"id":200,"date":"2021-07-07T19:27:11","date_gmt":"2021-07-07T17:27:11","guid":{"rendered":"https:\/\/ilovefruitandvegfromeurope.com\/?page_id=200"},"modified":"2021-07-20T07:00:58","modified_gmt":"2021-07-20T05:00:58","slug":"sicurezza-alimentare","status":"publish","type":"page","link":"https:\/\/ilovefruitandvegfromeurope.com\/it\/sicurezza-alimentare\/","title":{"rendered":"Sicurezza alimentare"},"content":{"rendered":"\n<p>La <strong>sicurezza alimentare e la qualit\u00e0 dei prodotti alimentari<\/strong> sono sempre state di massima importanza per l&#8217;Italia e per l&#8217;Unione Europea.<\/p>\n\n\n\n<p>Per garantire ai consumatori un alto livello di sicurezza alimentare e salvaguardare il settore agroalimentare da crisi ricorrenti, l&#8217;UE ha adottato la strategia &#8220;dai campi alla tavola&#8221; lungo tutta la catena alimentare, con un <strong>sistema di controllo integrato.<\/strong><\/p>\n\n\n\n<p>Questo si basa su una combinazione di requisiti elevati per i prodotti agroalimentari &#8211; sia per la <em>salute<\/em> (umana) che per il <em>benessere degli animali e delle piante<\/em> &#8211; questo vale sia per quelli prodotti nell&#8217;UE sia per quelli importati.<\/p>\n\n\n\n<p>Tutti gli Stati membri devono rispettare gli stessi criteri; i controlli alimentari e sanitari sono eseguiti secondo gli stessi standard in tutta l&#8217;UE.<\/p>\n\n\n\n<p>Questa armonizzazione dei requisiti di sicurezza permette la libera circolazione di alimenti sicuri, contribuendo significativamente al benessere dei cittadini e ai loro interessi sociali ed economici.<\/p>\n\n\n\n<p>I principi fondamentali dei regolamenti alimentari sono:<\/p>\n\n\n\n<ul class=\"wp-block-list\"><li>controlli integrati lungo <strong>tutta la catena alimentare<\/strong><\/li><li>interventi basati sull&#8217;<strong>analisi del rischio<\/strong><\/li><li><strong>responsabilit\u00e0 primaria <\/strong>di ogni operatore del settore per ogni prodotto fabbricato, trasformato, importato, commercializzato o distribuito<\/li><li><strong>tracciabilit\u00e0 <\/strong>del prodotto lungo la catena alimentare<\/li><li>il consumatore come <strong>parte attiva<\/strong> della sicurezza alimentare.<\/li><\/ul>\n","protected":false},"excerpt":{"rendered":"<p>La sicurezza alimentare e la qualit\u00e0 dei prodotti alimentari sono sempre state di massima importanza per l&#8217;Italia e per l&#8217;Unione Europea. Per garantire ai consumatori un alto livello di sicurezza alimentare e salvaguardare il settore agroalimentare da crisi ricorrenti, l&#8217;UE ha adottato la strategia &#8220;dai campi alla tavola&#8221; lungo tutta la catena alimentare, con un<\/p>\n","protected":false},"author":2,"featured_media":207,"parent":0,"menu_order":0,"comment_status":"closed","ping_status":"closed","template":"","meta":{"_acf_changed":false,"footnotes":""},"class_list":["post-200","page","type-page","status-publish","has-post-thumbnail","hentry"],"acf":[],"yoast_head":"<!-- This site is optimized with the Yoast SEO plugin v24.1 - https:\/\/yoast.com\/wordpress\/plugins\/seo\/ -->\n<title>Sicurezza alimentare e qualit\u00e0 dei prodotti alimentari: scopri di pi\u00f9.<\/title>\n<meta name=\"description\" content=\"La sicurezza alimentare e la qualit\u00e0 dei prodotti alimentari sono sempre state di primaria importanza per l&#039;Italia e l&#039;Unione Europea.\" \/>\n<meta name=\"robots\" content=\"index, follow, max-snippet:-1, max-image-preview:large, max-video-preview:-1\" \/>\n<link rel=\"canonical\" href=\"https:\/\/ilovefruitandvegfromeurope.com\/it\/sicurezza-alimentare\/\" \/>\n<meta property=\"og:locale\" content=\"it_IT\" \/>\n<meta property=\"og:type\" content=\"article\" \/>\n<meta property=\"og:title\" content=\"Sicurezza alimentare e qualit\u00e0 dei prodotti alimentari: scopri di pi\u00f9.\" \/>\n<meta property=\"og:description\" content=\"La sicurezza alimentare e la qualit\u00e0 dei prodotti alimentari sono sempre state di primaria importanza per l&#039;Italia e l&#039;Unione Europea.\" \/>\n<meta property=\"og:url\" content=\"https:\/\/ilovefruitandvegfromeurope.com\/it\/sicurezza-alimentare\/\" \/>\n<meta property=\"og:site_name\" content=\"I Love Fruit And Veg From Europe\" \/>\n<meta property=\"article:modified_time\" content=\"2021-07-20T05:00:58+00:00\" \/>\n<meta property=\"og:image\" content=\"https:\/\/ilovefruitandvegfromeurope.com\/wp-content\/uploads\/2021\/07\/My-Post-2.png\" \/>\n\t<meta property=\"og:image:width\" content=\"1024\" \/>\n\t<meta property=\"og:image:height\" content=\"512\" \/>\n\t<meta property=\"og:image:type\" content=\"image\/png\" \/>\n<meta name=\"twitter:card\" content=\"summary_large_image\" \/>\n<meta name=\"twitter:label1\" content=\"Tempo di lettura stimato\" \/>\n\t<meta name=\"twitter:data1\" content=\"1 minuto\" \/>\n<script type=\"application\/ld+json\" class=\"yoast-schema-graph\">{\"@context\":\"https:\/\/schema.org\",\"@graph\":[{\"@type\":\"WebPage\",\"@id\":\"https:\/\/ilovefruitandvegfromeurope.com\/it\/sicurezza-alimentare\/\",\"url\":\"https:\/\/ilovefruitandvegfromeurope.com\/it\/sicurezza-alimentare\/\",\"name\":\"Sicurezza alimentare e qualit\u00e0 dei prodotti alimentari: scopri di pi\u00f9.\",\"isPartOf\":{\"@id\":\"https:\/\/ilovefruitandvegfromeurope.com\/it\/#website\"},\"primaryImageOfPage\":{\"@id\":\"https:\/\/ilovefruitandvegfromeurope.com\/it\/sicurezza-alimentare\/#primaryimage\"},\"image\":{\"@id\":\"https:\/\/ilovefruitandvegfromeurope.com\/it\/sicurezza-alimentare\/#primaryimage\"},\"thumbnailUrl\":\"https:\/\/ilovefruitandvegfromeurope.com\/wp-content\/uploads\/2021\/07\/My-Post-2.png\",\"datePublished\":\"2021-07-07T17:27:11+00:00\",\"dateModified\":\"2021-07-20T05:00:58+00:00\",\"description\":\"La sicurezza alimentare e la qualit\u00e0 dei prodotti alimentari sono sempre state di primaria importanza per l'Italia e l'Unione Europea.\",\"breadcrumb\":{\"@id\":\"https:\/\/ilovefruitandvegfromeurope.com\/it\/sicurezza-alimentare\/#breadcrumb\"},\"inLanguage\":\"it-IT\",\"potentialAction\":[{\"@type\":\"ReadAction\",\"target\":[\"https:\/\/ilovefruitandvegfromeurope.com\/it\/sicurezza-alimentare\/\"]}]},{\"@type\":\"ImageObject\",\"inLanguage\":\"it-IT\",\"@id\":\"https:\/\/ilovefruitandvegfromeurope.com\/it\/sicurezza-alimentare\/#primaryimage\",\"url\":\"https:\/\/ilovefruitandvegfromeurope.com\/wp-content\/uploads\/2021\/07\/My-Post-2.png\",\"contentUrl\":\"https:\/\/ilovefruitandvegfromeurope.com\/wp-content\/uploads\/2021\/07\/My-Post-2.png\",\"width\":1024,\"height\":512,\"caption\":\"Food safey\"},{\"@type\":\"BreadcrumbList\",\"@id\":\"https:\/\/ilovefruitandvegfromeurope.com\/it\/sicurezza-alimentare\/#breadcrumb\",\"itemListElement\":[{\"@type\":\"ListItem\",\"position\":1,\"name\":\"Home\",\"item\":\"https:\/\/ilovefruitandvegfromeurope.com\/it\/\"},{\"@type\":\"ListItem\",\"position\":2,\"name\":\"Sicurezza alimentare\"}]},{\"@type\":\"WebSite\",\"@id\":\"https:\/\/ilovefruitandvegfromeurope.com\/it\/#website\",\"url\":\"https:\/\/ilovefruitandvegfromeurope.com\/it\/\",\"name\":\"I Love Fruit And Veg From Europe\",\"description\":\"I Love Fruit And Veg From Europe: I Choose Fresh And Fair\",\"publisher\":{\"@id\":\"https:\/\/ilovefruitandvegfromeurope.com\/it\/#organization\"},\"potentialAction\":[{\"@type\":\"SearchAction\",\"target\":{\"@type\":\"EntryPoint\",\"urlTemplate\":\"https:\/\/ilovefruitandvegfromeurope.com\/it\/?s={search_term_string}\"},\"query-input\":{\"@type\":\"PropertyValueSpecification\",\"valueRequired\":true,\"valueName\":\"search_term_string\"}}],\"inLanguage\":\"it-IT\"},{\"@type\":\"Organization\",\"@id\":\"https:\/\/ilovefruitandvegfromeurope.com\/it\/#organization\",\"name\":\"I Love Fruit And Veg From Europe\",\"url\":\"https:\/\/ilovefruitandvegfromeurope.com\/it\/\",\"logo\":{\"@type\":\"ImageObject\",\"inLanguage\":\"it-IT\",\"@id\":\"https:\/\/ilovefruitandvegfromeurope.com\/it\/#\/schema\/logo\/image\/\",\"url\":\"https:\/\/ilovefruitandvegfromeurope.com\/wp-content\/uploads\/2021\/07\/logo.png\",\"contentUrl\":\"https:\/\/ilovefruitandvegfromeurope.com\/wp-content\/uploads\/2021\/07\/logo.png\",\"width\":248,\"height\":62,\"caption\":\"I Love Fruit And Veg From Europe\"},\"image\":{\"@id\":\"https:\/\/ilovefruitandvegfromeurope.com\/it\/#\/schema\/logo\/image\/\"}}]}<\/script>\n<!-- \/ Yoast SEO plugin. -->","yoast_head_json":{"title":"Sicurezza alimentare e qualit\u00e0 dei prodotti alimentari: scopri di pi\u00f9.","description":"La sicurezza alimentare e la qualit\u00e0 dei prodotti alimentari sono sempre state di primaria importanza per l'Italia e l'Unione Europea.","robots":{"index":"index","follow":"follow","max-snippet":"max-snippet:-1","max-image-preview":"max-image-preview:large","max-video-preview":"max-video-preview:-1"},"canonical":"https:\/\/ilovefruitandvegfromeurope.com\/it\/sicurezza-alimentare\/","og_locale":"it_IT","og_type":"article","og_title":"Sicurezza alimentare e qualit\u00e0 dei prodotti alimentari: scopri di pi\u00f9.","og_description":"La sicurezza alimentare e la qualit\u00e0 dei prodotti alimentari sono sempre state di primaria importanza per l'Italia e l'Unione Europea.","og_url":"https:\/\/ilovefruitandvegfromeurope.com\/it\/sicurezza-alimentare\/","og_site_name":"I Love Fruit And Veg From Europe","article_modified_time":"2021-07-20T05:00:58+00:00","og_image":[{"width":1024,"height":512,"url":"https:\/\/ilovefruitandvegfromeurope.com\/wp-content\/uploads\/2021\/07\/My-Post-2.png","type":"image\/png"}],"twitter_card":"summary_large_image","twitter_misc":{"Tempo di lettura stimato":"1 minuto"},"schema":{"@context":"https:\/\/schema.org","@graph":[{"@type":"WebPage","@id":"https:\/\/ilovefruitandvegfromeurope.com\/it\/sicurezza-alimentare\/","url":"https:\/\/ilovefruitandvegfromeurope.com\/it\/sicurezza-alimentare\/","name":"Sicurezza alimentare e qualit\u00e0 dei prodotti alimentari: scopri di pi\u00f9.","isPartOf":{"@id":"https:\/\/ilovefruitandvegfromeurope.com\/it\/#website"},"primaryImageOfPage":{"@id":"https:\/\/ilovefruitandvegfromeurope.com\/it\/sicurezza-alimentare\/#primaryimage"},"image":{"@id":"https:\/\/ilovefruitandvegfromeurope.com\/it\/sicurezza-alimentare\/#primaryimage"},"thumbnailUrl":"https:\/\/ilovefruitandvegfromeurope.com\/wp-content\/uploads\/2021\/07\/My-Post-2.png","datePublished":"2021-07-07T17:27:11+00:00","dateModified":"2021-07-20T05:00:58+00:00","description":"La sicurezza alimentare e la qualit\u00e0 dei prodotti alimentari sono sempre state di primaria importanza per l'Italia e l'Unione Europea.","breadcrumb":{"@id":"https:\/\/ilovefruitandvegfromeurope.com\/it\/sicurezza-alimentare\/#breadcrumb"},"inLanguage":"it-IT","potentialAction":[{"@type":"ReadAction","target":["https:\/\/ilovefruitandvegfromeurope.com\/it\/sicurezza-alimentare\/"]}]},{"@type":"ImageObject","inLanguage":"it-IT","@id":"https:\/\/ilovefruitandvegfromeurope.com\/it\/sicurezza-alimentare\/#primaryimage","url":"https:\/\/ilovefruitandvegfromeurope.com\/wp-content\/uploads\/2021\/07\/My-Post-2.png","contentUrl":"https:\/\/ilovefruitandvegfromeurope.com\/wp-content\/uploads\/2021\/07\/My-Post-2.png","width":1024,"height":512,"caption":"Food safey"},{"@type":"BreadcrumbList","@id":"https:\/\/ilovefruitandvegfromeurope.com\/it\/sicurezza-alimentare\/#breadcrumb","itemListElement":[{"@type":"ListItem","position":1,"name":"Home","item":"https:\/\/ilovefruitandvegfromeurope.com\/it\/"},{"@type":"ListItem","position":2,"name":"Sicurezza alimentare"}]},{"@type":"WebSite","@id":"https:\/\/ilovefruitandvegfromeurope.com\/it\/#website","url":"https:\/\/ilovefruitandvegfromeurope.com\/it\/","name":"I Love Fruit And Veg From Europe","description":"I Love Fruit And Veg From Europe: I Choose Fresh And Fair","publisher":{"@id":"https:\/\/ilovefruitandvegfromeurope.com\/it\/#organization"},"potentialAction":[{"@type":"SearchAction","target":{"@type":"EntryPoint","urlTemplate":"https:\/\/ilovefruitandvegfromeurope.com\/it\/?s={search_term_string}"},"query-input":{"@type":"PropertyValueSpecification","valueRequired":true,"valueName":"search_term_string"}}],"inLanguage":"it-IT"},{"@type":"Organization","@id":"https:\/\/ilovefruitandvegfromeurope.com\/it\/#organization","name":"I Love Fruit And Veg From Europe","url":"https:\/\/ilovefruitandvegfromeurope.com\/it\/","logo":{"@type":"ImageObject","inLanguage":"it-IT","@id":"https:\/\/ilovefruitandvegfromeurope.com\/it\/#\/schema\/logo\/image\/","url":"https:\/\/ilovefruitandvegfromeurope.com\/wp-content\/uploads\/2021\/07\/logo.png","contentUrl":"https:\/\/ilovefruitandvegfromeurope.com\/wp-content\/uploads\/2021\/07\/logo.png","width":248,"height":62,"caption":"I Love Fruit And Veg From Europe"},"image":{"@id":"https:\/\/ilovefruitandvegfromeurope.com\/it\/#\/schema\/logo\/image\/"}}]}},"_links":{"self":[{"href":"https:\/\/ilovefruitandvegfromeurope.com\/it\/wp-json\/wp\/v2\/pages\/200","targetHints":{"allow":["GET"]}}],"collection":[{"href":"https:\/\/ilovefruitandvegfromeurope.com\/it\/wp-json\/wp\/v2\/pages"}],"about":[{"href":"https:\/\/ilovefruitandvegfromeurope.com\/it\/wp-json\/wp\/v2\/types\/page"}],"author":[{"embeddable":true,"href":"https:\/\/ilovefruitandvegfromeurope.com\/it\/wp-json\/wp\/v2\/users\/2"}],"replies":[{"embeddable":true,"href":"https:\/\/ilovefruitandvegfromeurope.com\/it\/wp-json\/wp\/v2\/comments?post=200"}],"version-history":[{"count":3,"href":"https:\/\/ilovefruitandvegfromeurope.com\/it\/wp-json\/wp\/v2\/pages\/200\/revisions"}],"predecessor-version":[{"id":1275,"href":"https:\/\/ilovefruitandvegfromeurope.com\/it\/wp-json\/wp\/v2\/pages\/200\/revisions\/1275"}],"wp:featuredmedia":[{"embeddable":true,"href":"https:\/\/ilovefruitandvegfromeurope.com\/it\/wp-json\/wp\/v2\/media\/207"}],"wp:attachment":[{"href":"https:\/\/ilovefruitandvegfromeurope.com\/it\/wp-json\/wp\/v2\/media?parent=200"}],"curies":[{"name":"wp","href":"https:\/\/api.w.org\/{rel}","templated":true}]}}