
{"id":360,"date":"2021-07-08T07:47:52","date_gmt":"2021-07-08T05:47:52","guid":{"rendered":"https:\/\/ilovefruitandvegfromeurope.com\/?page_id=360"},"modified":"2023-06-27T09:23:16","modified_gmt":"2023-06-27T07:23:16","slug":"organizzazioni-promotrici","status":"publish","type":"page","link":"https:\/\/ilovefruitandvegfromeurope.com\/it\/organizzazioni-promotrici\/","title":{"rendered":"Organizzazioni Promotrici"},"content":{"rendered":"\n<p>La campagna informativa \/ promozionale \u201cI LOVE FRUIT AND VEG FROM EUROPE\u201d, promossa dalle organizzazioni di produttori <strong>A.O.A., Agritalia, La Deliziosa, Meridia e Terra Orti<\/strong> e cofinanziata dall\u2019Unione Europea, \u00e8 finalizzata ad una scelta di consumo fresca, sicura, sana, sostenibile e responsabile in <em>Italia<\/em>, in <em>Francia<\/em>, in <em>Germania<\/em> e in <em>Spagna<\/em>.<\/p>\n\n\n\n<p>Perch\u00e9 consumare frutta e verdura europea significa scegliere FRESCHEZZA (grazie al consumo stagionale), SOSTENIBILITA\u2019 AMBIENTALE (conseguenza di un consumo locale e responsabile), BENESSERE (garantito dall\u2019apporto di vitamine e fibre), QUALITA\u2019 e ORIGINE di alcune sue specifiche produzioni (biologiche, DOP e IGP), SICUREZZA e TRACCIABILITA\u2019.<\/p>\n\n\n\n<p><\/p>\n\n\n\n<div class=\"wp-block-media-text alignwide is-stacked-on-mobile\" style=\"grid-template-columns:28% auto\"><figure class=\"wp-block-media-text__media\"><img decoding=\"async\" width=\"207\" height=\"188\" src=\"https:\/\/ilovefruitandvegfromeurope.com\/wp-content\/uploads\/2021\/07\/ILoveFruitAndVegFromEurope_AOA-1.png\" alt=\"\" class=\"wp-image-361 size-full\"\/><\/figure><div class=\"wp-block-media-text__content\">\n<h2 class=\"wp-block-heading\">O.P. A.O.A. Scarl<\/h2>\n\n\n\n<p>La <strong>O.P. A.O.A.<\/strong> di Scafati (Salerno) ha una base associativa composta da <strong>15 cooperative<\/strong> con il coinvolgimento di <strong>oltre 400 produttori<\/strong> distribuita, oltre che in Campania, in numerose regioni del Centro-Sud Italia (Puglia, Toscana, Umbria, Lazio, Marche, Abruzzo, Molise, Basilicata e Calabria). Specializzata all\u2019inizio prioritariamente nel comparto del pomodoro da industria, vanta oggi numerose produzioni biologiche e iniziative nel campo dell\u2019agricoltura sostenibile di precisione.<\/p>\n<\/div><\/div>\n\n\n\n<div class=\"wp-block-media-text alignwide is-stacked-on-mobile\" style=\"grid-template-columns:28% auto\"><figure class=\"wp-block-media-text__media\"><img decoding=\"async\" width=\"207\" height=\"188\" src=\"https:\/\/ilovefruitandvegfromeurope.com\/wp-content\/uploads\/2021\/07\/ILoveFruitAndVegFromEurope_La_Deliziosa-1.png\" alt=\"\" class=\"wp-image-362 size-full\"\/><\/figure><div class=\"wp-block-media-text__content\">\n<h2 class=\"wp-block-heading\">O.P. La Deliziosa Soc. Coop. Agr.<\/h2>\n\n\n\n<p id=\"E823\"><strong>O.P. la Deliziosa<\/strong> \u00e8 una riconosciuta realta\u0300 imprenditoriale situata ai piedi del vulcano Etna, in Sicilia, nata da due fondamentali principi: l\u2019amore per il territorio e il rispetto per la tradizione agroalimentare.<\/p>\n\n\n\n<p id=\"E881\">Un\u2019organizzazione di produttori che conta <strong>112 membri<\/strong> per una superficie coltivata di 1600 ettari, di cui 1000 di agrumi, 5000 a ficodindia e 100 dedicati ad altre produzioni.<\/p>\n\n\n\n<p id=\"E942\">Fondata nel 1988 da Pietro Bua e portata avanti dai figli Giovanni, Antonino e Salvatore Bua, l\u2019azienda ha sempre puntato a valorizzare il proprio territorio impegnandosi a produrre frutti ed ortaggi di elevata qualita\u0300.<\/p>\n<\/div><\/div>\n\n\n\n<div class=\"wp-block-media-text alignwide is-stacked-on-mobile\" style=\"grid-template-columns:29% auto\"><figure class=\"wp-block-media-text__media\"><img decoding=\"async\" width=\"207\" height=\"188\" src=\"https:\/\/ilovefruitandvegfromeurope.com\/wp-content\/uploads\/2021\/07\/ILoveFruitAndVegFromEurope_TerraOrti-1.png\" alt=\"\" class=\"wp-image-363 size-full\"\/><\/figure><div class=\"wp-block-media-text__content\">\n<h2 class=\"wp-block-heading\">O.P. Terra Orti Societ\u00e0 Cooperativa<\/h2>\n\n\n\n<p id=\"E399\">L\u2019O.P. Terra Orti \u00e8 nata nel 1999 e nel tempo ha registrato un continuo ampliamento della base associativa, arrivando nel 2018 a contare <strong>107 soci<\/strong>. Le sue finalit\u00e0 istituzionali, cosi\u0300 come previsto dal regolamento (CE) n.1234\/2007, sono: il miglioramento della qualit\u00e0 dei prodotti ortofrutticoli, l\u2019adeguamento del volume dell\u2019offerta alle esigenze del mercato attraverso la concentrazione dell\u2019offerta, la riduzione dei costi di produzione e la regolarizzazione dei prezzi, nonch\u00e9 la promozione al ricorso a pratiche colturali ed a tecniche di produzione e di gestione dei residui che tutelino l\u2019ambiente e favoriscano la biodiversit\u00e0.<\/p>\n\n\n\n<p><\/p>\n<\/div><\/div>\n\n\n\n<div class=\"wp-block-media-text alignwide is-stacked-on-mobile\" style=\"grid-template-columns:29% auto\"><figure class=\"wp-block-media-text__media\"><img decoding=\"async\" width=\"1024\" height=\"724\" src=\"https:\/\/ilovefruitandvegfromeurope.com\/wp-content\/uploads\/2022\/07\/logo-meridia-versioni-1024x724.png\" alt=\"\" class=\"wp-image-18566 size-full\" srcset=\"https:\/\/ilovefruitandvegfromeurope.com\/wp-content\/uploads\/2022\/07\/logo-meridia-versioni-1024x724.png 1024w, https:\/\/ilovefruitandvegfromeurope.com\/wp-content\/uploads\/2022\/07\/logo-meridia-versioni-300x212.png 300w, https:\/\/ilovefruitandvegfromeurope.com\/wp-content\/uploads\/2022\/07\/logo-meridia-versioni-768x543.png 768w, https:\/\/ilovefruitandvegfromeurope.com\/wp-content\/uploads\/2022\/07\/logo-meridia-versioni.png 1123w\" sizes=\"(max-width: 1024px) 100vw, 1024px\" \/><\/figure><div class=\"wp-block-media-text__content\">\n<h2 class=\"wp-block-heading\">O.P. Meridia Agricoltura Mediterranea \/ Gruppo Pignataro<\/h2>\n\n\n\n<p>Meridia \u00e8 leader in Puglia nella produzione, trasformazione e commercializzazione di prodotti ortofrutticoli di eccellenza in filiera diretta. Avendo ben coniugato nel tempo grande esperienza e capacit\u00e0 di innovazione, \u00e8 specializzata nel rifornire, in particolare, la Grande Distribuzione Organizzata e i mercati italiani ed esteri.<\/p>\n<\/div><\/div>\n\n\n\n<div class=\"wp-block-media-text alignwide is-stacked-on-mobile\" style=\"grid-template-columns:29% auto\"><figure class=\"wp-block-media-text__media\"><img decoding=\"async\" width=\"548\" height=\"430\" src=\"https:\/\/ilovefruitandvegfromeurope.com\/wp-content\/uploads\/2023\/06\/agritalia-1.png\" alt=\"\" class=\"wp-image-23782 size-full\" srcset=\"https:\/\/ilovefruitandvegfromeurope.com\/wp-content\/uploads\/2023\/06\/agritalia-1.png 548w, https:\/\/ilovefruitandvegfromeurope.com\/wp-content\/uploads\/2023\/06\/agritalia-1-300x235.png 300w\" sizes=\"(max-width: 548px) 100vw, 548px\" \/><\/figure><div class=\"wp-block-media-text__content\">\n<h2 class=\"wp-block-heading\">O.P. Agritalia<\/h2>\n\n\n\n<p>L&#8217;O.P. Agritalia \u00e8 un&#8217;organizzazione di agricoltori che coltiva prodotti di Puglia, Basilicata e Sicilia, nel Sud Italia, e fornisce un&#8217;ampia gamma di frutta e verdura biologica. L&#8217;O.P. Agritalia promuove progetti di inclusione che guardano all&#8217;agricoltura come possibilit\u00e0 di integrazione e legalit\u00e0 per le persone che vivono ai margini della societ\u00e0 e coltiva i prodotti con pratiche agronomiche ecosostenibili, nel rispetto della terra e della salute di chi ci sceglie.<\/p>\n\n\n\n<div class=\"wp-block-columns is-layout-flex wp-container-core-columns-is-layout-1 wp-block-columns-is-layout-flex\">\n<div class=\"wp-block-column is-layout-flow wp-block-column-is-layout-flow\">\n<p><\/p>\n<\/div>\n<\/div>\n<\/div><\/div>\n","protected":false},"excerpt":{"rendered":"<p>La campagna informativa \/ promozionale \u201cI LOVE FRUIT AND VEG FROM EUROPE\u201d, promossa dalle organizzazioni di produttori A.O.A., Agritalia, La Deliziosa, Meridia e Terra Orti e cofinanziata dall\u2019Unione Europea, \u00e8 finalizzata ad una scelta di consumo fresca, sicura, sana, sostenibile e responsabile in Italia, in Francia, in Germania e in Spagna. Perch\u00e9 consumare frutta e<\/p>\n","protected":false},"author":1,"featured_media":333,"parent":0,"menu_order":0,"comment_status":"closed","ping_status":"closed","template":"","meta":{"_acf_changed":false,"footnotes":""},"class_list":["post-360","page","type-page","status-publish","has-post-thumbnail","hentry"],"acf":[],"yoast_head":"<!-- This site is optimized with the Yoast SEO plugin v24.1 - https:\/\/yoast.com\/wordpress\/plugins\/seo\/ -->\n<title>Organizzazioni Promotrici - I Love Fruit And Veg From Europe<\/title>\n<meta name=\"description\" content=\"I Love Fruit And Veg From Europe: L&#039;O.P. A.O.A., La Deliziosa e Terra Orti sono le organizzazioni promotrici del Progetto.\" \/>\n<meta name=\"robots\" content=\"index, follow, max-snippet:-1, max-image-preview:large, max-video-preview:-1\" \/>\n<link rel=\"canonical\" href=\"https:\/\/ilovefruitandvegfromeurope.com\/it\/organizzazioni-promotrici\/\" \/>\n<meta property=\"og:locale\" content=\"it_IT\" \/>\n<meta property=\"og:type\" content=\"article\" \/>\n<meta property=\"og:title\" content=\"Organizzazioni Promotrici - I Love Fruit And Veg From Europe\" \/>\n<meta property=\"og:description\" content=\"I Love Fruit And Veg From Europe: L&#039;O.P. A.O.A., La Deliziosa e Terra Orti sono le organizzazioni promotrici del Progetto.\" \/>\n<meta property=\"og:url\" content=\"https:\/\/ilovefruitandvegfromeurope.com\/it\/organizzazioni-promotrici\/\" \/>\n<meta property=\"og:site_name\" content=\"I Love Fruit And Veg From Europe\" \/>\n<meta property=\"article:modified_time\" content=\"2023-06-27T07:23:16+00:00\" \/>\n<meta property=\"og:image\" content=\"https:\/\/ilovefruitandvegfromeurope.com\/wp-content\/uploads\/2021\/07\/My-Post-5.png\" \/>\n\t<meta property=\"og:image:width\" content=\"1024\" \/>\n\t<meta property=\"og:image:height\" content=\"512\" \/>\n\t<meta property=\"og:image:type\" content=\"image\/png\" \/>\n<meta name=\"twitter:card\" content=\"summary_large_image\" \/>\n<meta name=\"twitter:label1\" content=\"Tempo di lettura stimato\" \/>\n\t<meta name=\"twitter:data1\" content=\"2 minuti\" \/>\n<script type=\"application\/ld+json\" class=\"yoast-schema-graph\">{\"@context\":\"https:\/\/schema.org\",\"@graph\":[{\"@type\":\"WebPage\",\"@id\":\"https:\/\/ilovefruitandvegfromeurope.com\/it\/organizzazioni-promotrici\/\",\"url\":\"https:\/\/ilovefruitandvegfromeurope.com\/it\/organizzazioni-promotrici\/\",\"name\":\"Organizzazioni Promotrici - I Love Fruit And Veg From Europe\",\"isPartOf\":{\"@id\":\"https:\/\/ilovefruitandvegfromeurope.com\/it\/#website\"},\"primaryImageOfPage\":{\"@id\":\"https:\/\/ilovefruitandvegfromeurope.com\/it\/organizzazioni-promotrici\/#primaryimage\"},\"image\":{\"@id\":\"https:\/\/ilovefruitandvegfromeurope.com\/it\/organizzazioni-promotrici\/#primaryimage\"},\"thumbnailUrl\":\"https:\/\/ilovefruitandvegfromeurope.com\/wp-content\/uploads\/2021\/07\/My-Post-5.png\",\"datePublished\":\"2021-07-08T05:47:52+00:00\",\"dateModified\":\"2023-06-27T07:23:16+00:00\",\"description\":\"I Love Fruit And Veg From Europe: L'O.P. A.O.A., La Deliziosa e Terra Orti sono le organizzazioni promotrici del Progetto.\",\"breadcrumb\":{\"@id\":\"https:\/\/ilovefruitandvegfromeurope.com\/it\/organizzazioni-promotrici\/#breadcrumb\"},\"inLanguage\":\"it-IT\",\"potentialAction\":[{\"@type\":\"ReadAction\",\"target\":[\"https:\/\/ilovefruitandvegfromeurope.com\/it\/organizzazioni-promotrici\/\"]}]},{\"@type\":\"ImageObject\",\"inLanguage\":\"it-IT\",\"@id\":\"https:\/\/ilovefruitandvegfromeurope.com\/it\/organizzazioni-promotrici\/#primaryimage\",\"url\":\"https:\/\/ilovefruitandvegfromeurope.com\/wp-content\/uploads\/2021\/07\/My-Post-5.png\",\"contentUrl\":\"https:\/\/ilovefruitandvegfromeurope.com\/wp-content\/uploads\/2021\/07\/My-Post-5.png\",\"width\":1024,\"height\":512,\"caption\":\"El sector de frutas frescas y verduras de la UE\"},{\"@type\":\"BreadcrumbList\",\"@id\":\"https:\/\/ilovefruitandvegfromeurope.com\/it\/organizzazioni-promotrici\/#breadcrumb\",\"itemListElement\":[{\"@type\":\"ListItem\",\"position\":1,\"name\":\"Home\",\"item\":\"https:\/\/ilovefruitandvegfromeurope.com\/it\/\"},{\"@type\":\"ListItem\",\"position\":2,\"name\":\"Organizzazioni Promotrici\"}]},{\"@type\":\"WebSite\",\"@id\":\"https:\/\/ilovefruitandvegfromeurope.com\/it\/#website\",\"url\":\"https:\/\/ilovefruitandvegfromeurope.com\/it\/\",\"name\":\"I Love Fruit And Veg From Europe\",\"description\":\"I Love Fruit And Veg From Europe: I Choose Fresh And Fair\",\"publisher\":{\"@id\":\"https:\/\/ilovefruitandvegfromeurope.com\/it\/#organization\"},\"potentialAction\":[{\"@type\":\"SearchAction\",\"target\":{\"@type\":\"EntryPoint\",\"urlTemplate\":\"https:\/\/ilovefruitandvegfromeurope.com\/it\/?s={search_term_string}\"},\"query-input\":{\"@type\":\"PropertyValueSpecification\",\"valueRequired\":true,\"valueName\":\"search_term_string\"}}],\"inLanguage\":\"it-IT\"},{\"@type\":\"Organization\",\"@id\":\"https:\/\/ilovefruitandvegfromeurope.com\/it\/#organization\",\"name\":\"I Love Fruit And Veg From Europe\",\"url\":\"https:\/\/ilovefruitandvegfromeurope.com\/it\/\",\"logo\":{\"@type\":\"ImageObject\",\"inLanguage\":\"it-IT\",\"@id\":\"https:\/\/ilovefruitandvegfromeurope.com\/it\/#\/schema\/logo\/image\/\",\"url\":\"https:\/\/ilovefruitandvegfromeurope.com\/wp-content\/uploads\/2021\/07\/logo.png\",\"contentUrl\":\"https:\/\/ilovefruitandvegfromeurope.com\/wp-content\/uploads\/2021\/07\/logo.png\",\"width\":248,\"height\":62,\"caption\":\"I Love Fruit And Veg From Europe\"},\"image\":{\"@id\":\"https:\/\/ilovefruitandvegfromeurope.com\/it\/#\/schema\/logo\/image\/\"}}]}<\/script>\n<!-- \/ Yoast SEO plugin. -->","yoast_head_json":{"title":"Organizzazioni Promotrici - I Love Fruit And Veg From Europe","description":"I Love Fruit And Veg From Europe: L'O.P. A.O.A., La Deliziosa e Terra Orti sono le organizzazioni promotrici del Progetto.","robots":{"index":"index","follow":"follow","max-snippet":"max-snippet:-1","max-image-preview":"max-image-preview:large","max-video-preview":"max-video-preview:-1"},"canonical":"https:\/\/ilovefruitandvegfromeurope.com\/it\/organizzazioni-promotrici\/","og_locale":"it_IT","og_type":"article","og_title":"Organizzazioni Promotrici - I Love Fruit And Veg From Europe","og_description":"I Love Fruit And Veg From Europe: L'O.P. A.O.A., La Deliziosa e Terra Orti sono le organizzazioni promotrici del Progetto.","og_url":"https:\/\/ilovefruitandvegfromeurope.com\/it\/organizzazioni-promotrici\/","og_site_name":"I Love Fruit And Veg From Europe","article_modified_time":"2023-06-27T07:23:16+00:00","og_image":[{"width":1024,"height":512,"url":"https:\/\/ilovefruitandvegfromeurope.com\/wp-content\/uploads\/2021\/07\/My-Post-5.png","type":"image\/png"}],"twitter_card":"summary_large_image","twitter_misc":{"Tempo di lettura stimato":"2 minuti"},"schema":{"@context":"https:\/\/schema.org","@graph":[{"@type":"WebPage","@id":"https:\/\/ilovefruitandvegfromeurope.com\/it\/organizzazioni-promotrici\/","url":"https:\/\/ilovefruitandvegfromeurope.com\/it\/organizzazioni-promotrici\/","name":"Organizzazioni Promotrici - I Love Fruit And Veg From Europe","isPartOf":{"@id":"https:\/\/ilovefruitandvegfromeurope.com\/it\/#website"},"primaryImageOfPage":{"@id":"https:\/\/ilovefruitandvegfromeurope.com\/it\/organizzazioni-promotrici\/#primaryimage"},"image":{"@id":"https:\/\/ilovefruitandvegfromeurope.com\/it\/organizzazioni-promotrici\/#primaryimage"},"thumbnailUrl":"https:\/\/ilovefruitandvegfromeurope.com\/wp-content\/uploads\/2021\/07\/My-Post-5.png","datePublished":"2021-07-08T05:47:52+00:00","dateModified":"2023-06-27T07:23:16+00:00","description":"I Love Fruit And Veg From Europe: L'O.P. A.O.A., La Deliziosa e Terra Orti sono le organizzazioni promotrici del Progetto.","breadcrumb":{"@id":"https:\/\/ilovefruitandvegfromeurope.com\/it\/organizzazioni-promotrici\/#breadcrumb"},"inLanguage":"it-IT","potentialAction":[{"@type":"ReadAction","target":["https:\/\/ilovefruitandvegfromeurope.com\/it\/organizzazioni-promotrici\/"]}]},{"@type":"ImageObject","inLanguage":"it-IT","@id":"https:\/\/ilovefruitandvegfromeurope.com\/it\/organizzazioni-promotrici\/#primaryimage","url":"https:\/\/ilovefruitandvegfromeurope.com\/wp-content\/uploads\/2021\/07\/My-Post-5.png","contentUrl":"https:\/\/ilovefruitandvegfromeurope.com\/wp-content\/uploads\/2021\/07\/My-Post-5.png","width":1024,"height":512,"caption":"El sector de frutas frescas y verduras de la UE"},{"@type":"BreadcrumbList","@id":"https:\/\/ilovefruitandvegfromeurope.com\/it\/organizzazioni-promotrici\/#breadcrumb","itemListElement":[{"@type":"ListItem","position":1,"name":"Home","item":"https:\/\/ilovefruitandvegfromeurope.com\/it\/"},{"@type":"ListItem","position":2,"name":"Organizzazioni Promotrici"}]},{"@type":"WebSite","@id":"https:\/\/ilovefruitandvegfromeurope.com\/it\/#website","url":"https:\/\/ilovefruitandvegfromeurope.com\/it\/","name":"I Love Fruit And Veg From Europe","description":"I Love Fruit And Veg From Europe: I Choose Fresh And Fair","publisher":{"@id":"https:\/\/ilovefruitandvegfromeurope.com\/it\/#organization"},"potentialAction":[{"@type":"SearchAction","target":{"@type":"EntryPoint","urlTemplate":"https:\/\/ilovefruitandvegfromeurope.com\/it\/?s={search_term_string}"},"query-input":{"@type":"PropertyValueSpecification","valueRequired":true,"valueName":"search_term_string"}}],"inLanguage":"it-IT"},{"@type":"Organization","@id":"https:\/\/ilovefruitandvegfromeurope.com\/it\/#organization","name":"I Love Fruit And Veg From Europe","url":"https:\/\/ilovefruitandvegfromeurope.com\/it\/","logo":{"@type":"ImageObject","inLanguage":"it-IT","@id":"https:\/\/ilovefruitandvegfromeurope.com\/it\/#\/schema\/logo\/image\/","url":"https:\/\/ilovefruitandvegfromeurope.com\/wp-content\/uploads\/2021\/07\/logo.png","contentUrl":"https:\/\/ilovefruitandvegfromeurope.com\/wp-content\/uploads\/2021\/07\/logo.png","width":248,"height":62,"caption":"I Love Fruit And Veg From Europe"},"image":{"@id":"https:\/\/ilovefruitandvegfromeurope.com\/it\/#\/schema\/logo\/image\/"}}]}},"_links":{"self":[{"href":"https:\/\/ilovefruitandvegfromeurope.com\/it\/wp-json\/wp\/v2\/pages\/360","targetHints":{"allow":["GET"]}}],"collection":[{"href":"https:\/\/ilovefruitandvegfromeurope.com\/it\/wp-json\/wp\/v2\/pages"}],"about":[{"href":"https:\/\/ilovefruitandvegfromeurope.com\/it\/wp-json\/wp\/v2\/types\/page"}],"author":[{"embeddable":true,"href":"https:\/\/ilovefruitandvegfromeurope.com\/it\/wp-json\/wp\/v2\/users\/1"}],"replies":[{"embeddable":true,"href":"https:\/\/ilovefruitandvegfromeurope.com\/it\/wp-json\/wp\/v2\/comments?post=360"}],"version-history":[{"count":12,"href":"https:\/\/ilovefruitandvegfromeurope.com\/it\/wp-json\/wp\/v2\/pages\/360\/revisions"}],"predecessor-version":[{"id":25141,"href":"https:\/\/ilovefruitandvegfromeurope.com\/it\/wp-json\/wp\/v2\/pages\/360\/revisions\/25141"}],"wp:featuredmedia":[{"embeddable":true,"href":"https:\/\/ilovefruitandvegfromeurope.com\/it\/wp-json\/wp\/v2\/media\/333"}],"wp:attachment":[{"href":"https:\/\/ilovefruitandvegfromeurope.com\/it\/wp-json\/wp\/v2\/media?parent=360"}],"curies":[{"name":"wp","href":"https:\/\/api.w.org\/{rel}","templated":true}]}}