
{"id":1752,"date":"2021-07-07T19:27:11","date_gmt":"2021-07-07T17:27:11","guid":{"rendered":"https:\/\/ilovefruitandvegfromeurope.com\/food-safey\/"},"modified":"2021-07-23T07:04:54","modified_gmt":"2021-07-23T05:04:54","slug":"mattrygghet","status":"publish","type":"page","link":"https:\/\/ilovefruitandvegfromeurope.com\/no\/mattrygghet\/","title":{"rendered":"Mattrygghet"},"content":{"rendered":"\n<p><strong>Matsikkerhet og kvalitet <\/strong>har alltid v\u00e6rt av overordnet betydning for Italia og EU.<\/p>\n\n\n\n<p>For \u00e5 kunne sikre matsikkerheten og verne matvaresektoren mot kriser, har EU vedtatt strategien <em>\u00abFarm to Fork\u00bb <\/em>langs <strong>hele n\u00e6ringskjeden<\/strong>. <\/p>\n\n\n\n<p>Strategien baserer seg p\u00e5 en kombinasjon av h\u00f8ye krav til matvarene, b\u00e5de <em>med tanke p\u00e5 dyre- og plantevelferd, og forbrukerne.<\/em><\/p>\n\n\n\n<p>Kravene gjelder b\u00e5de for matvarer som produseres i EU eller importeres.<\/p>\n\n\n\n<p>Alle medlemsland m\u00e5 f\u00f8lge de samme kravene; I hele EU utf\u00f8res mat- og hygienekontroller etter de samme strenge standardene. Kravene gj\u00f8r at den trygge maten selges fritt i det \u00e5pne europeiske markedet, som igjen sikrer innbyggernes trivsel og deres sosiale og \u00f8konomiske interesser.<\/p>\n\n\n\n<p>Hovedprinsippene i matforskriften er:<\/p>\n\n\n\n<ul class=\"wp-block-list\"><li>integrerte kontroller som inkluderer <strong>hele n\u00e6ringskjeden<\/strong><\/li><li>intervensjoner som baseres <strong>p\u00e5 risikoanalyser<\/strong><\/li><li><strong>hovedansvaret<\/strong> tillegges sektoroperat\u00f8rene for hvert produkt som er produsert, transformert, importert, markedsf\u00f8rt eller distribuert<\/li><li><strong>sporbarhet<\/strong> for hvert produkt gjennom n\u00e6ringskjeden<\/li><li><strong>mattrygghet<\/strong> for forbrukeren.<\/li><\/ul>\n","protected":false},"excerpt":{"rendered":"<p>Matsikkerhet og kvalitet har alltid v\u00e6rt av overordnet betydning for Italia og EU. For \u00e5 kunne sikre matsikkerheten og verne matvaresektoren mot kriser, har EU vedtatt strategien \u00abFarm to Fork\u00bb langs hele n\u00e6ringskjeden. Strategien baserer seg p\u00e5 en kombinasjon av h\u00f8ye krav til matvarene, b\u00e5de med tanke p\u00e5 dyre- og plantevelferd, og forbrukerne. Kravene gjelder<\/p>\n","protected":false},"author":2,"featured_media":1753,"parent":0,"menu_order":0,"comment_status":"closed","ping_status":"closed","template":"","meta":{"_acf_changed":false,"footnotes":""},"class_list":["post-1752","page","type-page","status-publish","has-post-thumbnail","hentry"],"acf":[],"yoast_head":"<!-- This site is optimized with the Yoast SEO plugin v24.1 - https:\/\/yoast.com\/wordpress\/plugins\/seo\/ -->\n<title>Matsikkerhet og matkvalitet. Finn ut alt du trenger \u00e5 vite her<\/title>\n<meta name=\"description\" content=\"Matsikkerhet og matkvalitet har alltid v\u00e6rt av grunnleggende betydning for Italia og EU. Her alt du trenger \u00e5 vite.\" \/>\n<meta name=\"robots\" content=\"index, follow, max-snippet:-1, max-image-preview:large, max-video-preview:-1\" \/>\n<link rel=\"canonical\" href=\"https:\/\/ilovefruitandvegfromeurope.com\/no\/mattrygghet\/\" \/>\n<meta property=\"og:locale\" content=\"nb_NO\" \/>\n<meta property=\"og:type\" content=\"article\" \/>\n<meta property=\"og:title\" content=\"Matsikkerhet og matkvalitet. Finn ut alt du trenger \u00e5 vite her\" \/>\n<meta property=\"og:description\" content=\"Matsikkerhet og matkvalitet har alltid v\u00e6rt av grunnleggende betydning for Italia og EU. Her alt du trenger \u00e5 vite.\" \/>\n<meta property=\"og:url\" content=\"https:\/\/ilovefruitandvegfromeurope.com\/no\/mattrygghet\/\" \/>\n<meta property=\"og:site_name\" content=\"I Love Fruit And Veg From Europe\" \/>\n<meta property=\"article:modified_time\" content=\"2021-07-23T05:04:54+00:00\" \/>\n<meta property=\"og:image\" content=\"https:\/\/ilovefruitandvegfromeurope.com\/wp-content\/uploads\/2021\/07\/My-Post-2.png\" \/>\n\t<meta property=\"og:image:width\" content=\"1024\" \/>\n\t<meta property=\"og:image:height\" content=\"512\" \/>\n\t<meta property=\"og:image:type\" content=\"image\/png\" \/>\n<meta name=\"twitter:card\" content=\"summary_large_image\" \/>\n<meta name=\"twitter:label1\" content=\"Ansl. lesetid\" \/>\n\t<meta name=\"twitter:data1\" content=\"1 minutt\" \/>\n<script type=\"application\/ld+json\" class=\"yoast-schema-graph\">{\"@context\":\"https:\/\/schema.org\",\"@graph\":[{\"@type\":\"WebPage\",\"@id\":\"https:\/\/ilovefruitandvegfromeurope.com\/no\/mattrygghet\/\",\"url\":\"https:\/\/ilovefruitandvegfromeurope.com\/no\/mattrygghet\/\",\"name\":\"Matsikkerhet og matkvalitet. Finn ut alt du trenger \u00e5 vite her\",\"isPartOf\":{\"@id\":\"https:\/\/ilovefruitandvegfromeurope.com\/no\/#website\"},\"primaryImageOfPage\":{\"@id\":\"https:\/\/ilovefruitandvegfromeurope.com\/no\/mattrygghet\/#primaryimage\"},\"image\":{\"@id\":\"https:\/\/ilovefruitandvegfromeurope.com\/no\/mattrygghet\/#primaryimage\"},\"thumbnailUrl\":\"https:\/\/ilovefruitandvegfromeurope.com\/wp-content\/uploads\/2021\/07\/My-Post-2.png\",\"datePublished\":\"2021-07-07T17:27:11+00:00\",\"dateModified\":\"2021-07-23T05:04:54+00:00\",\"description\":\"Matsikkerhet og matkvalitet har alltid v\u00e6rt av grunnleggende betydning for Italia og EU. Her alt du trenger \u00e5 vite.\",\"breadcrumb\":{\"@id\":\"https:\/\/ilovefruitandvegfromeurope.com\/no\/mattrygghet\/#breadcrumb\"},\"inLanguage\":\"nb-NO\",\"potentialAction\":[{\"@type\":\"ReadAction\",\"target\":[\"https:\/\/ilovefruitandvegfromeurope.com\/no\/mattrygghet\/\"]}]},{\"@type\":\"ImageObject\",\"inLanguage\":\"nb-NO\",\"@id\":\"https:\/\/ilovefruitandvegfromeurope.com\/no\/mattrygghet\/#primaryimage\",\"url\":\"https:\/\/ilovefruitandvegfromeurope.com\/wp-content\/uploads\/2021\/07\/My-Post-2.png\",\"contentUrl\":\"https:\/\/ilovefruitandvegfromeurope.com\/wp-content\/uploads\/2021\/07\/My-Post-2.png\",\"width\":1024,\"height\":512},{\"@type\":\"BreadcrumbList\",\"@id\":\"https:\/\/ilovefruitandvegfromeurope.com\/no\/mattrygghet\/#breadcrumb\",\"itemListElement\":[{\"@type\":\"ListItem\",\"position\":1,\"name\":\"Home\",\"item\":\"https:\/\/ilovefruitandvegfromeurope.com\/no\/\"},{\"@type\":\"ListItem\",\"position\":2,\"name\":\"Mattrygghet\"}]},{\"@type\":\"WebSite\",\"@id\":\"https:\/\/ilovefruitandvegfromeurope.com\/no\/#website\",\"url\":\"https:\/\/ilovefruitandvegfromeurope.com\/no\/\",\"name\":\"I Love Fruit And Veg From Europe\",\"description\":\"I Love Fruit And Veg From Europe: I Choose Fresh And Fair\",\"publisher\":{\"@id\":\"https:\/\/ilovefruitandvegfromeurope.com\/no\/#organization\"},\"potentialAction\":[{\"@type\":\"SearchAction\",\"target\":{\"@type\":\"EntryPoint\",\"urlTemplate\":\"https:\/\/ilovefruitandvegfromeurope.com\/no\/?s={search_term_string}\"},\"query-input\":{\"@type\":\"PropertyValueSpecification\",\"valueRequired\":true,\"valueName\":\"search_term_string\"}}],\"inLanguage\":\"nb-NO\"},{\"@type\":\"Organization\",\"@id\":\"https:\/\/ilovefruitandvegfromeurope.com\/no\/#organization\",\"name\":\"I Love Fruit And Veg From Europe\",\"url\":\"https:\/\/ilovefruitandvegfromeurope.com\/no\/\",\"logo\":{\"@type\":\"ImageObject\",\"inLanguage\":\"nb-NO\",\"@id\":\"https:\/\/ilovefruitandvegfromeurope.com\/no\/#\/schema\/logo\/image\/\",\"url\":\"https:\/\/ilovefruitandvegfromeurope.com\/wp-content\/uploads\/2021\/07\/logo.png\",\"contentUrl\":\"https:\/\/ilovefruitandvegfromeurope.com\/wp-content\/uploads\/2021\/07\/logo.png\",\"width\":248,\"height\":62,\"caption\":\"I Love Fruit And Veg From Europe\"},\"image\":{\"@id\":\"https:\/\/ilovefruitandvegfromeurope.com\/no\/#\/schema\/logo\/image\/\"}}]}<\/script>\n<!-- \/ Yoast SEO plugin. -->","yoast_head_json":{"title":"Matsikkerhet og matkvalitet. Finn ut alt du trenger \u00e5 vite her","description":"Matsikkerhet og matkvalitet har alltid v\u00e6rt av grunnleggende betydning for Italia og EU. Her alt du trenger \u00e5 vite.","robots":{"index":"index","follow":"follow","max-snippet":"max-snippet:-1","max-image-preview":"max-image-preview:large","max-video-preview":"max-video-preview:-1"},"canonical":"https:\/\/ilovefruitandvegfromeurope.com\/no\/mattrygghet\/","og_locale":"nb_NO","og_type":"article","og_title":"Matsikkerhet og matkvalitet. Finn ut alt du trenger \u00e5 vite her","og_description":"Matsikkerhet og matkvalitet har alltid v\u00e6rt av grunnleggende betydning for Italia og EU. Her alt du trenger \u00e5 vite.","og_url":"https:\/\/ilovefruitandvegfromeurope.com\/no\/mattrygghet\/","og_site_name":"I Love Fruit And Veg From Europe","article_modified_time":"2021-07-23T05:04:54+00:00","og_image":[{"width":1024,"height":512,"url":"https:\/\/ilovefruitandvegfromeurope.com\/wp-content\/uploads\/2021\/07\/My-Post-2.png","type":"image\/png"}],"twitter_card":"summary_large_image","twitter_misc":{"Ansl. lesetid":"1 minutt"},"schema":{"@context":"https:\/\/schema.org","@graph":[{"@type":"WebPage","@id":"https:\/\/ilovefruitandvegfromeurope.com\/no\/mattrygghet\/","url":"https:\/\/ilovefruitandvegfromeurope.com\/no\/mattrygghet\/","name":"Matsikkerhet og matkvalitet. Finn ut alt du trenger \u00e5 vite her","isPartOf":{"@id":"https:\/\/ilovefruitandvegfromeurope.com\/no\/#website"},"primaryImageOfPage":{"@id":"https:\/\/ilovefruitandvegfromeurope.com\/no\/mattrygghet\/#primaryimage"},"image":{"@id":"https:\/\/ilovefruitandvegfromeurope.com\/no\/mattrygghet\/#primaryimage"},"thumbnailUrl":"https:\/\/ilovefruitandvegfromeurope.com\/wp-content\/uploads\/2021\/07\/My-Post-2.png","datePublished":"2021-07-07T17:27:11+00:00","dateModified":"2021-07-23T05:04:54+00:00","description":"Matsikkerhet og matkvalitet har alltid v\u00e6rt av grunnleggende betydning for Italia og EU. Her alt du trenger \u00e5 vite.","breadcrumb":{"@id":"https:\/\/ilovefruitandvegfromeurope.com\/no\/mattrygghet\/#breadcrumb"},"inLanguage":"nb-NO","potentialAction":[{"@type":"ReadAction","target":["https:\/\/ilovefruitandvegfromeurope.com\/no\/mattrygghet\/"]}]},{"@type":"ImageObject","inLanguage":"nb-NO","@id":"https:\/\/ilovefruitandvegfromeurope.com\/no\/mattrygghet\/#primaryimage","url":"https:\/\/ilovefruitandvegfromeurope.com\/wp-content\/uploads\/2021\/07\/My-Post-2.png","contentUrl":"https:\/\/ilovefruitandvegfromeurope.com\/wp-content\/uploads\/2021\/07\/My-Post-2.png","width":1024,"height":512},{"@type":"BreadcrumbList","@id":"https:\/\/ilovefruitandvegfromeurope.com\/no\/mattrygghet\/#breadcrumb","itemListElement":[{"@type":"ListItem","position":1,"name":"Home","item":"https:\/\/ilovefruitandvegfromeurope.com\/no\/"},{"@type":"ListItem","position":2,"name":"Mattrygghet"}]},{"@type":"WebSite","@id":"https:\/\/ilovefruitandvegfromeurope.com\/no\/#website","url":"https:\/\/ilovefruitandvegfromeurope.com\/no\/","name":"I Love Fruit And Veg From Europe","description":"I Love Fruit And Veg From Europe: I Choose Fresh And Fair","publisher":{"@id":"https:\/\/ilovefruitandvegfromeurope.com\/no\/#organization"},"potentialAction":[{"@type":"SearchAction","target":{"@type":"EntryPoint","urlTemplate":"https:\/\/ilovefruitandvegfromeurope.com\/no\/?s={search_term_string}"},"query-input":{"@type":"PropertyValueSpecification","valueRequired":true,"valueName":"search_term_string"}}],"inLanguage":"nb-NO"},{"@type":"Organization","@id":"https:\/\/ilovefruitandvegfromeurope.com\/no\/#organization","name":"I Love Fruit And Veg From Europe","url":"https:\/\/ilovefruitandvegfromeurope.com\/no\/","logo":{"@type":"ImageObject","inLanguage":"nb-NO","@id":"https:\/\/ilovefruitandvegfromeurope.com\/no\/#\/schema\/logo\/image\/","url":"https:\/\/ilovefruitandvegfromeurope.com\/wp-content\/uploads\/2021\/07\/logo.png","contentUrl":"https:\/\/ilovefruitandvegfromeurope.com\/wp-content\/uploads\/2021\/07\/logo.png","width":248,"height":62,"caption":"I Love Fruit And Veg From Europe"},"image":{"@id":"https:\/\/ilovefruitandvegfromeurope.com\/no\/#\/schema\/logo\/image\/"}}]}},"_links":{"self":[{"href":"https:\/\/ilovefruitandvegfromeurope.com\/no\/wp-json\/wp\/v2\/pages\/1752","targetHints":{"allow":["GET"]}}],"collection":[{"href":"https:\/\/ilovefruitandvegfromeurope.com\/no\/wp-json\/wp\/v2\/pages"}],"about":[{"href":"https:\/\/ilovefruitandvegfromeurope.com\/no\/wp-json\/wp\/v2\/types\/page"}],"author":[{"embeddable":true,"href":"https:\/\/ilovefruitandvegfromeurope.com\/no\/wp-json\/wp\/v2\/users\/2"}],"replies":[{"embeddable":true,"href":"https:\/\/ilovefruitandvegfromeurope.com\/no\/wp-json\/wp\/v2\/comments?post=1752"}],"version-history":[{"count":1,"href":"https:\/\/ilovefruitandvegfromeurope.com\/no\/wp-json\/wp\/v2\/pages\/1752\/revisions"}],"predecessor-version":[{"id":1755,"href":"https:\/\/ilovefruitandvegfromeurope.com\/no\/wp-json\/wp\/v2\/pages\/1752\/revisions\/1755"}],"wp:featuredmedia":[{"embeddable":true,"href":"https:\/\/ilovefruitandvegfromeurope.com\/no\/wp-json\/wp\/v2\/media\/1753"}],"wp:attachment":[{"href":"https:\/\/ilovefruitandvegfromeurope.com\/no\/wp-json\/wp\/v2\/media?parent=1752"}],"curies":[{"name":"wp","href":"https:\/\/api.w.org\/{rel}","templated":true}]}}