
{"id":1756,"date":"2021-07-07T19:55:21","date_gmt":"2021-07-07T17:55:21","guid":{"rendered":"https:\/\/ilovefruitandvegfromeurope.com\/fresh-fruit-and-vegetables-food-forhealth\/"},"modified":"2021-07-23T07:22:49","modified_gmt":"2021-07-23T05:22:49","slug":"fersk-frukt-og-gront-god-mat-for-god-helse","status":"publish","type":"page","link":"https:\/\/ilovefruitandvegfromeurope.com\/no\/fersk-frukt-og-gront-god-mat-for-god-helse\/","title":{"rendered":"Fersk frukt og gr\u00f8nt: God mat for god helse"},"content":{"rendered":"\n<p>\u00c5 spise frukt og gr\u00f8nt er noe av det best vi kan gj\u00f8re for <strong>helsen v\u00e5r<\/strong>.<\/p>\n\n\n\n<p>En diett som inneholder store mengder frukt og gr\u00f8nt <em>bidrar til trivsel og glede, samtidig som at den forebygger sykdom.<\/em><\/p>\n\n\n\n<p>Fordelene av \u00e5 spise rikelig med frukt og gr\u00f8nt inkluderer:<\/p>\n\n\n\n<ul class=\"wp-block-list\"><li><em>Reduserer <\/em>risikoen for hjerte- og karsykdom<\/li><li><em>Beskytter<\/em> mot degenerative sykdommer i nyrene og lungene<\/li><li><em>Bidrar<\/em> til forebygging av diabetes og kreft<\/li><li><em>Bidrar<\/em> til god ford\u00f8yelse<\/li><li><em>Fremmer<\/em> vekttap pga \u00f8kt inntak av fiber og metthetsf\u00f8lelse<\/li><li><em>Bedrer<\/em> h\u00e5r- og hudkvaliteten\u00a0<\/li><\/ul>\n\n\n\n<p>Frukt og gr\u00f8nt <strong>inneholder rikelig med vann<\/strong> som holder deg hydrert. Flere frukt- og gr\u00f8nnsakstyper<strong> inneholder proteiner<\/strong> som bygger muskler, og karbohydrater som <strong>gir energi<\/strong>.<\/p>\n\n\n\n<p>De inneholder ogs\u00e5 et bredt utvalg av <strong>vitaminer, mineraler og fiber<\/strong> som bidrar til \u00e5 regulere kroppens metabolisme.<\/p>\n\n\n\n<p>For \u00e5 maksimere inntaket av disse er det viktig \u00e5 spise <strong>fersk frukt og gr\u00f8nt<\/strong>.<\/p>\n\n\n\n<p>Ligger frukten i kj\u00f8leskapet for lenge reduseres mengden vitaminer og n\u00e6ringsstoffer i produktene.<\/p>\n\n\n\n<p>Blant de aller viktigste vitaminene som finnes i frukt og gr\u00f8nt er <strong>vitamin C<\/strong>, en antioksidant som beskytter celler mot frie radikaler, og <strong>vitamin A<\/strong>, et karotenoid som beskytter mot milj\u00f8faktorer, som blant annet r\u00f8yk og luftforurensning.<\/p>\n\n\n\n<p>Mineralene som finnes i frukt og gr\u00f8nt er<em> jern, kalium, magnesium, kalsium, fosfor, kobber, jod, natrium og sink<\/em>.\u00a0<\/p>\n\n\n\n<figure class=\"wp-block-image size-large\"><img decoding=\"async\" width=\"1024\" height=\"572\" src=\"https:\/\/ilovefruitandvegfromeurope.com\/wp-content\/uploads\/2021\/07\/My-Post-4-1024x572.png\" alt=\"\" class=\"wp-image-213\" srcset=\"https:\/\/ilovefruitandvegfromeurope.com\/wp-content\/uploads\/2021\/07\/My-Post-4-1024x572.png 1024w, https:\/\/ilovefruitandvegfromeurope.com\/wp-content\/uploads\/2021\/07\/My-Post-4-300x168.png 300w, https:\/\/ilovefruitandvegfromeurope.com\/wp-content\/uploads\/2021\/07\/My-Post-4-768x429.png 768w, https:\/\/ilovefruitandvegfromeurope.com\/wp-content\/uploads\/2021\/07\/My-Post-4.png 1200w\" sizes=\"(max-width: 1024px) 100vw, 1024px\" \/><\/figure>\n\n\n\n<p><strong>Fiber<\/strong> fra frukt og gr\u00f8nt er sv\u00e6rt gunstige for kroppen:<\/p>\n\n\n\n<ul class=\"wp-block-list\"><li>oppl\u00f8selige fibre \u2013 som hovedsakelig finnes i frukt \u2013 \u00f8ker absorbsjonen av fett og proteiner, er bra for vekttap og bidrar til \u00e5 regulere tarmfunksjoner<\/li><li>uoppl\u00f8selige fibre \u2013 som hovedsakelig finnes i gr\u00f8nnsaker \u2013reduserer absorbsjonen av karbohydrater og bidrar til \u00e5 redusere konsentrasjonen av glukose i blodet.<\/li><\/ul>\n\n\n\n<p><em>Det anbefales \u00e5 spise minimum fem om dagen av frukt og gr\u00f8nt<\/em>. Mengden b\u00f8r \u00f8kes p\u00e5 vinteren n\u00e5r tilgjengeligheten av fersk frukt og gr\u00f8nt er lavere.\u00a0<\/p>\n\n\n\n<p>Frukt og gr\u00f8nt inneholder ogs\u00e5 store mengder <strong>antioksidanter <\/strong>som bekjemper de frie radikalene som kan skade cellene v\u00e5re.<\/p>\n\n\n\n<p>Frukt og gr\u00f8nt med h\u00f8yt innhold av antioksidanter er epler, jordb\u00e6r, aprikoser, kiwi, fiken, p\u00e6rer, gulr\u00f8tter, k\u00e5l, r\u00f8dbeter, fennikel, reddiker, spinat, salat, aubergine, brokkoli, corguetter og paprika.<\/p>\n\n\n\n<p>En god og enkel m\u00e5te p\u00e5 \u00e5 f\u00e5 i seg nok antioksidanter er \u00e5 spise frukt og gr\u00f8nt i regnbuens farger.<\/p>\n\n\n\n<p>Pr\u00f8v \u00e5 inkludere ulike farger p\u00e5 gr\u00f8nnsakene hver eneste dag, eller minst tre til fire ganger i uken.<\/p>\n\n\n\n<p>Hver unike farge inneholder spesielle mikron\u00e6ringsstoffer, vitaminer og mineraler som vitamin C, A, E, mineraler som sink, selen og mange andre.<\/p>\n\n\n\n<p><strong><strong>R\u00f8d<\/strong> <\/strong>farge indikerer tilstedev\u00e6relse av lykopen og antocyaniner, som beskytter cellene mot frie radikaler.<\/p>\n\n\n\n<p><strong><strong>Gul\/oransje<\/strong> <\/strong>farge indikerer karotenoider og flavnonoider som bidrar til \u00e5 beskytte synet. Videre kan de ogs\u00e5 forhindre cellul\u00e6r aldring og styrke immunresponsen.<\/p>\n\n\n\n<p><strong><strong>Gr\u00f8nn<\/strong> <\/strong>farge indikerer tilstedev\u00e6relse av klorofyll, magnesium, folsyre, karotenoider og polyfenloer som bidrar til \u00e5 styrke blodkar, bein og tenner. De kan ogs\u00e5 forbedre funksjonaliteten til nervesystemet.<\/p>\n\n\n\n<p><strong><strong>Lilla\/bl\u00e5 <\/strong><\/strong>farge indikerer tilstedev\u00e6relse av antocyaniner, kalium og magnesium som kan bekjempe kapill\u00e6r skj\u00f8rhet og forhindre aterosklerose. Dette kan igjen bidra til \u00e5 forbedre hukommelsen.<\/p>\n\n\n\n<p><strong><strong>Hvit <\/strong><\/strong>farge sikrer tilf\u00f8rselen av quercetin, svovelforbindelser, flavonoider, kalium og selen som kan regulere kolesterolniv\u00e5et og opprettholde blodfluiditet, samt ha gunstige effekter p\u00e5 beinvev.<\/p>\n\n\n\n<p><\/p>\n","protected":false},"excerpt":{"rendered":"<p>\u00c5 spise frukt og gr\u00f8nt er noe av det best vi kan gj\u00f8re for helsen v\u00e5r. En diett som inneholder store mengder frukt og gr\u00f8nt bidrar til trivsel og glede, samtidig som at den forebygger sykdom. Fordelene av \u00e5 spise rikelig med frukt og gr\u00f8nt inkluderer: Reduserer risikoen for hjerte- og karsykdom Beskytter mot degenerative<\/p>\n","protected":false},"author":2,"featured_media":1757,"parent":0,"menu_order":0,"comment_status":"closed","ping_status":"closed","template":"","meta":{"_acf_changed":false,"footnotes":""},"class_list":["post-1756","page","type-page","status-publish","has-post-thumbnail","hentry"],"acf":[],"yoast_head":"<!-- This site is optimized with the Yoast SEO plugin v24.1 - https:\/\/yoast.com\/wordpress\/plugins\/seo\/ -->\n<title>Fersk frukt og gr\u00f8nt: God mat for god helse. Finne ut mer!<\/title>\n<meta name=\"description\" content=\"Fersk frukt og gr\u00f8nt: God mat for god helse. Frukt og gr\u00f8nnsaker bidrar til trivsel og til \u00e5 nyte livet. Oppdag de gunstige effektene.\" \/>\n<meta name=\"robots\" content=\"index, follow, max-snippet:-1, max-image-preview:large, max-video-preview:-1\" \/>\n<link rel=\"canonical\" href=\"https:\/\/ilovefruitandvegfromeurope.com\/no\/fersk-frukt-og-gront-god-mat-for-god-helse\/\" \/>\n<meta property=\"og:locale\" content=\"nb_NO\" \/>\n<meta property=\"og:type\" content=\"article\" \/>\n<meta property=\"og:title\" content=\"Fersk frukt og gr\u00f8nt: God mat for god helse. Finne ut mer!\" \/>\n<meta property=\"og:description\" content=\"Fersk frukt og gr\u00f8nt: God mat for god helse. Frukt og gr\u00f8nnsaker bidrar til trivsel og til \u00e5 nyte livet. Oppdag de gunstige effektene.\" \/>\n<meta property=\"og:url\" content=\"https:\/\/ilovefruitandvegfromeurope.com\/no\/fersk-frukt-og-gront-god-mat-for-god-helse\/\" \/>\n<meta property=\"og:site_name\" content=\"I Love Fruit And Veg From Europe\" \/>\n<meta property=\"article:modified_time\" content=\"2021-07-23T05:22:49+00:00\" \/>\n<meta property=\"og:image\" content=\"https:\/\/ilovefruitandvegfromeurope.com\/wp-content\/uploads\/2021\/07\/My-Post-3.png\" \/>\n\t<meta property=\"og:image:width\" content=\"1200\" \/>\n\t<meta property=\"og:image:height\" content=\"670\" \/>\n\t<meta property=\"og:image:type\" content=\"image\/png\" \/>\n<meta name=\"twitter:card\" content=\"summary_large_image\" \/>\n<meta name=\"twitter:label1\" content=\"Ansl. lesetid\" \/>\n\t<meta name=\"twitter:data1\" content=\"3 minutter\" \/>\n<script type=\"application\/ld+json\" class=\"yoast-schema-graph\">{\"@context\":\"https:\/\/schema.org\",\"@graph\":[{\"@type\":\"WebPage\",\"@id\":\"https:\/\/ilovefruitandvegfromeurope.com\/no\/fersk-frukt-og-gront-god-mat-for-god-helse\/\",\"url\":\"https:\/\/ilovefruitandvegfromeurope.com\/no\/fersk-frukt-og-gront-god-mat-for-god-helse\/\",\"name\":\"Fersk frukt og gr\u00f8nt: God mat for god helse. Finne ut mer!\",\"isPartOf\":{\"@id\":\"https:\/\/ilovefruitandvegfromeurope.com\/no\/#website\"},\"primaryImageOfPage\":{\"@id\":\"https:\/\/ilovefruitandvegfromeurope.com\/no\/fersk-frukt-og-gront-god-mat-for-god-helse\/#primaryimage\"},\"image\":{\"@id\":\"https:\/\/ilovefruitandvegfromeurope.com\/no\/fersk-frukt-og-gront-god-mat-for-god-helse\/#primaryimage\"},\"thumbnailUrl\":\"https:\/\/ilovefruitandvegfromeurope.com\/wp-content\/uploads\/2021\/07\/My-Post-3.png\",\"datePublished\":\"2021-07-07T17:55:21+00:00\",\"dateModified\":\"2021-07-23T05:22:49+00:00\",\"description\":\"Fersk frukt og gr\u00f8nt: God mat for god helse. Frukt og gr\u00f8nnsaker bidrar til trivsel og til \u00e5 nyte livet. Oppdag de gunstige effektene.\",\"breadcrumb\":{\"@id\":\"https:\/\/ilovefruitandvegfromeurope.com\/no\/fersk-frukt-og-gront-god-mat-for-god-helse\/#breadcrumb\"},\"inLanguage\":\"nb-NO\",\"potentialAction\":[{\"@type\":\"ReadAction\",\"target\":[\"https:\/\/ilovefruitandvegfromeurope.com\/no\/fersk-frukt-og-gront-god-mat-for-god-helse\/\"]}]},{\"@type\":\"ImageObject\",\"inLanguage\":\"nb-NO\",\"@id\":\"https:\/\/ilovefruitandvegfromeurope.com\/no\/fersk-frukt-og-gront-god-mat-for-god-helse\/#primaryimage\",\"url\":\"https:\/\/ilovefruitandvegfromeurope.com\/wp-content\/uploads\/2021\/07\/My-Post-3.png\",\"contentUrl\":\"https:\/\/ilovefruitandvegfromeurope.com\/wp-content\/uploads\/2021\/07\/My-Post-3.png\",\"width\":1200,\"height\":670},{\"@type\":\"BreadcrumbList\",\"@id\":\"https:\/\/ilovefruitandvegfromeurope.com\/no\/fersk-frukt-og-gront-god-mat-for-god-helse\/#breadcrumb\",\"itemListElement\":[{\"@type\":\"ListItem\",\"position\":1,\"name\":\"Home\",\"item\":\"https:\/\/ilovefruitandvegfromeurope.com\/no\/\"},{\"@type\":\"ListItem\",\"position\":2,\"name\":\"Fersk frukt og gr\u00f8nt: God mat for god helse\"}]},{\"@type\":\"WebSite\",\"@id\":\"https:\/\/ilovefruitandvegfromeurope.com\/no\/#website\",\"url\":\"https:\/\/ilovefruitandvegfromeurope.com\/no\/\",\"name\":\"I Love Fruit And Veg From Europe\",\"description\":\"I Love Fruit And Veg From Europe: I Choose Fresh And Fair\",\"publisher\":{\"@id\":\"https:\/\/ilovefruitandvegfromeurope.com\/no\/#organization\"},\"potentialAction\":[{\"@type\":\"SearchAction\",\"target\":{\"@type\":\"EntryPoint\",\"urlTemplate\":\"https:\/\/ilovefruitandvegfromeurope.com\/no\/?s={search_term_string}\"},\"query-input\":{\"@type\":\"PropertyValueSpecification\",\"valueRequired\":true,\"valueName\":\"search_term_string\"}}],\"inLanguage\":\"nb-NO\"},{\"@type\":\"Organization\",\"@id\":\"https:\/\/ilovefruitandvegfromeurope.com\/no\/#organization\",\"name\":\"I Love Fruit And Veg From Europe\",\"url\":\"https:\/\/ilovefruitandvegfromeurope.com\/no\/\",\"logo\":{\"@type\":\"ImageObject\",\"inLanguage\":\"nb-NO\",\"@id\":\"https:\/\/ilovefruitandvegfromeurope.com\/no\/#\/schema\/logo\/image\/\",\"url\":\"https:\/\/ilovefruitandvegfromeurope.com\/wp-content\/uploads\/2021\/07\/logo.png\",\"contentUrl\":\"https:\/\/ilovefruitandvegfromeurope.com\/wp-content\/uploads\/2021\/07\/logo.png\",\"width\":248,\"height\":62,\"caption\":\"I Love Fruit And Veg From Europe\"},\"image\":{\"@id\":\"https:\/\/ilovefruitandvegfromeurope.com\/no\/#\/schema\/logo\/image\/\"}}]}<\/script>\n<!-- \/ Yoast SEO plugin. -->","yoast_head_json":{"title":"Fersk frukt og gr\u00f8nt: God mat for god helse. Finne ut mer!","description":"Fersk frukt og gr\u00f8nt: God mat for god helse. Frukt og gr\u00f8nnsaker bidrar til trivsel og til \u00e5 nyte livet. Oppdag de gunstige effektene.","robots":{"index":"index","follow":"follow","max-snippet":"max-snippet:-1","max-image-preview":"max-image-preview:large","max-video-preview":"max-video-preview:-1"},"canonical":"https:\/\/ilovefruitandvegfromeurope.com\/no\/fersk-frukt-og-gront-god-mat-for-god-helse\/","og_locale":"nb_NO","og_type":"article","og_title":"Fersk frukt og gr\u00f8nt: God mat for god helse. Finne ut mer!","og_description":"Fersk frukt og gr\u00f8nt: God mat for god helse. Frukt og gr\u00f8nnsaker bidrar til trivsel og til \u00e5 nyte livet. Oppdag de gunstige effektene.","og_url":"https:\/\/ilovefruitandvegfromeurope.com\/no\/fersk-frukt-og-gront-god-mat-for-god-helse\/","og_site_name":"I Love Fruit And Veg From Europe","article_modified_time":"2021-07-23T05:22:49+00:00","og_image":[{"width":1200,"height":670,"url":"https:\/\/ilovefruitandvegfromeurope.com\/wp-content\/uploads\/2021\/07\/My-Post-3.png","type":"image\/png"}],"twitter_card":"summary_large_image","twitter_misc":{"Ansl. lesetid":"3 minutter"},"schema":{"@context":"https:\/\/schema.org","@graph":[{"@type":"WebPage","@id":"https:\/\/ilovefruitandvegfromeurope.com\/no\/fersk-frukt-og-gront-god-mat-for-god-helse\/","url":"https:\/\/ilovefruitandvegfromeurope.com\/no\/fersk-frukt-og-gront-god-mat-for-god-helse\/","name":"Fersk frukt og gr\u00f8nt: God mat for god helse. Finne ut mer!","isPartOf":{"@id":"https:\/\/ilovefruitandvegfromeurope.com\/no\/#website"},"primaryImageOfPage":{"@id":"https:\/\/ilovefruitandvegfromeurope.com\/no\/fersk-frukt-og-gront-god-mat-for-god-helse\/#primaryimage"},"image":{"@id":"https:\/\/ilovefruitandvegfromeurope.com\/no\/fersk-frukt-og-gront-god-mat-for-god-helse\/#primaryimage"},"thumbnailUrl":"https:\/\/ilovefruitandvegfromeurope.com\/wp-content\/uploads\/2021\/07\/My-Post-3.png","datePublished":"2021-07-07T17:55:21+00:00","dateModified":"2021-07-23T05:22:49+00:00","description":"Fersk frukt og gr\u00f8nt: God mat for god helse. Frukt og gr\u00f8nnsaker bidrar til trivsel og til \u00e5 nyte livet. Oppdag de gunstige effektene.","breadcrumb":{"@id":"https:\/\/ilovefruitandvegfromeurope.com\/no\/fersk-frukt-og-gront-god-mat-for-god-helse\/#breadcrumb"},"inLanguage":"nb-NO","potentialAction":[{"@type":"ReadAction","target":["https:\/\/ilovefruitandvegfromeurope.com\/no\/fersk-frukt-og-gront-god-mat-for-god-helse\/"]}]},{"@type":"ImageObject","inLanguage":"nb-NO","@id":"https:\/\/ilovefruitandvegfromeurope.com\/no\/fersk-frukt-og-gront-god-mat-for-god-helse\/#primaryimage","url":"https:\/\/ilovefruitandvegfromeurope.com\/wp-content\/uploads\/2021\/07\/My-Post-3.png","contentUrl":"https:\/\/ilovefruitandvegfromeurope.com\/wp-content\/uploads\/2021\/07\/My-Post-3.png","width":1200,"height":670},{"@type":"BreadcrumbList","@id":"https:\/\/ilovefruitandvegfromeurope.com\/no\/fersk-frukt-og-gront-god-mat-for-god-helse\/#breadcrumb","itemListElement":[{"@type":"ListItem","position":1,"name":"Home","item":"https:\/\/ilovefruitandvegfromeurope.com\/no\/"},{"@type":"ListItem","position":2,"name":"Fersk frukt og gr\u00f8nt: God mat for god helse"}]},{"@type":"WebSite","@id":"https:\/\/ilovefruitandvegfromeurope.com\/no\/#website","url":"https:\/\/ilovefruitandvegfromeurope.com\/no\/","name":"I Love Fruit And Veg From Europe","description":"I Love Fruit And Veg From Europe: I Choose Fresh And Fair","publisher":{"@id":"https:\/\/ilovefruitandvegfromeurope.com\/no\/#organization"},"potentialAction":[{"@type":"SearchAction","target":{"@type":"EntryPoint","urlTemplate":"https:\/\/ilovefruitandvegfromeurope.com\/no\/?s={search_term_string}"},"query-input":{"@type":"PropertyValueSpecification","valueRequired":true,"valueName":"search_term_string"}}],"inLanguage":"nb-NO"},{"@type":"Organization","@id":"https:\/\/ilovefruitandvegfromeurope.com\/no\/#organization","name":"I Love Fruit And Veg From Europe","url":"https:\/\/ilovefruitandvegfromeurope.com\/no\/","logo":{"@type":"ImageObject","inLanguage":"nb-NO","@id":"https:\/\/ilovefruitandvegfromeurope.com\/no\/#\/schema\/logo\/image\/","url":"https:\/\/ilovefruitandvegfromeurope.com\/wp-content\/uploads\/2021\/07\/logo.png","contentUrl":"https:\/\/ilovefruitandvegfromeurope.com\/wp-content\/uploads\/2021\/07\/logo.png","width":248,"height":62,"caption":"I Love Fruit And Veg From Europe"},"image":{"@id":"https:\/\/ilovefruitandvegfromeurope.com\/no\/#\/schema\/logo\/image\/"}}]}},"_links":{"self":[{"href":"https:\/\/ilovefruitandvegfromeurope.com\/no\/wp-json\/wp\/v2\/pages\/1756","targetHints":{"allow":["GET"]}}],"collection":[{"href":"https:\/\/ilovefruitandvegfromeurope.com\/no\/wp-json\/wp\/v2\/pages"}],"about":[{"href":"https:\/\/ilovefruitandvegfromeurope.com\/no\/wp-json\/wp\/v2\/types\/page"}],"author":[{"embeddable":true,"href":"https:\/\/ilovefruitandvegfromeurope.com\/no\/wp-json\/wp\/v2\/users\/2"}],"replies":[{"embeddable":true,"href":"https:\/\/ilovefruitandvegfromeurope.com\/no\/wp-json\/wp\/v2\/comments?post=1756"}],"version-history":[{"count":1,"href":"https:\/\/ilovefruitandvegfromeurope.com\/no\/wp-json\/wp\/v2\/pages\/1756\/revisions"}],"predecessor-version":[{"id":1759,"href":"https:\/\/ilovefruitandvegfromeurope.com\/no\/wp-json\/wp\/v2\/pages\/1756\/revisions\/1759"}],"wp:featuredmedia":[{"embeddable":true,"href":"https:\/\/ilovefruitandvegfromeurope.com\/no\/wp-json\/wp\/v2\/media\/1757"}],"wp:attachment":[{"href":"https:\/\/ilovefruitandvegfromeurope.com\/no\/wp-json\/wp\/v2\/media?parent=1756"}],"curies":[{"name":"wp","href":"https:\/\/api.w.org\/{rel}","templated":true}]}}