
{"id":1770,"date":"2021-07-07T21:13:35","date_gmt":"2021-07-07T19:13:35","guid":{"rendered":"https:\/\/ilovefruitandvegfromeurope.com\/pdo-pgi-and-organic-fruit-and-vegetables\/"},"modified":"2021-07-23T08:08:26","modified_gmt":"2021-07-23T06:08:26","slug":"pdo-pgi-og-okologisk-frukt-og-gront","status":"publish","type":"page","link":"https:\/\/ilovefruitandvegfromeurope.com\/no\/pdo-pgi-og-okologisk-frukt-og-gront\/","title":{"rendered":"PDO, PGI og \u00f8kologisk frukt og gr\u00f8nt"},"content":{"rendered":"\n<h2 class=\"wp-block-heading\"><strong>PDO og PGI: Hva betyr disse bokstavene egentlig?<\/strong><\/h2>\n\n\n\n<p><strong>PDO og PGI er EUs kvalitetsordninger<\/strong> og har som form\u00e5l \u00e5 beskytte navnene og egenskapene til spesifikke produkter.<\/p>\n\n\n\n<p>Ordningene bidrar videre til \u00e5 fremme <em>produktenes unike egenskaper knyttet til deres geografiske opprinnelse<\/em>, samtidig som at de bevarer tradisjoner i kunnskap og praksis.<\/p>\n\n\n\n<p>Produktnavn kan gis med en \u00ab<em>Geografisk Indikasjon (GI)<\/em> hvis de har en spesifikk kobling til stedet der de er produsert.<\/p>\n\n\n\n<figure class=\"wp-block-image size-full is-style-default\"><img decoding=\"async\" width=\"800\" height=\"520\" src=\"https:\/\/ilovefruitandvegfromeurope.com\/wp-content\/uploads\/2021\/07\/Hands-e1576080528844.jpg\" alt=\"PDO, PGI and Organic Fruit and Vegetable\" class=\"wp-image-228\" srcset=\"https:\/\/ilovefruitandvegfromeurope.com\/wp-content\/uploads\/2021\/07\/Hands-e1576080528844.jpg 800w, https:\/\/ilovefruitandvegfromeurope.com\/wp-content\/uploads\/2021\/07\/Hands-e1576080528844-300x195.jpg 300w, https:\/\/ilovefruitandvegfromeurope.com\/wp-content\/uploads\/2021\/07\/Hands-e1576080528844-768x499.jpg 768w\" sizes=\"(max-width: 800px) 100vw, 800px\" \/><\/figure>\n\n\n\n<p>GI-anerkjennelsen <em>gj\u00f8r at forbrukere kan stole p\u00e5 og skille ut kvalitetsprodukter<\/em>, samtidig som at den hjelper produsentene med \u00e5 markedsf\u00f8re produktene sine bedre og tydeligere.<\/p>\n\n\n\n<p>GI etablerer immaterielle rettigheter for de enkelte produktene, hvor kvalitetene er spesielt <em>tilknyttet produksjonsomr\u00e5det.<\/em><\/p>\n\n\n\n<h2 class=\"wp-block-heading\">Beskyttet opprinnelsesbetegnelse (PUD\/DOP)<\/h2>\n\n\n\n<p>For at et produkt skal merkes PUD\/DOP m\u00e5 det v\u00e6re sv\u00e6rt sterke koblinger til steder der produktene dyrkes og\/eller produseres. Hvert eneste steg av produksjonsprosessen \u2013 fra fr\u00f8 til vekst, til prosessering og forberedelsesprosess \u2013 m\u00e5 finne sted i den angitte regionen.<\/p>\n\n\n\n<h2 class=\"wp-block-heading\">Beskyttet geografisk betegnelse (PGI\/IGP)\u00a0<\/h2>\n\n\n\n<p><em>PGI understreker forholdet mellom produktet og en spesifikk geografisk region \u2013 <\/em>kjent for sin unike kvalitet, omd\u00f8mme eller andre spesielle egenskaper.<\/p>\n\n\n\n<p>For de fleste av produktene i denne kategorien har minst ett av produksjonsstadiene funnet sted i regionen.<\/p>\n\n\n\n<p>Det er totalt <strong>456 PUD\/PGI-registrerte produkter i EU-databasen eAmbrosia<\/strong> (inkludert 67 produkter fra land utenfor EU) i produktklassen 1.6 (frukt, gr\u00f8nnsaker og frokostblandinger fersk eller bearbeidet), og 118 av dem er fra Italia \u2013 det soleklart st\u00f8rste antallet fra et land (Spania har 62 og Frankrike 60).<\/p>\n\n\n\n<h2 class=\"wp-block-heading\"><strong>\u00d8kologisk produksjon av frukt og gr\u00f8nt<\/strong><\/h2>\n\n\n\n<p>\u00d8kologisk landbruk har som m\u00e5l \u00e5 produsere mat ved hjelp av kun <em>naturlige stoffer og virkemidler, uten noen form for kjemiske giftstoffer.<\/em><\/p>\n\n\n\n<p>\u00d8kologisk landbruk er ofte mindre skadelig for milj\u00f8et da det tilrettelegger for:<\/p>\n\n\n\n<ul class=\"wp-block-list\"><li>Ansvarlig bruk av energi og naturressurser.<\/li><li>Opprettholdelse av et biologisk mangfold.<\/li><li>Bevaring av regionale \u00f8kosystemer<\/li><li>Forbedring av jordfruktbarhet\u00a0<\/li><li>Vedlikehold av vannkvalitet.<\/li><\/ul>\n\n\n\n<p>EUs regelverk for <strong>\u00f8kologisk landbruk<\/strong> er utformet for \u00e5 gi en overordnet struktur for produksjon av \u00f8kologiske varer gjennom hele EU.<\/p>\n\n\n\n<p>P\u00e5 denne m\u00e5ten tilfredsstilles forbrukernes ettersp\u00f8rsel etter p\u00e5litelige \u00f8kologiske produkter, samtidig som at det tilrettelegger for en mer rettferdig markedsplass for produsenter, distribut\u00f8rer og markedsf\u00f8rere.<\/p>\n\n\n\n<h2 class=\"wp-block-heading\"><strong>\u00c5 bygge tillit til \u00f8kologisk landbruk<\/strong><\/h2>\n\n\n\n<p>For at b\u00f8ndene skal kunne dra nytte av \u00f8kologiske jordbruksmetoder, er det avgj\u00f8rende at forbrukerne stoler p\u00e5 at kravene for \u00f8kologisk produksjon f\u00f8lges.<\/p>\n\n\n\n<p>EU opprettholder derfor et strengt system for kontroll for \u00e5 garantere at alle \u00f8kologiske regler og forskrifter f\u00f8lges.<\/p>\n\n\n\n<p>Da \u00f8kologisk landbruk er en del av en st\u00f8rre leverand\u00f8rkjede som blant annet inneholder n\u00e6ringsmiddelindustri, distribusjon og detaljhandel, er disse ogs\u00e5 underlagt strenge kontroller og forskrifter.<\/p>\n\n\n\n<ul class=\"wp-block-list\"><li>Hvert EU-land er ansvarlig for \u00e5 utnevne et k<strong>ontrollorgan eller -myndighet for \u00e5 kontrollere de ulike akt\u00f8rene i den \u00f8kologiske n\u00e6ringskjeden<\/strong>. Produsenter, distribut\u00f8rer og markedsf\u00f8rere av \u00f8kologiske produkter m\u00e5 registrere seg hos sitt lokale kontrollorgan f\u00f8r de f\u00e5r lov til \u00e5 markedsf\u00f8re produktet som organisk.<\/li><li>Etter at akt\u00f8rene er kontrollert, blir de utdelt et sertifikat som bekrefter at produkt(ene) oppfyller kvalitetsstandarden.<\/li><li>Alle akt\u00f8rer kontrolleres <strong>minst \u00e9n gang i \u00e5ret <\/strong>for \u00e5 sikre at reglene f\u00f8lges.<\/li><li>Importert \u00f8kologisk mat er ogs\u00e5 underlagt de samme kontrollprosedyrene for \u00e5 sikre \u00f8kologisk produksjon og distribusjon.<\/li><\/ul>\n\n\n\n<h2 class=\"wp-block-heading\"><strong>Den \u00f8kologiske logoen<\/strong><\/h2>\n\n\n\n<p>Den \u00f8kologiske logoen gir en helhetlig <strong>visuell identitet<\/strong> til de EU-produserte, \u00f8kologiske produktene som selges i EU.<\/p>\n\n\n\n<p>Logoen gj\u00f8r det enklere for forbrukerne \u00e5 identifisere \u00f8kologiske produkter, og hjelper samtidig b\u00f8ndene med \u00e5 markedsf\u00f8re dem i EU.<\/p>\n\n\n\n<p>Den \u00f8kologiske logoen <em>kan kun benyttes p\u00e5 sertifiserte produkter som oppfyller strenge krav for produksjon, transport og lagring.<\/em><\/p>\n\n\n\n<div class=\"wp-block-image is-style-default\"><figure class=\"aligncenter\"><img decoding=\"async\" src=\"https:\/\/lh4.googleusercontent.com\/22nWnh6WtxzlYZ8X_IfblefbBcqcq2mtcI5DV8P6btJa8IaHsbwleJL39xp2cibUVlm0V0Yb5yqku6weZOhS9wX3XuFQs0GSn7eSxB5tEVO6sIUq23onFuQoaPiqXgzaclJwyaJQ2d3wborXtw\" alt=\"The organic logo\"\/><\/figure><\/div>\n\n\n\n<p>For \u00f8yeblikket brukes omtrent 8,5 prosent av EUs totale jordbruksareal til \u00f8kologisk landbruk.<\/p>\n\n\n\n<p>EU-kommisjonen har lagt fram en handlingsplan for videreutvikling av \u00f8kologisk landbruk.<\/p>\n\n\n\n<p>M\u00e5let er en \u00f8kning til 25 prosent og en tilsvarende \u00f8kning i produksjon og konsum av \u00f8kologiske produkter.<\/p>\n\n\n\n<p>\u00d8kologisk produksjon kommer med en rekke viktige fordeler: \u00d8kologiske felt har omtrent 30 prosent mer biologisk mangfold, \u00f8kologiske b\u00f8nder har h\u00f8yere inntekter og er mer motstandsdyktige mot \u00f8konomiske kriser, og forbrukerne vet n\u00f8yaktig hva de f\u00e5r n\u00e5r de kj\u00f8per produkter med EUs \u00f8kologiske logo.<\/p>\n\n\n\n<p>Handlingsplanen er i takt med \u00ab<em>European Green Deal\u00bb og \u00abFarm to Fork\u00bb og \u00abBiodiversity Strategies\u00bb<\/em>.<\/p>\n\n\n\n<p>Frukt og gr\u00f8nt har alltid v\u00e6rt favorittkategorien til forbrukere som interesserer seg for <em>\u00f8kologisk produksjon<\/em>.<\/p>\n","protected":false},"excerpt":{"rendered":"<p>PDO og PGI: Hva betyr disse bokstavene egentlig? PDO og PGI er EUs kvalitetsordninger og har som form\u00e5l \u00e5 beskytte navnene og egenskapene til spesifikke produkter. Ordningene bidrar videre til \u00e5 fremme produktenes unike egenskaper knyttet til deres geografiske opprinnelse, samtidig som at de bevarer tradisjoner i kunnskap og praksis. Produktnavn kan gis med en<\/p>\n","protected":false},"author":2,"featured_media":1772,"parent":0,"menu_order":0,"comment_status":"closed","ping_status":"closed","template":"","meta":{"_acf_changed":false,"footnotes":""},"class_list":["post-1770","page","type-page","status-publish","has-post-thumbnail","hentry"],"acf":[],"yoast_head":"<!-- This site is optimized with the Yoast SEO plugin v24.1 - https:\/\/yoast.com\/wordpress\/plugins\/seo\/ -->\n<title>PDO, PGI og \u00f8kologisk frukt og gr\u00f8nt. Finn ut mer n\u00e5!<\/title>\n<meta name=\"description\" content=\"PDO, PGI og \u00f8kologisk frukt og gr\u00f8nt : GI-anerkjennelsen gj\u00f8r det mulig for forbrukerne \u00e5 stole p\u00e5 og skille kvalitetsprodukter.\" \/>\n<meta name=\"robots\" content=\"index, follow, max-snippet:-1, max-image-preview:large, max-video-preview:-1\" \/>\n<link rel=\"canonical\" href=\"https:\/\/ilovefruitandvegfromeurope.com\/no\/pdo-pgi-og-okologisk-frukt-og-gront\/\" \/>\n<meta property=\"og:locale\" content=\"nb_NO\" \/>\n<meta property=\"og:type\" content=\"article\" \/>\n<meta property=\"og:title\" content=\"PDO, PGI og \u00f8kologisk frukt og gr\u00f8nt. Finn ut mer n\u00e5!\" \/>\n<meta property=\"og:description\" content=\"PDO, PGI og \u00f8kologisk frukt og gr\u00f8nt : GI-anerkjennelsen gj\u00f8r det mulig for forbrukerne \u00e5 stole p\u00e5 og skille kvalitetsprodukter.\" \/>\n<meta property=\"og:url\" content=\"https:\/\/ilovefruitandvegfromeurope.com\/no\/pdo-pgi-og-okologisk-frukt-og-gront\/\" \/>\n<meta property=\"og:site_name\" content=\"I Love Fruit And Veg From Europe\" \/>\n<meta property=\"article:modified_time\" content=\"2021-07-23T06:08:26+00:00\" \/>\n<meta property=\"og:image\" content=\"https:\/\/ilovefruitandvegfromeurope.com\/wp-content\/uploads\/2021\/07\/My-Post-14.png\" \/>\n\t<meta property=\"og:image:width\" content=\"1200\" \/>\n\t<meta property=\"og:image:height\" content=\"670\" \/>\n\t<meta property=\"og:image:type\" content=\"image\/png\" \/>\n<meta name=\"twitter:card\" content=\"summary_large_image\" \/>\n<meta name=\"twitter:label1\" content=\"Ansl. lesetid\" \/>\n\t<meta name=\"twitter:data1\" content=\"4 minutter\" \/>\n<script type=\"application\/ld+json\" class=\"yoast-schema-graph\">{\"@context\":\"https:\/\/schema.org\",\"@graph\":[{\"@type\":\"WebPage\",\"@id\":\"https:\/\/ilovefruitandvegfromeurope.com\/no\/pdo-pgi-og-okologisk-frukt-og-gront\/\",\"url\":\"https:\/\/ilovefruitandvegfromeurope.com\/no\/pdo-pgi-og-okologisk-frukt-og-gront\/\",\"name\":\"PDO, PGI og \u00f8kologisk frukt og gr\u00f8nt. Finn ut mer n\u00e5!\",\"isPartOf\":{\"@id\":\"https:\/\/ilovefruitandvegfromeurope.com\/no\/#website\"},\"primaryImageOfPage\":{\"@id\":\"https:\/\/ilovefruitandvegfromeurope.com\/no\/pdo-pgi-og-okologisk-frukt-og-gront\/#primaryimage\"},\"image\":{\"@id\":\"https:\/\/ilovefruitandvegfromeurope.com\/no\/pdo-pgi-og-okologisk-frukt-og-gront\/#primaryimage\"},\"thumbnailUrl\":\"https:\/\/ilovefruitandvegfromeurope.com\/wp-content\/uploads\/2021\/07\/My-Post-14.png\",\"datePublished\":\"2021-07-07T19:13:35+00:00\",\"dateModified\":\"2021-07-23T06:08:26+00:00\",\"description\":\"PDO, PGI og \u00f8kologisk frukt og gr\u00f8nt : GI-anerkjennelsen gj\u00f8r det mulig for forbrukerne \u00e5 stole p\u00e5 og skille kvalitetsprodukter.\",\"breadcrumb\":{\"@id\":\"https:\/\/ilovefruitandvegfromeurope.com\/no\/pdo-pgi-og-okologisk-frukt-og-gront\/#breadcrumb\"},\"inLanguage\":\"nb-NO\",\"potentialAction\":[{\"@type\":\"ReadAction\",\"target\":[\"https:\/\/ilovefruitandvegfromeurope.com\/no\/pdo-pgi-og-okologisk-frukt-og-gront\/\"]}]},{\"@type\":\"ImageObject\",\"inLanguage\":\"nb-NO\",\"@id\":\"https:\/\/ilovefruitandvegfromeurope.com\/no\/pdo-pgi-og-okologisk-frukt-og-gront\/#primaryimage\",\"url\":\"https:\/\/ilovefruitandvegfromeurope.com\/wp-content\/uploads\/2021\/07\/My-Post-14.png\",\"contentUrl\":\"https:\/\/ilovefruitandvegfromeurope.com\/wp-content\/uploads\/2021\/07\/My-Post-14.png\",\"width\":1200,\"height\":670},{\"@type\":\"BreadcrumbList\",\"@id\":\"https:\/\/ilovefruitandvegfromeurope.com\/no\/pdo-pgi-og-okologisk-frukt-og-gront\/#breadcrumb\",\"itemListElement\":[{\"@type\":\"ListItem\",\"position\":1,\"name\":\"Home\",\"item\":\"https:\/\/ilovefruitandvegfromeurope.com\/no\/\"},{\"@type\":\"ListItem\",\"position\":2,\"name\":\"PDO, PGI og \u00f8kologisk frukt og gr\u00f8nt\"}]},{\"@type\":\"WebSite\",\"@id\":\"https:\/\/ilovefruitandvegfromeurope.com\/no\/#website\",\"url\":\"https:\/\/ilovefruitandvegfromeurope.com\/no\/\",\"name\":\"I Love Fruit And Veg From Europe\",\"description\":\"I Love Fruit And Veg From Europe: I Choose Fresh And Fair\",\"publisher\":{\"@id\":\"https:\/\/ilovefruitandvegfromeurope.com\/no\/#organization\"},\"potentialAction\":[{\"@type\":\"SearchAction\",\"target\":{\"@type\":\"EntryPoint\",\"urlTemplate\":\"https:\/\/ilovefruitandvegfromeurope.com\/no\/?s={search_term_string}\"},\"query-input\":{\"@type\":\"PropertyValueSpecification\",\"valueRequired\":true,\"valueName\":\"search_term_string\"}}],\"inLanguage\":\"nb-NO\"},{\"@type\":\"Organization\",\"@id\":\"https:\/\/ilovefruitandvegfromeurope.com\/no\/#organization\",\"name\":\"I Love Fruit And Veg From Europe\",\"url\":\"https:\/\/ilovefruitandvegfromeurope.com\/no\/\",\"logo\":{\"@type\":\"ImageObject\",\"inLanguage\":\"nb-NO\",\"@id\":\"https:\/\/ilovefruitandvegfromeurope.com\/no\/#\/schema\/logo\/image\/\",\"url\":\"https:\/\/ilovefruitandvegfromeurope.com\/wp-content\/uploads\/2021\/07\/logo.png\",\"contentUrl\":\"https:\/\/ilovefruitandvegfromeurope.com\/wp-content\/uploads\/2021\/07\/logo.png\",\"width\":248,\"height\":62,\"caption\":\"I Love Fruit And Veg From Europe\"},\"image\":{\"@id\":\"https:\/\/ilovefruitandvegfromeurope.com\/no\/#\/schema\/logo\/image\/\"}}]}<\/script>\n<!-- \/ Yoast SEO plugin. -->","yoast_head_json":{"title":"PDO, PGI og \u00f8kologisk frukt og gr\u00f8nt. Finn ut mer n\u00e5!","description":"PDO, PGI og \u00f8kologisk frukt og gr\u00f8nt : GI-anerkjennelsen gj\u00f8r det mulig for forbrukerne \u00e5 stole p\u00e5 og skille kvalitetsprodukter.","robots":{"index":"index","follow":"follow","max-snippet":"max-snippet:-1","max-image-preview":"max-image-preview:large","max-video-preview":"max-video-preview:-1"},"canonical":"https:\/\/ilovefruitandvegfromeurope.com\/no\/pdo-pgi-og-okologisk-frukt-og-gront\/","og_locale":"nb_NO","og_type":"article","og_title":"PDO, PGI og \u00f8kologisk frukt og gr\u00f8nt. Finn ut mer n\u00e5!","og_description":"PDO, PGI og \u00f8kologisk frukt og gr\u00f8nt : GI-anerkjennelsen gj\u00f8r det mulig for forbrukerne \u00e5 stole p\u00e5 og skille kvalitetsprodukter.","og_url":"https:\/\/ilovefruitandvegfromeurope.com\/no\/pdo-pgi-og-okologisk-frukt-og-gront\/","og_site_name":"I Love Fruit And Veg From Europe","article_modified_time":"2021-07-23T06:08:26+00:00","og_image":[{"width":1200,"height":670,"url":"https:\/\/ilovefruitandvegfromeurope.com\/wp-content\/uploads\/2021\/07\/My-Post-14.png","type":"image\/png"}],"twitter_card":"summary_large_image","twitter_misc":{"Ansl. lesetid":"4 minutter"},"schema":{"@context":"https:\/\/schema.org","@graph":[{"@type":"WebPage","@id":"https:\/\/ilovefruitandvegfromeurope.com\/no\/pdo-pgi-og-okologisk-frukt-og-gront\/","url":"https:\/\/ilovefruitandvegfromeurope.com\/no\/pdo-pgi-og-okologisk-frukt-og-gront\/","name":"PDO, PGI og \u00f8kologisk frukt og gr\u00f8nt. Finn ut mer n\u00e5!","isPartOf":{"@id":"https:\/\/ilovefruitandvegfromeurope.com\/no\/#website"},"primaryImageOfPage":{"@id":"https:\/\/ilovefruitandvegfromeurope.com\/no\/pdo-pgi-og-okologisk-frukt-og-gront\/#primaryimage"},"image":{"@id":"https:\/\/ilovefruitandvegfromeurope.com\/no\/pdo-pgi-og-okologisk-frukt-og-gront\/#primaryimage"},"thumbnailUrl":"https:\/\/ilovefruitandvegfromeurope.com\/wp-content\/uploads\/2021\/07\/My-Post-14.png","datePublished":"2021-07-07T19:13:35+00:00","dateModified":"2021-07-23T06:08:26+00:00","description":"PDO, PGI og \u00f8kologisk frukt og gr\u00f8nt : GI-anerkjennelsen gj\u00f8r det mulig for forbrukerne \u00e5 stole p\u00e5 og skille kvalitetsprodukter.","breadcrumb":{"@id":"https:\/\/ilovefruitandvegfromeurope.com\/no\/pdo-pgi-og-okologisk-frukt-og-gront\/#breadcrumb"},"inLanguage":"nb-NO","potentialAction":[{"@type":"ReadAction","target":["https:\/\/ilovefruitandvegfromeurope.com\/no\/pdo-pgi-og-okologisk-frukt-og-gront\/"]}]},{"@type":"ImageObject","inLanguage":"nb-NO","@id":"https:\/\/ilovefruitandvegfromeurope.com\/no\/pdo-pgi-og-okologisk-frukt-og-gront\/#primaryimage","url":"https:\/\/ilovefruitandvegfromeurope.com\/wp-content\/uploads\/2021\/07\/My-Post-14.png","contentUrl":"https:\/\/ilovefruitandvegfromeurope.com\/wp-content\/uploads\/2021\/07\/My-Post-14.png","width":1200,"height":670},{"@type":"BreadcrumbList","@id":"https:\/\/ilovefruitandvegfromeurope.com\/no\/pdo-pgi-og-okologisk-frukt-og-gront\/#breadcrumb","itemListElement":[{"@type":"ListItem","position":1,"name":"Home","item":"https:\/\/ilovefruitandvegfromeurope.com\/no\/"},{"@type":"ListItem","position":2,"name":"PDO, PGI og \u00f8kologisk frukt og gr\u00f8nt"}]},{"@type":"WebSite","@id":"https:\/\/ilovefruitandvegfromeurope.com\/no\/#website","url":"https:\/\/ilovefruitandvegfromeurope.com\/no\/","name":"I Love Fruit And Veg From Europe","description":"I Love Fruit And Veg From Europe: I Choose Fresh And Fair","publisher":{"@id":"https:\/\/ilovefruitandvegfromeurope.com\/no\/#organization"},"potentialAction":[{"@type":"SearchAction","target":{"@type":"EntryPoint","urlTemplate":"https:\/\/ilovefruitandvegfromeurope.com\/no\/?s={search_term_string}"},"query-input":{"@type":"PropertyValueSpecification","valueRequired":true,"valueName":"search_term_string"}}],"inLanguage":"nb-NO"},{"@type":"Organization","@id":"https:\/\/ilovefruitandvegfromeurope.com\/no\/#organization","name":"I Love Fruit And Veg From Europe","url":"https:\/\/ilovefruitandvegfromeurope.com\/no\/","logo":{"@type":"ImageObject","inLanguage":"nb-NO","@id":"https:\/\/ilovefruitandvegfromeurope.com\/no\/#\/schema\/logo\/image\/","url":"https:\/\/ilovefruitandvegfromeurope.com\/wp-content\/uploads\/2021\/07\/logo.png","contentUrl":"https:\/\/ilovefruitandvegfromeurope.com\/wp-content\/uploads\/2021\/07\/logo.png","width":248,"height":62,"caption":"I Love Fruit And Veg From Europe"},"image":{"@id":"https:\/\/ilovefruitandvegfromeurope.com\/no\/#\/schema\/logo\/image\/"}}]}},"_links":{"self":[{"href":"https:\/\/ilovefruitandvegfromeurope.com\/no\/wp-json\/wp\/v2\/pages\/1770","targetHints":{"allow":["GET"]}}],"collection":[{"href":"https:\/\/ilovefruitandvegfromeurope.com\/no\/wp-json\/wp\/v2\/pages"}],"about":[{"href":"https:\/\/ilovefruitandvegfromeurope.com\/no\/wp-json\/wp\/v2\/types\/page"}],"author":[{"embeddable":true,"href":"https:\/\/ilovefruitandvegfromeurope.com\/no\/wp-json\/wp\/v2\/users\/2"}],"replies":[{"embeddable":true,"href":"https:\/\/ilovefruitandvegfromeurope.com\/no\/wp-json\/wp\/v2\/comments?post=1770"}],"version-history":[{"count":1,"href":"https:\/\/ilovefruitandvegfromeurope.com\/no\/wp-json\/wp\/v2\/pages\/1770\/revisions"}],"predecessor-version":[{"id":1774,"href":"https:\/\/ilovefruitandvegfromeurope.com\/no\/wp-json\/wp\/v2\/pages\/1770\/revisions\/1774"}],"wp:featuredmedia":[{"embeddable":true,"href":"https:\/\/ilovefruitandvegfromeurope.com\/no\/wp-json\/wp\/v2\/media\/1772"}],"wp:attachment":[{"href":"https:\/\/ilovefruitandvegfromeurope.com\/no\/wp-json\/wp\/v2\/media?parent=1770"}],"curies":[{"name":"wp","href":"https:\/\/api.w.org\/{rel}","templated":true}]}}