
{"id":2503,"date":"2021-07-27T17:37:21","date_gmt":"2021-07-27T15:37:21","guid":{"rendered":"https:\/\/ilovefruitandvegfromeurope.com\/contacts\/"},"modified":"2024-11-27T17:36:07","modified_gmt":"2024-11-27T16:36:07","slug":"hovedkontakter","status":"publish","type":"page","link":"https:\/\/ilovefruitandvegfromeurope.com\/no\/hovedkontakter\/","title":{"rendered":"Hovedkontakter"},"content":{"rendered":"\n<p><strong>I LOVE FRUIT &amp; VEG FROM EUROPE<\/strong>-prosjektet er designet for \u00e5 fremme og oppmuntre til kj\u00f8p og forbruk av europeiske frukt- og gr\u00f8nnsaksprodukter, nemlig fersk frukt og gr\u00f8nnsaker og \u00f8kologiske, PGI- og BOB-kvalitetsmerkede produkter.<br><br><br><br><\/p>\n\n\n\n<p><\/p>\n\n\n\n<h3 class=\"wp-block-heading has-text-align-center\">FRESHNESS &#8211; SUSTAINABILITY &#8211; QUALITY<br><br><br><\/h3>\n\n\n\n<div class=\"wp-block-columns is-layout-flex wp-container-core-columns-is-layout-1 wp-block-columns-is-layout-flex\">\n<div class=\"wp-block-column is-layout-flow wp-block-column-is-layout-flow\">\n<figure class=\"wp-block-image size-large is-resized\"><img decoding=\"async\" width=\"969\" height=\"1024\" src=\"https:\/\/ilovefruitandvegfromeurope.com\/wp-content\/uploads\/2021\/07\/logo-1-969x1024.png\" alt=\"\" class=\"wp-image-2296\" style=\"width:392px;height:416px\" srcset=\"https:\/\/ilovefruitandvegfromeurope.com\/wp-content\/uploads\/2021\/07\/logo-1-969x1024.png 969w, https:\/\/ilovefruitandvegfromeurope.com\/wp-content\/uploads\/2021\/07\/logo-1-284x300.png 284w, https:\/\/ilovefruitandvegfromeurope.com\/wp-content\/uploads\/2021\/07\/logo-1-768x812.png 768w, https:\/\/ilovefruitandvegfromeurope.com\/wp-content\/uploads\/2021\/07\/logo-1.png 1104w\" sizes=\"(max-width: 969px) 100vw, 969px\" \/><\/figure>\n<\/div>\n\n\n\n<div class=\"wp-block-column is-layout-flow wp-block-column-is-layout-flow\">\n<h3 class=\"wp-block-heading\">Hovedkontakter<\/h3>\n\n\n\n<p><strong>Email:<\/strong> info@ilovefruitandvegfromeurope.com<br><\/p>\n\n\n\n<h3 class=\"wp-block-heading\">Ta kontakt med oss<\/h3>\n\n\n\n<p>Vi tar gjerne imot kommentarer og forslag for \u00e5 forbedre tjenesten v\u00e5r, svare p\u00e5 sp\u00f8rsm\u00e5lene dine og gi deg ytterligere informasjon om kampanjen v\u00e5r og produktene vi markedsf\u00f8rer.<\/p>\n\n\n\n<div class=\"wp-block-contact-form-7-contact-form-selector\">\n<div class=\"wpcf7 no-js\" id=\"wpcf7-f42157-o1\" lang=\"nb-NO\" dir=\"ltr\" data-wpcf7-id=\"42157\">\n<div class=\"screen-reader-response\"><p role=\"status\" aria-live=\"polite\" aria-atomic=\"true\"><\/p> <ul><\/ul><\/div>\n<form action=\"\/no\/wp-json\/wp\/v2\/pages\/2503#wpcf7-f42157-o1\" method=\"post\" class=\"wpcf7-form init\" aria-label=\"Kontaktskjema\" novalidate=\"novalidate\" data-status=\"init\">\n<div style=\"display: none;\">\n<input type=\"hidden\" name=\"_wpcf7\" value=\"42157\" \/>\n<input type=\"hidden\" name=\"_wpcf7_version\" value=\"6.0.1\" \/>\n<input type=\"hidden\" name=\"_wpcf7_locale\" value=\"nb_NO\" \/>\n<input type=\"hidden\" name=\"_wpcf7_unit_tag\" value=\"wpcf7-f42157-o1\" \/>\n<input type=\"hidden\" name=\"_wpcf7_container_post\" value=\"0\" \/>\n<input type=\"hidden\" name=\"_wpcf7_posted_data_hash\" value=\"\" \/>\n<\/div>\n<div class=\"row\">\n\t<div class=\"col-lg-6 mb-3\">\n\t\t<p><label for=\"fullname\">Navn<\/label><br \/>\n<span class=\"wpcf7-form-control-wrap\" data-name=\"fullname\"><input size=\"40\" maxlength=\"400\" class=\"wpcf7-form-control wpcf7-text wpcf7-validates-as-required form-control mb-0\" id=\"fullname\" aria-required=\"true\" aria-invalid=\"false\" value=\"\" type=\"text\" name=\"fullname\" \/><\/span>\n\t\t<\/p>\n\t<\/div>\n\t<div class=\"col-lg-6 mb-3\">\n\t\t<p><label for=\"email\">E-post<\/label><br \/>\n<span class=\"wpcf7-form-control-wrap\" data-name=\"email\"><input size=\"40\" maxlength=\"400\" class=\"wpcf7-form-control wpcf7-email wpcf7-validates-as-required wpcf7-text wpcf7-validates-as-email form-control mb-0\" id=\"email\" aria-required=\"true\" aria-invalid=\"false\" value=\"\" type=\"email\" name=\"email\" \/><\/span><span id=\"wpcf7-69e0daf9d81b3-wrapper\" class=\"wpcf7-form-control-wrap repeat-email-wrap\" ><input type=\"hidden\" name=\"repeat-email-time-start\" value=\"1776343801\"><input type=\"hidden\" name=\"repeat-email-time-check\" value=\"5\"><input id=\"wpcf7-69e0daf9d81b3-field\"  class=\"wpcf7-form-control wpcf7-text\" type=\"text\" name=\"repeat-email\" value=\"\" size=\"40\" tabindex=\"-1\" autocomplete=\"new-password\" \/><\/span>\n\t\t<\/p>\n\t<\/div>\n\t<div class=\"col-12 mb-3\">\n\t\t<p><label for=\"message\">Beskjed<\/label><br \/>\n<span class=\"wpcf7-form-control-wrap\" data-name=\"message\"><textarea cols=\"40\" rows=\"10\" maxlength=\"2000\" class=\"wpcf7-form-control wpcf7-textarea wpcf7-validates-as-required form-control mb-0\" id=\"message\" aria-required=\"true\" aria-invalid=\"false\" name=\"message\"><\/textarea><\/span>\n\t\t<\/p>\n\t<\/div>\n\t<div class=\"col-lg-12 mb-3\">\n\t\t<p><input class=\"wpcf7-form-control wpcf7-submit has-spinner btn btn-outline btn-primary\" id=\"contact\" type=\"submit\" value=\"Sende\" \/>\n\t\t<\/p>\n\t<\/div>\n<\/div><div class=\"wpcf7-response-output\" aria-hidden=\"true\"><\/div>\n<\/form>\n<\/div>\n<\/div>\n<\/div>\n<\/div>\n","protected":false},"excerpt":{"rendered":"<p>I LOVE FRUIT &amp; VEG FROM EUROPE-prosjektet er designet for \u00e5 fremme og oppmuntre til kj\u00f8p og forbruk av europeiske frukt- og gr\u00f8nnsaksprodukter, nemlig fersk frukt og gr\u00f8nnsaker og \u00f8kologiske, PGI- og BOB-kvalitetsmerkede produkter. FRESHNESS &#8211; SUSTAINABILITY &#8211; QUALITY Hovedkontakter Email: info@ilovefruitandvegfromeurope.com Ta kontakt med oss Vi tar gjerne imot kommentarer og forslag for \u00e5<\/p>\n","protected":false},"author":1,"featured_media":2260,"parent":0,"menu_order":0,"comment_status":"closed","ping_status":"closed","template":"","meta":{"_acf_changed":false,"footnotes":""},"class_list":["post-2503","page","type-page","status-publish","has-post-thumbnail","hentry"],"acf":[],"yoast_head":"<!-- This site is optimized with the Yoast SEO plugin v24.1 - https:\/\/yoast.com\/wordpress\/plugins\/seo\/ -->\n<title>Hovedkontakter<\/title>\n<meta name=\"robots\" content=\"index, follow, max-snippet:-1, max-image-preview:large, max-video-preview:-1\" \/>\n<link rel=\"canonical\" href=\"https:\/\/ilovefruitandvegfromeurope.com\/no\/hovedkontakter\/\" \/>\n<meta property=\"og:locale\" content=\"nb_NO\" \/>\n<meta property=\"og:type\" content=\"article\" \/>\n<meta property=\"og:title\" content=\"Hovedkontakter\" \/>\n<meta property=\"og:description\" content=\"I LOVE FRUIT &amp; VEG FROM EUROPE-prosjektet er designet for \u00e5 fremme og oppmuntre til kj\u00f8p og forbruk av europeiske frukt- og gr\u00f8nnsaksprodukter, nemlig fersk frukt og gr\u00f8nnsaker og \u00f8kologiske, PGI- og BOB-kvalitetsmerkede produkter. FRESHNESS &#8211; SUSTAINABILITY &#8211; QUALITY Hovedkontakter Email: info@ilovefruitandvegfromeurope.com Ta kontakt med oss Vi tar gjerne imot kommentarer og forslag for \u00e5\" \/>\n<meta property=\"og:url\" content=\"https:\/\/ilovefruitandvegfromeurope.com\/no\/hovedkontakter\/\" \/>\n<meta property=\"og:site_name\" content=\"I Love Fruit And Veg From Europe\" \/>\n<meta property=\"article:modified_time\" content=\"2024-11-27T16:36:07+00:00\" \/>\n<meta property=\"og:image\" content=\"https:\/\/ilovefruitandvegfromeurope.com\/wp-content\/uploads\/2021\/07\/Progetto-senza-titolo.png\" \/>\n\t<meta property=\"og:image:width\" content=\"1200\" \/>\n\t<meta property=\"og:image:height\" content=\"670\" \/>\n\t<meta property=\"og:image:type\" content=\"image\/png\" \/>\n<meta name=\"twitter:card\" content=\"summary_large_image\" \/>\n<meta name=\"twitter:label1\" content=\"Ansl. lesetid\" \/>\n\t<meta name=\"twitter:data1\" content=\"3 minutter\" \/>\n<script type=\"application\/ld+json\" class=\"yoast-schema-graph\">{\"@context\":\"https:\/\/schema.org\",\"@graph\":[{\"@type\":\"WebPage\",\"@id\":\"https:\/\/ilovefruitandvegfromeurope.com\/no\/hovedkontakter\/\",\"url\":\"https:\/\/ilovefruitandvegfromeurope.com\/no\/hovedkontakter\/\",\"name\":\"Hovedkontakter\",\"isPartOf\":{\"@id\":\"https:\/\/ilovefruitandvegfromeurope.com\/no\/#website\"},\"primaryImageOfPage\":{\"@id\":\"https:\/\/ilovefruitandvegfromeurope.com\/no\/hovedkontakter\/#primaryimage\"},\"image\":{\"@id\":\"https:\/\/ilovefruitandvegfromeurope.com\/no\/hovedkontakter\/#primaryimage\"},\"thumbnailUrl\":\"https:\/\/ilovefruitandvegfromeurope.com\/wp-content\/uploads\/2021\/07\/Progetto-senza-titolo.png\",\"datePublished\":\"2021-07-27T15:37:21+00:00\",\"dateModified\":\"2024-11-27T16:36:07+00:00\",\"breadcrumb\":{\"@id\":\"https:\/\/ilovefruitandvegfromeurope.com\/no\/hovedkontakter\/#breadcrumb\"},\"inLanguage\":\"nb-NO\",\"potentialAction\":[{\"@type\":\"ReadAction\",\"target\":[\"https:\/\/ilovefruitandvegfromeurope.com\/no\/hovedkontakter\/\"]}]},{\"@type\":\"ImageObject\",\"inLanguage\":\"nb-NO\",\"@id\":\"https:\/\/ilovefruitandvegfromeurope.com\/no\/hovedkontakter\/#primaryimage\",\"url\":\"https:\/\/ilovefruitandvegfromeurope.com\/wp-content\/uploads\/2021\/07\/Progetto-senza-titolo.png\",\"contentUrl\":\"https:\/\/ilovefruitandvegfromeurope.com\/wp-content\/uploads\/2021\/07\/Progetto-senza-titolo.png\",\"width\":1200,\"height\":670},{\"@type\":\"BreadcrumbList\",\"@id\":\"https:\/\/ilovefruitandvegfromeurope.com\/no\/hovedkontakter\/#breadcrumb\",\"itemListElement\":[{\"@type\":\"ListItem\",\"position\":1,\"name\":\"Home\",\"item\":\"https:\/\/ilovefruitandvegfromeurope.com\/no\/\"},{\"@type\":\"ListItem\",\"position\":2,\"name\":\"Hovedkontakter\"}]},{\"@type\":\"WebSite\",\"@id\":\"https:\/\/ilovefruitandvegfromeurope.com\/no\/#website\",\"url\":\"https:\/\/ilovefruitandvegfromeurope.com\/no\/\",\"name\":\"I Love Fruit And Veg From Europe\",\"description\":\"I Love Fruit And Veg From Europe: I Choose Fresh And Fair\",\"publisher\":{\"@id\":\"https:\/\/ilovefruitandvegfromeurope.com\/no\/#organization\"},\"potentialAction\":[{\"@type\":\"SearchAction\",\"target\":{\"@type\":\"EntryPoint\",\"urlTemplate\":\"https:\/\/ilovefruitandvegfromeurope.com\/no\/?s={search_term_string}\"},\"query-input\":{\"@type\":\"PropertyValueSpecification\",\"valueRequired\":true,\"valueName\":\"search_term_string\"}}],\"inLanguage\":\"nb-NO\"},{\"@type\":\"Organization\",\"@id\":\"https:\/\/ilovefruitandvegfromeurope.com\/no\/#organization\",\"name\":\"I Love Fruit And Veg From Europe\",\"url\":\"https:\/\/ilovefruitandvegfromeurope.com\/no\/\",\"logo\":{\"@type\":\"ImageObject\",\"inLanguage\":\"nb-NO\",\"@id\":\"https:\/\/ilovefruitandvegfromeurope.com\/no\/#\/schema\/logo\/image\/\",\"url\":\"https:\/\/ilovefruitandvegfromeurope.com\/wp-content\/uploads\/2021\/07\/logo.png\",\"contentUrl\":\"https:\/\/ilovefruitandvegfromeurope.com\/wp-content\/uploads\/2021\/07\/logo.png\",\"width\":248,\"height\":62,\"caption\":\"I Love Fruit And Veg From Europe\"},\"image\":{\"@id\":\"https:\/\/ilovefruitandvegfromeurope.com\/no\/#\/schema\/logo\/image\/\"}}]}<\/script>\n<!-- \/ Yoast SEO plugin. -->","yoast_head_json":{"title":"Hovedkontakter","robots":{"index":"index","follow":"follow","max-snippet":"max-snippet:-1","max-image-preview":"max-image-preview:large","max-video-preview":"max-video-preview:-1"},"canonical":"https:\/\/ilovefruitandvegfromeurope.com\/no\/hovedkontakter\/","og_locale":"nb_NO","og_type":"article","og_title":"Hovedkontakter","og_description":"I LOVE FRUIT &amp; VEG FROM EUROPE-prosjektet er designet for \u00e5 fremme og oppmuntre til kj\u00f8p og forbruk av europeiske frukt- og gr\u00f8nnsaksprodukter, nemlig fersk frukt og gr\u00f8nnsaker og \u00f8kologiske, PGI- og BOB-kvalitetsmerkede produkter. FRESHNESS &#8211; SUSTAINABILITY &#8211; QUALITY Hovedkontakter Email: info@ilovefruitandvegfromeurope.com Ta kontakt med oss Vi tar gjerne imot kommentarer og forslag for \u00e5","og_url":"https:\/\/ilovefruitandvegfromeurope.com\/no\/hovedkontakter\/","og_site_name":"I Love Fruit And Veg From Europe","article_modified_time":"2024-11-27T16:36:07+00:00","og_image":[{"width":1200,"height":670,"url":"https:\/\/ilovefruitandvegfromeurope.com\/wp-content\/uploads\/2021\/07\/Progetto-senza-titolo.png","type":"image\/png"}],"twitter_card":"summary_large_image","twitter_misc":{"Ansl. lesetid":"3 minutter"},"schema":{"@context":"https:\/\/schema.org","@graph":[{"@type":"WebPage","@id":"https:\/\/ilovefruitandvegfromeurope.com\/no\/hovedkontakter\/","url":"https:\/\/ilovefruitandvegfromeurope.com\/no\/hovedkontakter\/","name":"Hovedkontakter","isPartOf":{"@id":"https:\/\/ilovefruitandvegfromeurope.com\/no\/#website"},"primaryImageOfPage":{"@id":"https:\/\/ilovefruitandvegfromeurope.com\/no\/hovedkontakter\/#primaryimage"},"image":{"@id":"https:\/\/ilovefruitandvegfromeurope.com\/no\/hovedkontakter\/#primaryimage"},"thumbnailUrl":"https:\/\/ilovefruitandvegfromeurope.com\/wp-content\/uploads\/2021\/07\/Progetto-senza-titolo.png","datePublished":"2021-07-27T15:37:21+00:00","dateModified":"2024-11-27T16:36:07+00:00","breadcrumb":{"@id":"https:\/\/ilovefruitandvegfromeurope.com\/no\/hovedkontakter\/#breadcrumb"},"inLanguage":"nb-NO","potentialAction":[{"@type":"ReadAction","target":["https:\/\/ilovefruitandvegfromeurope.com\/no\/hovedkontakter\/"]}]},{"@type":"ImageObject","inLanguage":"nb-NO","@id":"https:\/\/ilovefruitandvegfromeurope.com\/no\/hovedkontakter\/#primaryimage","url":"https:\/\/ilovefruitandvegfromeurope.com\/wp-content\/uploads\/2021\/07\/Progetto-senza-titolo.png","contentUrl":"https:\/\/ilovefruitandvegfromeurope.com\/wp-content\/uploads\/2021\/07\/Progetto-senza-titolo.png","width":1200,"height":670},{"@type":"BreadcrumbList","@id":"https:\/\/ilovefruitandvegfromeurope.com\/no\/hovedkontakter\/#breadcrumb","itemListElement":[{"@type":"ListItem","position":1,"name":"Home","item":"https:\/\/ilovefruitandvegfromeurope.com\/no\/"},{"@type":"ListItem","position":2,"name":"Hovedkontakter"}]},{"@type":"WebSite","@id":"https:\/\/ilovefruitandvegfromeurope.com\/no\/#website","url":"https:\/\/ilovefruitandvegfromeurope.com\/no\/","name":"I Love Fruit And Veg From Europe","description":"I Love Fruit And Veg From Europe: I Choose Fresh And Fair","publisher":{"@id":"https:\/\/ilovefruitandvegfromeurope.com\/no\/#organization"},"potentialAction":[{"@type":"SearchAction","target":{"@type":"EntryPoint","urlTemplate":"https:\/\/ilovefruitandvegfromeurope.com\/no\/?s={search_term_string}"},"query-input":{"@type":"PropertyValueSpecification","valueRequired":true,"valueName":"search_term_string"}}],"inLanguage":"nb-NO"},{"@type":"Organization","@id":"https:\/\/ilovefruitandvegfromeurope.com\/no\/#organization","name":"I Love Fruit And Veg From Europe","url":"https:\/\/ilovefruitandvegfromeurope.com\/no\/","logo":{"@type":"ImageObject","inLanguage":"nb-NO","@id":"https:\/\/ilovefruitandvegfromeurope.com\/no\/#\/schema\/logo\/image\/","url":"https:\/\/ilovefruitandvegfromeurope.com\/wp-content\/uploads\/2021\/07\/logo.png","contentUrl":"https:\/\/ilovefruitandvegfromeurope.com\/wp-content\/uploads\/2021\/07\/logo.png","width":248,"height":62,"caption":"I Love Fruit And Veg From Europe"},"image":{"@id":"https:\/\/ilovefruitandvegfromeurope.com\/no\/#\/schema\/logo\/image\/"}}]}},"_links":{"self":[{"href":"https:\/\/ilovefruitandvegfromeurope.com\/no\/wp-json\/wp\/v2\/pages\/2503","targetHints":{"allow":["GET"]}}],"collection":[{"href":"https:\/\/ilovefruitandvegfromeurope.com\/no\/wp-json\/wp\/v2\/pages"}],"about":[{"href":"https:\/\/ilovefruitandvegfromeurope.com\/no\/wp-json\/wp\/v2\/types\/page"}],"author":[{"embeddable":true,"href":"https:\/\/ilovefruitandvegfromeurope.com\/no\/wp-json\/wp\/v2\/users\/1"}],"replies":[{"embeddable":true,"href":"https:\/\/ilovefruitandvegfromeurope.com\/no\/wp-json\/wp\/v2\/comments?post=2503"}],"version-history":[{"count":3,"href":"https:\/\/ilovefruitandvegfromeurope.com\/no\/wp-json\/wp\/v2\/pages\/2503\/revisions"}],"predecessor-version":[{"id":42160,"href":"https:\/\/ilovefruitandvegfromeurope.com\/no\/wp-json\/wp\/v2\/pages\/2503\/revisions\/42160"}],"wp:featuredmedia":[{"embeddable":true,"href":"https:\/\/ilovefruitandvegfromeurope.com\/no\/wp-json\/wp\/v2\/media\/2260"}],"wp:attachment":[{"href":"https:\/\/ilovefruitandvegfromeurope.com\/no\/wp-json\/wp\/v2\/media?parent=2503"}],"curies":[{"name":"wp","href":"https:\/\/api.w.org\/{rel}","templated":true}]}}